{"id":28026,"date":"2021-11-05T15:02:39","date_gmt":"2021-11-05T15:02:39","guid":{"rendered":"http:\/\/vietwig.com\/?post_type=product&#038;p=28026"},"modified":"2021-11-05T15:10:00","modified_gmt":"2021-11-05T15:10:00","slug":"dau-xop-moc-toc-gia","status":"publish","type":"product","link":"https:\/\/vietwig.com\/en\/product\/dau-xop-moc-toc-gia\/","title":{"rendered":"\u0110\u1ea7u x\u1ed1p m\u00f3c t\u00f3c gi\u1ea3"},"content":{"rendered":"<p>X\u01b0\u1edfng t\u00f3c gi\u1ea3 Vi\u1ec7t Wig xin gi\u1edbi thi\u1ec7u s\u1ea3n ph\u1ea9m \u0111\u1ea7u x\u1ed1p h\u1ed7 tr\u1ee3 m\u00f3c t\u00f3c gi\u1ea3 m\u00e0 t\u1ea5t c\u1ea3 c\u00e1c x\u01b0\u1edfng \u1edf Vi\u1ec7t Nam \u0111\u1ec1u s\u1eed d\u1ee5ng.<\/p>\n<p>Khu\u00f4n x\u1ed1p n\u1eeda \u0111\u1ea7u h\u1ed7 tr\u1ee3 m\u00f3c t\u00f3c gi\u1ea3 b\u1eb1ng tay<\/p>\n<p>Th\u00f4ng b\u00e1o \u0111\u1eb7t h\u00e0ng: Khu\u00f4n \u0111\u1ea7u l\u00e0 m\u1ed9t s\u1ea3n ph\u1ea9m b\u00e1n th\u1ee7 c\u00f4ng, v\u00e0 s\u1ebd c\u00f3 m\u1ed9t s\u1ed1 sai s\u00f3t trong t\u1eebng l\u00f4 ho\u1eb7c c\u00f9ng m\u1ed9t l\u00f4, \u0111\u00f3 l\u00e0 \u0111i\u1ec1u b\u00ecnh th\u01b0\u1eddng. N\u1ebfu y\u00eau c\u1ea7u s\u1ea3n ph\u1ea9m qu\u00e1 cao, vui l\u00f2ng li\u00ean h\u1ec7 \u0111\u1ec3 \u0111\u01b0a y\u00eau c\u1ea7u!<\/p>\n<p>th\u00f4ng tin s\u1ea3n ph\u1ea9m c\u01a1 b\u1ea3n:<\/p>\n<ul>\n<li>Tr\u1ecdng l\u01b0\u1ee3ng: kho\u1ea3ng 0,36kg<\/li>\n<li>Ch\u1ea5t li\u1ec7u: cao su PVC, b\u00ean trong l\u00e0m \u0111\u1ea7y polyurethane<\/li>\n<li>K\u00edch th\u01b0\u1edbc \u0111\u00e1y: tr\u01b0\u1edbc v\u00e0 sau 20cmx kho\u1ea3ng 17cm<\/li>\n<li>Chi\u1ec1u cao: 12cm<\/li>\n<li>Chu vi v\u00f2ng \u0111\u1ea7u: tr\u01b0\u1edbc v\u00e0 sau kho\u1ea3ng 34cm, tr\u00e1i v\u00e0 ph\u1ea3i kho\u1ea3ng 31cm<\/li>\n<\/ul>\n<p>&nbsp;<\/p>\n<p><img data-recalc-dims=\"1\" loading=\"lazy\" decoding=\"async\" class=\"alignnone size-medium wp-image-28030\" src=\"https:\/\/i0.wp.com\/vietwig.com\/wp-content\/uploads\/2021\/11\/dau-xop-moc-toc-gia-1-300x300.png?resize=300%2C300\" alt=\"\" width=\"300\" height=\"300\" srcset=\"https:\/\/i0.wp.com\/vietwig.com\/wp-content\/uploads\/2021\/11\/dau-xop-moc-toc-gia-1.png?resize=300%2C300&amp;ssl=1 300w, https:\/\/i0.wp.com\/vietwig.com\/wp-content\/uploads\/2021\/11\/dau-xop-moc-toc-gia-1.png?resize=150%2C150&amp;ssl=1 150w, https:\/\/i0.wp.com\/vietwig.com\/wp-content\/uploads\/2021\/11\/dau-xop-moc-toc-gia-1.png?resize=768%2C768&amp;ssl=1 768w, https:\/\/i0.wp.com\/vietwig.com\/wp-content\/uploads\/2021\/11\/dau-xop-moc-toc-gia-1.png?resize=600%2C600&amp;ssl=1 600w, https:\/\/i0.wp.com\/vietwig.com\/wp-content\/uploads\/2021\/11\/dau-xop-moc-toc-gia-1.png?w=1000&amp;ssl=1 1000w\" sizes=\"auto, (max-width: 300px) 100vw, 300px\" \/><img data-recalc-dims=\"1\" loading=\"lazy\" decoding=\"async\" class=\"alignnone size-medium wp-image-28027\" src=\"https:\/\/i0.wp.com\/vietwig.com\/wp-content\/uploads\/2021\/11\/dau-xop-moc-toc-gia-2-300x300.jpg?resize=300%2C300\" alt=\"\" width=\"300\" height=\"300\" srcset=\"https:\/\/i0.wp.com\/vietwig.com\/wp-content\/uploads\/2021\/11\/dau-xop-moc-toc-gia-2.jpg?resize=300%2C300&amp;ssl=1 300w, https:\/\/i0.wp.com\/vietwig.com\/wp-content\/uploads\/2021\/11\/dau-xop-moc-toc-gia-2.jpg?resize=150%2C150&amp;ssl=1 150w, https:\/\/i0.wp.com\/vietwig.com\/wp-content\/uploads\/2021\/11\/dau-xop-moc-toc-gia-2.jpg?resize=768%2C768&amp;ssl=1 768w, https:\/\/i0.wp.com\/vietwig.com\/wp-content\/uploads\/2021\/11\/dau-xop-moc-toc-gia-2.jpg?resize=600%2C600&amp;ssl=1 600w, https:\/\/i0.wp.com\/vietwig.com\/wp-content\/uploads\/2021\/11\/dau-xop-moc-toc-gia-2.jpg?w=1000&amp;ssl=1 1000w\" sizes=\"auto, (max-width: 300px) 100vw, 300px\" \/> <img data-recalc-dims=\"1\" loading=\"lazy\" decoding=\"async\" class=\"alignnone size-medium wp-image-28028\" src=\"https:\/\/i0.wp.com\/vietwig.com\/wp-content\/uploads\/2021\/11\/dau-xop-moc-toc-gia-1-300x300.jpg?resize=300%2C300\" alt=\"\" width=\"300\" height=\"300\" srcset=\"https:\/\/i0.wp.com\/vietwig.com\/wp-content\/uploads\/2021\/11\/dau-xop-moc-toc-gia-1.jpg?resize=300%2C300&amp;ssl=1 300w, https:\/\/i0.wp.com\/vietwig.com\/wp-content\/uploads\/2021\/11\/dau-xop-moc-toc-gia-1.jpg?resize=150%2C150&amp;ssl=1 150w, https:\/\/i0.wp.com\/vietwig.com\/wp-content\/uploads\/2021\/11\/dau-xop-moc-toc-gia-1.jpg?resize=768%2C768&amp;ssl=1 768w, https:\/\/i0.wp.com\/vietwig.com\/wp-content\/uploads\/2021\/11\/dau-xop-moc-toc-gia-1.jpg?resize=600%2C600&amp;ssl=1 600w, https:\/\/i0.wp.com\/vietwig.com\/wp-content\/uploads\/2021\/11\/dau-xop-moc-toc-gia-1.jpg?w=1000&amp;ssl=1 1000w\" sizes=\"auto, (max-width: 300px) 100vw, 300px\" \/> <img data-recalc-dims=\"1\" loading=\"lazy\" decoding=\"async\" class=\"alignnone size-medium wp-image-28029\" src=\"https:\/\/i0.wp.com\/vietwig.com\/wp-content\/uploads\/2021\/11\/3-300x300.jpg?resize=300%2C300\" alt=\"\" width=\"300\" height=\"300\" srcset=\"https:\/\/i0.wp.com\/vietwig.com\/wp-content\/uploads\/2021\/11\/3.jpg?resize=300%2C300&amp;ssl=1 300w, https:\/\/i0.wp.com\/vietwig.com\/wp-content\/uploads\/2021\/11\/3.jpg?resize=150%2C150&amp;ssl=1 150w, https:\/\/i0.wp.com\/vietwig.com\/wp-content\/uploads\/2021\/11\/3.jpg?resize=768%2C768&amp;ssl=1 768w, https:\/\/i0.wp.com\/vietwig.com\/wp-content\/uploads\/2021\/11\/3.jpg?resize=600%2C600&amp;ssl=1 600w, https:\/\/i0.wp.com\/vietwig.com\/wp-content\/uploads\/2021\/11\/3.jpg?w=1000&amp;ssl=1 1000w\" sizes=\"auto, (max-width: 300px) 100vw, 300px\" \/><\/p>\n","protected":false},"excerpt":{"rendered":"<p>X\u01b0\u1edfng t\u00f3c gi\u1ea3 Vi\u1ec7t Wig xin gi\u1edbi thi\u1ec7u s\u1ea3n ph\u1ea9m \u0111\u1ea7u x\u1ed1p h\u1ed7 tr\u1ee3 m\u00f3c t\u00f3c gi\u1ea3 m\u00e0 t\u1ea5t c\u1ea3<\/p>\n","protected":false},"featured_media":28027,"comment_status":"open","ping_status":"closed","template":"","meta":{"jetpack_publicize_message":"","jetpack_publicize_feature_enabled":true,"jetpack_social_post_already_shared":false,"jetpack_social_options":{"image_generator_settings":{"template":"highway","default_image_id":0,"font":"","enabled":false},"version":2}},"product_brand":[],"product_cat":[76],"product_tag":[80,79,81,82,78,83,77],"class_list":{"0":"post-28026","1":"product","2":"type-product","3":"status-publish","4":"has-post-thumbnail","6":"product_cat-dung-cu-moc-toc","7":"product_tag-cuc-dau-moc-toc-gia","8":"product_tag-dung-cu-moc-toc-gia","9":"product_tag-dau-go-moc-toc-gia","10":"product_tag-dau-manocanh","11":"product_tag-dau-moc-toc-gia","12":"product_tag-dau-xop-do-moc-toc-gia","13":"product_tag-dau-xop-moc-toc-gia","15":"first","16":"instock","17":"sale","18":"shipping-taxable","19":"purchasable","20":"product-type-simple"},"yoast_head":"<!-- This site is optimized with the Yoast SEO Premium plugin v23.0 (Yoast SEO v23.0) - https:\/\/yoast.com\/wordpress\/plugins\/seo\/ -->\n<title>\u0110\u1ea7u x\u1ed1p m\u00f3c t\u00f3c gi\u1ea3 - Viet Wig - Wig made in Viet Nam<\/title>\n<meta name=\"robots\" content=\"index, follow, max-snippet:-1, max-image-preview:large, max-video-preview:-1\" \/>\n<link rel=\"canonical\" href=\"https:\/\/vietwig.com\/en\/product\/dau-xop-moc-toc-gia\/\" \/>\n<meta property=\"og:locale\" content=\"en_US\" \/>\n<meta property=\"og:type\" content=\"article\" \/>\n<meta property=\"og:title\" content=\"\u0110\u1ea7u x\u1ed1p m\u00f3c t\u00f3c gi\u1ea3\" \/>\n<meta property=\"og:description\" content=\"X\u01b0\u1edfng t\u00f3c gi\u1ea3 Vi\u1ec7t Wig xin gi\u1edbi thi\u1ec7u s\u1ea3n ph\u1ea9m \u0111\u1ea7u x\u1ed1p h\u1ed7 tr\u1ee3 m\u00f3c t\u00f3c gi\u1ea3 m\u00e0 t\u1ea5t c\u1ea3\" \/>\n<meta property=\"og:url\" content=\"https:\/\/vietwig.com\/en\/product\/dau-xop-moc-toc-gia\/\" \/>\n<meta property=\"og:site_name\" content=\"Viet Wig - Wig made in Viet Nam\" \/>\n<meta property=\"article:publisher\" content=\"https:\/\/www.facebook.com\/tocvietwig\" \/>\n<meta property=\"article:modified_time\" content=\"2021-11-05T15:10:00+00:00\" \/>\n<meta property=\"og:image\" content=\"https:\/\/i0.wp.com\/vietwig.com\/wp-content\/uploads\/2021\/11\/dau-xop-moc-toc-gia-2.jpg?fit=1000%2C1000&ssl=1\" \/>\n\t<meta property=\"og:image:width\" content=\"1000\" \/>\n\t<meta property=\"og:image:height\" content=\"1000\" \/>\n\t<meta property=\"og:image:type\" content=\"image\/jpeg\" \/>\n<meta name=\"twitter:card\" content=\"summary_large_image\" \/>\n<meta name=\"twitter:label1\" content=\"Price\" \/>\n\t<meta name=\"twitter:data1\" content=\"250.000&nbsp;&#8363;\" \/>\n\t<meta name=\"twitter:label2\" content=\"Availability\" \/>\n\t<meta name=\"twitter:data2\" content=\"In stock\" \/>\n<script type=\"application\/ld+json\" class=\"yoast-schema-graph\">{\"@context\":\"https:\/\/schema.org\",\"@graph\":[{\"@type\":\"WebPage\",\"@id\":\"https:\/\/vietwig.com\/en\/product\/dau-xop-moc-toc-gia\/\",\"url\":\"https:\/\/vietwig.com\/en\/product\/dau-xop-moc-toc-gia\/\",\"name\":\"\u0110\u1ea7u x\u1ed1p m\u00f3c t\u00f3c gi\u1ea3 - Viet Wig - Wig made in Viet Nam\",\"isPartOf\":{\"@id\":\"https:\/\/vietwig.com\/en\/#website\"},\"primaryImageOfPage\":{\"@id\":\"https:\/\/vietwig.com\/en\/product\/dau-xop-moc-toc-gia\/#primaryimage\"},\"image\":{\"@id\":\"https:\/\/vietwig.com\/en\/product\/dau-xop-moc-toc-gia\/#primaryimage\"},\"thumbnailUrl\":\"https:\/\/i0.wp.com\/vietwig.com\/wp-content\/uploads\/2021\/11\/dau-xop-moc-toc-gia-2.jpg?fit=1000%2C1000&ssl=1\",\"datePublished\":\"2021-11-05T15:02:39+00:00\",\"dateModified\":\"2021-11-05T15:10:00+00:00\",\"breadcrumb\":{\"@id\":\"https:\/\/vietwig.com\/en\/product\/dau-xop-moc-toc-gia\/#breadcrumb\"},\"inLanguage\":\"en-US\",\"potentialAction\":[{\"@type\":\"ReadAction\",\"target\":[\"https:\/\/vietwig.com\/en\/product\/dau-xop-moc-toc-gia\/\"]}]},{\"@type\":\"ImageObject\",\"inLanguage\":\"en-US\",\"@id\":\"https:\/\/vietwig.com\/en\/product\/dau-xop-moc-toc-gia\/#primaryimage\",\"url\":\"https:\/\/i0.wp.com\/vietwig.com\/wp-content\/uploads\/2021\/11\/dau-xop-moc-toc-gia-2.jpg?fit=1000%2C1000&ssl=1\",\"contentUrl\":\"https:\/\/i0.wp.com\/vietwig.com\/wp-content\/uploads\/2021\/11\/dau-xop-moc-toc-gia-2.jpg?fit=1000%2C1000&ssl=1\",\"width\":1000,\"height\":1000},{\"@type\":\"BreadcrumbList\",\"@id\":\"https:\/\/vietwig.com\/en\/product\/dau-xop-moc-toc-gia\/#breadcrumb\",\"itemListElement\":[{\"@type\":\"ListItem\",\"position\":1,\"name\":\"Home\",\"item\":\"https:\/\/vietwig.com\/en\/\"},{\"@type\":\"ListItem\",\"position\":2,\"name\":\"Shop\",\"item\":\"https:\/\/vietwig.com\/en\/shop-2\/\"},{\"@type\":\"ListItem\",\"position\":3,\"name\":\"\u0110\u1ea7u x\u1ed1p m\u00f3c t\u00f3c gi\u1ea3\"}]},{\"@type\":\"WebSite\",\"@id\":\"https:\/\/vietwig.com\/en\/#website\",\"url\":\"https:\/\/vietwig.com\/en\/\",\"name\":\"Viet Wig - Wig made in Viet Nam\",\"description\":\"\",\"publisher\":{\"@id\":\"https:\/\/vietwig.com\/en\/#organization\"},\"potentialAction\":[{\"@type\":\"SearchAction\",\"target\":{\"@type\":\"EntryPoint\",\"urlTemplate\":\"https:\/\/vietwig.com\/en\/?s={search_term_string}\"},\"query-input\":\"required name=search_term_string\"}],\"inLanguage\":\"en-US\"},{\"@type\":\"Organization\",\"@id\":\"https:\/\/vietwig.com\/en\/#organization\",\"name\":\"Viet Wig\",\"url\":\"https:\/\/vietwig.com\/en\/\",\"logo\":{\"@type\":\"ImageObject\",\"inLanguage\":\"en-US\",\"@id\":\"https:\/\/vietwig.com\/en\/#\/schema\/logo\/image\/\",\"url\":\"https:\/\/i0.wp.com\/vietwig.com\/wp-content\/uploads\/2021\/11\/logo-Viet-Wig1.png?fit=728%2C736&ssl=1\",\"contentUrl\":\"https:\/\/i0.wp.com\/vietwig.com\/wp-content\/uploads\/2021\/11\/logo-Viet-Wig1.png?fit=728%2C736&ssl=1\",\"width\":728,\"height\":736,\"caption\":\"Viet Wig\"},\"image\":{\"@id\":\"https:\/\/vietwig.com\/en\/#\/schema\/logo\/image\/\"},\"sameAs\":[\"https:\/\/www.facebook.com\/tocvietwig\"]}]}<\/script>\n<meta property=\"product:price:amount\" content=\"250000\" \/>\n<meta property=\"product:price:currency\" content=\"VND\" \/>\n<meta property=\"og:availability\" content=\"instock\" \/>\n<meta property=\"product:availability\" content=\"instock\" \/>\n<meta property=\"product:condition\" content=\"new\" \/>\n<!-- \/ Yoast SEO Premium plugin. -->","yoast_head_json":{"title":"\u0110\u1ea7u x\u1ed1p m\u00f3c t\u00f3c gi\u1ea3 - Viet Wig - Wig made in Viet Nam","robots":{"index":"index","follow":"follow","max-snippet":"max-snippet:-1","max-image-preview":"max-image-preview:large","max-video-preview":"max-video-preview:-1"},"canonical":"https:\/\/vietwig.com\/en\/product\/dau-xop-moc-toc-gia\/","og_locale":"en_US","og_type":"article","og_title":"\u0110\u1ea7u x\u1ed1p m\u00f3c t\u00f3c gi\u1ea3","og_description":"X\u01b0\u1edfng t\u00f3c gi\u1ea3 Vi\u1ec7t Wig xin gi\u1edbi thi\u1ec7u s\u1ea3n ph\u1ea9m \u0111\u1ea7u x\u1ed1p h\u1ed7 tr\u1ee3 m\u00f3c t\u00f3c gi\u1ea3 m\u00e0 t\u1ea5t c\u1ea3","og_url":"https:\/\/vietwig.com\/en\/product\/dau-xop-moc-toc-gia\/","og_site_name":"Viet Wig - Wig made in Viet Nam","article_publisher":"https:\/\/www.facebook.com\/tocvietwig","article_modified_time":"2021-11-05T15:10:00+00:00","og_image":[{"width":1000,"height":1000,"url":"https:\/\/i0.wp.com\/vietwig.com\/wp-content\/uploads\/2021\/11\/dau-xop-moc-toc-gia-2.jpg?fit=1000%2C1000&ssl=1","type":"image\/jpeg"}],"twitter_card":"summary_large_image","twitter_misc":{"Price":"250.000&nbsp;&#8363;","Availability":"In stock"},"schema":{"@context":"https:\/\/schema.org","@graph":[{"@type":"WebPage","@id":"https:\/\/vietwig.com\/en\/product\/dau-xop-moc-toc-gia\/","url":"https:\/\/vietwig.com\/en\/product\/dau-xop-moc-toc-gia\/","name":"\u0110\u1ea7u x\u1ed1p m\u00f3c t\u00f3c gi\u1ea3 - Viet Wig - Wig made in Viet Nam","isPartOf":{"@id":"https:\/\/vietwig.com\/en\/#website"},"primaryImageOfPage":{"@id":"https:\/\/vietwig.com\/en\/product\/dau-xop-moc-toc-gia\/#primaryimage"},"image":{"@id":"https:\/\/vietwig.com\/en\/product\/dau-xop-moc-toc-gia\/#primaryimage"},"thumbnailUrl":"https:\/\/i0.wp.com\/vietwig.com\/wp-content\/uploads\/2021\/11\/dau-xop-moc-toc-gia-2.jpg?fit=1000%2C1000&ssl=1","datePublished":"2021-11-05T15:02:39+00:00","dateModified":"2021-11-05T15:10:00+00:00","breadcrumb":{"@id":"https:\/\/vietwig.com\/en\/product\/dau-xop-moc-toc-gia\/#breadcrumb"},"inLanguage":"en-US","potentialAction":[{"@type":"ReadAction","target":["https:\/\/vietwig.com\/en\/product\/dau-xop-moc-toc-gia\/"]}]},{"@type":"ImageObject","inLanguage":"en-US","@id":"https:\/\/vietwig.com\/en\/product\/dau-xop-moc-toc-gia\/#primaryimage","url":"https:\/\/i0.wp.com\/vietwig.com\/wp-content\/uploads\/2021\/11\/dau-xop-moc-toc-gia-2.jpg?fit=1000%2C1000&ssl=1","contentUrl":"https:\/\/i0.wp.com\/vietwig.com\/wp-content\/uploads\/2021\/11\/dau-xop-moc-toc-gia-2.jpg?fit=1000%2C1000&ssl=1","width":1000,"height":1000},{"@type":"BreadcrumbList","@id":"https:\/\/vietwig.com\/en\/product\/dau-xop-moc-toc-gia\/#breadcrumb","itemListElement":[{"@type":"ListItem","position":1,"name":"Home","item":"https:\/\/vietwig.com\/en\/"},{"@type":"ListItem","position":2,"name":"Shop","item":"https:\/\/vietwig.com\/en\/shop-2\/"},{"@type":"ListItem","position":3,"name":"\u0110\u1ea7u x\u1ed1p m\u00f3c t\u00f3c gi\u1ea3"}]},{"@type":"WebSite","@id":"https:\/\/vietwig.com\/en\/#website","url":"https:\/\/vietwig.com\/en\/","name":"Viet Wig - Wig made in Viet Nam","description":"","publisher":{"@id":"https:\/\/vietwig.com\/en\/#organization"},"potentialAction":[{"@type":"SearchAction","target":{"@type":"EntryPoint","urlTemplate":"https:\/\/vietwig.com\/en\/?s={search_term_string}"},"query-input":"required name=search_term_string"}],"inLanguage":"en-US"},{"@type":"Organization","@id":"https:\/\/vietwig.com\/en\/#organization","name":"Viet Wig","url":"https:\/\/vietwig.com\/en\/","logo":{"@type":"ImageObject","inLanguage":"en-US","@id":"https:\/\/vietwig.com\/en\/#\/schema\/logo\/image\/","url":"https:\/\/i0.wp.com\/vietwig.com\/wp-content\/uploads\/2021\/11\/logo-Viet-Wig1.png?fit=728%2C736&ssl=1","contentUrl":"https:\/\/i0.wp.com\/vietwig.com\/wp-content\/uploads\/2021\/11\/logo-Viet-Wig1.png?fit=728%2C736&ssl=1","width":728,"height":736,"caption":"Viet Wig"},"image":{"@id":"https:\/\/vietwig.com\/en\/#\/schema\/logo\/image\/"},"sameAs":["https:\/\/www.facebook.com\/tocvietwig"]}]},"product_price_amount":"250000","product_price_currency":"VND","og_availability":"instock","product_availability":"instock","product_condition":"new"},"jetpack_publicize_connections":[],"jetpack-related-posts":[],"jetpack_sharing_enabled":true,"_links":{"self":[{"href":"https:\/\/vietwig.com\/en\/wp-json\/wp\/v2\/product\/28026","targetHints":{"allow":["GET"]}}],"collection":[{"href":"https:\/\/vietwig.com\/en\/wp-json\/wp\/v2\/product"}],"about":[{"href":"https:\/\/vietwig.com\/en\/wp-json\/wp\/v2\/types\/product"}],"replies":[{"embeddable":true,"href":"https:\/\/vietwig.com\/en\/wp-json\/wp\/v2\/comments?post=28026"}],"version-history":[{"count":0,"href":"https:\/\/vietwig.com\/en\/wp-json\/wp\/v2\/product\/28026\/revisions"}],"wp:featuredmedia":[{"embeddable":true,"href":"https:\/\/vietwig.com\/en\/wp-json\/wp\/v2\/media\/28027"}],"wp:attachment":[{"href":"https:\/\/vietwig.com\/en\/wp-json\/wp\/v2\/media?parent=28026"}],"wp:term":[{"taxonomy":"product_brand","embeddable":true,"href":"https:\/\/vietwig.com\/en\/wp-json\/wp\/v2\/product_brand?post=28026"},{"taxonomy":"product_cat","embeddable":true,"href":"https:\/\/vietwig.com\/en\/wp-json\/wp\/v2\/product_cat?post=28026"},{"taxonomy":"product_tag","embeddable":true,"href":"https:\/\/vietwig.com\/en\/wp-json\/wp\/v2\/product_tag?post=28026"}],"curies":[{"name":"wp","href":"https:\/\/api.w.org\/{rel}","templated":true}]}}