{"id":29089,"date":"2021-11-10T11:45:03","date_gmt":"2021-11-10T11:45:03","guid":{"rendered":"https:\/\/vietwig.com\/?post_type=product&#038;p=29089"},"modified":"2021-11-10T12:29:20","modified_gmt":"2021-11-10T12:29:20","slug":"kim-moc-toc-gia-kim-da","status":"publish","type":"product","link":"https:\/\/vietwig.com\/en\/product\/kim-moc-toc-gia-kim-da\/","title":{"rendered":"Kim m\u00f3c t\u00f3c gi\u1ea3 &#8211; kim da"},"content":{"rendered":"<p>Th\u00f4ng tin chi ti\u1ebft s\u1ea3n ph\u1ea9m:<\/p>\n<ul>\n<li>Tr\u1ecdng l\u01b0\u1ee3ng: 3,7g\/g\u00f3i\/50kim<\/li>\n<li>Chi\u1ec1u d\u00e0i kim: 18,7 mm<\/li>\n<li>\u261eCh\u00fang t\u00f4i s\u1eed d\u1ee5ng s\u01a1n kh\u00f4ng \u0111\u1ed9c h\u1ea1i cho s\u1ee9c kh\u1ecfe c\u1ee7a m\u1ecdi ng\u01b0\u1eddi.<\/li>\n<li>\u261eTr\u1ecdng l\u01b0\u1ee3ng c\u00f3 th\u1ec3 h\u01a1i kh\u00e1c m\u1ed9t ch\u00fat t\u00f9y thu\u1ed9c v\u00e0o \u0111\u1ed9 d\u00e0y c\u1ee7a s\u01a1n.<\/li>\n<li>\u261e M\u00e0u s\u1eafc c\u00f3 th\u1ec3 thay \u0111\u1ed5i m\u1ed9t ch\u00fat t\u00f9y thu\u1ed9c v\u00e0o \u0111\u1ed9 s\u00e1ng m\u00e0n h\u00ecnh c\u1ee7a b\u1ea1n, v\u00ec v\u1eady h\u00e3y l\u01b0u \u00fd \u0111\u1eb7t h\u00e0ng.<\/li>\n<li>\u261eChi ph\u00ed giao h\u00e0ng c\u00f3 th\u1ec3 thay \u0111\u1ed5i m\u1ed9t ch\u00fat t\u00f9y theo k\u00edch th\u01b0\u1edbc c\u1ee7a h\u1ed9p.<\/li>\n<li>\u261eN\u1ebfu vi\u1ec7c thanh to\u00e1n \u0111\u01b0\u1ee3c x\u00e1c nh\u1eadn tr\u01b0\u1edbc 4 gi\u1edd chi\u1ec1u, ch\u00fang t\u00f4i s\u1ebd giao h\u00e0ng ngay trong ng\u00e0y (Tuy nhi\u00ean, n\u1ebfu kh\u00f4ng c\u00f3 h\u00e0ng, vi\u1ec7c giao h\u00e0ng c\u00f3 th\u1ec3 b\u1ecb ch\u1eadm l\u1ea1i).<\/li>\n<\/ul>\n<p><img data-recalc-dims=\"1\" loading=\"lazy\" decoding=\"async\" class=\"alignnone size-medium wp-image-29090\" src=\"https:\/\/i0.wp.com\/vietwig.com\/wp-content\/uploads\/2021\/11\/kim-moc-toc-hang-dongsungstm.jpg?resize=300%2C300&#038;ssl=1\" alt=\"\" width=\"300\" height=\"300\" srcset=\"https:\/\/i0.wp.com\/vietwig.com\/wp-content\/uploads\/2021\/11\/kim-moc-toc-hang-dongsungstm.jpg?resize=300%2C300&amp;ssl=1 300w, https:\/\/i0.wp.com\/vietwig.com\/wp-content\/uploads\/2021\/11\/kim-moc-toc-hang-dongsungstm.jpg?resize=150%2C150&amp;ssl=1 150w, https:\/\/i0.wp.com\/vietwig.com\/wp-content\/uploads\/2021\/11\/kim-moc-toc-hang-dongsungstm.jpg?w=500&amp;ssl=1 500w\" sizes=\"auto, (max-width: 300px) 100vw, 300px\" \/> <img data-recalc-dims=\"1\" loading=\"lazy\" decoding=\"async\" class=\"alignnone size-medium wp-image-29094\" src=\"https:\/\/i0.wp.com\/vietwig.com\/wp-content\/uploads\/2021\/11\/kim-moc-toc-hang-dongsungstm-2.jpg?resize=300%2C300&#038;ssl=1\" alt=\"\" width=\"300\" height=\"300\" srcset=\"https:\/\/i0.wp.com\/vietwig.com\/wp-content\/uploads\/2021\/11\/kim-moc-toc-hang-dongsungstm-2.jpg?resize=300%2C300&amp;ssl=1 300w, https:\/\/i0.wp.com\/vietwig.com\/wp-content\/uploads\/2021\/11\/kim-moc-toc-hang-dongsungstm-2.jpg?resize=150%2C150&amp;ssl=1 150w, https:\/\/i0.wp.com\/vietwig.com\/wp-content\/uploads\/2021\/11\/kim-moc-toc-hang-dongsungstm-2.jpg?w=500&amp;ssl=1 500w\" sizes=\"auto, (max-width: 300px) 100vw, 300px\" \/> <img data-recalc-dims=\"1\" loading=\"lazy\" decoding=\"async\" class=\"alignnone size-medium wp-image-29097\" src=\"https:\/\/i0.wp.com\/vietwig.com\/wp-content\/uploads\/2021\/11\/kim-da-moc-toc-gia1.jpg?resize=300%2C225&#038;ssl=1\" alt=\"\" width=\"300\" height=\"225\" srcset=\"https:\/\/i0.wp.com\/vietwig.com\/wp-content\/uploads\/2021\/11\/kim-da-moc-toc-gia1.jpg?resize=300%2C225&amp;ssl=1 300w, https:\/\/i0.wp.com\/vietwig.com\/wp-content\/uploads\/2021\/11\/kim-da-moc-toc-gia1.jpg?resize=1024%2C768&amp;ssl=1 1024w, https:\/\/i0.wp.com\/vietwig.com\/wp-content\/uploads\/2021\/11\/kim-da-moc-toc-gia1.jpg?resize=768%2C576&amp;ssl=1 768w, https:\/\/i0.wp.com\/vietwig.com\/wp-content\/uploads\/2021\/11\/kim-da-moc-toc-gia1.jpg?resize=1200%2C900&amp;ssl=1 1200w, https:\/\/i0.wp.com\/vietwig.com\/wp-content\/uploads\/2021\/11\/kim-da-moc-toc-gia1.jpg?resize=150%2C113&amp;ssl=1 150w, https:\/\/i0.wp.com\/vietwig.com\/wp-content\/uploads\/2021\/11\/kim-da-moc-toc-gia1.jpg?w=1280&amp;ssl=1 1280w\" sizes=\"auto, (max-width: 300px) 100vw, 300px\" \/><\/p>\n","protected":false},"excerpt":{"rendered":"<p>Th\u00f4ng tin chi ti\u1ebft s\u1ea3n ph\u1ea9m: Tr\u1ecdng l\u01b0\u1ee3ng: 3,7g\/g\u00f3i\/50kim Chi\u1ec1u d\u00e0i kim: 18,7 mm \u261eCh\u00fang t\u00f4i s\u1eed d\u1ee5ng s\u01a1n kh\u00f4ng<\/p>\n","protected":false},"featured_media":29090,"comment_status":"open","ping_status":"closed","template":"","meta":{"jetpack_publicize_message":"","jetpack_publicize_feature_enabled":true,"jetpack_social_post_already_shared":false,"jetpack_social_options":{"image_generator_settings":{"template":"highway","default_image_id":0,"font":"","enabled":false},"version":2}},"product_brand":[],"product_cat":[76],"product_tag":[],"class_list":{"0":"post-29089","1":"product","2":"type-product","3":"status-publish","4":"has-post-thumbnail","6":"product_cat-dung-cu-moc-toc","8":"first","9":"instock","10":"sale","11":"shipping-taxable","12":"purchasable","13":"product-type-simple"},"yoast_head":"<!-- This site is optimized with the Yoast SEO Premium plugin v23.0 (Yoast SEO v23.0) - https:\/\/yoast.com\/wordpress\/plugins\/seo\/ -->\n<title>Kim m\u00f3c t\u00f3c gi\u1ea3 - kim da - Viet Wig - Wig made in Viet Nam<\/title>\n<meta name=\"robots\" content=\"index, follow, max-snippet:-1, max-image-preview:large, max-video-preview:-1\" \/>\n<link rel=\"canonical\" href=\"https:\/\/vietwig.com\/en\/product\/kim-moc-toc-gia-kim-da\/\" \/>\n<meta property=\"og:locale\" content=\"en_US\" \/>\n<meta property=\"og:type\" content=\"article\" \/>\n<meta property=\"og:title\" content=\"Kim m\u00f3c t\u00f3c gi\u1ea3 - kim da\" \/>\n<meta property=\"og:description\" content=\"Th\u00f4ng tin chi ti\u1ebft s\u1ea3n ph\u1ea9m: Tr\u1ecdng l\u01b0\u1ee3ng: 3,7g\/g\u00f3i\/50kim Chi\u1ec1u d\u00e0i kim: 18,7 mm \u261eCh\u00fang t\u00f4i s\u1eed d\u1ee5ng s\u01a1n kh\u00f4ng\" \/>\n<meta property=\"og:url\" content=\"https:\/\/vietwig.com\/en\/product\/kim-moc-toc-gia-kim-da\/\" \/>\n<meta property=\"og:site_name\" content=\"Viet Wig - Wig made in Viet Nam\" \/>\n<meta property=\"article:publisher\" content=\"https:\/\/www.facebook.com\/tocvietwig\" \/>\n<meta property=\"article:modified_time\" content=\"2021-11-10T12:29:20+00:00\" \/>\n<meta property=\"og:image\" content=\"https:\/\/i0.wp.com\/vietwig.com\/wp-content\/uploads\/2021\/11\/kim-moc-toc-hang-dongsungstm.jpg?fit=500%2C500&ssl=1\" \/>\n\t<meta property=\"og:image:width\" content=\"500\" \/>\n\t<meta property=\"og:image:height\" content=\"500\" \/>\n\t<meta property=\"og:image:type\" content=\"image\/jpeg\" \/>\n<meta name=\"twitter:card\" content=\"summary_large_image\" \/>\n<meta name=\"twitter:label1\" content=\"Price\" \/>\n\t<meta name=\"twitter:data1\" content=\"750.000&nbsp;&#8363;\" \/>\n\t<meta name=\"twitter:label2\" content=\"Availability\" \/>\n\t<meta name=\"twitter:data2\" content=\"In stock\" \/>\n<script type=\"application\/ld+json\" class=\"yoast-schema-graph\">{\"@context\":\"https:\/\/schema.org\",\"@graph\":[{\"@type\":\"WebPage\",\"@id\":\"https:\/\/vietwig.com\/en\/product\/kim-moc-toc-gia-kim-da\/\",\"url\":\"https:\/\/vietwig.com\/en\/product\/kim-moc-toc-gia-kim-da\/\",\"name\":\"Kim m\u00f3c t\u00f3c gi\u1ea3 - kim da - Viet Wig - Wig made in Viet Nam\",\"isPartOf\":{\"@id\":\"https:\/\/vietwig.com\/en\/#website\"},\"primaryImageOfPage\":{\"@id\":\"https:\/\/vietwig.com\/en\/product\/kim-moc-toc-gia-kim-da\/#primaryimage\"},\"image\":{\"@id\":\"https:\/\/vietwig.com\/en\/product\/kim-moc-toc-gia-kim-da\/#primaryimage\"},\"thumbnailUrl\":\"https:\/\/i0.wp.com\/vietwig.com\/wp-content\/uploads\/2021\/11\/kim-moc-toc-hang-dongsungstm.jpg?fit=500%2C500&ssl=1\",\"datePublished\":\"2021-11-10T11:45:03+00:00\",\"dateModified\":\"2021-11-10T12:29:20+00:00\",\"breadcrumb\":{\"@id\":\"https:\/\/vietwig.com\/en\/product\/kim-moc-toc-gia-kim-da\/#breadcrumb\"},\"inLanguage\":\"en-US\",\"potentialAction\":[{\"@type\":\"ReadAction\",\"target\":[\"https:\/\/vietwig.com\/en\/product\/kim-moc-toc-gia-kim-da\/\"]}]},{\"@type\":\"ImageObject\",\"inLanguage\":\"en-US\",\"@id\":\"https:\/\/vietwig.com\/en\/product\/kim-moc-toc-gia-kim-da\/#primaryimage\",\"url\":\"https:\/\/i0.wp.com\/vietwig.com\/wp-content\/uploads\/2021\/11\/kim-moc-toc-hang-dongsungstm.jpg?fit=500%2C500&ssl=1\",\"contentUrl\":\"https:\/\/i0.wp.com\/vietwig.com\/wp-content\/uploads\/2021\/11\/kim-moc-toc-hang-dongsungstm.jpg?fit=500%2C500&ssl=1\",\"width\":500,\"height\":500},{\"@type\":\"BreadcrumbList\",\"@id\":\"https:\/\/vietwig.com\/en\/product\/kim-moc-toc-gia-kim-da\/#breadcrumb\",\"itemListElement\":[{\"@type\":\"ListItem\",\"position\":1,\"name\":\"Home\",\"item\":\"https:\/\/vietwig.com\/en\/\"},{\"@type\":\"ListItem\",\"position\":2,\"name\":\"Shop\",\"item\":\"https:\/\/vietwig.com\/en\/shop-2\/\"},{\"@type\":\"ListItem\",\"position\":3,\"name\":\"Kim m\u00f3c t\u00f3c gi\u1ea3 &#8211; kim da\"}]},{\"@type\":\"WebSite\",\"@id\":\"https:\/\/vietwig.com\/en\/#website\",\"url\":\"https:\/\/vietwig.com\/en\/\",\"name\":\"Viet Wig - Wig made in Viet Nam\",\"description\":\"\",\"publisher\":{\"@id\":\"https:\/\/vietwig.com\/en\/#organization\"},\"potentialAction\":[{\"@type\":\"SearchAction\",\"target\":{\"@type\":\"EntryPoint\",\"urlTemplate\":\"https:\/\/vietwig.com\/en\/?s={search_term_string}\"},\"query-input\":\"required name=search_term_string\"}],\"inLanguage\":\"en-US\"},{\"@type\":\"Organization\",\"@id\":\"https:\/\/vietwig.com\/en\/#organization\",\"name\":\"Viet Wig\",\"url\":\"https:\/\/vietwig.com\/en\/\",\"logo\":{\"@type\":\"ImageObject\",\"inLanguage\":\"en-US\",\"@id\":\"https:\/\/vietwig.com\/en\/#\/schema\/logo\/image\/\",\"url\":\"https:\/\/i0.wp.com\/vietwig.com\/wp-content\/uploads\/2021\/11\/logo-Viet-Wig1.png?fit=728%2C736&ssl=1\",\"contentUrl\":\"https:\/\/i0.wp.com\/vietwig.com\/wp-content\/uploads\/2021\/11\/logo-Viet-Wig1.png?fit=728%2C736&ssl=1\",\"width\":728,\"height\":736,\"caption\":\"Viet Wig\"},\"image\":{\"@id\":\"https:\/\/vietwig.com\/en\/#\/schema\/logo\/image\/\"},\"sameAs\":[\"https:\/\/www.facebook.com\/tocvietwig\"]}]}<\/script>\n<meta property=\"product:price:amount\" content=\"750000\" \/>\n<meta property=\"product:price:currency\" content=\"VND\" \/>\n<meta property=\"og:availability\" content=\"instock\" \/>\n<meta property=\"product:availability\" content=\"instock\" \/>\n<meta property=\"product:condition\" content=\"new\" \/>\n<!-- \/ Yoast SEO Premium plugin. -->","yoast_head_json":{"title":"Kim m\u00f3c t\u00f3c gi\u1ea3 - kim da - Viet Wig - Wig made in Viet Nam","robots":{"index":"index","follow":"follow","max-snippet":"max-snippet:-1","max-image-preview":"max-image-preview:large","max-video-preview":"max-video-preview:-1"},"canonical":"https:\/\/vietwig.com\/en\/product\/kim-moc-toc-gia-kim-da\/","og_locale":"en_US","og_type":"article","og_title":"Kim m\u00f3c t\u00f3c gi\u1ea3 - kim da","og_description":"Th\u00f4ng tin chi ti\u1ebft s\u1ea3n ph\u1ea9m: Tr\u1ecdng l\u01b0\u1ee3ng: 3,7g\/g\u00f3i\/50kim Chi\u1ec1u d\u00e0i kim: 18,7 mm \u261eCh\u00fang t\u00f4i s\u1eed d\u1ee5ng s\u01a1n kh\u00f4ng","og_url":"https:\/\/vietwig.com\/en\/product\/kim-moc-toc-gia-kim-da\/","og_site_name":"Viet Wig - Wig made in Viet Nam","article_publisher":"https:\/\/www.facebook.com\/tocvietwig","article_modified_time":"2021-11-10T12:29:20+00:00","og_image":[{"width":500,"height":500,"url":"https:\/\/i0.wp.com\/vietwig.com\/wp-content\/uploads\/2021\/11\/kim-moc-toc-hang-dongsungstm.jpg?fit=500%2C500&ssl=1","type":"image\/jpeg"}],"twitter_card":"summary_large_image","twitter_misc":{"Price":"750.000&nbsp;&#8363;","Availability":"In stock"},"schema":{"@context":"https:\/\/schema.org","@graph":[{"@type":"WebPage","@id":"https:\/\/vietwig.com\/en\/product\/kim-moc-toc-gia-kim-da\/","url":"https:\/\/vietwig.com\/en\/product\/kim-moc-toc-gia-kim-da\/","name":"Kim m\u00f3c t\u00f3c gi\u1ea3 - kim da - Viet Wig - Wig made in Viet Nam","isPartOf":{"@id":"https:\/\/vietwig.com\/en\/#website"},"primaryImageOfPage":{"@id":"https:\/\/vietwig.com\/en\/product\/kim-moc-toc-gia-kim-da\/#primaryimage"},"image":{"@id":"https:\/\/vietwig.com\/en\/product\/kim-moc-toc-gia-kim-da\/#primaryimage"},"thumbnailUrl":"https:\/\/i0.wp.com\/vietwig.com\/wp-content\/uploads\/2021\/11\/kim-moc-toc-hang-dongsungstm.jpg?fit=500%2C500&ssl=1","datePublished":"2021-11-10T11:45:03+00:00","dateModified":"2021-11-10T12:29:20+00:00","breadcrumb":{"@id":"https:\/\/vietwig.com\/en\/product\/kim-moc-toc-gia-kim-da\/#breadcrumb"},"inLanguage":"en-US","potentialAction":[{"@type":"ReadAction","target":["https:\/\/vietwig.com\/en\/product\/kim-moc-toc-gia-kim-da\/"]}]},{"@type":"ImageObject","inLanguage":"en-US","@id":"https:\/\/vietwig.com\/en\/product\/kim-moc-toc-gia-kim-da\/#primaryimage","url":"https:\/\/i0.wp.com\/vietwig.com\/wp-content\/uploads\/2021\/11\/kim-moc-toc-hang-dongsungstm.jpg?fit=500%2C500&ssl=1","contentUrl":"https:\/\/i0.wp.com\/vietwig.com\/wp-content\/uploads\/2021\/11\/kim-moc-toc-hang-dongsungstm.jpg?fit=500%2C500&ssl=1","width":500,"height":500},{"@type":"BreadcrumbList","@id":"https:\/\/vietwig.com\/en\/product\/kim-moc-toc-gia-kim-da\/#breadcrumb","itemListElement":[{"@type":"ListItem","position":1,"name":"Home","item":"https:\/\/vietwig.com\/en\/"},{"@type":"ListItem","position":2,"name":"Shop","item":"https:\/\/vietwig.com\/en\/shop-2\/"},{"@type":"ListItem","position":3,"name":"Kim m\u00f3c t\u00f3c gi\u1ea3 &#8211; kim da"}]},{"@type":"WebSite","@id":"https:\/\/vietwig.com\/en\/#website","url":"https:\/\/vietwig.com\/en\/","name":"Viet Wig - Wig made in Viet Nam","description":"","publisher":{"@id":"https:\/\/vietwig.com\/en\/#organization"},"potentialAction":[{"@type":"SearchAction","target":{"@type":"EntryPoint","urlTemplate":"https:\/\/vietwig.com\/en\/?s={search_term_string}"},"query-input":"required name=search_term_string"}],"inLanguage":"en-US"},{"@type":"Organization","@id":"https:\/\/vietwig.com\/en\/#organization","name":"Viet Wig","url":"https:\/\/vietwig.com\/en\/","logo":{"@type":"ImageObject","inLanguage":"en-US","@id":"https:\/\/vietwig.com\/en\/#\/schema\/logo\/image\/","url":"https:\/\/i0.wp.com\/vietwig.com\/wp-content\/uploads\/2021\/11\/logo-Viet-Wig1.png?fit=728%2C736&ssl=1","contentUrl":"https:\/\/i0.wp.com\/vietwig.com\/wp-content\/uploads\/2021\/11\/logo-Viet-Wig1.png?fit=728%2C736&ssl=1","width":728,"height":736,"caption":"Viet Wig"},"image":{"@id":"https:\/\/vietwig.com\/en\/#\/schema\/logo\/image\/"},"sameAs":["https:\/\/www.facebook.com\/tocvietwig"]}]},"product_price_amount":"750000","product_price_currency":"VND","og_availability":"instock","product_availability":"instock","product_condition":"new"},"jetpack_publicize_connections":[],"jetpack-related-posts":[],"jetpack_sharing_enabled":true,"_links":{"self":[{"href":"https:\/\/vietwig.com\/en\/wp-json\/wp\/v2\/product\/29089","targetHints":{"allow":["GET"]}}],"collection":[{"href":"https:\/\/vietwig.com\/en\/wp-json\/wp\/v2\/product"}],"about":[{"href":"https:\/\/vietwig.com\/en\/wp-json\/wp\/v2\/types\/product"}],"replies":[{"embeddable":true,"href":"https:\/\/vietwig.com\/en\/wp-json\/wp\/v2\/comments?post=29089"}],"version-history":[{"count":0,"href":"https:\/\/vietwig.com\/en\/wp-json\/wp\/v2\/product\/29089\/revisions"}],"wp:featuredmedia":[{"embeddable":true,"href":"https:\/\/vietwig.com\/en\/wp-json\/wp\/v2\/media\/29090"}],"wp:attachment":[{"href":"https:\/\/vietwig.com\/en\/wp-json\/wp\/v2\/media?parent=29089"}],"wp:term":[{"taxonomy":"product_brand","embeddable":true,"href":"https:\/\/vietwig.com\/en\/wp-json\/wp\/v2\/product_brand?post=29089"},{"taxonomy":"product_cat","embeddable":true,"href":"https:\/\/vietwig.com\/en\/wp-json\/wp\/v2\/product_cat?post=29089"},{"taxonomy":"product_tag","embeddable":true,"href":"https:\/\/vietwig.com\/en\/wp-json\/wp\/v2\/product_tag?post=29089"}],"curies":[{"name":"wp","href":"https:\/\/api.w.org\/{rel}","templated":true}]}}