{"id":29799,"date":"2022-04-30T13:08:34","date_gmt":"2022-04-30T13:08:34","guid":{"rendered":"https:\/\/vietwig.com\/?post_type=product&#038;p=29799"},"modified":"2022-04-30T13:08:35","modified_gmt":"2022-04-30T13:08:35","slug":"toc-gia-che-hoi-dinh-dau-nam-gioi-dang-dan-kieu-australia-vien-poly-va-luoi-lace","status":"publish","type":"product","link":"https:\/\/vietwig.com\/en\/product\/toc-gia-che-hoi-dinh-dau-nam-gioi-dang-dan-kieu-australia-vien-poly-va-luoi-lace\/","title":{"rendered":"T\u00f3c gi\u1ea3 che h\u00f3i \u0111\u1ec9nh \u0111\u1ea7u nam gi\u1edbi d\u1ea1ng d\u00e1n &#8211; ki\u1ec3u Australia vi\u1ec1n poly v\u00e0 l\u01b0\u1edbi lace"},"content":{"rendered":"<div class=\"kvgmc6g5 cxmmr5t8 oygrvhab hcukyx3x c1et5uql ii04i59q\">\n<div dir=\"auto\">T\u00f3c b\u1ea1n th\u01b0a ho\u1eb7c b\u1ea1n b\u1ecb h\u00f3i, h\u00f3i \u0111\u1ea7u l\u00e0m b\u1ea1n thi\u1ebfu t\u1ef1 tin v\u00e0o b\u1ea3n th\u00e2n v\u1eady b\u1ea1n \u0111\u00e3 bao gi\u1edd ngh\u0129 \u0111\u1ebfn vi\u1ec7c d\u00f9ng t\u00f3c gi\u1ea3 \u0111\u1ec3 l\u1ea5y l\u1ea1i t\u1ef1 tin b\u1ea3n th\u00e2n ch\u01b0a, h\u00e3y \u0111\u1ec3 Vi\u1ec7t Wig gi\u00fap b\u1ea1n \u0111i\u1ec1u n\u00e0y v\u1edbi s\u1ea3n ph\u1ea9m t\u00f3c gi\u1ea3 che h\u00f3i \u0111\u1ec9nh \u0111\u1ea7u nam gi\u1edbi d\u1ea1ng d\u00e1n.<\/div>\n<div dir=\"auto\">M\u1ed9t s\u1ea3n ph\u1ea9m \u0111\u1ebfn t\u1eeb VietWig, T\u00f3c ph\u1ee7 h\u00f3i Nam d\u1ea1ng d\u00e1n si\u00eau hot v\u1edbi nhi\u1ec1u \u01b0u \u0111i\u1ec3m nh\u01b0:<\/div>\n<div dir=\"auto\">\n<div id=\"attachment_29818\" style=\"width: 778px\" class=\"wp-caption aligncenter\"><img data-recalc-dims=\"1\" loading=\"lazy\" decoding=\"async\" aria-describedby=\"caption-attachment-29818\" class=\"wp-image-29818 size-large\" src=\"https:\/\/i0.wp.com\/vietwig.com\/wp-content\/uploads\/2022\/04\/hoi_nam_nguyen_dau_kieu_australia_1_.webp?resize=768%2C1024&#038;ssl=1\" alt=\"Vi\u1ec1n Poly xung quanh, gi\u00fap d\u1ec5 d\u00e3ng thay b\u0103ng d\u00ednh, keo d\u00e1n\" width=\"768\" height=\"1024\" srcset=\"https:\/\/i0.wp.com\/vietwig.com\/wp-content\/uploads\/2022\/04\/hoi_nam_nguyen_dau_kieu_australia_1_.webp?resize=768%2C1024&amp;ssl=1 768w, https:\/\/i0.wp.com\/vietwig.com\/wp-content\/uploads\/2022\/04\/hoi_nam_nguyen_dau_kieu_australia_1_.webp?resize=225%2C300&amp;ssl=1 225w, https:\/\/i0.wp.com\/vietwig.com\/wp-content\/uploads\/2022\/04\/hoi_nam_nguyen_dau_kieu_australia_1_.webp?resize=1152%2C1536&amp;ssl=1 1152w, https:\/\/i0.wp.com\/vietwig.com\/wp-content\/uploads\/2022\/04\/hoi_nam_nguyen_dau_kieu_australia_1_.webp?resize=1536%2C2048&amp;ssl=1 1536w, https:\/\/i0.wp.com\/vietwig.com\/wp-content\/uploads\/2022\/04\/hoi_nam_nguyen_dau_kieu_australia_1_.webp?resize=1200%2C1600&amp;ssl=1 1200w, https:\/\/i0.wp.com\/vietwig.com\/wp-content\/uploads\/2022\/04\/hoi_nam_nguyen_dau_kieu_australia_1_.webp?resize=150%2C200&amp;ssl=1 150w, https:\/\/i0.wp.com\/vietwig.com\/wp-content\/uploads\/2022\/04\/hoi_nam_nguyen_dau_kieu_australia_1_.webp?w=1920&amp;ssl=1 1920w\" sizes=\"auto, (max-width: 768px) 100vw, 768px\" \/><p id=\"caption-attachment-29818\" class=\"wp-caption-text\">Vi\u1ec1n Poly xung quanh, gi\u00fap d\u1ec5 d\u00e3ng thay b\u0103ng d\u00ednh, keo d\u00e1n<\/p><\/div>\n<\/div>\n<div dir=\"auto\">\n<div id=\"attachment_29822\" style=\"width: 777px\" class=\"wp-caption aligncenter\"><img data-recalc-dims=\"1\" loading=\"lazy\" decoding=\"async\" aria-describedby=\"caption-attachment-29822\" class=\"size-large wp-image-29822\" src=\"https:\/\/i0.wp.com\/vietwig.com\/wp-content\/uploads\/2022\/04\/hoi_nam_nguyen_dau_kieu_australia_4_.webp?resize=767%2C1024&#038;ssl=1\" alt=\"L\u01b0\u1edbi l\u00f3t si\u00eau m\u1ecbn, Tr\u00e1nh g\u00e2y ng\u1ee9a, \u0111\u1ea7u.\" width=\"767\" height=\"1024\" srcset=\"https:\/\/i0.wp.com\/vietwig.com\/wp-content\/uploads\/2022\/04\/hoi_nam_nguyen_dau_kieu_australia_4_.webp?resize=767%2C1024&amp;ssl=1 767w, https:\/\/i0.wp.com\/vietwig.com\/wp-content\/uploads\/2022\/04\/hoi_nam_nguyen_dau_kieu_australia_4_.webp?resize=225%2C300&amp;ssl=1 225w, https:\/\/i0.wp.com\/vietwig.com\/wp-content\/uploads\/2022\/04\/hoi_nam_nguyen_dau_kieu_australia_4_.webp?resize=768%2C1025&amp;ssl=1 768w, https:\/\/i0.wp.com\/vietwig.com\/wp-content\/uploads\/2022\/04\/hoi_nam_nguyen_dau_kieu_australia_4_.webp?resize=150%2C200&amp;ssl=1 150w, https:\/\/i0.wp.com\/vietwig.com\/wp-content\/uploads\/2022\/04\/hoi_nam_nguyen_dau_kieu_australia_4_.webp?w=956&amp;ssl=1 956w\" sizes=\"auto, (max-width: 767px) 100vw, 767px\" \/><p id=\"caption-attachment-29822\" class=\"wp-caption-text\">L\u01b0\u1edbi l\u00f3t si\u00eau m\u1ecbn, Tr\u00e1nh g\u00e2y ng\u1ee9a, \u0111\u1ea7u.<\/p><\/div>\n<\/div>\n<div dir=\"auto\">\n<div id=\"attachment_29828\" style=\"width: 778px\" class=\"wp-caption aligncenter\"><img data-recalc-dims=\"1\" loading=\"lazy\" decoding=\"async\" aria-describedby=\"caption-attachment-29828\" class=\"size-large wp-image-29828\" src=\"https:\/\/i0.wp.com\/vietwig.com\/wp-content\/uploads\/2022\/04\/hoi_nam_nguyen_dau_kieu_australia_6_.webp?resize=768%2C1024&#038;ssl=1\" alt=\"\" width=\"768\" height=\"1024\" srcset=\"https:\/\/i0.wp.com\/vietwig.com\/wp-content\/uploads\/2022\/04\/hoi_nam_nguyen_dau_kieu_australia_6_.webp?resize=768%2C1024&amp;ssl=1 768w, https:\/\/i0.wp.com\/vietwig.com\/wp-content\/uploads\/2022\/04\/hoi_nam_nguyen_dau_kieu_australia_6_.webp?resize=225%2C300&amp;ssl=1 225w, https:\/\/i0.wp.com\/vietwig.com\/wp-content\/uploads\/2022\/04\/hoi_nam_nguyen_dau_kieu_australia_6_.webp?resize=1152%2C1536&amp;ssl=1 1152w, https:\/\/i0.wp.com\/vietwig.com\/wp-content\/uploads\/2022\/04\/hoi_nam_nguyen_dau_kieu_australia_6_.webp?resize=1536%2C2048&amp;ssl=1 1536w, https:\/\/i0.wp.com\/vietwig.com\/wp-content\/uploads\/2022\/04\/hoi_nam_nguyen_dau_kieu_australia_6_.webp?resize=1200%2C1600&amp;ssl=1 1200w, https:\/\/i0.wp.com\/vietwig.com\/wp-content\/uploads\/2022\/04\/hoi_nam_nguyen_dau_kieu_australia_6_.webp?resize=150%2C200&amp;ssl=1 150w, https:\/\/i0.wp.com\/vietwig.com\/wp-content\/uploads\/2022\/04\/hoi_nam_nguyen_dau_kieu_australia_6_.webp?w=1920&amp;ssl=1 1920w\" sizes=\"auto, (max-width: 768px) 100vw, 768px\" \/><p id=\"caption-attachment-29828\" class=\"wp-caption-text\">M\u1eadt \u0111\u1ed9 t\u00f3c d\u00e0y, v\u00e0 c\u00f3 th\u1ec3 \u0111i\u1ec1u ch\u1ec9nh \u0111\u1ed9 d\u00e0y theo \u00fd khi \u0111\u1eb7t h\u00e0ng<\/p><\/div>\n<div id=\"attachment_29820\" style=\"width: 778px\" class=\"wp-caption aligncenter\"><img data-recalc-dims=\"1\" loading=\"lazy\" decoding=\"async\" aria-describedby=\"caption-attachment-29820\" class=\"size-large wp-image-29820\" src=\"https:\/\/i0.wp.com\/vietwig.com\/wp-content\/uploads\/2022\/04\/hoi_nam_nguyen_dau_kieu_australia_5_.webp?resize=768%2C1024&#038;ssl=1\" alt=\"\" width=\"768\" height=\"1024\" srcset=\"https:\/\/i0.wp.com\/vietwig.com\/wp-content\/uploads\/2022\/04\/hoi_nam_nguyen_dau_kieu_australia_5_.webp?resize=768%2C1024&amp;ssl=1 768w, https:\/\/i0.wp.com\/vietwig.com\/wp-content\/uploads\/2022\/04\/hoi_nam_nguyen_dau_kieu_australia_5_.webp?resize=225%2C300&amp;ssl=1 225w, https:\/\/i0.wp.com\/vietwig.com\/wp-content\/uploads\/2022\/04\/hoi_nam_nguyen_dau_kieu_australia_5_.webp?resize=1152%2C1536&amp;ssl=1 1152w, https:\/\/i0.wp.com\/vietwig.com\/wp-content\/uploads\/2022\/04\/hoi_nam_nguyen_dau_kieu_australia_5_.webp?resize=1536%2C2048&amp;ssl=1 1536w, https:\/\/i0.wp.com\/vietwig.com\/wp-content\/uploads\/2022\/04\/hoi_nam_nguyen_dau_kieu_australia_5_.webp?resize=1200%2C1600&amp;ssl=1 1200w, https:\/\/i0.wp.com\/vietwig.com\/wp-content\/uploads\/2022\/04\/hoi_nam_nguyen_dau_kieu_australia_5_.webp?resize=150%2C200&amp;ssl=1 150w, https:\/\/i0.wp.com\/vietwig.com\/wp-content\/uploads\/2022\/04\/hoi_nam_nguyen_dau_kieu_australia_5_.webp?w=1920&amp;ssl=1 1920w\" sizes=\"auto, (max-width: 768px) 100vw, 768px\" \/><p id=\"caption-attachment-29820\" class=\"wp-caption-text\">T\u00f3c \u0111\u01b0\u1ee3c nh\u1eadp \u1edf Vi\u1ec7t Nam n\u00ean ph\u00f9 h\u1ee3p v\u1edbi ng\u01b0\u1eddi Vi\u1ec7t<\/p><\/div>\n<p><iframe loading=\"lazy\" title=\"T\u00f3c ph\u1ee7 h\u00f3i nam nguy\u00ean \u0111\u1ea7u\" width=\"500\" height=\"281\" src=\"https:\/\/www.youtube.com\/embed\/-fsFzwBsC2g?feature=oembed\" frameborder=\"0\" allow=\"accelerometer; autoplay; clipboard-write; encrypted-media; gyroscope; picture-in-picture; web-share\" referrerpolicy=\"strict-origin-when-cross-origin\" allowfullscreen><\/iframe><\/p>\n<p>&nbsp;<\/p>\n<\/div>\n<div dir=\"auto\">T\u00f3c gi\u1ea3 ph\u1ee7 h\u00f3i nam d\u00f9ng che khuy\u1ebft \u0111i\u1ec3m h\u00f3i c\u1ee7a nam gi\u1edbi \u0111\u01b0\u1ee3c x\u01b0\u1edfng t\u00f3c Vi\u1ec7t Wig s\u1ea3n xu\u1ea5t n\u00ean c\u00f3 r\u1ea5t nhi\u1ec1u size t\u00f3c ph\u00f9 h\u1ee3p v\u1edbi t\u1ea5t ng\u01b0\u1eddi Vi\u1ec7t, kh\u00f4ng to qu\u00e1 ho\u1eb7c b\u00e9 qu\u00e1, ho\u1eb7c b\u1ea1n c\u00f3 th\u1ec3 t\u00f9y ch\u1ec9nh b\u1ed9 t\u00f3c theo y\u00eau c\u1ea7u c\u1ee7a b\u1ea1n, B\u1ea1n c\u1ea7n \u0111\u1eb7t h\u00e0ng h\u00e3y li\u00ean h\u1ec7 ngay v\u1edbi x\u01b0\u1edfng t\u00f3c Vi\u1ec7t Wig qua Email: <a href=\"mailto:admin@vietwig.com\">admin@vietwig.com<\/a><\/div>\n<\/div>\n<div class=\"cxmmr5t8 oygrvhab hcukyx3x c1et5uql o9v6fnle ii04i59q\">\n<div dir=\"auto\"><span class=\"pq6dq46d tbxw36s4 knj5qynh kvgmc6g5 ditlmg2l oygrvhab nvdbi5me sf5mxxl7 gl3lb2sf hhz5lgdu\"><img loading=\"lazy\" decoding=\"async\" src=\"https:\/\/static.xx.fbcdn.net\/images\/emoji.php\/v9\/tf6\/1\/16\/1f3e0.png\" alt=\"\ud83c\udfe0\" width=\"16\" height=\"16\" \/><\/span> \u0110\u1ecba ch\u1ec9: X\u00f3m 1, X\u00e3 \u0110\u00ecnh Cao, Huy\u1ec7n Ph\u00f9 C\u1eeb, H\u01b0ng Y\u00ean<\/div>\n<div dir=\"auto\"><span class=\"pq6dq46d tbxw36s4 knj5qynh kvgmc6g5 ditlmg2l oygrvhab nvdbi5me sf5mxxl7 gl3lb2sf hhz5lgdu\"><img loading=\"lazy\" decoding=\"async\" src=\"https:\/\/static.xx.fbcdn.net\/images\/emoji.php\/v9\/t4d\/1\/16\/1f4de.png\" alt=\"\ud83d\udcde\" width=\"16\" height=\"16\" \/><\/span> Hotline: 082.569.1999<\/div>\n<\/div>\n","protected":false},"excerpt":{"rendered":"<p>T\u00f3c b\u1ea1n th\u01b0a ho\u1eb7c b\u1ea1n b\u1ecb h\u00f3i, h\u00f3i \u0111\u1ea7u l\u00e0m b\u1ea1n thi\u1ebfu t\u1ef1 tin v\u00e0o b\u1ea3n th\u00e2n v\u1eady b\u1ea1n \u0111\u00e3<\/p>\n","protected":false},"featured_media":29804,"comment_status":"open","ping_status":"closed","template":"","meta":{"jetpack_publicize_message":"","jetpack_publicize_feature_enabled":true,"jetpack_social_post_already_shared":true,"jetpack_social_options":{"image_generator_settings":{"template":"highway","default_image_id":0,"font":"","enabled":false},"version":2}},"product_brand":[],"product_cat":[115,114],"product_tag":[121,122,118,116,120,119,123,117],"class_list":{"0":"post-29799","1":"product","2":"type-product","3":"status-publish","4":"has-post-thumbnail","6":"product_cat-australia","7":"product_cat-toc-gia","8":"product_tag-phu-hoi-nam","9":"product_tag-toc-gia-dang-dan","10":"product_tag-toc-gia-kieu-australia","11":"product_tag-toc-gia-nam","12":"product_tag-toc-gia-nam-vien-poly","13":"product_tag-toc-gia-vien-poly","14":"product_tag-toc-hoi-dang-dan","15":"product_tag-toc-phu-hoi-nam","17":"first","18":"instock","19":"shipping-taxable","20":"purchasable","21":"product-type-simple"},"yoast_head":"<!-- This site is optimized with the Yoast SEO Premium plugin v23.0 (Yoast SEO v23.0) - https:\/\/yoast.com\/wordpress\/plugins\/seo\/ -->\n<title>T\u00f3c gi\u1ea3 che h\u00f3i \u0111\u1ec9nh \u0111\u1ea7u nam gi\u1edbi d\u1ea1ng d\u00e1n - ki\u1ec3u Australia vi\u1ec1n poly v\u00e0 l\u01b0\u1edbi lace - Viet Wig - Wig made in Viet Nam<\/title>\n<meta name=\"robots\" content=\"index, follow, max-snippet:-1, max-image-preview:large, max-video-preview:-1\" \/>\n<link rel=\"canonical\" href=\"https:\/\/vietwig.com\/en\/product\/toc-gia-che-hoi-dinh-dau-nam-gioi-dang-dan-kieu-australia-vien-poly-va-luoi-lace\/\" \/>\n<meta property=\"og:locale\" content=\"en_US\" \/>\n<meta property=\"og:type\" content=\"article\" \/>\n<meta property=\"og:title\" content=\"T\u00f3c gi\u1ea3 che h\u00f3i \u0111\u1ec9nh \u0111\u1ea7u nam gi\u1edbi d\u1ea1ng d\u00e1n - ki\u1ec3u Australia vi\u1ec1n poly v\u00e0 l\u01b0\u1edbi lace\" \/>\n<meta property=\"og:description\" content=\"T\u00f3c b\u1ea1n th\u01b0a ho\u1eb7c b\u1ea1n b\u1ecb h\u00f3i, h\u00f3i \u0111\u1ea7u l\u00e0m b\u1ea1n thi\u1ebfu t\u1ef1 tin v\u00e0o b\u1ea3n th\u00e2n v\u1eady b\u1ea1n \u0111\u00e3\" \/>\n<meta property=\"og:url\" content=\"https:\/\/vietwig.com\/en\/product\/toc-gia-che-hoi-dinh-dau-nam-gioi-dang-dan-kieu-australia-vien-poly-va-luoi-lace\/\" \/>\n<meta property=\"og:site_name\" content=\"Viet Wig - Wig made in Viet Nam\" \/>\n<meta property=\"article:publisher\" content=\"https:\/\/www.facebook.com\/tocvietwig\" \/>\n<meta property=\"article:modified_time\" content=\"2022-04-30T13:08:35+00:00\" \/>\n<meta property=\"og:image\" content=\"https:\/\/i0.wp.com\/vietwig.com\/wp-content\/uploads\/2022\/04\/toc-gia-nguyen-dau-che-hoi-nam-kieu-australia2.webp?fit=500%2C500&ssl=1\" \/>\n\t<meta property=\"og:image:width\" content=\"500\" \/>\n\t<meta property=\"og:image:height\" content=\"500\" \/>\n\t<meta property=\"og:image:type\" content=\"image\/webp\" \/>\n<meta name=\"twitter:card\" content=\"summary_large_image\" \/>\n<meta name=\"twitter:label1\" content=\"Price\" \/>\n\t<meta name=\"twitter:data1\" content=\"0&nbsp;&#8363;\" \/>\n\t<meta name=\"twitter:label2\" content=\"Availability\" \/>\n\t<meta name=\"twitter:data2\" content=\"In stock\" \/>\n<script type=\"application\/ld+json\" class=\"yoast-schema-graph\">{\"@context\":\"https:\/\/schema.org\",\"@graph\":[{\"@type\":\"WebPage\",\"@id\":\"https:\/\/vietwig.com\/en\/product\/toc-gia-che-hoi-dinh-dau-nam-gioi-dang-dan-kieu-australia-vien-poly-va-luoi-lace\/\",\"url\":\"https:\/\/vietwig.com\/en\/product\/toc-gia-che-hoi-dinh-dau-nam-gioi-dang-dan-kieu-australia-vien-poly-va-luoi-lace\/\",\"name\":\"T\u00f3c gi\u1ea3 che h\u00f3i \u0111\u1ec9nh \u0111\u1ea7u nam gi\u1edbi d\u1ea1ng d\u00e1n - ki\u1ec3u Australia vi\u1ec1n poly v\u00e0 l\u01b0\u1edbi lace - Viet Wig - Wig made in Viet Nam\",\"isPartOf\":{\"@id\":\"https:\/\/vietwig.com\/en\/#website\"},\"primaryImageOfPage\":{\"@id\":\"https:\/\/vietwig.com\/en\/product\/toc-gia-che-hoi-dinh-dau-nam-gioi-dang-dan-kieu-australia-vien-poly-va-luoi-lace\/#primaryimage\"},\"image\":{\"@id\":\"https:\/\/vietwig.com\/en\/product\/toc-gia-che-hoi-dinh-dau-nam-gioi-dang-dan-kieu-australia-vien-poly-va-luoi-lace\/#primaryimage\"},\"thumbnailUrl\":\"https:\/\/i0.wp.com\/vietwig.com\/wp-content\/uploads\/2022\/04\/toc-gia-nguyen-dau-che-hoi-nam-kieu-australia2.webp?fit=500%2C500&ssl=1\",\"datePublished\":\"2022-04-30T13:08:34+00:00\",\"dateModified\":\"2022-04-30T13:08:35+00:00\",\"breadcrumb\":{\"@id\":\"https:\/\/vietwig.com\/en\/product\/toc-gia-che-hoi-dinh-dau-nam-gioi-dang-dan-kieu-australia-vien-poly-va-luoi-lace\/#breadcrumb\"},\"inLanguage\":\"en-US\",\"potentialAction\":[{\"@type\":\"ReadAction\",\"target\":[\"https:\/\/vietwig.com\/en\/product\/toc-gia-che-hoi-dinh-dau-nam-gioi-dang-dan-kieu-australia-vien-poly-va-luoi-lace\/\"]}]},{\"@type\":\"ImageObject\",\"inLanguage\":\"en-US\",\"@id\":\"https:\/\/vietwig.com\/en\/product\/toc-gia-che-hoi-dinh-dau-nam-gioi-dang-dan-kieu-australia-vien-poly-va-luoi-lace\/#primaryimage\",\"url\":\"https:\/\/i0.wp.com\/vietwig.com\/wp-content\/uploads\/2022\/04\/toc-gia-nguyen-dau-che-hoi-nam-kieu-australia2.webp?fit=500%2C500&ssl=1\",\"contentUrl\":\"https:\/\/i0.wp.com\/vietwig.com\/wp-content\/uploads\/2022\/04\/toc-gia-nguyen-dau-che-hoi-nam-kieu-australia2.webp?fit=500%2C500&ssl=1\",\"width\":500,\"height\":500},{\"@type\":\"BreadcrumbList\",\"@id\":\"https:\/\/vietwig.com\/en\/product\/toc-gia-che-hoi-dinh-dau-nam-gioi-dang-dan-kieu-australia-vien-poly-va-luoi-lace\/#breadcrumb\",\"itemListElement\":[{\"@type\":\"ListItem\",\"position\":1,\"name\":\"Home\",\"item\":\"https:\/\/vietwig.com\/en\/\"},{\"@type\":\"ListItem\",\"position\":2,\"name\":\"Shop\",\"item\":\"https:\/\/vietwig.com\/en\/shop-2\/\"},{\"@type\":\"ListItem\",\"position\":3,\"name\":\"T\u00f3c gi\u1ea3 che h\u00f3i \u0111\u1ec9nh \u0111\u1ea7u nam gi\u1edbi d\u1ea1ng d\u00e1n &#8211; ki\u1ec3u Australia vi\u1ec1n poly v\u00e0 l\u01b0\u1edbi lace\"}]},{\"@type\":\"WebSite\",\"@id\":\"https:\/\/vietwig.com\/en\/#website\",\"url\":\"https:\/\/vietwig.com\/en\/\",\"name\":\"Viet Wig - Wig made in Viet Nam\",\"description\":\"\",\"publisher\":{\"@id\":\"https:\/\/vietwig.com\/en\/#organization\"},\"potentialAction\":[{\"@type\":\"SearchAction\",\"target\":{\"@type\":\"EntryPoint\",\"urlTemplate\":\"https:\/\/vietwig.com\/en\/?s={search_term_string}\"},\"query-input\":\"required name=search_term_string\"}],\"inLanguage\":\"en-US\"},{\"@type\":\"Organization\",\"@id\":\"https:\/\/vietwig.com\/en\/#organization\",\"name\":\"Viet Wig\",\"url\":\"https:\/\/vietwig.com\/en\/\",\"logo\":{\"@type\":\"ImageObject\",\"inLanguage\":\"en-US\",\"@id\":\"https:\/\/vietwig.com\/en\/#\/schema\/logo\/image\/\",\"url\":\"https:\/\/i0.wp.com\/vietwig.com\/wp-content\/uploads\/2021\/11\/logo-Viet-Wig1.png?fit=728%2C736&ssl=1\",\"contentUrl\":\"https:\/\/i0.wp.com\/vietwig.com\/wp-content\/uploads\/2021\/11\/logo-Viet-Wig1.png?fit=728%2C736&ssl=1\",\"width\":728,\"height\":736,\"caption\":\"Viet Wig\"},\"image\":{\"@id\":\"https:\/\/vietwig.com\/en\/#\/schema\/logo\/image\/\"},\"sameAs\":[\"https:\/\/www.facebook.com\/tocvietwig\"]}]}<\/script>\n<meta property=\"product:price:amount\" content=\"0\" \/>\n<meta property=\"product:price:currency\" content=\"VND\" \/>\n<meta property=\"og:availability\" content=\"instock\" \/>\n<meta property=\"product:availability\" content=\"instock\" \/>\n<meta property=\"product:condition\" content=\"new\" \/>\n<!-- \/ Yoast SEO Premium plugin. -->","yoast_head_json":{"title":"T\u00f3c gi\u1ea3 che h\u00f3i \u0111\u1ec9nh \u0111\u1ea7u nam gi\u1edbi d\u1ea1ng d\u00e1n - ki\u1ec3u Australia vi\u1ec1n poly v\u00e0 l\u01b0\u1edbi lace - Viet Wig - Wig made in Viet Nam","robots":{"index":"index","follow":"follow","max-snippet":"max-snippet:-1","max-image-preview":"max-image-preview:large","max-video-preview":"max-video-preview:-1"},"canonical":"https:\/\/vietwig.com\/en\/product\/toc-gia-che-hoi-dinh-dau-nam-gioi-dang-dan-kieu-australia-vien-poly-va-luoi-lace\/","og_locale":"en_US","og_type":"article","og_title":"T\u00f3c gi\u1ea3 che h\u00f3i \u0111\u1ec9nh \u0111\u1ea7u nam gi\u1edbi d\u1ea1ng d\u00e1n - ki\u1ec3u Australia vi\u1ec1n poly v\u00e0 l\u01b0\u1edbi lace","og_description":"T\u00f3c b\u1ea1n th\u01b0a ho\u1eb7c b\u1ea1n b\u1ecb h\u00f3i, h\u00f3i \u0111\u1ea7u l\u00e0m b\u1ea1n thi\u1ebfu t\u1ef1 tin v\u00e0o b\u1ea3n th\u00e2n v\u1eady b\u1ea1n \u0111\u00e3","og_url":"https:\/\/vietwig.com\/en\/product\/toc-gia-che-hoi-dinh-dau-nam-gioi-dang-dan-kieu-australia-vien-poly-va-luoi-lace\/","og_site_name":"Viet Wig - Wig made in Viet Nam","article_publisher":"https:\/\/www.facebook.com\/tocvietwig","article_modified_time":"2022-04-30T13:08:35+00:00","og_image":[{"width":500,"height":500,"url":"https:\/\/i0.wp.com\/vietwig.com\/wp-content\/uploads\/2022\/04\/toc-gia-nguyen-dau-che-hoi-nam-kieu-australia2.webp?fit=500%2C500&ssl=1","type":"image\/webp"}],"twitter_card":"summary_large_image","twitter_misc":{"Price":"0&nbsp;&#8363;","Availability":"In stock"},"schema":{"@context":"https:\/\/schema.org","@graph":[{"@type":"WebPage","@id":"https:\/\/vietwig.com\/en\/product\/toc-gia-che-hoi-dinh-dau-nam-gioi-dang-dan-kieu-australia-vien-poly-va-luoi-lace\/","url":"https:\/\/vietwig.com\/en\/product\/toc-gia-che-hoi-dinh-dau-nam-gioi-dang-dan-kieu-australia-vien-poly-va-luoi-lace\/","name":"T\u00f3c gi\u1ea3 che h\u00f3i \u0111\u1ec9nh \u0111\u1ea7u nam gi\u1edbi d\u1ea1ng d\u00e1n - ki\u1ec3u Australia vi\u1ec1n poly v\u00e0 l\u01b0\u1edbi lace - Viet Wig - Wig made in Viet Nam","isPartOf":{"@id":"https:\/\/vietwig.com\/en\/#website"},"primaryImageOfPage":{"@id":"https:\/\/vietwig.com\/en\/product\/toc-gia-che-hoi-dinh-dau-nam-gioi-dang-dan-kieu-australia-vien-poly-va-luoi-lace\/#primaryimage"},"image":{"@id":"https:\/\/vietwig.com\/en\/product\/toc-gia-che-hoi-dinh-dau-nam-gioi-dang-dan-kieu-australia-vien-poly-va-luoi-lace\/#primaryimage"},"thumbnailUrl":"https:\/\/i0.wp.com\/vietwig.com\/wp-content\/uploads\/2022\/04\/toc-gia-nguyen-dau-che-hoi-nam-kieu-australia2.webp?fit=500%2C500&ssl=1","datePublished":"2022-04-30T13:08:34+00:00","dateModified":"2022-04-30T13:08:35+00:00","breadcrumb":{"@id":"https:\/\/vietwig.com\/en\/product\/toc-gia-che-hoi-dinh-dau-nam-gioi-dang-dan-kieu-australia-vien-poly-va-luoi-lace\/#breadcrumb"},"inLanguage":"en-US","potentialAction":[{"@type":"ReadAction","target":["https:\/\/vietwig.com\/en\/product\/toc-gia-che-hoi-dinh-dau-nam-gioi-dang-dan-kieu-australia-vien-poly-va-luoi-lace\/"]}]},{"@type":"ImageObject","inLanguage":"en-US","@id":"https:\/\/vietwig.com\/en\/product\/toc-gia-che-hoi-dinh-dau-nam-gioi-dang-dan-kieu-australia-vien-poly-va-luoi-lace\/#primaryimage","url":"https:\/\/i0.wp.com\/vietwig.com\/wp-content\/uploads\/2022\/04\/toc-gia-nguyen-dau-che-hoi-nam-kieu-australia2.webp?fit=500%2C500&ssl=1","contentUrl":"https:\/\/i0.wp.com\/vietwig.com\/wp-content\/uploads\/2022\/04\/toc-gia-nguyen-dau-che-hoi-nam-kieu-australia2.webp?fit=500%2C500&ssl=1","width":500,"height":500},{"@type":"BreadcrumbList","@id":"https:\/\/vietwig.com\/en\/product\/toc-gia-che-hoi-dinh-dau-nam-gioi-dang-dan-kieu-australia-vien-poly-va-luoi-lace\/#breadcrumb","itemListElement":[{"@type":"ListItem","position":1,"name":"Home","item":"https:\/\/vietwig.com\/en\/"},{"@type":"ListItem","position":2,"name":"Shop","item":"https:\/\/vietwig.com\/en\/shop-2\/"},{"@type":"ListItem","position":3,"name":"T\u00f3c gi\u1ea3 che h\u00f3i \u0111\u1ec9nh \u0111\u1ea7u nam gi\u1edbi d\u1ea1ng d\u00e1n &#8211; ki\u1ec3u Australia vi\u1ec1n poly v\u00e0 l\u01b0\u1edbi lace"}]},{"@type":"WebSite","@id":"https:\/\/vietwig.com\/en\/#website","url":"https:\/\/vietwig.com\/en\/","name":"Viet Wig - Wig made in Viet Nam","description":"","publisher":{"@id":"https:\/\/vietwig.com\/en\/#organization"},"potentialAction":[{"@type":"SearchAction","target":{"@type":"EntryPoint","urlTemplate":"https:\/\/vietwig.com\/en\/?s={search_term_string}"},"query-input":"required name=search_term_string"}],"inLanguage":"en-US"},{"@type":"Organization","@id":"https:\/\/vietwig.com\/en\/#organization","name":"Viet Wig","url":"https:\/\/vietwig.com\/en\/","logo":{"@type":"ImageObject","inLanguage":"en-US","@id":"https:\/\/vietwig.com\/en\/#\/schema\/logo\/image\/","url":"https:\/\/i0.wp.com\/vietwig.com\/wp-content\/uploads\/2021\/11\/logo-Viet-Wig1.png?fit=728%2C736&ssl=1","contentUrl":"https:\/\/i0.wp.com\/vietwig.com\/wp-content\/uploads\/2021\/11\/logo-Viet-Wig1.png?fit=728%2C736&ssl=1","width":728,"height":736,"caption":"Viet Wig"},"image":{"@id":"https:\/\/vietwig.com\/en\/#\/schema\/logo\/image\/"},"sameAs":["https:\/\/www.facebook.com\/tocvietwig"]}]},"product_price_currency":"VND","og_availability":"instock","product_availability":"instock","product_condition":"new"},"jetpack_publicize_connections":[],"jetpack-related-posts":[],"jetpack_sharing_enabled":true,"_links":{"self":[{"href":"https:\/\/vietwig.com\/en\/wp-json\/wp\/v2\/product\/29799","targetHints":{"allow":["GET"]}}],"collection":[{"href":"https:\/\/vietwig.com\/en\/wp-json\/wp\/v2\/product"}],"about":[{"href":"https:\/\/vietwig.com\/en\/wp-json\/wp\/v2\/types\/product"}],"replies":[{"embeddable":true,"href":"https:\/\/vietwig.com\/en\/wp-json\/wp\/v2\/comments?post=29799"}],"version-history":[{"count":0,"href":"https:\/\/vietwig.com\/en\/wp-json\/wp\/v2\/product\/29799\/revisions"}],"wp:featuredmedia":[{"embeddable":true,"href":"https:\/\/vietwig.com\/en\/wp-json\/wp\/v2\/media\/29804"}],"wp:attachment":[{"href":"https:\/\/vietwig.com\/en\/wp-json\/wp\/v2\/media?parent=29799"}],"wp:term":[{"taxonomy":"product_brand","embeddable":true,"href":"https:\/\/vietwig.com\/en\/wp-json\/wp\/v2\/product_brand?post=29799"},{"taxonomy":"product_cat","embeddable":true,"href":"https:\/\/vietwig.com\/en\/wp-json\/wp\/v2\/product_cat?post=29799"},{"taxonomy":"product_tag","embeddable":true,"href":"https:\/\/vietwig.com\/en\/wp-json\/wp\/v2\/product_tag?post=29799"}],"curies":[{"name":"wp","href":"https:\/\/api.w.org\/{rel}","templated":true}]}}