{"id":29909,"date":"2022-07-05T09:18:43","date_gmt":"2022-07-05T02:18:43","guid":{"rendered":"https:\/\/vietwig.com\/?post_type=product&#038;p=29909"},"modified":"2022-07-05T18:01:06","modified_gmt":"2022-07-05T11:01:06","slug":"toc-dan-phu-hoi-nam-full-poly-vietwig","status":"publish","type":"product","link":"https:\/\/vietwig.com\/en\/product\/toc-dan-phu-hoi-nam-full-poly-vietwig\/","title":{"rendered":"T\u00f3c d\u00e1n ph\u1ee7 h\u00f3i nam Full Poly &#8211; Vietwig"},"content":{"rendered":"<p>T\u00f3c gi\u1ea3 d\u1ea1ng d\u00e1n ph\u1ee7 h\u00f3i nam v\u1edbi m\u00e0ng \u0111\u1ebf full Poly Vi\u1ec7t Wig \u0111\u01b0\u1ee3c l\u00e0m tr\u00ean n\u1ec1n da Poly \u0111\u1ec3 g\u1eafn ph\u1ea7n ch\u00e2n t\u00f3c d\u00f3 \u0111\u00f3\u00a0 da kh\u00e1 m\u1ecfng v\u00e0 gi\u1ed1ng nh\u01b0 th\u1eadt, do v\u1eady khi b\u1ea1n d\u00f9ng s\u1ebd \u0111em l\u1ea1i c\u1ea3m gi\u00e1c t\u1ef1 nhi\u00ean v\u00e0 kh\u00f3 c\u00f3 th\u1ec3 ph\u00e1t hi\u1ec7n \u0111\u01b0\u1ee3c, v\u1edbi n\u1ec1n da Poly ch\u00fang ta c\u00f3 th\u1ec3 s\u1eed d\u1ee5ng k\u1ef9 thu\u1eadt th\u1eaft n\u00fat ch\u1eef V-loop v\u1edbi 1 l\u1ea7n th\u1eaft n\u00fat t\u00f3c tr\u00ean \u0111\u1ebf da poly n\u00ean t\u00f3c tr\u00f4ng gi\u1ed1ng nh\u01b0 t\u00f3c th\u1eadt m\u1ecdc t\u1eeb da ng\u01b0\u1eddi ra. T\u00f3c sau khi \u0111\u01b0\u1ee3c th\u1eaft n\u00fat V-loop \u0111\u01b0\u1ee3c kh\u00f3a ch\u00e2n b\u1eb1ng 1 l\u1edbp keo m\u1ecfng \u0111\u1ec3 gi\u1eef c\u1ed1 \u0111\u1ecbnh ch\u00e2n t\u00f3c tr\u00ean n\u1ec1n da Poly kh\u00f4ng b\u1ecb tu\u1ed9t ra n\u00ean k\u00e9o d\u00e0i tu\u1ed5i th\u1ecd b\u1ed9 t\u00f3c.<\/p>\n<p>S\u1ea3n Ph\u1ea9m T\u00f3c gi\u1ea3 d\u1ea1ng d\u00e1n full Poly \u0111\u01b0\u1ee3c x\u01b0\u1edfng t\u00f3c Vi\u1ec7t Wig gia c\u00f4ng l\u00e0m t\u1eeb ph\u1ea7n \u0111\u1ebf Poly, x\u1eed l\u00fd t\u00f3c, v\u00e0 m\u00f3c t\u00f3c n\u00ean ch\u00fang t\u00f4i c\u00f3 th\u1ec3 \u0111\u00e1p \u1ee9ng \u0111\u01b0\u1ee3c t\u1ea5t c\u1ea3 c\u00e1c y\u00eau c\u1ea7u t\u1eeb kh\u00e1ch h\u00e0ng, b\u1ea1n h\u00e3y li\u00ean h\u1ec7 ngay v\u1edbi ch\u00fang t\u00f4i \u0111\u1ec3 \u0111\u1eb7t h\u00e0ng qua Hotline: <a href=\"call:0825691999\">082.569.1999<\/a><\/p>\n<ul>\n<li><strong>T\u00ean S\u1ea3n ph\u1ea9m:<\/strong> T\u00f3c gi\u1ea3 d\u1ea1ng d\u00e1n full Poly<\/li>\n<li><strong>Size:<\/strong><\/li>\n<\/ul>\n<p>&#8211; 13cm*18cm (5*7inch)<br \/>\n&#8211; 15cm*20cm (6*8inch)<br \/>\n&#8211; 18cm*23cm (7*9inch)<\/p>\n<ul>\n<li><strong>Th\u01b0\u01a1ng hi\u1ec7u:<\/strong> Vi\u1ec7t Wig<\/li>\n<li><strong>Ch\u1ea5t li\u1ec7u \u0110\u1ebf:<\/strong> \u0110\u1ebf Poly<\/li>\n<li><strong>Ch\u1ea5t li\u1ec7u t\u00f3c:<\/strong> T\u00f3c th\u1eadt 100%<\/li>\n<\/ul>\n<p><img data-recalc-dims=\"1\" loading=\"lazy\" decoding=\"async\" class=\"aligncenter size-large wp-image-29910\" src=\"https:\/\/i0.wp.com\/vietwig.com\/wp-content\/uploads\/2022\/07\/toc-dan-phu-hoi-nam-full-poly-vietwig-1.webp?resize=767%2C1024&#038;ssl=1\" alt=\"\" width=\"767\" height=\"1024\" srcset=\"https:\/\/i0.wp.com\/vietwig.com\/wp-content\/uploads\/2022\/07\/toc-dan-phu-hoi-nam-full-poly-vietwig-1.webp?resize=767%2C1024&amp;ssl=1 767w, https:\/\/i0.wp.com\/vietwig.com\/wp-content\/uploads\/2022\/07\/toc-dan-phu-hoi-nam-full-poly-vietwig-1.webp?resize=225%2C300&amp;ssl=1 225w, https:\/\/i0.wp.com\/vietwig.com\/wp-content\/uploads\/2022\/07\/toc-dan-phu-hoi-nam-full-poly-vietwig-1.webp?resize=768%2C1025&amp;ssl=1 768w, https:\/\/i0.wp.com\/vietwig.com\/wp-content\/uploads\/2022\/07\/toc-dan-phu-hoi-nam-full-poly-vietwig-1.webp?resize=150%2C200&amp;ssl=1 150w, https:\/\/i0.wp.com\/vietwig.com\/wp-content\/uploads\/2022\/07\/toc-dan-phu-hoi-nam-full-poly-vietwig-1.webp?w=956&amp;ssl=1 956w\" sizes=\"auto, (max-width: 767px) 100vw, 767px\" \/> <img data-recalc-dims=\"1\" loading=\"lazy\" decoding=\"async\" class=\"aligncenter size-large wp-image-29912\" src=\"https:\/\/i0.wp.com\/vietwig.com\/wp-content\/uploads\/2022\/07\/toc-dan-phu-hoi-nam-full-poly-vietwig-2.webp?resize=767%2C1024&#038;ssl=1\" alt=\"\" width=\"767\" height=\"1024\" srcset=\"https:\/\/i0.wp.com\/vietwig.com\/wp-content\/uploads\/2022\/07\/toc-dan-phu-hoi-nam-full-poly-vietwig-2.webp?resize=767%2C1024&amp;ssl=1 767w, https:\/\/i0.wp.com\/vietwig.com\/wp-content\/uploads\/2022\/07\/toc-dan-phu-hoi-nam-full-poly-vietwig-2.webp?resize=225%2C300&amp;ssl=1 225w, https:\/\/i0.wp.com\/vietwig.com\/wp-content\/uploads\/2022\/07\/toc-dan-phu-hoi-nam-full-poly-vietwig-2.webp?resize=768%2C1025&amp;ssl=1 768w, https:\/\/i0.wp.com\/vietwig.com\/wp-content\/uploads\/2022\/07\/toc-dan-phu-hoi-nam-full-poly-vietwig-2.webp?resize=150%2C200&amp;ssl=1 150w, https:\/\/i0.wp.com\/vietwig.com\/wp-content\/uploads\/2022\/07\/toc-dan-phu-hoi-nam-full-poly-vietwig-2.webp?w=956&amp;ssl=1 956w\" sizes=\"auto, (max-width: 767px) 100vw, 767px\" \/> <img data-recalc-dims=\"1\" loading=\"lazy\" decoding=\"async\" class=\"aligncenter size-large wp-image-29914\" src=\"https:\/\/i0.wp.com\/vietwig.com\/wp-content\/uploads\/2022\/07\/toc-dan-phu-hoi-nam-full-poly-vietwig-3.webp?resize=767%2C1024&#038;ssl=1\" alt=\"\" width=\"767\" height=\"1024\" srcset=\"https:\/\/i0.wp.com\/vietwig.com\/wp-content\/uploads\/2022\/07\/toc-dan-phu-hoi-nam-full-poly-vietwig-3.webp?resize=767%2C1024&amp;ssl=1 767w, https:\/\/i0.wp.com\/vietwig.com\/wp-content\/uploads\/2022\/07\/toc-dan-phu-hoi-nam-full-poly-vietwig-3.webp?resize=225%2C300&amp;ssl=1 225w, https:\/\/i0.wp.com\/vietwig.com\/wp-content\/uploads\/2022\/07\/toc-dan-phu-hoi-nam-full-poly-vietwig-3.webp?resize=768%2C1025&amp;ssl=1 768w, https:\/\/i0.wp.com\/vietwig.com\/wp-content\/uploads\/2022\/07\/toc-dan-phu-hoi-nam-full-poly-vietwig-3.webp?resize=150%2C200&amp;ssl=1 150w, https:\/\/i0.wp.com\/vietwig.com\/wp-content\/uploads\/2022\/07\/toc-dan-phu-hoi-nam-full-poly-vietwig-3.webp?w=956&amp;ssl=1 956w\" sizes=\"auto, (max-width: 767px) 100vw, 767px\" \/> <img data-recalc-dims=\"1\" loading=\"lazy\" decoding=\"async\" class=\"aligncenter size-large wp-image-29920\" src=\"https:\/\/i0.wp.com\/vietwig.com\/wp-content\/uploads\/2022\/07\/toc-dan-phu-hoi-nam-full-poly-vietwig-6.webp?resize=767%2C1024&#038;ssl=1\" alt=\"\" width=\"767\" height=\"1024\" srcset=\"https:\/\/i0.wp.com\/vietwig.com\/wp-content\/uploads\/2022\/07\/toc-dan-phu-hoi-nam-full-poly-vietwig-6.webp?resize=767%2C1024&amp;ssl=1 767w, https:\/\/i0.wp.com\/vietwig.com\/wp-content\/uploads\/2022\/07\/toc-dan-phu-hoi-nam-full-poly-vietwig-6.webp?resize=225%2C300&amp;ssl=1 225w, https:\/\/i0.wp.com\/vietwig.com\/wp-content\/uploads\/2022\/07\/toc-dan-phu-hoi-nam-full-poly-vietwig-6.webp?resize=768%2C1025&amp;ssl=1 768w, https:\/\/i0.wp.com\/vietwig.com\/wp-content\/uploads\/2022\/07\/toc-dan-phu-hoi-nam-full-poly-vietwig-6.webp?resize=150%2C200&amp;ssl=1 150w, https:\/\/i0.wp.com\/vietwig.com\/wp-content\/uploads\/2022\/07\/toc-dan-phu-hoi-nam-full-poly-vietwig-6.webp?w=956&amp;ssl=1 956w\" sizes=\"auto, (max-width: 767px) 100vw, 767px\" \/> <img data-recalc-dims=\"1\" loading=\"lazy\" decoding=\"async\" class=\"aligncenter size-large wp-image-29924\" src=\"https:\/\/i0.wp.com\/vietwig.com\/wp-content\/uploads\/2022\/07\/toc-dan-phu-hoi-nam-full-poly-vietwig-8.webp?resize=767%2C1024&#038;ssl=1\" alt=\"\" width=\"767\" height=\"1024\" srcset=\"https:\/\/i0.wp.com\/vietwig.com\/wp-content\/uploads\/2022\/07\/toc-dan-phu-hoi-nam-full-poly-vietwig-8.webp?resize=767%2C1024&amp;ssl=1 767w, https:\/\/i0.wp.com\/vietwig.com\/wp-content\/uploads\/2022\/07\/toc-dan-phu-hoi-nam-full-poly-vietwig-8.webp?resize=225%2C300&amp;ssl=1 225w, https:\/\/i0.wp.com\/vietwig.com\/wp-content\/uploads\/2022\/07\/toc-dan-phu-hoi-nam-full-poly-vietwig-8.webp?resize=768%2C1025&amp;ssl=1 768w, https:\/\/i0.wp.com\/vietwig.com\/wp-content\/uploads\/2022\/07\/toc-dan-phu-hoi-nam-full-poly-vietwig-8.webp?resize=150%2C200&amp;ssl=1 150w, https:\/\/i0.wp.com\/vietwig.com\/wp-content\/uploads\/2022\/07\/toc-dan-phu-hoi-nam-full-poly-vietwig-8.webp?w=956&amp;ssl=1 956w\" sizes=\"auto, (max-width: 767px) 100vw, 767px\" \/> <img data-recalc-dims=\"1\" loading=\"lazy\" decoding=\"async\" class=\"aligncenter size-large wp-image-29916\" src=\"https:\/\/i0.wp.com\/vietwig.com\/wp-content\/uploads\/2022\/07\/toc-dan-phu-hoi-nam-full-poly-vietwig-4.webp?resize=767%2C1024&#038;ssl=1\" alt=\"\" width=\"767\" height=\"1024\" srcset=\"https:\/\/i0.wp.com\/vietwig.com\/wp-content\/uploads\/2022\/07\/toc-dan-phu-hoi-nam-full-poly-vietwig-4.webp?resize=767%2C1024&amp;ssl=1 767w, https:\/\/i0.wp.com\/vietwig.com\/wp-content\/uploads\/2022\/07\/toc-dan-phu-hoi-nam-full-poly-vietwig-4.webp?resize=225%2C300&amp;ssl=1 225w, https:\/\/i0.wp.com\/vietwig.com\/wp-content\/uploads\/2022\/07\/toc-dan-phu-hoi-nam-full-poly-vietwig-4.webp?resize=768%2C1025&amp;ssl=1 768w, https:\/\/i0.wp.com\/vietwig.com\/wp-content\/uploads\/2022\/07\/toc-dan-phu-hoi-nam-full-poly-vietwig-4.webp?resize=150%2C200&amp;ssl=1 150w, https:\/\/i0.wp.com\/vietwig.com\/wp-content\/uploads\/2022\/07\/toc-dan-phu-hoi-nam-full-poly-vietwig-4.webp?w=956&amp;ssl=1 956w\" sizes=\"auto, (max-width: 767px) 100vw, 767px\" \/> <img data-recalc-dims=\"1\" loading=\"lazy\" decoding=\"async\" class=\"aligncenter size-large wp-image-29918\" src=\"https:\/\/i0.wp.com\/vietwig.com\/wp-content\/uploads\/2022\/07\/toc-dan-phu-hoi-nam-full-poly-vietwig-5.webp?resize=767%2C1024&#038;ssl=1\" alt=\"\" width=\"767\" height=\"1024\" srcset=\"https:\/\/i0.wp.com\/vietwig.com\/wp-content\/uploads\/2022\/07\/toc-dan-phu-hoi-nam-full-poly-vietwig-5.webp?resize=767%2C1024&amp;ssl=1 767w, https:\/\/i0.wp.com\/vietwig.com\/wp-content\/uploads\/2022\/07\/toc-dan-phu-hoi-nam-full-poly-vietwig-5.webp?resize=225%2C300&amp;ssl=1 225w, https:\/\/i0.wp.com\/vietwig.com\/wp-content\/uploads\/2022\/07\/toc-dan-phu-hoi-nam-full-poly-vietwig-5.webp?resize=768%2C1025&amp;ssl=1 768w, https:\/\/i0.wp.com\/vietwig.com\/wp-content\/uploads\/2022\/07\/toc-dan-phu-hoi-nam-full-poly-vietwig-5.webp?resize=150%2C200&amp;ssl=1 150w, https:\/\/i0.wp.com\/vietwig.com\/wp-content\/uploads\/2022\/07\/toc-dan-phu-hoi-nam-full-poly-vietwig-5.webp?w=956&amp;ssl=1 956w\" sizes=\"auto, (max-width: 767px) 100vw, 767px\" \/> <img data-recalc-dims=\"1\" loading=\"lazy\" decoding=\"async\" class=\"aligncenter size-large wp-image-29922\" src=\"https:\/\/i0.wp.com\/vietwig.com\/wp-content\/uploads\/2022\/07\/toc-dan-phu-hoi-nam-full-poly-vietwig-7.webp?resize=1024%2C768&#038;ssl=1\" alt=\"\" width=\"1024\" height=\"768\" srcset=\"https:\/\/i0.wp.com\/vietwig.com\/wp-content\/uploads\/2022\/07\/toc-dan-phu-hoi-nam-full-poly-vietwig-7.webp?resize=1024%2C768&amp;ssl=1 1024w, https:\/\/i0.wp.com\/vietwig.com\/wp-content\/uploads\/2022\/07\/toc-dan-phu-hoi-nam-full-poly-vietwig-7.webp?resize=300%2C225&amp;ssl=1 300w, https:\/\/i0.wp.com\/vietwig.com\/wp-content\/uploads\/2022\/07\/toc-dan-phu-hoi-nam-full-poly-vietwig-7.webp?resize=768%2C576&amp;ssl=1 768w, https:\/\/i0.wp.com\/vietwig.com\/wp-content\/uploads\/2022\/07\/toc-dan-phu-hoi-nam-full-poly-vietwig-7.webp?resize=1200%2C900&amp;ssl=1 1200w, https:\/\/i0.wp.com\/vietwig.com\/wp-content\/uploads\/2022\/07\/toc-dan-phu-hoi-nam-full-poly-vietwig-7.webp?resize=150%2C113&amp;ssl=1 150w, https:\/\/i0.wp.com\/vietwig.com\/wp-content\/uploads\/2022\/07\/toc-dan-phu-hoi-nam-full-poly-vietwig-7.webp?w=1280&amp;ssl=1 1280w\" sizes=\"auto, (max-width: 1000px) 100vw, 1000px\" \/><\/p>\n","protected":false},"excerpt":{"rendered":"<p>T\u00f3c gi\u1ea3 d\u1ea1ng d\u00e1n ph\u1ee7 h\u00f3i nam v\u1edbi m\u00e0ng \u0111\u1ebf full Poly Vi\u1ec7t Wig \u0111\u01b0\u1ee3c l\u00e0m tr\u00ean n\u1ec1n da Poly<\/p>\n","protected":false},"featured_media":29926,"comment_status":"open","ping_status":"closed","template":"","meta":{"jetpack_publicize_message":"","jetpack_publicize_feature_enabled":true,"jetpack_social_post_already_shared":true,"jetpack_social_options":{"image_generator_settings":{"template":"highway","default_image_id":0,"font":"","enabled":false},"version":2}},"product_brand":[],"product_cat":[139,114],"product_tag":[140,141,122,144,143,142],"class_list":{"0":"post-29909","1":"product","2":"type-product","3":"status-publish","4":"has-post-thumbnail","6":"product_cat-full-poly","7":"product_cat-toc-gia","8":"product_tag-full-poly","9":"product_tag-toc-dan-full-poly","10":"product_tag-toc-gia-dang-dan","11":"product_tag-toc-gia-full-poly","12":"product_tag-viet-wig","13":"product_tag-vietwig","15":"first","16":"instock","17":"shipping-taxable","18":"product-type-simple"},"yoast_head":"<!-- This site is optimized with the Yoast SEO Premium plugin v23.0 (Yoast SEO v23.0) - https:\/\/yoast.com\/wordpress\/plugins\/seo\/ -->\n<title>T\u00f3c d\u00e1n ph\u1ee7 h\u00f3i nam Full Poly - Vietwig - Viet Wig - Wig made in Viet Nam<\/title>\n<meta name=\"robots\" content=\"index, follow, max-snippet:-1, max-image-preview:large, max-video-preview:-1\" \/>\n<link rel=\"canonical\" href=\"https:\/\/vietwig.com\/en\/product\/toc-dan-phu-hoi-nam-full-poly-vietwig\/\" \/>\n<meta property=\"og:locale\" content=\"en_US\" \/>\n<meta property=\"og:type\" content=\"article\" \/>\n<meta property=\"og:title\" content=\"T\u00f3c gi\u1ea3 ph\u1ee7 h\u00f3i d\u1ea1ng d\u00e1n \u0111\u1ebf full Poly d\u00e0nh cho nam\" \/>\n<meta property=\"og:description\" content=\"T\u00f3c gi\u1ea3 d\u1ea1ng d\u00e1n ph\u1ee7 h\u00f3i nam v\u1edbi m\u00e0ng \u0111\u1ebf full Poly Vi\u1ec7t Wig \u0111\u01b0\u1ee3c l\u00e0m tr\u00ean n\u1ec1n da Poly\" \/>\n<meta property=\"og:url\" content=\"https:\/\/vietwig.com\/en\/product\/toc-dan-phu-hoi-nam-full-poly-vietwig\/\" \/>\n<meta property=\"og:site_name\" content=\"Viet Wig - Wig made in Viet Nam\" \/>\n<meta property=\"article:publisher\" content=\"https:\/\/www.facebook.com\/tocvietwig\" \/>\n<meta property=\"article:modified_time\" content=\"2022-07-05T11:01:06+00:00\" \/>\n<meta property=\"og:image\" content=\"https:\/\/i0.wp.com\/vietwig.com\/wp-content\/uploads\/2022\/07\/toc-phu-hoi-nam-full-poly-vietwig.jpg?fit=500%2C500&ssl=1\" \/>\n\t<meta property=\"og:image:width\" content=\"500\" \/>\n\t<meta property=\"og:image:height\" content=\"500\" \/>\n\t<meta property=\"og:image:type\" content=\"image\/jpeg\" \/>\n<meta name=\"twitter:card\" content=\"summary_large_image\" \/>\n<meta name=\"twitter:title\" content=\"T\u00f3c d\u00e1n ph\u1ee7 h\u00f3i nam Full Poly - Vietwig\" \/>\n<meta name=\"twitter:label1\" content=\"Price\" \/>\n\t<meta name=\"twitter:data1\" content=\"\" \/>\n\t<meta name=\"twitter:label2\" content=\"Availability\" \/>\n\t<meta name=\"twitter:data2\" content=\"In stock\" \/>\n<script type=\"application\/ld+json\" class=\"yoast-schema-graph\">{\"@context\":\"https:\/\/schema.org\",\"@graph\":[{\"@type\":\"WebPage\",\"@id\":\"https:\/\/vietwig.com\/en\/product\/toc-dan-phu-hoi-nam-full-poly-vietwig\/\",\"url\":\"https:\/\/vietwig.com\/en\/product\/toc-dan-phu-hoi-nam-full-poly-vietwig\/\",\"name\":\"T\u00f3c d\u00e1n ph\u1ee7 h\u00f3i nam Full Poly - Vietwig - Viet Wig - Wig made in Viet Nam\",\"isPartOf\":{\"@id\":\"https:\/\/vietwig.com\/en\/#website\"},\"primaryImageOfPage\":{\"@id\":\"https:\/\/vietwig.com\/en\/product\/toc-dan-phu-hoi-nam-full-poly-vietwig\/#primaryimage\"},\"image\":{\"@id\":\"https:\/\/vietwig.com\/en\/product\/toc-dan-phu-hoi-nam-full-poly-vietwig\/#primaryimage\"},\"thumbnailUrl\":\"https:\/\/i0.wp.com\/vietwig.com\/wp-content\/uploads\/2022\/07\/toc_phu_hoi_nam_full_poly_vietwig.webp?fit=500%2C500&ssl=1\",\"datePublished\":\"2022-07-05T02:18:43+00:00\",\"dateModified\":\"2022-07-05T11:01:06+00:00\",\"breadcrumb\":{\"@id\":\"https:\/\/vietwig.com\/en\/product\/toc-dan-phu-hoi-nam-full-poly-vietwig\/#breadcrumb\"},\"inLanguage\":\"en-US\",\"potentialAction\":[{\"@type\":\"ReadAction\",\"target\":[\"https:\/\/vietwig.com\/en\/product\/toc-dan-phu-hoi-nam-full-poly-vietwig\/\"]}]},{\"@type\":\"ImageObject\",\"inLanguage\":\"en-US\",\"@id\":\"https:\/\/vietwig.com\/en\/product\/toc-dan-phu-hoi-nam-full-poly-vietwig\/#primaryimage\",\"url\":\"https:\/\/i0.wp.com\/vietwig.com\/wp-content\/uploads\/2022\/07\/toc_phu_hoi_nam_full_poly_vietwig.webp?fit=500%2C500&ssl=1\",\"contentUrl\":\"https:\/\/i0.wp.com\/vietwig.com\/wp-content\/uploads\/2022\/07\/toc_phu_hoi_nam_full_poly_vietwig.webp?fit=500%2C500&ssl=1\",\"width\":500,\"height\":500},{\"@type\":\"BreadcrumbList\",\"@id\":\"https:\/\/vietwig.com\/en\/product\/toc-dan-phu-hoi-nam-full-poly-vietwig\/#breadcrumb\",\"itemListElement\":[{\"@type\":\"ListItem\",\"position\":1,\"name\":\"Home\",\"item\":\"https:\/\/vietwig.com\/en\/\"},{\"@type\":\"ListItem\",\"position\":2,\"name\":\"Shop\",\"item\":\"https:\/\/vietwig.com\/en\/shop-2\/\"},{\"@type\":\"ListItem\",\"position\":3,\"name\":\"T\u00f3c d\u00e1n ph\u1ee7 h\u00f3i nam Full Poly &#8211; Vietwig\"}]},{\"@type\":\"WebSite\",\"@id\":\"https:\/\/vietwig.com\/en\/#website\",\"url\":\"https:\/\/vietwig.com\/en\/\",\"name\":\"Viet Wig - Wig made in Viet Nam\",\"description\":\"\",\"publisher\":{\"@id\":\"https:\/\/vietwig.com\/en\/#organization\"},\"potentialAction\":[{\"@type\":\"SearchAction\",\"target\":{\"@type\":\"EntryPoint\",\"urlTemplate\":\"https:\/\/vietwig.com\/en\/?s={search_term_string}\"},\"query-input\":\"required name=search_term_string\"}],\"inLanguage\":\"en-US\"},{\"@type\":\"Organization\",\"@id\":\"https:\/\/vietwig.com\/en\/#organization\",\"name\":\"Viet Wig\",\"url\":\"https:\/\/vietwig.com\/en\/\",\"logo\":{\"@type\":\"ImageObject\",\"inLanguage\":\"en-US\",\"@id\":\"https:\/\/vietwig.com\/en\/#\/schema\/logo\/image\/\",\"url\":\"https:\/\/i0.wp.com\/vietwig.com\/wp-content\/uploads\/2021\/11\/logo-Viet-Wig1.png?fit=728%2C736&ssl=1\",\"contentUrl\":\"https:\/\/i0.wp.com\/vietwig.com\/wp-content\/uploads\/2021\/11\/logo-Viet-Wig1.png?fit=728%2C736&ssl=1\",\"width\":728,\"height\":736,\"caption\":\"Viet Wig\"},\"image\":{\"@id\":\"https:\/\/vietwig.com\/en\/#\/schema\/logo\/image\/\"},\"sameAs\":[\"https:\/\/www.facebook.com\/tocvietwig\"]}]}<\/script>\n<meta property=\"product:price:currency\" content=\"VND\" \/>\n<meta property=\"og:availability\" content=\"instock\" \/>\n<meta property=\"product:availability\" content=\"instock\" \/>\n<meta property=\"product:condition\" content=\"new\" \/>\n<!-- \/ Yoast SEO Premium plugin. -->","yoast_head_json":{"title":"T\u00f3c d\u00e1n ph\u1ee7 h\u00f3i nam Full Poly - Vietwig - Viet Wig - Wig made in Viet Nam","robots":{"index":"index","follow":"follow","max-snippet":"max-snippet:-1","max-image-preview":"max-image-preview:large","max-video-preview":"max-video-preview:-1"},"canonical":"https:\/\/vietwig.com\/en\/product\/toc-dan-phu-hoi-nam-full-poly-vietwig\/","og_locale":"en_US","og_type":"article","og_title":"T\u00f3c gi\u1ea3 ph\u1ee7 h\u00f3i d\u1ea1ng d\u00e1n \u0111\u1ebf full Poly d\u00e0nh cho nam","og_description":"T\u00f3c gi\u1ea3 d\u1ea1ng d\u00e1n ph\u1ee7 h\u00f3i nam v\u1edbi m\u00e0ng \u0111\u1ebf full Poly Vi\u1ec7t Wig \u0111\u01b0\u1ee3c l\u00e0m tr\u00ean n\u1ec1n da Poly","og_url":"https:\/\/vietwig.com\/en\/product\/toc-dan-phu-hoi-nam-full-poly-vietwig\/","og_site_name":"Viet Wig - Wig made in Viet Nam","article_publisher":"https:\/\/www.facebook.com\/tocvietwig","article_modified_time":"2022-07-05T11:01:06+00:00","og_image":[{"width":500,"height":500,"url":"https:\/\/i0.wp.com\/vietwig.com\/wp-content\/uploads\/2022\/07\/toc-phu-hoi-nam-full-poly-vietwig.jpg?fit=500%2C500&ssl=1","type":"image\/jpeg"}],"twitter_card":"summary_large_image","twitter_title":"T\u00f3c d\u00e1n ph\u1ee7 h\u00f3i nam Full Poly - Vietwig","twitter_misc":{"Price":"","Availability":"In stock"},"schema":{"@context":"https:\/\/schema.org","@graph":[{"@type":"WebPage","@id":"https:\/\/vietwig.com\/en\/product\/toc-dan-phu-hoi-nam-full-poly-vietwig\/","url":"https:\/\/vietwig.com\/en\/product\/toc-dan-phu-hoi-nam-full-poly-vietwig\/","name":"T\u00f3c d\u00e1n ph\u1ee7 h\u00f3i nam Full Poly - Vietwig - Viet Wig - Wig made in Viet Nam","isPartOf":{"@id":"https:\/\/vietwig.com\/en\/#website"},"primaryImageOfPage":{"@id":"https:\/\/vietwig.com\/en\/product\/toc-dan-phu-hoi-nam-full-poly-vietwig\/#primaryimage"},"image":{"@id":"https:\/\/vietwig.com\/en\/product\/toc-dan-phu-hoi-nam-full-poly-vietwig\/#primaryimage"},"thumbnailUrl":"https:\/\/i0.wp.com\/vietwig.com\/wp-content\/uploads\/2022\/07\/toc_phu_hoi_nam_full_poly_vietwig.webp?fit=500%2C500&ssl=1","datePublished":"2022-07-05T02:18:43+00:00","dateModified":"2022-07-05T11:01:06+00:00","breadcrumb":{"@id":"https:\/\/vietwig.com\/en\/product\/toc-dan-phu-hoi-nam-full-poly-vietwig\/#breadcrumb"},"inLanguage":"en-US","potentialAction":[{"@type":"ReadAction","target":["https:\/\/vietwig.com\/en\/product\/toc-dan-phu-hoi-nam-full-poly-vietwig\/"]}]},{"@type":"ImageObject","inLanguage":"en-US","@id":"https:\/\/vietwig.com\/en\/product\/toc-dan-phu-hoi-nam-full-poly-vietwig\/#primaryimage","url":"https:\/\/i0.wp.com\/vietwig.com\/wp-content\/uploads\/2022\/07\/toc_phu_hoi_nam_full_poly_vietwig.webp?fit=500%2C500&ssl=1","contentUrl":"https:\/\/i0.wp.com\/vietwig.com\/wp-content\/uploads\/2022\/07\/toc_phu_hoi_nam_full_poly_vietwig.webp?fit=500%2C500&ssl=1","width":500,"height":500},{"@type":"BreadcrumbList","@id":"https:\/\/vietwig.com\/en\/product\/toc-dan-phu-hoi-nam-full-poly-vietwig\/#breadcrumb","itemListElement":[{"@type":"ListItem","position":1,"name":"Home","item":"https:\/\/vietwig.com\/en\/"},{"@type":"ListItem","position":2,"name":"Shop","item":"https:\/\/vietwig.com\/en\/shop-2\/"},{"@type":"ListItem","position":3,"name":"T\u00f3c d\u00e1n ph\u1ee7 h\u00f3i nam Full Poly &#8211; Vietwig"}]},{"@type":"WebSite","@id":"https:\/\/vietwig.com\/en\/#website","url":"https:\/\/vietwig.com\/en\/","name":"Viet Wig - Wig made in Viet Nam","description":"","publisher":{"@id":"https:\/\/vietwig.com\/en\/#organization"},"potentialAction":[{"@type":"SearchAction","target":{"@type":"EntryPoint","urlTemplate":"https:\/\/vietwig.com\/en\/?s={search_term_string}"},"query-input":"required name=search_term_string"}],"inLanguage":"en-US"},{"@type":"Organization","@id":"https:\/\/vietwig.com\/en\/#organization","name":"Viet Wig","url":"https:\/\/vietwig.com\/en\/","logo":{"@type":"ImageObject","inLanguage":"en-US","@id":"https:\/\/vietwig.com\/en\/#\/schema\/logo\/image\/","url":"https:\/\/i0.wp.com\/vietwig.com\/wp-content\/uploads\/2021\/11\/logo-Viet-Wig1.png?fit=728%2C736&ssl=1","contentUrl":"https:\/\/i0.wp.com\/vietwig.com\/wp-content\/uploads\/2021\/11\/logo-Viet-Wig1.png?fit=728%2C736&ssl=1","width":728,"height":736,"caption":"Viet Wig"},"image":{"@id":"https:\/\/vietwig.com\/en\/#\/schema\/logo\/image\/"},"sameAs":["https:\/\/www.facebook.com\/tocvietwig"]}]},"product_price_currency":"VND","og_availability":"instock","product_availability":"instock","product_condition":"new"},"jetpack_publicize_connections":[],"jetpack-related-posts":[],"jetpack_sharing_enabled":true,"_links":{"self":[{"href":"https:\/\/vietwig.com\/en\/wp-json\/wp\/v2\/product\/29909","targetHints":{"allow":["GET"]}}],"collection":[{"href":"https:\/\/vietwig.com\/en\/wp-json\/wp\/v2\/product"}],"about":[{"href":"https:\/\/vietwig.com\/en\/wp-json\/wp\/v2\/types\/product"}],"replies":[{"embeddable":true,"href":"https:\/\/vietwig.com\/en\/wp-json\/wp\/v2\/comments?post=29909"}],"version-history":[{"count":0,"href":"https:\/\/vietwig.com\/en\/wp-json\/wp\/v2\/product\/29909\/revisions"}],"wp:featuredmedia":[{"embeddable":true,"href":"https:\/\/vietwig.com\/en\/wp-json\/wp\/v2\/media\/29926"}],"wp:attachment":[{"href":"https:\/\/vietwig.com\/en\/wp-json\/wp\/v2\/media?parent=29909"}],"wp:term":[{"taxonomy":"product_brand","embeddable":true,"href":"https:\/\/vietwig.com\/en\/wp-json\/wp\/v2\/product_brand?post=29909"},{"taxonomy":"product_cat","embeddable":true,"href":"https:\/\/vietwig.com\/en\/wp-json\/wp\/v2\/product_cat?post=29909"},{"taxonomy":"product_tag","embeddable":true,"href":"https:\/\/vietwig.com\/en\/wp-json\/wp\/v2\/product_tag?post=29909"}],"curies":[{"name":"wp","href":"https:\/\/api.w.org\/{rel}","templated":true}]}}