{"id":30324,"date":"2023-02-16T09:16:19","date_gmt":"2023-02-16T02:16:19","guid":{"rendered":"https:\/\/vietwig.com\/?post_type=product&#038;p=30324"},"modified":"2023-02-15T00:02:26","modified_gmt":"2023-02-14T17:02:26","slug":"nhan-gia-cong-toc-gia-toupee-sieu-da-dau-phu-hoi-nam","status":"publish","type":"product","link":"https:\/\/vietwig.com\/en\/product\/nhan-gia-cong-toc-gia-toupee-sieu-da-dau-phu-hoi-nam\/","title":{"rendered":"nh\u1eadn gia c\u00f4ng t\u00f3c gi\u1ea3 Toupee si\u00eau da \u0111\u1ea7u ph\u1ee7 h\u00f3i nam"},"content":{"rendered":"<p>Nh\u1eadn gia c\u00f4ng T\u00f3c gi\u1ea3 Toupee si\u00eau da \u0111\u1ea7u theo m\u1eabu c\u00f3 s\u1eb5n ho\u1eb7c theo k\u00edch th\u01b0\u1edbc b\u1ea1n mu\u1ed1n, S\u1ea3n ph\u1ea9m Toupee m\u1eabu Australia vi\u1ec1n PU trong xung quanh \u1edf gi\u1eefa l\u00e0 xo\u00e1y 3 l\u1edbp hay c\u00f2n g\u1ecdi l\u00e0 silk top m\u00f3c t\u00f3c qua 2 l\u1edbp l\u01b0\u1edbi y\u00eau c\u1ea7u tay ngh\u1ec1 th\u1ee3 m\u00f3c t\u00f3c k\u1ef9 thu\u1eadt cao.<\/p>\n<p>D\u01b0\u1edbi \u0111\u00e2y l\u00e0 video v\u00e0 h\u00ecnh \u1ea3nh s\u1ea3n ph\u1ea9m do x\u01b0\u1edfng Vietwig t\u1ef1 gia c\u00f4ng s\u1ea3n xu\u1ea5t<\/p>\n<p><iframe loading=\"lazy\" title=\"T\u00f3c ph\u1ee7 h\u00f3i nam si\u00eau da \u0111\u1ea7u\" width=\"500\" height=\"281\" src=\"https:\/\/www.youtube.com\/embed\/RMhvKPzLm5Q?feature=oembed\" frameborder=\"0\" allow=\"accelerometer; autoplay; clipboard-write; encrypted-media; gyroscope; picture-in-picture; web-share\" referrerpolicy=\"strict-origin-when-cross-origin\" allowfullscreen><\/iframe><\/p>\n<div id=\"attachment_30276\" style=\"width: 1034px\" class=\"wp-caption aligncenter\"><img data-recalc-dims=\"1\" loading=\"lazy\" decoding=\"async\" aria-describedby=\"caption-attachment-30276\" class=\"size-large wp-image-30276\" src=\"https:\/\/i0.wp.com\/vietwig.com\/wp-content\/uploads\/2023\/02\/toc-phu-hoi-nam-sieu-da-dau-5-copy.jpg?resize=1024%2C768&#038;ssl=1\" alt=\"\" width=\"1024\" height=\"768\" srcset=\"https:\/\/i0.wp.com\/vietwig.com\/wp-content\/uploads\/2023\/02\/toc-phu-hoi-nam-sieu-da-dau-5-copy-scaled.jpg?resize=1024%2C768&amp;ssl=1 1024w, https:\/\/i0.wp.com\/vietwig.com\/wp-content\/uploads\/2023\/02\/toc-phu-hoi-nam-sieu-da-dau-5-copy-scaled.jpg?resize=300%2C225&amp;ssl=1 300w, https:\/\/i0.wp.com\/vietwig.com\/wp-content\/uploads\/2023\/02\/toc-phu-hoi-nam-sieu-da-dau-5-copy-scaled.jpg?resize=768%2C576&amp;ssl=1 768w, https:\/\/i0.wp.com\/vietwig.com\/wp-content\/uploads\/2023\/02\/toc-phu-hoi-nam-sieu-da-dau-5-copy-scaled.jpg?resize=1536%2C1152&amp;ssl=1 1536w, https:\/\/i0.wp.com\/vietwig.com\/wp-content\/uploads\/2023\/02\/toc-phu-hoi-nam-sieu-da-dau-5-copy-scaled.jpg?resize=2048%2C1536&amp;ssl=1 2048w, https:\/\/i0.wp.com\/vietwig.com\/wp-content\/uploads\/2023\/02\/toc-phu-hoi-nam-sieu-da-dau-5-copy-scaled.jpg?resize=1200%2C900&amp;ssl=1 1200w, https:\/\/i0.wp.com\/vietwig.com\/wp-content\/uploads\/2023\/02\/toc-phu-hoi-nam-sieu-da-dau-5-copy-scaled.jpg?resize=150%2C113&amp;ssl=1 150w\" sizes=\"auto, (max-width: 1000px) 100vw, 1000px\" \/><p id=\"caption-attachment-30276\" class=\"wp-caption-text\">v\u1ea1ch \u0111\u01b0\u1eddng t\u1ea1o ng\u00f4i kh\u00f4ng th\u1ea5y n\u00fat th\u1eaft ch\u00e2n t\u00f3c<\/p><\/div>\n<div id=\"attachment_30278\" style=\"width: 1034px\" class=\"wp-caption aligncenter\"><img data-recalc-dims=\"1\" loading=\"lazy\" decoding=\"async\" aria-describedby=\"caption-attachment-30278\" class=\"size-large wp-image-30278\" src=\"https:\/\/i0.wp.com\/vietwig.com\/wp-content\/uploads\/2023\/02\/toc-phu-hoi-nam-sieu-da-dau-6-copy.jpg?resize=1024%2C768&#038;ssl=1\" alt=\"\" width=\"1024\" height=\"768\" srcset=\"https:\/\/i0.wp.com\/vietwig.com\/wp-content\/uploads\/2023\/02\/toc-phu-hoi-nam-sieu-da-dau-6-copy-scaled.jpg?resize=1024%2C768&amp;ssl=1 1024w, https:\/\/i0.wp.com\/vietwig.com\/wp-content\/uploads\/2023\/02\/toc-phu-hoi-nam-sieu-da-dau-6-copy-scaled.jpg?resize=300%2C225&amp;ssl=1 300w, https:\/\/i0.wp.com\/vietwig.com\/wp-content\/uploads\/2023\/02\/toc-phu-hoi-nam-sieu-da-dau-6-copy-scaled.jpg?resize=768%2C576&amp;ssl=1 768w, https:\/\/i0.wp.com\/vietwig.com\/wp-content\/uploads\/2023\/02\/toc-phu-hoi-nam-sieu-da-dau-6-copy-scaled.jpg?resize=1536%2C1152&amp;ssl=1 1536w, https:\/\/i0.wp.com\/vietwig.com\/wp-content\/uploads\/2023\/02\/toc-phu-hoi-nam-sieu-da-dau-6-copy-scaled.jpg?resize=2048%2C1536&amp;ssl=1 2048w, https:\/\/i0.wp.com\/vietwig.com\/wp-content\/uploads\/2023\/02\/toc-phu-hoi-nam-sieu-da-dau-6-copy-scaled.jpg?resize=1200%2C900&amp;ssl=1 1200w, https:\/\/i0.wp.com\/vietwig.com\/wp-content\/uploads\/2023\/02\/toc-phu-hoi-nam-sieu-da-dau-6-copy-scaled.jpg?resize=150%2C113&amp;ssl=1 150w\" sizes=\"auto, (max-width: 1000px) 100vw, 1000px\" \/><p id=\"caption-attachment-30278\" class=\"wp-caption-text\">m\u1eb7t sau c\u00f3 l\u1edbp l\u01b0\u1edbi l\u00f3t t\u1ea1o c\u1ea3m gi\u00e1c \u00eam \u00e1i khi s\u1eed d\u1ee5ng<\/p><\/div>\n<p><img data-recalc-dims=\"1\" loading=\"lazy\" decoding=\"async\" class=\"aligncenter size-large wp-image-30280\" src=\"https:\/\/i0.wp.com\/vietwig.com\/wp-content\/uploads\/2023\/02\/toc-phu-hoi-nam-sieu-da-dau-7-copy.jpg?resize=768%2C1024&#038;ssl=1\" alt=\"\" width=\"768\" height=\"1024\" srcset=\"https:\/\/i0.wp.com\/vietwig.com\/wp-content\/uploads\/2023\/02\/toc-phu-hoi-nam-sieu-da-dau-7-copy-scaled.jpg?resize=768%2C1024&amp;ssl=1 768w, https:\/\/i0.wp.com\/vietwig.com\/wp-content\/uploads\/2023\/02\/toc-phu-hoi-nam-sieu-da-dau-7-copy-scaled.jpg?resize=225%2C300&amp;ssl=1 225w, https:\/\/i0.wp.com\/vietwig.com\/wp-content\/uploads\/2023\/02\/toc-phu-hoi-nam-sieu-da-dau-7-copy-scaled.jpg?resize=1152%2C1536&amp;ssl=1 1152w, https:\/\/i0.wp.com\/vietwig.com\/wp-content\/uploads\/2023\/02\/toc-phu-hoi-nam-sieu-da-dau-7-copy-scaled.jpg?resize=1536%2C2048&amp;ssl=1 1536w, https:\/\/i0.wp.com\/vietwig.com\/wp-content\/uploads\/2023\/02\/toc-phu-hoi-nam-sieu-da-dau-7-copy-scaled.jpg?resize=1200%2C1600&amp;ssl=1 1200w, https:\/\/i0.wp.com\/vietwig.com\/wp-content\/uploads\/2023\/02\/toc-phu-hoi-nam-sieu-da-dau-7-copy-scaled.jpg?resize=150%2C200&amp;ssl=1 150w, https:\/\/i0.wp.com\/vietwig.com\/wp-content\/uploads\/2023\/02\/toc-phu-hoi-nam-sieu-da-dau-7-copy-scaled.jpg?w=1920&amp;ssl=1 1920w\" sizes=\"auto, (max-width: 768px) 100vw, 768px\" \/> <img data-recalc-dims=\"1\" loading=\"lazy\" decoding=\"async\" class=\"aligncenter size-large wp-image-30282\" src=\"https:\/\/i0.wp.com\/vietwig.com\/wp-content\/uploads\/2023\/02\/toc-phu-hoi-nam-sieu-da-dau-8-copy.jpg?resize=768%2C1024&#038;ssl=1\" alt=\"\" width=\"768\" height=\"1024\" srcset=\"https:\/\/i0.wp.com\/vietwig.com\/wp-content\/uploads\/2023\/02\/toc-phu-hoi-nam-sieu-da-dau-8-copy-scaled.jpg?resize=768%2C1024&amp;ssl=1 768w, https:\/\/i0.wp.com\/vietwig.com\/wp-content\/uploads\/2023\/02\/toc-phu-hoi-nam-sieu-da-dau-8-copy-scaled.jpg?resize=225%2C300&amp;ssl=1 225w, https:\/\/i0.wp.com\/vietwig.com\/wp-content\/uploads\/2023\/02\/toc-phu-hoi-nam-sieu-da-dau-8-copy-scaled.jpg?resize=1152%2C1536&amp;ssl=1 1152w, https:\/\/i0.wp.com\/vietwig.com\/wp-content\/uploads\/2023\/02\/toc-phu-hoi-nam-sieu-da-dau-8-copy-scaled.jpg?resize=1536%2C2048&amp;ssl=1 1536w, https:\/\/i0.wp.com\/vietwig.com\/wp-content\/uploads\/2023\/02\/toc-phu-hoi-nam-sieu-da-dau-8-copy-scaled.jpg?resize=1200%2C1600&amp;ssl=1 1200w, https:\/\/i0.wp.com\/vietwig.com\/wp-content\/uploads\/2023\/02\/toc-phu-hoi-nam-sieu-da-dau-8-copy-scaled.jpg?resize=150%2C200&amp;ssl=1 150w, https:\/\/i0.wp.com\/vietwig.com\/wp-content\/uploads\/2023\/02\/toc-phu-hoi-nam-sieu-da-dau-8-copy-scaled.jpg?w=1920&amp;ssl=1 1920w\" sizes=\"auto, (max-width: 768px) 100vw, 768px\" \/> <img data-recalc-dims=\"1\" loading=\"lazy\" decoding=\"async\" class=\"aligncenter size-large wp-image-30284\" src=\"https:\/\/i0.wp.com\/vietwig.com\/wp-content\/uploads\/2023\/02\/toc-phu-hoi-nam-sieu-da-dau-9-copy.jpg?resize=768%2C1024&#038;ssl=1\" alt=\"\" width=\"768\" height=\"1024\" srcset=\"https:\/\/i0.wp.com\/vietwig.com\/wp-content\/uploads\/2023\/02\/toc-phu-hoi-nam-sieu-da-dau-9-copy-scaled.jpg?resize=768%2C1024&amp;ssl=1 768w, https:\/\/i0.wp.com\/vietwig.com\/wp-content\/uploads\/2023\/02\/toc-phu-hoi-nam-sieu-da-dau-9-copy-scaled.jpg?resize=225%2C300&amp;ssl=1 225w, https:\/\/i0.wp.com\/vietwig.com\/wp-content\/uploads\/2023\/02\/toc-phu-hoi-nam-sieu-da-dau-9-copy-scaled.jpg?resize=1152%2C1536&amp;ssl=1 1152w, https:\/\/i0.wp.com\/vietwig.com\/wp-content\/uploads\/2023\/02\/toc-phu-hoi-nam-sieu-da-dau-9-copy-scaled.jpg?resize=1536%2C2048&amp;ssl=1 1536w, https:\/\/i0.wp.com\/vietwig.com\/wp-content\/uploads\/2023\/02\/toc-phu-hoi-nam-sieu-da-dau-9-copy-scaled.jpg?resize=1200%2C1600&amp;ssl=1 1200w, https:\/\/i0.wp.com\/vietwig.com\/wp-content\/uploads\/2023\/02\/toc-phu-hoi-nam-sieu-da-dau-9-copy-scaled.jpg?resize=150%2C200&amp;ssl=1 150w, https:\/\/i0.wp.com\/vietwig.com\/wp-content\/uploads\/2023\/02\/toc-phu-hoi-nam-sieu-da-dau-9-copy-scaled.jpg?w=1920&amp;ssl=1 1920w\" sizes=\"auto, (max-width: 768px) 100vw, 768px\" \/><\/p>\n<div id=\"attachment_30274\" style=\"width: 1034px\" class=\"wp-caption aligncenter\"><img data-recalc-dims=\"1\" loading=\"lazy\" decoding=\"async\" aria-describedby=\"caption-attachment-30274\" class=\"size-large wp-image-30274\" src=\"https:\/\/i0.wp.com\/vietwig.com\/wp-content\/uploads\/2023\/02\/toc-phu-hoi-nam-sieu-da-dau-4-copy.jpg?resize=1024%2C768&#038;ssl=1\" alt=\"\" width=\"1024\" height=\"768\" srcset=\"https:\/\/i0.wp.com\/vietwig.com\/wp-content\/uploads\/2023\/02\/toc-phu-hoi-nam-sieu-da-dau-4-copy-scaled.jpg?resize=1024%2C768&amp;ssl=1 1024w, https:\/\/i0.wp.com\/vietwig.com\/wp-content\/uploads\/2023\/02\/toc-phu-hoi-nam-sieu-da-dau-4-copy-scaled.jpg?resize=300%2C225&amp;ssl=1 300w, https:\/\/i0.wp.com\/vietwig.com\/wp-content\/uploads\/2023\/02\/toc-phu-hoi-nam-sieu-da-dau-4-copy-scaled.jpg?resize=768%2C576&amp;ssl=1 768w, https:\/\/i0.wp.com\/vietwig.com\/wp-content\/uploads\/2023\/02\/toc-phu-hoi-nam-sieu-da-dau-4-copy-scaled.jpg?resize=1536%2C1152&amp;ssl=1 1536w, https:\/\/i0.wp.com\/vietwig.com\/wp-content\/uploads\/2023\/02\/toc-phu-hoi-nam-sieu-da-dau-4-copy-scaled.jpg?resize=2048%2C1536&amp;ssl=1 2048w, https:\/\/i0.wp.com\/vietwig.com\/wp-content\/uploads\/2023\/02\/toc-phu-hoi-nam-sieu-da-dau-4-copy-scaled.jpg?resize=1200%2C900&amp;ssl=1 1200w, https:\/\/i0.wp.com\/vietwig.com\/wp-content\/uploads\/2023\/02\/toc-phu-hoi-nam-sieu-da-dau-4-copy-scaled.jpg?resize=150%2C113&amp;ssl=1 150w\" sizes=\"auto, (max-width: 1000px) 100vw, 1000px\" \/><p id=\"caption-attachment-30274\" class=\"wp-caption-text\">t\u00e2m xo\u00e1y \u0111\u1ec9nh \u0111\u1ea7u t\u00f3c t\u1ecfa \u0111\u1ec1u c\u00e1c h\u01b0\u1edbng<\/p><\/div>\n<p>V\u1edbi \u0111\u1ed9i th\u1ee3 tay ngh\u1ec1 k\u1ef9 thu\u1eadt cao ch\u00fang t\u00f4i c\u00f3 th\u1ec3 gia c\u00f4ng t\u1ea5t c\u1ea3 c\u00e1c lo\u1ea1i m\u1eb7t h\u00e0ng t\u1eeb h\u00e0ng b\u00ecnh d\u00e2n l\u01b0\u1edbi Lace th\u01b0\u1eddng d\u1ea1ng 2&#215;4, 2&#215;6, 4&#215;4, 5&#215;5, 6&#215;6 13&#215;4, 13&#215;4&#8230;&#8230;<\/p>\n<p><img data-recalc-dims=\"1\" loading=\"lazy\" decoding=\"async\" class=\"aligncenter wp-image-30012 size-medium\" src=\"https:\/\/i0.wp.com\/vietwig.com\/wp-content\/uploads\/2022\/07\/xuong-toc-vietwig-nhan-gia-cong-moc-toc-gia-theo-yeu-cau.webp?resize=300%2C300&#038;ssl=1\" alt=\"\" width=\"300\" height=\"300\" srcset=\"https:\/\/i0.wp.com\/vietwig.com\/wp-content\/uploads\/2022\/07\/xuong-toc-vietwig-nhan-gia-cong-moc-toc-gia-theo-yeu-cau.webp?resize=300%2C300&amp;ssl=1 300w, https:\/\/i0.wp.com\/vietwig.com\/wp-content\/uploads\/2022\/07\/xuong-toc-vietwig-nhan-gia-cong-moc-toc-gia-theo-yeu-cau.webp?resize=150%2C150&amp;ssl=1 150w, https:\/\/i0.wp.com\/vietwig.com\/wp-content\/uploads\/2022\/07\/xuong-toc-vietwig-nhan-gia-cong-moc-toc-gia-theo-yeu-cau.webp?resize=600%2C600&amp;ssl=1 600w, https:\/\/i0.wp.com\/vietwig.com\/wp-content\/uploads\/2022\/07\/xuong-toc-vietwig-nhan-gia-cong-moc-toc-gia-theo-yeu-cau.webp?w=750&amp;ssl=1 750w\" sizes=\"auto, (max-width: 300px) 100vw, 300px\" \/><\/p>\n<p>\u0111\u1ebfn nh\u1eefng h\u00e0ng cao c\u1ea5p h\u01a1n y\u00eau c\u1ea7u k\u1ef9 thu\u1eadt cao h\u01a1n l\u00e0 m\u00f3c tr\u00ean da PU trong, m\u00f3c t\u00f3c silktop<\/p>\n<p>&nbsp;<\/p>\n","protected":false},"excerpt":{"rendered":"<p>Nh\u1eadn gia c\u00f4ng T\u00f3c gi\u1ea3 Toupee si\u00eau da \u0111\u1ea7u theo m\u1eabu c\u00f3 s\u1eb5n ho\u1eb7c theo k\u00edch th\u01b0\u1edbc b\u1ea1n mu\u1ed1n, S\u1ea3n<\/p>\n","protected":false},"featured_media":30268,"comment_status":"closed","ping_status":"closed","template":"","meta":{"jetpack_publicize_message":"","jetpack_publicize_feature_enabled":true,"jetpack_social_post_already_shared":true,"jetpack_social_options":{"image_generator_settings":{"template":"highway","default_image_id":0,"font":"","enabled":false},"version":2}},"product_brand":[],"product_cat":[115,218,114],"product_tag":[252,232,251,253,236,237,250,241,242,247,244,246,245,238,239,248,262,261,235,240,243,231,263,224,249,233,230,123,223,225,117,234,219,221,228,220,227,222,229,226,256,258,255,257,259,260,254],"class_list":{"0":"post-30324","1":"product","2":"type-product","3":"status-publish","4":"has-post-thumbnail","6":"product_cat-australia","7":"product_cat-sieu-da-dau-silktop","8":"product_cat-toc-gia","9":"product_tag-cach-day-moc-toc-gia","10":"product_tag-cach-doi-toc-gia-sieu-da-dau","11":"product_tag-cach-hoc-moc-toc-gia","12":"product_tag-cach-lam-moc-toc-gia","13":"product_tag-cach-moc-toc-gia","14":"product_tag-cach-moc-toc-gia-nhanh","15":"product_tag-cach-moc-toc-gia-nhanh-nhat","16":"product_tag-cach-moc-toc-gia-tai-nha","17":"product_tag-cong-ty-moc-toc-gia","18":"product_tag-day-cach-moc-toc-gia","19":"product_tag-day-moc-toc-gia","20":"product_tag-gia-cong-moc-toc-gia","21":"product_tag-hoc-cach-moc-toc-gia","22":"product_tag-hoc-moc-toc-gia","23":"product_tag-huong-dan-cach-moc-toc-gia","24":"product_tag-ky-thuat-moc-toc-gia","25":"product_tag-lam-topper","26":"product_tag-lam-toupee","27":"product_tag-moc-toc-gia","28":"product_tag-moc-toc-gia-tai-nha","29":"product_tag-nhan-moc-toc-gia","30":"product_tag-sieu-da-dau","31":"product_tag-silk-top-hair","32":"product_tag-toc-dan","33":"product_tag-toc-gia-moc-line","34":"product_tag-toc-gia-nam-sieu-da-dau","35":"product_tag-toc-gia-sieu-da-dau","36":"product_tag-toc-hoi-dang-dan","37":"product_tag-toc-hoi-sieu-da-dau","38":"product_tag-toc-mai-che-hoi","39":"product_tag-toc-phu-hoi-nam","40":"product_tag-toc-sieu-da-dau","41":"product_tag-toupee","42":"product_tag-toupee-australia","43":"product_tag-toupee-australia-toupee-australia","44":"product_tag-toupee-model-australia","45":"product_tag-toupee-model-australia-toupee-model-australia","46":"product_tag-toupee-sieu-da-dau","47":"product_tag-toupee-sieu-da-dau-toupee-sieu-da-dau","48":"product_tag-toupee-toupee","49":"product_tag-xuong-gia-cong-toc-gia","50":"product_tag-xuong-lam-toc-gia","51":"product_tag-xuong-moc-toc-gia","52":"product_tag-xuong-san-xuat-toc-gia","53":"product_tag-xuong-san-xuat-toc-gia-vietwig","54":"product_tag-xuong-si-toc-gia","55":"product_tag-xuong-toc-gia","57":"first","58":"instock","59":"shipping-taxable","60":"product-type-simple"},"yoast_head":"<!-- This site is optimized with the Yoast SEO Premium plugin v23.0 (Yoast SEO v23.0) - https:\/\/yoast.com\/wordpress\/plugins\/seo\/ -->\n<title>nh\u1eadn gia c\u00f4ng t\u00f3c gi\u1ea3 Toupee si\u00eau da \u0111\u1ea7u ph\u1ee7 h\u00f3i nam - Viet Wig - Wig made in Viet Nam<\/title>\n<meta name=\"robots\" content=\"index, follow, max-snippet:-1, max-image-preview:large, max-video-preview:-1\" \/>\n<link rel=\"canonical\" href=\"https:\/\/vietwig.com\/en\/product\/nhan-gia-cong-toc-gia-toupee-sieu-da-dau-phu-hoi-nam\/\" \/>\n<meta property=\"og:locale\" content=\"en_US\" \/>\n<meta property=\"og:type\" content=\"article\" \/>\n<meta property=\"og:title\" content=\"nh\u1eadn gia c\u00f4ng t\u00f3c gi\u1ea3 Toupee si\u00eau da \u0111\u1ea7u ph\u1ee7 h\u00f3i nam\" \/>\n<meta property=\"og:description\" content=\"Nh\u1eadn gia c\u00f4ng T\u00f3c gi\u1ea3 Toupee si\u00eau da \u0111\u1ea7u theo m\u1eabu c\u00f3 s\u1eb5n ho\u1eb7c theo k\u00edch th\u01b0\u1edbc b\u1ea1n mu\u1ed1n, S\u1ea3n\" \/>\n<meta property=\"og:url\" content=\"https:\/\/vietwig.com\/en\/product\/nhan-gia-cong-toc-gia-toupee-sieu-da-dau-phu-hoi-nam\/\" \/>\n<meta property=\"og:site_name\" content=\"Viet Wig - Wig made in Viet Nam\" \/>\n<meta property=\"article:publisher\" content=\"https:\/\/www.facebook.com\/tocvietwig\" \/>\n<meta property=\"article:modified_time\" content=\"2023-02-14T17:02:26+00:00\" \/>\n<meta property=\"og:image\" content=\"https:\/\/i0.wp.com\/vietwig.com\/wp-content\/uploads\/2023\/02\/toc-phu-hoi-nam-sieu-da-dau-5-scaled.jpg?fit=2560%2C1920&ssl=1\" \/>\n\t<meta property=\"og:image:width\" content=\"2560\" \/>\n\t<meta property=\"og:image:height\" content=\"1920\" \/>\n\t<meta property=\"og:image:type\" content=\"image\/jpeg\" \/>\n<meta name=\"twitter:card\" content=\"summary_large_image\" \/>\n<meta name=\"twitter:label1\" content=\"Price\" \/>\n\t<meta name=\"twitter:data1\" content=\"\" \/>\n\t<meta name=\"twitter:label2\" content=\"Availability\" \/>\n\t<meta name=\"twitter:data2\" content=\"In stock\" \/>\n<script type=\"application\/ld+json\" class=\"yoast-schema-graph\">{\"@context\":\"https:\/\/schema.org\",\"@graph\":[{\"@type\":\"WebPage\",\"@id\":\"https:\/\/vietwig.com\/en\/product\/nhan-gia-cong-toc-gia-toupee-sieu-da-dau-phu-hoi-nam\/\",\"url\":\"https:\/\/vietwig.com\/en\/product\/nhan-gia-cong-toc-gia-toupee-sieu-da-dau-phu-hoi-nam\/\",\"name\":\"nh\u1eadn gia c\u00f4ng t\u00f3c gi\u1ea3 Toupee si\u00eau da \u0111\u1ea7u ph\u1ee7 h\u00f3i nam - Viet Wig - Wig made in Viet Nam\",\"isPartOf\":{\"@id\":\"https:\/\/vietwig.com\/en\/#website\"},\"primaryImageOfPage\":{\"@id\":\"https:\/\/vietwig.com\/en\/product\/nhan-gia-cong-toc-gia-toupee-sieu-da-dau-phu-hoi-nam\/#primaryimage\"},\"image\":{\"@id\":\"https:\/\/vietwig.com\/en\/product\/nhan-gia-cong-toc-gia-toupee-sieu-da-dau-phu-hoi-nam\/#primaryimage\"},\"thumbnailUrl\":\"https:\/\/i0.wp.com\/vietwig.com\/wp-content\/uploads\/2023\/02\/toc-phu-hoi-nam-sieu-da-dau-5-scaled.jpg?fit=2560%2C1920&ssl=1\",\"datePublished\":\"2023-02-16T02:16:19+00:00\",\"dateModified\":\"2023-02-14T17:02:26+00:00\",\"breadcrumb\":{\"@id\":\"https:\/\/vietwig.com\/en\/product\/nhan-gia-cong-toc-gia-toupee-sieu-da-dau-phu-hoi-nam\/#breadcrumb\"},\"inLanguage\":\"en-US\",\"potentialAction\":[{\"@type\":\"ReadAction\",\"target\":[\"https:\/\/vietwig.com\/en\/product\/nhan-gia-cong-toc-gia-toupee-sieu-da-dau-phu-hoi-nam\/\"]}]},{\"@type\":\"ImageObject\",\"inLanguage\":\"en-US\",\"@id\":\"https:\/\/vietwig.com\/en\/product\/nhan-gia-cong-toc-gia-toupee-sieu-da-dau-phu-hoi-nam\/#primaryimage\",\"url\":\"https:\/\/i0.wp.com\/vietwig.com\/wp-content\/uploads\/2023\/02\/toc-phu-hoi-nam-sieu-da-dau-5-scaled.jpg?fit=2560%2C1920&ssl=1\",\"contentUrl\":\"https:\/\/i0.wp.com\/vietwig.com\/wp-content\/uploads\/2023\/02\/toc-phu-hoi-nam-sieu-da-dau-5-scaled.jpg?fit=2560%2C1920&ssl=1\",\"width\":2560,\"height\":1920},{\"@type\":\"BreadcrumbList\",\"@id\":\"https:\/\/vietwig.com\/en\/product\/nhan-gia-cong-toc-gia-toupee-sieu-da-dau-phu-hoi-nam\/#breadcrumb\",\"itemListElement\":[{\"@type\":\"ListItem\",\"position\":1,\"name\":\"Home\",\"item\":\"https:\/\/vietwig.com\/en\/\"},{\"@type\":\"ListItem\",\"position\":2,\"name\":\"Shop\",\"item\":\"https:\/\/vietwig.com\/en\/shop-2\/\"},{\"@type\":\"ListItem\",\"position\":3,\"name\":\"nh\u1eadn gia c\u00f4ng t\u00f3c gi\u1ea3 Toupee si\u00eau da \u0111\u1ea7u ph\u1ee7 h\u00f3i nam\"}]},{\"@type\":\"WebSite\",\"@id\":\"https:\/\/vietwig.com\/en\/#website\",\"url\":\"https:\/\/vietwig.com\/en\/\",\"name\":\"Viet Wig - Wig made in Viet Nam\",\"description\":\"\",\"publisher\":{\"@id\":\"https:\/\/vietwig.com\/en\/#organization\"},\"potentialAction\":[{\"@type\":\"SearchAction\",\"target\":{\"@type\":\"EntryPoint\",\"urlTemplate\":\"https:\/\/vietwig.com\/en\/?s={search_term_string}\"},\"query-input\":\"required name=search_term_string\"}],\"inLanguage\":\"en-US\"},{\"@type\":\"Organization\",\"@id\":\"https:\/\/vietwig.com\/en\/#organization\",\"name\":\"Viet Wig\",\"url\":\"https:\/\/vietwig.com\/en\/\",\"logo\":{\"@type\":\"ImageObject\",\"inLanguage\":\"en-US\",\"@id\":\"https:\/\/vietwig.com\/en\/#\/schema\/logo\/image\/\",\"url\":\"https:\/\/i0.wp.com\/vietwig.com\/wp-content\/uploads\/2021\/11\/logo-Viet-Wig1.png?fit=728%2C736&ssl=1\",\"contentUrl\":\"https:\/\/i0.wp.com\/vietwig.com\/wp-content\/uploads\/2021\/11\/logo-Viet-Wig1.png?fit=728%2C736&ssl=1\",\"width\":728,\"height\":736,\"caption\":\"Viet Wig\"},\"image\":{\"@id\":\"https:\/\/vietwig.com\/en\/#\/schema\/logo\/image\/\"},\"sameAs\":[\"https:\/\/www.facebook.com\/tocvietwig\"]}]}<\/script>\n<meta property=\"product:price:currency\" content=\"VND\" \/>\n<meta property=\"og:availability\" content=\"instock\" \/>\n<meta property=\"product:availability\" content=\"instock\" \/>\n<meta property=\"product:condition\" content=\"new\" \/>\n<!-- \/ Yoast SEO Premium plugin. -->","yoast_head_json":{"title":"nh\u1eadn gia c\u00f4ng t\u00f3c gi\u1ea3 Toupee si\u00eau da \u0111\u1ea7u ph\u1ee7 h\u00f3i nam - Viet Wig - Wig made in Viet Nam","robots":{"index":"index","follow":"follow","max-snippet":"max-snippet:-1","max-image-preview":"max-image-preview:large","max-video-preview":"max-video-preview:-1"},"canonical":"https:\/\/vietwig.com\/en\/product\/nhan-gia-cong-toc-gia-toupee-sieu-da-dau-phu-hoi-nam\/","og_locale":"en_US","og_type":"article","og_title":"nh\u1eadn gia c\u00f4ng t\u00f3c gi\u1ea3 Toupee si\u00eau da \u0111\u1ea7u ph\u1ee7 h\u00f3i nam","og_description":"Nh\u1eadn gia c\u00f4ng T\u00f3c gi\u1ea3 Toupee si\u00eau da \u0111\u1ea7u theo m\u1eabu c\u00f3 s\u1eb5n ho\u1eb7c theo k\u00edch th\u01b0\u1edbc b\u1ea1n mu\u1ed1n, S\u1ea3n","og_url":"https:\/\/vietwig.com\/en\/product\/nhan-gia-cong-toc-gia-toupee-sieu-da-dau-phu-hoi-nam\/","og_site_name":"Viet Wig - Wig made in Viet Nam","article_publisher":"https:\/\/www.facebook.com\/tocvietwig","article_modified_time":"2023-02-14T17:02:26+00:00","og_image":[{"width":2560,"height":1920,"url":"https:\/\/i0.wp.com\/vietwig.com\/wp-content\/uploads\/2023\/02\/toc-phu-hoi-nam-sieu-da-dau-5-scaled.jpg?fit=2560%2C1920&ssl=1","type":"image\/jpeg"}],"twitter_card":"summary_large_image","twitter_misc":{"Price":"","Availability":"In stock"},"schema":{"@context":"https:\/\/schema.org","@graph":[{"@type":"WebPage","@id":"https:\/\/vietwig.com\/en\/product\/nhan-gia-cong-toc-gia-toupee-sieu-da-dau-phu-hoi-nam\/","url":"https:\/\/vietwig.com\/en\/product\/nhan-gia-cong-toc-gia-toupee-sieu-da-dau-phu-hoi-nam\/","name":"nh\u1eadn gia c\u00f4ng t\u00f3c gi\u1ea3 Toupee si\u00eau da \u0111\u1ea7u ph\u1ee7 h\u00f3i nam - Viet Wig - Wig made in Viet Nam","isPartOf":{"@id":"https:\/\/vietwig.com\/en\/#website"},"primaryImageOfPage":{"@id":"https:\/\/vietwig.com\/en\/product\/nhan-gia-cong-toc-gia-toupee-sieu-da-dau-phu-hoi-nam\/#primaryimage"},"image":{"@id":"https:\/\/vietwig.com\/en\/product\/nhan-gia-cong-toc-gia-toupee-sieu-da-dau-phu-hoi-nam\/#primaryimage"},"thumbnailUrl":"https:\/\/i0.wp.com\/vietwig.com\/wp-content\/uploads\/2023\/02\/toc-phu-hoi-nam-sieu-da-dau-5-scaled.jpg?fit=2560%2C1920&ssl=1","datePublished":"2023-02-16T02:16:19+00:00","dateModified":"2023-02-14T17:02:26+00:00","breadcrumb":{"@id":"https:\/\/vietwig.com\/en\/product\/nhan-gia-cong-toc-gia-toupee-sieu-da-dau-phu-hoi-nam\/#breadcrumb"},"inLanguage":"en-US","potentialAction":[{"@type":"ReadAction","target":["https:\/\/vietwig.com\/en\/product\/nhan-gia-cong-toc-gia-toupee-sieu-da-dau-phu-hoi-nam\/"]}]},{"@type":"ImageObject","inLanguage":"en-US","@id":"https:\/\/vietwig.com\/en\/product\/nhan-gia-cong-toc-gia-toupee-sieu-da-dau-phu-hoi-nam\/#primaryimage","url":"https:\/\/i0.wp.com\/vietwig.com\/wp-content\/uploads\/2023\/02\/toc-phu-hoi-nam-sieu-da-dau-5-scaled.jpg?fit=2560%2C1920&ssl=1","contentUrl":"https:\/\/i0.wp.com\/vietwig.com\/wp-content\/uploads\/2023\/02\/toc-phu-hoi-nam-sieu-da-dau-5-scaled.jpg?fit=2560%2C1920&ssl=1","width":2560,"height":1920},{"@type":"BreadcrumbList","@id":"https:\/\/vietwig.com\/en\/product\/nhan-gia-cong-toc-gia-toupee-sieu-da-dau-phu-hoi-nam\/#breadcrumb","itemListElement":[{"@type":"ListItem","position":1,"name":"Home","item":"https:\/\/vietwig.com\/en\/"},{"@type":"ListItem","position":2,"name":"Shop","item":"https:\/\/vietwig.com\/en\/shop-2\/"},{"@type":"ListItem","position":3,"name":"nh\u1eadn gia c\u00f4ng t\u00f3c gi\u1ea3 Toupee si\u00eau da \u0111\u1ea7u ph\u1ee7 h\u00f3i nam"}]},{"@type":"WebSite","@id":"https:\/\/vietwig.com\/en\/#website","url":"https:\/\/vietwig.com\/en\/","name":"Viet Wig - Wig made in Viet Nam","description":"","publisher":{"@id":"https:\/\/vietwig.com\/en\/#organization"},"potentialAction":[{"@type":"SearchAction","target":{"@type":"EntryPoint","urlTemplate":"https:\/\/vietwig.com\/en\/?s={search_term_string}"},"query-input":"required name=search_term_string"}],"inLanguage":"en-US"},{"@type":"Organization","@id":"https:\/\/vietwig.com\/en\/#organization","name":"Viet Wig","url":"https:\/\/vietwig.com\/en\/","logo":{"@type":"ImageObject","inLanguage":"en-US","@id":"https:\/\/vietwig.com\/en\/#\/schema\/logo\/image\/","url":"https:\/\/i0.wp.com\/vietwig.com\/wp-content\/uploads\/2021\/11\/logo-Viet-Wig1.png?fit=728%2C736&ssl=1","contentUrl":"https:\/\/i0.wp.com\/vietwig.com\/wp-content\/uploads\/2021\/11\/logo-Viet-Wig1.png?fit=728%2C736&ssl=1","width":728,"height":736,"caption":"Viet Wig"},"image":{"@id":"https:\/\/vietwig.com\/en\/#\/schema\/logo\/image\/"},"sameAs":["https:\/\/www.facebook.com\/tocvietwig"]}]},"product_price_currency":"VND","og_availability":"instock","product_availability":"instock","product_condition":"new"},"jetpack_publicize_connections":[],"jetpack-related-posts":[],"jetpack_sharing_enabled":true,"_links":{"self":[{"href":"https:\/\/vietwig.com\/en\/wp-json\/wp\/v2\/product\/30324","targetHints":{"allow":["GET"]}}],"collection":[{"href":"https:\/\/vietwig.com\/en\/wp-json\/wp\/v2\/product"}],"about":[{"href":"https:\/\/vietwig.com\/en\/wp-json\/wp\/v2\/types\/product"}],"replies":[{"embeddable":true,"href":"https:\/\/vietwig.com\/en\/wp-json\/wp\/v2\/comments?post=30324"}],"version-history":[{"count":0,"href":"https:\/\/vietwig.com\/en\/wp-json\/wp\/v2\/product\/30324\/revisions"}],"wp:featuredmedia":[{"embeddable":true,"href":"https:\/\/vietwig.com\/en\/wp-json\/wp\/v2\/media\/30268"}],"wp:attachment":[{"href":"https:\/\/vietwig.com\/en\/wp-json\/wp\/v2\/media?parent=30324"}],"wp:term":[{"taxonomy":"product_brand","embeddable":true,"href":"https:\/\/vietwig.com\/en\/wp-json\/wp\/v2\/product_brand?post=30324"},{"taxonomy":"product_cat","embeddable":true,"href":"https:\/\/vietwig.com\/en\/wp-json\/wp\/v2\/product_cat?post=30324"},{"taxonomy":"product_tag","embeddable":true,"href":"https:\/\/vietwig.com\/en\/wp-json\/wp\/v2\/product_tag?post=30324"}],"curies":[{"name":"wp","href":"https:\/\/api.w.org\/{rel}","templated":true}]}}