{"id":30467,"date":"2023-03-13T15:10:27","date_gmt":"2023-03-13T08:10:27","guid":{"rendered":"https:\/\/vietwig.com\/?post_type=product&#038;p=30467"},"modified":"2024-11-15T16:04:43","modified_gmt":"2024-11-15T09:04:43","slug":"mau-toc-dan-phu-hoi-nam-kieu-han-quoc-korea-style-1","status":"publish","type":"product","link":"https:\/\/vietwig.com\/en\/product\/mau-toc-dan-phu-hoi-nam-kieu-han-quoc-korea-style-1\/","title":{"rendered":"M\u1eabu t\u00f3c d\u00e1n ph\u1ee7 h\u00f3i nam ki\u1ec3u H\u00e0n Qu\u1ed1c &#8211; korea style 1"},"content":{"rendered":"<p>M\u1eabu t\u00f3c ph\u1ee7 h\u00f3i d\u1ea1ng d\u00e1n Korea Style, M\u1eabu t\u00f3c h\u00f3i nam th\u00ec c\u00f3 r\u1ea5t nhi\u1ec1u m\u1eabu kh\u00e1c nhau v\u1edbi s\u1ef1 bi\u1ebfn t\u1ea5u c\u1ee7a c\u00e1c lo\u1ea1i v\u1eadt li\u1ec7u \u0111\u1ebf c\u01a1 b\u1ea3n l\u00e0 m\u00e0ng PU trong su\u1ed1t, PU c\u00f3 g\u1ea1c, v\u00e0 l\u1edbp ph\u1ee7 PU\/NPU \u0111i k\u00e8m v\u1edbi c\u00e1c lo\u1ea1i l\u01b0\u1edbi Lace v\u00e0 l\u01b0\u1edbi Mono. M\u1eabu Korea Style l\u00e0 nguy\u00ean m\u1eabu \u0111\u01b0\u1ee3c \u01b0a chu\u1ed9ng nh\u1ea5t t\u1ea1i H\u00e0n Qu\u1ed1c v\u1edbi thi\u1ebft k\u1ebf phom t\u00f3c linh ho\u1ea1t.<\/p>\n<p>M\u1eabu Korea Syle 1: v\u1edbi s\u1ef1 thi\u1ebft k\u1ebf c\u1ee7a 4 lo\u1ea1i v\u1eadt li\u1ec7u g\u1ed3m<\/p>\n<ul>\n<li>Vi\u1ec1n tr\u01b0\u1edbc tr\u00e1n l\u00e0 PU trong su\u1ed1t, b\u1ec1 m\u1eb7t PU gi\u00fap d\u00e1n b\u0103ng d\u00ednh hay keo d\u00e1n \u0111\u1ec1u \u0111\u01b0\u1ee3c, do PU trong su\u1ed1t v\u00e0 m\u1ecfng n\u00ean khi d\u00e1n s\u1ebd kh\u00f4ng b\u1ecb l\u1ed9<\/li>\n<li>Vi\u1ec1n 2 b\u00ean h\u00f4ng v\u00e0 ph\u00eda \u0111\u1eb1ng sau l\u00e0 l\u1edbp ph\u1ee7 PU\/NPU: l\u1edbp ph\u1ee7 PU\/NPU l\u00e0m t\u0103ng tu\u1ed5i th\u1ecd b\u1ec1 m\u1eb7t ch\u1eafc ch\u1eafn h\u01a1n do c\u00f3 th\u00eam g\u1ea1c, c\u00f3 th\u1ec3 g\u1eafn th\u00eam clip k\u1eb9p m\u00e0 kh\u00f4ng s\u1ee3 h\u1ecfng ho\u1eb7c c\u0169ng c\u00f3 th\u1ec3 s\u1eed d\u1ee5ng b\u0103ng d\u00ednh ho\u1eb7c keo d\u00e1n c\u0169ng \u0111\u01b0\u1ee3c<\/li>\n<li>L\u01b0\u1edbi \u0111\u1ec9nh \u0111\u1ea7u l\u00e0 l\u01b0\u1edbi MONO th\u1ecb tr\u01b0\u1eddng v\u1eabn \u0111ang g\u1ecdi l\u01b0\u1edbi Mono n\u00e0y l\u00e0 l\u01b0\u1edbi si\u00eau da 3D (c\u00f2n lo\u1ea1i si\u00eau da \u0111\u1ea7u n\u1eefa g\u1ecdi l\u00e0 si\u00eau da 4D), l\u1edbp l\u01b0\u1edbi MONO n\u00e0y c\u00f3 m\u1eaft l\u01b0\u1edbi b\u00e9 h\u01a1n l\u01b0\u1edbi Lace n\u00ean m\u1eadt \u0111\u1ed9 \u0111an t\u00f3c s\u1ebd \u0111\u01b0\u1ee3c nhi\u1ec1u h\u01a1n, khi v\u1ea1ch t\u00f3c ra c\u0169ng kh\u00f3 ph\u00e1t hi\u1ec7n m\u1eaft l\u01b0\u1edbi h\u01a1n.<\/li>\n<\/ul>\n<p><img data-recalc-dims=\"1\" loading=\"lazy\" decoding=\"async\" class=\"aligncenter size-large wp-image-30468\" src=\"https:\/\/i0.wp.com\/vietwig.com\/wp-content\/uploads\/2023\/03\/Mau-toupee-toc-gia-dang-dan-kieu-Han-Quoc-korea-style-1.jpg?resize=1024%2C768&#038;ssl=1\" alt=\"\" width=\"1024\" height=\"768\" srcset=\"https:\/\/i0.wp.com\/vietwig.com\/wp-content\/uploads\/2023\/03\/Mau-toupee-toc-gia-dang-dan-kieu-Han-Quoc-korea-style-1-scaled.jpg?resize=1024%2C768&amp;ssl=1 1024w, https:\/\/i0.wp.com\/vietwig.com\/wp-content\/uploads\/2023\/03\/Mau-toupee-toc-gia-dang-dan-kieu-Han-Quoc-korea-style-1-scaled.jpg?resize=300%2C225&amp;ssl=1 300w, https:\/\/i0.wp.com\/vietwig.com\/wp-content\/uploads\/2023\/03\/Mau-toupee-toc-gia-dang-dan-kieu-Han-Quoc-korea-style-1-scaled.jpg?resize=768%2C576&amp;ssl=1 768w, https:\/\/i0.wp.com\/vietwig.com\/wp-content\/uploads\/2023\/03\/Mau-toupee-toc-gia-dang-dan-kieu-Han-Quoc-korea-style-1-scaled.jpg?resize=1536%2C1152&amp;ssl=1 1536w, https:\/\/i0.wp.com\/vietwig.com\/wp-content\/uploads\/2023\/03\/Mau-toupee-toc-gia-dang-dan-kieu-Han-Quoc-korea-style-1-scaled.jpg?resize=2048%2C1536&amp;ssl=1 2048w, https:\/\/i0.wp.com\/vietwig.com\/wp-content\/uploads\/2023\/03\/Mau-toupee-toc-gia-dang-dan-kieu-Han-Quoc-korea-style-1-scaled.jpg?resize=1200%2C900&amp;ssl=1 1200w, https:\/\/i0.wp.com\/vietwig.com\/wp-content\/uploads\/2023\/03\/Mau-toupee-toc-gia-dang-dan-kieu-Han-Quoc-korea-style-1-scaled.jpg?resize=150%2C113&amp;ssl=1 150w\" sizes=\"auto, (max-width: 1000px) 100vw, 1000px\" \/><\/p>\n<p><img data-recalc-dims=\"1\" loading=\"lazy\" decoding=\"async\" class=\"aligncenter size-large wp-image-30470\" src=\"https:\/\/i0.wp.com\/vietwig.com\/wp-content\/uploads\/2023\/03\/Mau-toupee-toc-gia-dang-dan-kieu-Han-Quoc-korea-style-2.jpg?resize=1024%2C768&#038;ssl=1\" alt=\"\" width=\"1024\" height=\"768\" srcset=\"https:\/\/i0.wp.com\/vietwig.com\/wp-content\/uploads\/2023\/03\/Mau-toupee-toc-gia-dang-dan-kieu-Han-Quoc-korea-style-2-scaled.jpg?resize=1024%2C768&amp;ssl=1 1024w, https:\/\/i0.wp.com\/vietwig.com\/wp-content\/uploads\/2023\/03\/Mau-toupee-toc-gia-dang-dan-kieu-Han-Quoc-korea-style-2-scaled.jpg?resize=300%2C225&amp;ssl=1 300w, https:\/\/i0.wp.com\/vietwig.com\/wp-content\/uploads\/2023\/03\/Mau-toupee-toc-gia-dang-dan-kieu-Han-Quoc-korea-style-2-scaled.jpg?resize=768%2C576&amp;ssl=1 768w, https:\/\/i0.wp.com\/vietwig.com\/wp-content\/uploads\/2023\/03\/Mau-toupee-toc-gia-dang-dan-kieu-Han-Quoc-korea-style-2-scaled.jpg?resize=1536%2C1152&amp;ssl=1 1536w, https:\/\/i0.wp.com\/vietwig.com\/wp-content\/uploads\/2023\/03\/Mau-toupee-toc-gia-dang-dan-kieu-Han-Quoc-korea-style-2-scaled.jpg?resize=2048%2C1536&amp;ssl=1 2048w, https:\/\/i0.wp.com\/vietwig.com\/wp-content\/uploads\/2023\/03\/Mau-toupee-toc-gia-dang-dan-kieu-Han-Quoc-korea-style-2-scaled.jpg?resize=1200%2C900&amp;ssl=1 1200w, https:\/\/i0.wp.com\/vietwig.com\/wp-content\/uploads\/2023\/03\/Mau-toupee-toc-gia-dang-dan-kieu-Han-Quoc-korea-style-2-scaled.jpg?resize=150%2C113&amp;ssl=1 150w\" sizes=\"auto, (max-width: 1000px) 100vw, 1000px\" \/> <img data-recalc-dims=\"1\" loading=\"lazy\" decoding=\"async\" class=\"aligncenter size-large wp-image-30472\" src=\"https:\/\/i0.wp.com\/vietwig.com\/wp-content\/uploads\/2023\/03\/Mau-toupee-toc-gia-dang-dan-kieu-Han-Quoc-korea-style-4.jpg?resize=1024%2C768&#038;ssl=1\" alt=\"\" width=\"1024\" height=\"768\" srcset=\"https:\/\/i0.wp.com\/vietwig.com\/wp-content\/uploads\/2023\/03\/Mau-toupee-toc-gia-dang-dan-kieu-Han-Quoc-korea-style-4-scaled.jpg?resize=1024%2C768&amp;ssl=1 1024w, https:\/\/i0.wp.com\/vietwig.com\/wp-content\/uploads\/2023\/03\/Mau-toupee-toc-gia-dang-dan-kieu-Han-Quoc-korea-style-4-scaled.jpg?resize=300%2C225&amp;ssl=1 300w, https:\/\/i0.wp.com\/vietwig.com\/wp-content\/uploads\/2023\/03\/Mau-toupee-toc-gia-dang-dan-kieu-Han-Quoc-korea-style-4-scaled.jpg?resize=768%2C576&amp;ssl=1 768w, https:\/\/i0.wp.com\/vietwig.com\/wp-content\/uploads\/2023\/03\/Mau-toupee-toc-gia-dang-dan-kieu-Han-Quoc-korea-style-4-scaled.jpg?resize=1536%2C1152&amp;ssl=1 1536w, https:\/\/i0.wp.com\/vietwig.com\/wp-content\/uploads\/2023\/03\/Mau-toupee-toc-gia-dang-dan-kieu-Han-Quoc-korea-style-4-scaled.jpg?resize=2048%2C1536&amp;ssl=1 2048w, https:\/\/i0.wp.com\/vietwig.com\/wp-content\/uploads\/2023\/03\/Mau-toupee-toc-gia-dang-dan-kieu-Han-Quoc-korea-style-4-scaled.jpg?resize=1200%2C900&amp;ssl=1 1200w, https:\/\/i0.wp.com\/vietwig.com\/wp-content\/uploads\/2023\/03\/Mau-toupee-toc-gia-dang-dan-kieu-Han-Quoc-korea-style-4-scaled.jpg?resize=150%2C113&amp;ssl=1 150w\" sizes=\"auto, (max-width: 1000px) 100vw, 1000px\" \/> <img data-recalc-dims=\"1\" loading=\"lazy\" decoding=\"async\" class=\"aligncenter size-large wp-image-30476\" src=\"https:\/\/i0.wp.com\/vietwig.com\/wp-content\/uploads\/2023\/03\/Mau-toupee-toc-gia-dang-dan-kieu-Han-Quoc-korea-style-6.jpg?resize=768%2C1024&#038;ssl=1\" alt=\"\" width=\"768\" height=\"1024\" srcset=\"https:\/\/i0.wp.com\/vietwig.com\/wp-content\/uploads\/2023\/03\/Mau-toupee-toc-gia-dang-dan-kieu-Han-Quoc-korea-style-6-scaled.jpg?resize=768%2C1024&amp;ssl=1 768w, https:\/\/i0.wp.com\/vietwig.com\/wp-content\/uploads\/2023\/03\/Mau-toupee-toc-gia-dang-dan-kieu-Han-Quoc-korea-style-6-scaled.jpg?resize=225%2C300&amp;ssl=1 225w, https:\/\/i0.wp.com\/vietwig.com\/wp-content\/uploads\/2023\/03\/Mau-toupee-toc-gia-dang-dan-kieu-Han-Quoc-korea-style-6-scaled.jpg?resize=1152%2C1536&amp;ssl=1 1152w, https:\/\/i0.wp.com\/vietwig.com\/wp-content\/uploads\/2023\/03\/Mau-toupee-toc-gia-dang-dan-kieu-Han-Quoc-korea-style-6-scaled.jpg?resize=1536%2C2048&amp;ssl=1 1536w, https:\/\/i0.wp.com\/vietwig.com\/wp-content\/uploads\/2023\/03\/Mau-toupee-toc-gia-dang-dan-kieu-Han-Quoc-korea-style-6-scaled.jpg?resize=1200%2C1600&amp;ssl=1 1200w, https:\/\/i0.wp.com\/vietwig.com\/wp-content\/uploads\/2023\/03\/Mau-toupee-toc-gia-dang-dan-kieu-Han-Quoc-korea-style-6-scaled.jpg?resize=150%2C200&amp;ssl=1 150w, https:\/\/i0.wp.com\/vietwig.com\/wp-content\/uploads\/2023\/03\/Mau-toupee-toc-gia-dang-dan-kieu-Han-Quoc-korea-style-6-scaled.jpg?w=1920&amp;ssl=1 1920w\" sizes=\"auto, (max-width: 768px) 100vw, 768px\" \/> <img data-recalc-dims=\"1\" loading=\"lazy\" decoding=\"async\" class=\"aligncenter size-large wp-image-30474\" src=\"https:\/\/i0.wp.com\/vietwig.com\/wp-content\/uploads\/2023\/03\/Mau-toupee-toc-gia-dang-dan-kieu-Han-Quoc-korea-style-5.jpg?resize=768%2C1024&#038;ssl=1\" alt=\"\" width=\"768\" height=\"1024\" srcset=\"https:\/\/i0.wp.com\/vietwig.com\/wp-content\/uploads\/2023\/03\/Mau-toupee-toc-gia-dang-dan-kieu-Han-Quoc-korea-style-5-scaled.jpg?resize=768%2C1024&amp;ssl=1 768w, https:\/\/i0.wp.com\/vietwig.com\/wp-content\/uploads\/2023\/03\/Mau-toupee-toc-gia-dang-dan-kieu-Han-Quoc-korea-style-5-scaled.jpg?resize=225%2C300&amp;ssl=1 225w, https:\/\/i0.wp.com\/vietwig.com\/wp-content\/uploads\/2023\/03\/Mau-toupee-toc-gia-dang-dan-kieu-Han-Quoc-korea-style-5-scaled.jpg?resize=1152%2C1536&amp;ssl=1 1152w, https:\/\/i0.wp.com\/vietwig.com\/wp-content\/uploads\/2023\/03\/Mau-toupee-toc-gia-dang-dan-kieu-Han-Quoc-korea-style-5-scaled.jpg?resize=1536%2C2048&amp;ssl=1 1536w, https:\/\/i0.wp.com\/vietwig.com\/wp-content\/uploads\/2023\/03\/Mau-toupee-toc-gia-dang-dan-kieu-Han-Quoc-korea-style-5-scaled.jpg?resize=1200%2C1600&amp;ssl=1 1200w, https:\/\/i0.wp.com\/vietwig.com\/wp-content\/uploads\/2023\/03\/Mau-toupee-toc-gia-dang-dan-kieu-Han-Quoc-korea-style-5-scaled.jpg?resize=150%2C200&amp;ssl=1 150w, https:\/\/i0.wp.com\/vietwig.com\/wp-content\/uploads\/2023\/03\/Mau-toupee-toc-gia-dang-dan-kieu-Han-Quoc-korea-style-5-scaled.jpg?w=1920&amp;ssl=1 1920w\" sizes=\"auto, (max-width: 768px) 100vw, 768px\" \/><\/p>\n<p><iframe loading=\"lazy\" title=\"M\u1eabu t\u00f3c ph\u1ee7 h\u00f3i toupee nam v\u1edbi tr\u00e1n da PU v\u00e0 xung quanh l\u00e0 vi\u1ec1n NPU \u1edf gi\u1eefa l\u00e0 l\u01b0\u1edbi MONO\" width=\"500\" height=\"281\" src=\"https:\/\/www.youtube.com\/embed\/y9_4mHjlczk?feature=oembed\" frameborder=\"0\" allow=\"accelerometer; autoplay; clipboard-write; encrypted-media; gyroscope; picture-in-picture; web-share\" referrerpolicy=\"strict-origin-when-cross-origin\" allowfullscreen><\/iframe><\/p>\n","protected":false},"excerpt":{"rendered":"<p>M\u1eabu t\u00f3c ph\u1ee7 h\u00f3i d\u1ea1ng d\u00e1n Korea Style, M\u1eabu t\u00f3c h\u00f3i nam th\u00ec c\u00f3 r\u1ea5t nhi\u1ec1u m\u1eabu kh\u00e1c nhau v\u1edbi<\/p>\n","protected":false},"featured_media":30478,"comment_status":"closed","ping_status":"closed","template":"","meta":{"jetpack_publicize_message":"M\u1eabu t\u00f3c d\u00e1n ph\u1ee7 h\u00f3i nam ki\u1ec3u H\u00e0n Qu\u1ed1c - korea style 1","jetpack_publicize_feature_enabled":true,"jetpack_social_post_already_shared":true,"jetpack_social_options":{"image_generator_settings":{"template":"highway","default_image_id":0,"font":"","enabled":false},"version":2}},"product_brand":[],"product_cat":[305,114],"product_tag":[297,291,292,308,269,274,243,295,306,294,298,301,293,296,307,122,300,299,310,309,143,142,256,258,255,270,257,260,254],"class_list":{"0":"post-30467","1":"product","2":"type-product","3":"status-publish","4":"has-post-thumbnail","6":"product_cat-korea-style","7":"product_cat-toc-gia","8":"product_tag-dan-toc-cho-nguoi-hoi","9":"product_tag-dan-toc-gia","10":"product_tag-dan-toc-gia-nam","11":"product_tag-gia-cong-toc-gia-tai-nha","12":"product_tag-nhan-gia-cong-toc-gia","13":"product_tag-nhan-moc-toc","14":"product_tag-nhan-moc-toc-gia","15":"product_tag-toc-dan-mai-hoi","16":"product_tag-toc-dan-mai-hoi-chu-m","17":"product_tag-toc-gia-dan","18":"product_tag-toc-gia-dan-cho-nam","19":"product_tag-toc-gia-dan-keo","20":"product_tag-toc-gia-dan-vao-da-dau","21":"product_tag-toc-gia-dan-vao-da-dau-nam","22":"product_tag-toc-gia-dan-vao-da-dau-nu","23":"product_tag-toc-gia-dang-dan","24":"product_tag-toc-gia-nam-dan-keo","25":"product_tag-toc-gia-nam-dan-vao-da-dau","26":"product_tag-toupe-korea","27":"product_tag-toupee-korea-style","28":"product_tag-viet-wig","29":"product_tag-vietwig","30":"product_tag-xuong-gia-cong-toc-gia","31":"product_tag-xuong-lam-toc-gia","32":"product_tag-xuong-moc-toc-gia","33":"product_tag-xuong-moc-toc-gia-ha-noi","34":"product_tag-xuong-san-xuat-toc-gia","35":"product_tag-xuong-si-toc-gia","36":"product_tag-xuong-toc-gia","38":"first","39":"instock","40":"shipping-taxable","41":"product-type-simple"},"yoast_head":"<!-- This site is optimized with the Yoast SEO Premium plugin v23.0 (Yoast SEO v23.0) - https:\/\/yoast.com\/wordpress\/plugins\/seo\/ -->\n<title>M\u1eabu t\u00f3c d\u00e1n ph\u1ee7 h\u00f3i nam ki\u1ec3u H\u00e0n Qu\u1ed1c - korea style 1 - Viet Wig - Wig made in Viet Nam<\/title>\n<meta name=\"robots\" content=\"index, follow, max-snippet:-1, max-image-preview:large, max-video-preview:-1\" \/>\n<link rel=\"canonical\" href=\"https:\/\/vietwig.com\/en\/product\/mau-toc-dan-phu-hoi-nam-kieu-han-quoc-korea-style-1\/\" \/>\n<meta property=\"og:locale\" content=\"en_US\" \/>\n<meta property=\"og:type\" content=\"article\" \/>\n<meta property=\"og:title\" content=\"M\u1eabu t\u00f3c d\u00e1n ph\u1ee7 h\u00f3i nam ki\u1ec3u H\u00e0n Qu\u1ed1c - korea style 1\" \/>\n<meta property=\"og:description\" content=\"M\u1eabu t\u00f3c ph\u1ee7 h\u00f3i d\u1ea1ng d\u00e1n Korea Style, M\u1eabu t\u00f3c h\u00f3i nam th\u00ec c\u00f3 r\u1ea5t nhi\u1ec1u m\u1eabu kh\u00e1c nhau v\u1edbi\" \/>\n<meta property=\"og:url\" content=\"https:\/\/vietwig.com\/en\/product\/mau-toc-dan-phu-hoi-nam-kieu-han-quoc-korea-style-1\/\" \/>\n<meta property=\"og:site_name\" content=\"Viet Wig - Wig made in Viet Nam\" \/>\n<meta property=\"article:publisher\" content=\"https:\/\/www.facebook.com\/tocvietwig\" \/>\n<meta property=\"article:modified_time\" content=\"2024-11-15T09:04:43+00:00\" \/>\n<meta property=\"og:image\" content=\"https:\/\/i0.wp.com\/vietwig.com\/wp-content\/uploads\/2023\/03\/Korea-Style-mau-1-giua-luoi-MONO.jpg?fit=2269%2C2379&ssl=1\" \/>\n\t<meta property=\"og:image:width\" content=\"2269\" \/>\n\t<meta property=\"og:image:height\" content=\"2379\" \/>\n\t<meta property=\"og:image:type\" content=\"image\/jpeg\" \/>\n<meta name=\"twitter:card\" content=\"summary_large_image\" \/>\n<meta name=\"twitter:label1\" content=\"Price\" \/>\n\t<meta name=\"twitter:data1\" content=\"\" \/>\n\t<meta name=\"twitter:label2\" content=\"Availability\" \/>\n\t<meta name=\"twitter:data2\" content=\"In stock\" \/>\n<script type=\"application\/ld+json\" class=\"yoast-schema-graph\">{\"@context\":\"https:\/\/schema.org\",\"@graph\":[{\"@type\":\"WebPage\",\"@id\":\"https:\/\/vietwig.com\/en\/product\/mau-toc-dan-phu-hoi-nam-kieu-han-quoc-korea-style-1\/\",\"url\":\"https:\/\/vietwig.com\/en\/product\/mau-toc-dan-phu-hoi-nam-kieu-han-quoc-korea-style-1\/\",\"name\":\"M\u1eabu t\u00f3c d\u00e1n ph\u1ee7 h\u00f3i nam ki\u1ec3u H\u00e0n Qu\u1ed1c - korea style 1 - Viet Wig - Wig made in Viet Nam\",\"isPartOf\":{\"@id\":\"https:\/\/vietwig.com\/en\/#website\"},\"primaryImageOfPage\":{\"@id\":\"https:\/\/vietwig.com\/en\/product\/mau-toc-dan-phu-hoi-nam-kieu-han-quoc-korea-style-1\/#primaryimage\"},\"image\":{\"@id\":\"https:\/\/vietwig.com\/en\/product\/mau-toc-dan-phu-hoi-nam-kieu-han-quoc-korea-style-1\/#primaryimage\"},\"thumbnailUrl\":\"https:\/\/i0.wp.com\/vietwig.com\/wp-content\/uploads\/2023\/03\/Korea-Style-mau-1-giua-luoi-MONO.jpg?fit=2269%2C2379&ssl=1\",\"datePublished\":\"2023-03-13T08:10:27+00:00\",\"dateModified\":\"2024-11-15T09:04:43+00:00\",\"breadcrumb\":{\"@id\":\"https:\/\/vietwig.com\/en\/product\/mau-toc-dan-phu-hoi-nam-kieu-han-quoc-korea-style-1\/#breadcrumb\"},\"inLanguage\":\"en-US\",\"potentialAction\":[{\"@type\":\"ReadAction\",\"target\":[\"https:\/\/vietwig.com\/en\/product\/mau-toc-dan-phu-hoi-nam-kieu-han-quoc-korea-style-1\/\"]}]},{\"@type\":\"ImageObject\",\"inLanguage\":\"en-US\",\"@id\":\"https:\/\/vietwig.com\/en\/product\/mau-toc-dan-phu-hoi-nam-kieu-han-quoc-korea-style-1\/#primaryimage\",\"url\":\"https:\/\/i0.wp.com\/vietwig.com\/wp-content\/uploads\/2023\/03\/Korea-Style-mau-1-giua-luoi-MONO.jpg?fit=2269%2C2379&ssl=1\",\"contentUrl\":\"https:\/\/i0.wp.com\/vietwig.com\/wp-content\/uploads\/2023\/03\/Korea-Style-mau-1-giua-luoi-MONO.jpg?fit=2269%2C2379&ssl=1\",\"width\":2269,\"height\":2379},{\"@type\":\"BreadcrumbList\",\"@id\":\"https:\/\/vietwig.com\/en\/product\/mau-toc-dan-phu-hoi-nam-kieu-han-quoc-korea-style-1\/#breadcrumb\",\"itemListElement\":[{\"@type\":\"ListItem\",\"position\":1,\"name\":\"Home\",\"item\":\"https:\/\/vietwig.com\/en\/\"},{\"@type\":\"ListItem\",\"position\":2,\"name\":\"Shop\",\"item\":\"https:\/\/vietwig.com\/en\/shop-2\/\"},{\"@type\":\"ListItem\",\"position\":3,\"name\":\"M\u1eabu t\u00f3c d\u00e1n ph\u1ee7 h\u00f3i nam ki\u1ec3u H\u00e0n Qu\u1ed1c &#8211; korea style 1\"}]},{\"@type\":\"WebSite\",\"@id\":\"https:\/\/vietwig.com\/en\/#website\",\"url\":\"https:\/\/vietwig.com\/en\/\",\"name\":\"Viet Wig - Wig made in Viet Nam\",\"description\":\"\",\"publisher\":{\"@id\":\"https:\/\/vietwig.com\/en\/#organization\"},\"potentialAction\":[{\"@type\":\"SearchAction\",\"target\":{\"@type\":\"EntryPoint\",\"urlTemplate\":\"https:\/\/vietwig.com\/en\/?s={search_term_string}\"},\"query-input\":\"required name=search_term_string\"}],\"inLanguage\":\"en-US\"},{\"@type\":\"Organization\",\"@id\":\"https:\/\/vietwig.com\/en\/#organization\",\"name\":\"Viet Wig\",\"url\":\"https:\/\/vietwig.com\/en\/\",\"logo\":{\"@type\":\"ImageObject\",\"inLanguage\":\"en-US\",\"@id\":\"https:\/\/vietwig.com\/en\/#\/schema\/logo\/image\/\",\"url\":\"https:\/\/i0.wp.com\/vietwig.com\/wp-content\/uploads\/2021\/11\/logo-Viet-Wig1.png?fit=728%2C736&ssl=1\",\"contentUrl\":\"https:\/\/i0.wp.com\/vietwig.com\/wp-content\/uploads\/2021\/11\/logo-Viet-Wig1.png?fit=728%2C736&ssl=1\",\"width\":728,\"height\":736,\"caption\":\"Viet Wig\"},\"image\":{\"@id\":\"https:\/\/vietwig.com\/en\/#\/schema\/logo\/image\/\"},\"sameAs\":[\"https:\/\/www.facebook.com\/tocvietwig\"]}]}<\/script>\n<meta property=\"product:price:currency\" content=\"VND\" \/>\n<meta property=\"og:availability\" content=\"instock\" \/>\n<meta property=\"product:availability\" content=\"instock\" \/>\n<meta property=\"product:retailer_item_id\" content=\"TKR01\" \/>\n<meta property=\"product:condition\" content=\"new\" \/>\n<!-- \/ Yoast SEO Premium plugin. -->","yoast_head_json":{"title":"M\u1eabu t\u00f3c d\u00e1n ph\u1ee7 h\u00f3i nam ki\u1ec3u H\u00e0n Qu\u1ed1c - korea style 1 - Viet Wig - Wig made in Viet Nam","robots":{"index":"index","follow":"follow","max-snippet":"max-snippet:-1","max-image-preview":"max-image-preview:large","max-video-preview":"max-video-preview:-1"},"canonical":"https:\/\/vietwig.com\/en\/product\/mau-toc-dan-phu-hoi-nam-kieu-han-quoc-korea-style-1\/","og_locale":"en_US","og_type":"article","og_title":"M\u1eabu t\u00f3c d\u00e1n ph\u1ee7 h\u00f3i nam ki\u1ec3u H\u00e0n Qu\u1ed1c - korea style 1","og_description":"M\u1eabu t\u00f3c ph\u1ee7 h\u00f3i d\u1ea1ng d\u00e1n Korea Style, M\u1eabu t\u00f3c h\u00f3i nam th\u00ec c\u00f3 r\u1ea5t nhi\u1ec1u m\u1eabu kh\u00e1c nhau v\u1edbi","og_url":"https:\/\/vietwig.com\/en\/product\/mau-toc-dan-phu-hoi-nam-kieu-han-quoc-korea-style-1\/","og_site_name":"Viet Wig - Wig made in Viet Nam","article_publisher":"https:\/\/www.facebook.com\/tocvietwig","article_modified_time":"2024-11-15T09:04:43+00:00","og_image":[{"width":2269,"height":2379,"url":"https:\/\/i0.wp.com\/vietwig.com\/wp-content\/uploads\/2023\/03\/Korea-Style-mau-1-giua-luoi-MONO.jpg?fit=2269%2C2379&ssl=1","type":"image\/jpeg"}],"twitter_card":"summary_large_image","twitter_misc":{"Price":"","Availability":"In stock"},"schema":{"@context":"https:\/\/schema.org","@graph":[{"@type":"WebPage","@id":"https:\/\/vietwig.com\/en\/product\/mau-toc-dan-phu-hoi-nam-kieu-han-quoc-korea-style-1\/","url":"https:\/\/vietwig.com\/en\/product\/mau-toc-dan-phu-hoi-nam-kieu-han-quoc-korea-style-1\/","name":"M\u1eabu t\u00f3c d\u00e1n ph\u1ee7 h\u00f3i nam ki\u1ec3u H\u00e0n Qu\u1ed1c - korea style 1 - Viet Wig - Wig made in Viet Nam","isPartOf":{"@id":"https:\/\/vietwig.com\/en\/#website"},"primaryImageOfPage":{"@id":"https:\/\/vietwig.com\/en\/product\/mau-toc-dan-phu-hoi-nam-kieu-han-quoc-korea-style-1\/#primaryimage"},"image":{"@id":"https:\/\/vietwig.com\/en\/product\/mau-toc-dan-phu-hoi-nam-kieu-han-quoc-korea-style-1\/#primaryimage"},"thumbnailUrl":"https:\/\/i0.wp.com\/vietwig.com\/wp-content\/uploads\/2023\/03\/Korea-Style-mau-1-giua-luoi-MONO.jpg?fit=2269%2C2379&ssl=1","datePublished":"2023-03-13T08:10:27+00:00","dateModified":"2024-11-15T09:04:43+00:00","breadcrumb":{"@id":"https:\/\/vietwig.com\/en\/product\/mau-toc-dan-phu-hoi-nam-kieu-han-quoc-korea-style-1\/#breadcrumb"},"inLanguage":"en-US","potentialAction":[{"@type":"ReadAction","target":["https:\/\/vietwig.com\/en\/product\/mau-toc-dan-phu-hoi-nam-kieu-han-quoc-korea-style-1\/"]}]},{"@type":"ImageObject","inLanguage":"en-US","@id":"https:\/\/vietwig.com\/en\/product\/mau-toc-dan-phu-hoi-nam-kieu-han-quoc-korea-style-1\/#primaryimage","url":"https:\/\/i0.wp.com\/vietwig.com\/wp-content\/uploads\/2023\/03\/Korea-Style-mau-1-giua-luoi-MONO.jpg?fit=2269%2C2379&ssl=1","contentUrl":"https:\/\/i0.wp.com\/vietwig.com\/wp-content\/uploads\/2023\/03\/Korea-Style-mau-1-giua-luoi-MONO.jpg?fit=2269%2C2379&ssl=1","width":2269,"height":2379},{"@type":"BreadcrumbList","@id":"https:\/\/vietwig.com\/en\/product\/mau-toc-dan-phu-hoi-nam-kieu-han-quoc-korea-style-1\/#breadcrumb","itemListElement":[{"@type":"ListItem","position":1,"name":"Home","item":"https:\/\/vietwig.com\/en\/"},{"@type":"ListItem","position":2,"name":"Shop","item":"https:\/\/vietwig.com\/en\/shop-2\/"},{"@type":"ListItem","position":3,"name":"M\u1eabu t\u00f3c d\u00e1n ph\u1ee7 h\u00f3i nam ki\u1ec3u H\u00e0n Qu\u1ed1c &#8211; korea style 1"}]},{"@type":"WebSite","@id":"https:\/\/vietwig.com\/en\/#website","url":"https:\/\/vietwig.com\/en\/","name":"Viet Wig - Wig made in Viet Nam","description":"","publisher":{"@id":"https:\/\/vietwig.com\/en\/#organization"},"potentialAction":[{"@type":"SearchAction","target":{"@type":"EntryPoint","urlTemplate":"https:\/\/vietwig.com\/en\/?s={search_term_string}"},"query-input":"required name=search_term_string"}],"inLanguage":"en-US"},{"@type":"Organization","@id":"https:\/\/vietwig.com\/en\/#organization","name":"Viet Wig","url":"https:\/\/vietwig.com\/en\/","logo":{"@type":"ImageObject","inLanguage":"en-US","@id":"https:\/\/vietwig.com\/en\/#\/schema\/logo\/image\/","url":"https:\/\/i0.wp.com\/vietwig.com\/wp-content\/uploads\/2021\/11\/logo-Viet-Wig1.png?fit=728%2C736&ssl=1","contentUrl":"https:\/\/i0.wp.com\/vietwig.com\/wp-content\/uploads\/2021\/11\/logo-Viet-Wig1.png?fit=728%2C736&ssl=1","width":728,"height":736,"caption":"Viet Wig"},"image":{"@id":"https:\/\/vietwig.com\/en\/#\/schema\/logo\/image\/"},"sameAs":["https:\/\/www.facebook.com\/tocvietwig"]}]},"product_price_currency":"VND","og_availability":"instock","product_availability":"instock","product_retailer_item_id":"TKR01","product_condition":"new"},"jetpack_publicize_connections":[],"jetpack-related-posts":[],"jetpack_sharing_enabled":true,"_links":{"self":[{"href":"https:\/\/vietwig.com\/en\/wp-json\/wp\/v2\/product\/30467","targetHints":{"allow":["GET"]}}],"collection":[{"href":"https:\/\/vietwig.com\/en\/wp-json\/wp\/v2\/product"}],"about":[{"href":"https:\/\/vietwig.com\/en\/wp-json\/wp\/v2\/types\/product"}],"replies":[{"embeddable":true,"href":"https:\/\/vietwig.com\/en\/wp-json\/wp\/v2\/comments?post=30467"}],"version-history":[{"count":1,"href":"https:\/\/vietwig.com\/en\/wp-json\/wp\/v2\/product\/30467\/revisions"}],"predecessor-version":[{"id":30480,"href":"https:\/\/vietwig.com\/en\/wp-json\/wp\/v2\/product\/30467\/revisions\/30480"}],"wp:featuredmedia":[{"embeddable":true,"href":"https:\/\/vietwig.com\/en\/wp-json\/wp\/v2\/media\/30478"}],"wp:attachment":[{"href":"https:\/\/vietwig.com\/en\/wp-json\/wp\/v2\/media?parent=30467"}],"wp:term":[{"taxonomy":"product_brand","embeddable":true,"href":"https:\/\/vietwig.com\/en\/wp-json\/wp\/v2\/product_brand?post=30467"},{"taxonomy":"product_cat","embeddable":true,"href":"https:\/\/vietwig.com\/en\/wp-json\/wp\/v2\/product_cat?post=30467"},{"taxonomy":"product_tag","embeddable":true,"href":"https:\/\/vietwig.com\/en\/wp-json\/wp\/v2\/product_tag?post=30467"}],"curies":[{"name":"wp","href":"https:\/\/api.w.org\/{rel}","templated":true}]}}