{"id":30800,"date":"2023-03-05T08:05:12","date_gmt":"2023-05-22T01:15:46","guid":{"rendered":"https:\/\/vietwig.com\/product\/the-form-toupee-hook-wig-with-transparent-pu-border-combined-with-npu-between-mono-net-fk01\/"},"modified":"2023-05-22T08:23:09","modified_gmt":"2023-05-22T01:23:09","slug":"phom-toupee-moc-toc-gia-vien-pu-ket-hop-npu-giua-luoi-mono","status":"publish","type":"product","link":"https:\/\/vietwig.com\/en\/product\/phom-toupee-moc-toc-gia-vien-pu-ket-hop-npu-giua-luoi-mono\/","title":{"rendered":"The Form Toupee wig hook with clear PU border combined with NPU, between MONO mesh (FK01)"},"content":{"rendered":"<p>The Form wig hook FK01 is made according to the best-selling wig models in Korea. Korean guests who come to Vietnam to travel still need to use the service of washing and changing glue, so Viet Wig factory found that Koreans love the form with a combination of two types PU, forehead used clear PU materials. combined with PU coating around the sides and back.<\/p>\n<p>The Form wig toupee with a combination of 4 materials are:<\/p>\n<ul>\n<li>The front skin is clear PU.<\/li>\n<li>Leather trim on the sides and back is NPU leather, also known as PU coating.<\/li>\n<li>The middle mesh layer is the MONO net<\/li>\n<li>The outermost mesh border around is the lace net border.<\/li>\n<\/ul>\n<p>Below is a detailed image of the Form product and product video after hooking the hair into the toupee form.<br \/>\n<img data-recalc-dims=\"1\" loading=\"lazy\" decoding=\"async\" class=\"aligncenter size-large wp-image-30350\" src=\"https:\/\/i0.wp.com\/vietwig.com\/wp-content\/uploads\/2023\/03\/phom-moc-toc-Toupee-vien-PU-ket-hop-NPU-xung-quanh-6.jpg?resize=1024%2C768&#038;ssl=1\" alt=\"\" width=\"1024\" height=\"768\" srcset=\"https:\/\/i0.wp.com\/vietwig.com\/wp-content\/uploads\/2023\/03\/phom-moc-toc-Toupee-vien-PU-ket-hop-NPU-xung-quanh-6-scaled.jpg?resize=1024%2C768&amp;ssl=1 1024w, https:\/\/i0.wp.com\/vietwig.com\/wp-content\/uploads\/2023\/03\/phom-moc-toc-Toupee-vien-PU-ket-hop-NPU-xung-quanh-6-scaled.jpg?resize=300%2C225&amp;ssl=1 300w, https:\/\/i0.wp.com\/vietwig.com\/wp-content\/uploads\/2023\/03\/phom-moc-toc-Toupee-vien-PU-ket-hop-NPU-xung-quanh-6-scaled.jpg?resize=768%2C576&amp;ssl=1 768w, https:\/\/i0.wp.com\/vietwig.com\/wp-content\/uploads\/2023\/03\/phom-moc-toc-Toupee-vien-PU-ket-hop-NPU-xung-quanh-6-scaled.jpg?resize=1536%2C1152&amp;ssl=1 1536w, https:\/\/i0.wp.com\/vietwig.com\/wp-content\/uploads\/2023\/03\/phom-moc-toc-Toupee-vien-PU-ket-hop-NPU-xung-quanh-6-scaled.jpg?resize=2048%2C1536&amp;ssl=1 2048w, https:\/\/i0.wp.com\/vietwig.com\/wp-content\/uploads\/2023\/03\/phom-moc-toc-Toupee-vien-PU-ket-hop-NPU-xung-quanh-6-scaled.jpg?resize=1200%2C900&amp;ssl=1 1200w, https:\/\/i0.wp.com\/vietwig.com\/wp-content\/uploads\/2023\/03\/phom-moc-toc-Toupee-vien-PU-ket-hop-NPU-xung-quanh-6-scaled.jpg?resize=150%2C113&amp;ssl=1 150w\" sizes=\"auto, (max-width: 1000px) 100vw, 1000px\" \/><\/p>\n<p><img data-recalc-dims=\"1\" loading=\"lazy\" decoding=\"async\" class=\"aligncenter size-large wp-image-30347\" src=\"https:\/\/i0.wp.com\/vietwig.com\/wp-content\/uploads\/2023\/03\/phom-moc-toc-Toupee-vien-PU-ket-hop-NPU-xung-quanh-5.jpg?resize=1024%2C768&#038;ssl=1\" alt=\"\" width=\"1024\" height=\"768\" srcset=\"https:\/\/i0.wp.com\/vietwig.com\/wp-content\/uploads\/2023\/03\/phom-moc-toc-Toupee-vien-PU-ket-hop-NPU-xung-quanh-5-scaled.jpg?resize=1024%2C768&amp;ssl=1 1024w, https:\/\/i0.wp.com\/vietwig.com\/wp-content\/uploads\/2023\/03\/phom-moc-toc-Toupee-vien-PU-ket-hop-NPU-xung-quanh-5-scaled.jpg?resize=300%2C225&amp;ssl=1 300w, https:\/\/i0.wp.com\/vietwig.com\/wp-content\/uploads\/2023\/03\/phom-moc-toc-Toupee-vien-PU-ket-hop-NPU-xung-quanh-5-scaled.jpg?resize=768%2C576&amp;ssl=1 768w, https:\/\/i0.wp.com\/vietwig.com\/wp-content\/uploads\/2023\/03\/phom-moc-toc-Toupee-vien-PU-ket-hop-NPU-xung-quanh-5-scaled.jpg?resize=1536%2C1152&amp;ssl=1 1536w, https:\/\/i0.wp.com\/vietwig.com\/wp-content\/uploads\/2023\/03\/phom-moc-toc-Toupee-vien-PU-ket-hop-NPU-xung-quanh-5-scaled.jpg?resize=2048%2C1536&amp;ssl=1 2048w, https:\/\/i0.wp.com\/vietwig.com\/wp-content\/uploads\/2023\/03\/phom-moc-toc-Toupee-vien-PU-ket-hop-NPU-xung-quanh-5-scaled.jpg?resize=1200%2C900&amp;ssl=1 1200w, https:\/\/i0.wp.com\/vietwig.com\/wp-content\/uploads\/2023\/03\/phom-moc-toc-Toupee-vien-PU-ket-hop-NPU-xung-quanh-5-scaled.jpg?resize=150%2C113&amp;ssl=1 150w\" sizes=\"auto, (max-width: 1000px) 100vw, 1000px\" \/> <img data-recalc-dims=\"1\" loading=\"lazy\" decoding=\"async\" class=\"aligncenter size-large wp-image-30339\" src=\"https:\/\/i0.wp.com\/vietwig.com\/wp-content\/uploads\/2023\/03\/phom-moc-toc-Toupee-vien-PU-ket-hop-NPU-xung-quanh-1.jpg?resize=1024%2C768&#038;ssl=1\" alt=\"\" width=\"1024\" height=\"768\" srcset=\"https:\/\/i0.wp.com\/vietwig.com\/wp-content\/uploads\/2023\/03\/phom-moc-toc-Toupee-vien-PU-ket-hop-NPU-xung-quanh-1-scaled.jpg?resize=1024%2C768&amp;ssl=1 1024w, https:\/\/i0.wp.com\/vietwig.com\/wp-content\/uploads\/2023\/03\/phom-moc-toc-Toupee-vien-PU-ket-hop-NPU-xung-quanh-1-scaled.jpg?resize=300%2C225&amp;ssl=1 300w, https:\/\/i0.wp.com\/vietwig.com\/wp-content\/uploads\/2023\/03\/phom-moc-toc-Toupee-vien-PU-ket-hop-NPU-xung-quanh-1-scaled.jpg?resize=768%2C576&amp;ssl=1 768w, https:\/\/i0.wp.com\/vietwig.com\/wp-content\/uploads\/2023\/03\/phom-moc-toc-Toupee-vien-PU-ket-hop-NPU-xung-quanh-1-scaled.jpg?resize=1536%2C1152&amp;ssl=1 1536w, https:\/\/i0.wp.com\/vietwig.com\/wp-content\/uploads\/2023\/03\/phom-moc-toc-Toupee-vien-PU-ket-hop-NPU-xung-quanh-1-scaled.jpg?resize=2048%2C1536&amp;ssl=1 2048w, https:\/\/i0.wp.com\/vietwig.com\/wp-content\/uploads\/2023\/03\/phom-moc-toc-Toupee-vien-PU-ket-hop-NPU-xung-quanh-1-scaled.jpg?resize=1200%2C900&amp;ssl=1 1200w, https:\/\/i0.wp.com\/vietwig.com\/wp-content\/uploads\/2023\/03\/phom-moc-toc-Toupee-vien-PU-ket-hop-NPU-xung-quanh-1-scaled.jpg?resize=150%2C113&amp;ssl=1 150w\" sizes=\"auto, (max-width: 1000px) 100vw, 1000px\" \/> <img data-recalc-dims=\"1\" loading=\"lazy\" decoding=\"async\" class=\"aligncenter size-large wp-image-30341\" src=\"https:\/\/i0.wp.com\/vietwig.com\/wp-content\/uploads\/2023\/03\/phom-moc-toc-Toupee-vien-PU-ket-hop-NPU-xung-quanh-2.jpg?resize=1024%2C768&#038;ssl=1\" alt=\"\" width=\"1024\" height=\"768\" srcset=\"https:\/\/i0.wp.com\/vietwig.com\/wp-content\/uploads\/2023\/03\/phom-moc-toc-Toupee-vien-PU-ket-hop-NPU-xung-quanh-2-scaled.jpg?resize=1024%2C768&amp;ssl=1 1024w, https:\/\/i0.wp.com\/vietwig.com\/wp-content\/uploads\/2023\/03\/phom-moc-toc-Toupee-vien-PU-ket-hop-NPU-xung-quanh-2-scaled.jpg?resize=300%2C225&amp;ssl=1 300w, https:\/\/i0.wp.com\/vietwig.com\/wp-content\/uploads\/2023\/03\/phom-moc-toc-Toupee-vien-PU-ket-hop-NPU-xung-quanh-2-scaled.jpg?resize=768%2C576&amp;ssl=1 768w, https:\/\/i0.wp.com\/vietwig.com\/wp-content\/uploads\/2023\/03\/phom-moc-toc-Toupee-vien-PU-ket-hop-NPU-xung-quanh-2-scaled.jpg?resize=1536%2C1152&amp;ssl=1 1536w, https:\/\/i0.wp.com\/vietwig.com\/wp-content\/uploads\/2023\/03\/phom-moc-toc-Toupee-vien-PU-ket-hop-NPU-xung-quanh-2-scaled.jpg?resize=2048%2C1536&amp;ssl=1 2048w, https:\/\/i0.wp.com\/vietwig.com\/wp-content\/uploads\/2023\/03\/phom-moc-toc-Toupee-vien-PU-ket-hop-NPU-xung-quanh-2-scaled.jpg?resize=1200%2C900&amp;ssl=1 1200w, https:\/\/i0.wp.com\/vietwig.com\/wp-content\/uploads\/2023\/03\/phom-moc-toc-Toupee-vien-PU-ket-hop-NPU-xung-quanh-2-scaled.jpg?resize=150%2C113&amp;ssl=1 150w\" sizes=\"auto, (max-width: 1000px) 100vw, 1000px\" \/> <img data-recalc-dims=\"1\" loading=\"lazy\" decoding=\"async\" class=\"aligncenter size-large wp-image-30343\" src=\"https:\/\/i0.wp.com\/vietwig.com\/wp-content\/uploads\/2023\/03\/phom-moc-toc-Toupee-vien-PU-ket-hop-NPU-xung-quanh-3.jpg?resize=1024%2C768&#038;ssl=1\" alt=\"\" width=\"1024\" height=\"768\" srcset=\"https:\/\/i0.wp.com\/vietwig.com\/wp-content\/uploads\/2023\/03\/phom-moc-toc-Toupee-vien-PU-ket-hop-NPU-xung-quanh-3-scaled.jpg?resize=1024%2C768&amp;ssl=1 1024w, https:\/\/i0.wp.com\/vietwig.com\/wp-content\/uploads\/2023\/03\/phom-moc-toc-Toupee-vien-PU-ket-hop-NPU-xung-quanh-3-scaled.jpg?resize=300%2C225&amp;ssl=1 300w, https:\/\/i0.wp.com\/vietwig.com\/wp-content\/uploads\/2023\/03\/phom-moc-toc-Toupee-vien-PU-ket-hop-NPU-xung-quanh-3-scaled.jpg?resize=768%2C576&amp;ssl=1 768w, https:\/\/i0.wp.com\/vietwig.com\/wp-content\/uploads\/2023\/03\/phom-moc-toc-Toupee-vien-PU-ket-hop-NPU-xung-quanh-3-scaled.jpg?resize=1536%2C1152&amp;ssl=1 1536w, https:\/\/i0.wp.com\/vietwig.com\/wp-content\/uploads\/2023\/03\/phom-moc-toc-Toupee-vien-PU-ket-hop-NPU-xung-quanh-3-scaled.jpg?resize=2048%2C1536&amp;ssl=1 2048w, https:\/\/i0.wp.com\/vietwig.com\/wp-content\/uploads\/2023\/03\/phom-moc-toc-Toupee-vien-PU-ket-hop-NPU-xung-quanh-3-scaled.jpg?resize=1200%2C900&amp;ssl=1 1200w, https:\/\/i0.wp.com\/vietwig.com\/wp-content\/uploads\/2023\/03\/phom-moc-toc-Toupee-vien-PU-ket-hop-NPU-xung-quanh-3-scaled.jpg?resize=150%2C113&amp;ssl=1 150w\" sizes=\"auto, (max-width: 1000px) 100vw, 1000px\" \/> <img data-recalc-dims=\"1\" loading=\"lazy\" decoding=\"async\" class=\"aligncenter size-large wp-image-30345\" src=\"https:\/\/i0.wp.com\/vietwig.com\/wp-content\/uploads\/2023\/03\/phom-moc-toc-Toupee-vien-PU-ket-hop-NPU-xung-quanh-4.jpg?resize=768%2C1024&#038;ssl=1\" alt=\"\" width=\"768\" height=\"1024\" srcset=\"https:\/\/i0.wp.com\/vietwig.com\/wp-content\/uploads\/2023\/03\/phom-moc-toc-Toupee-vien-PU-ket-hop-NPU-xung-quanh-4-scaled.jpg?resize=768%2C1024&amp;ssl=1 768w, https:\/\/i0.wp.com\/vietwig.com\/wp-content\/uploads\/2023\/03\/phom-moc-toc-Toupee-vien-PU-ket-hop-NPU-xung-quanh-4-scaled.jpg?resize=225%2C300&amp;ssl=1 225w, https:\/\/i0.wp.com\/vietwig.com\/wp-content\/uploads\/2023\/03\/phom-moc-toc-Toupee-vien-PU-ket-hop-NPU-xung-quanh-4-scaled.jpg?resize=1152%2C1536&amp;ssl=1 1152w, https:\/\/i0.wp.com\/vietwig.com\/wp-content\/uploads\/2023\/03\/phom-moc-toc-Toupee-vien-PU-ket-hop-NPU-xung-quanh-4-scaled.jpg?resize=1536%2C2048&amp;ssl=1 1536w, https:\/\/i0.wp.com\/vietwig.com\/wp-content\/uploads\/2023\/03\/phom-moc-toc-Toupee-vien-PU-ket-hop-NPU-xung-quanh-4-scaled.jpg?resize=1200%2C1600&amp;ssl=1 1200w, https:\/\/i0.wp.com\/vietwig.com\/wp-content\/uploads\/2023\/03\/phom-moc-toc-Toupee-vien-PU-ket-hop-NPU-xung-quanh-4-scaled.jpg?resize=150%2C200&amp;ssl=1 150w, https:\/\/i0.wp.com\/vietwig.com\/wp-content\/uploads\/2023\/03\/phom-moc-toc-Toupee-vien-PU-ket-hop-NPU-xung-quanh-4-scaled.jpg?w=1920&amp;ssl=1 1920w\" sizes=\"auto, (max-width: 768px) 100vw, 768px\" \/><\/p>\n<p><iframe loading=\"lazy\" title=\"M\u1eabu t\u00f3c ph\u1ee7 h\u00f3i toupee nam v\u1edbi tr\u00e1n da PU v\u00e0 xung quanh l\u00e0 vi\u1ec1n NPU \u1edf gi\u1eefa l\u00e0 l\u01b0\u1edbi MONO\" width=\"500\" height=\"281\" src=\"https:\/\/www.youtube.com\/embed\/y9_4mHjlczk?feature=oembed\" frameborder=\"0\" allow=\"accelerometer; autoplay; clipboard-write; encrypted-media; gyroscope; picture-in-picture; web-share\" referrerpolicy=\"strict-origin-when-cross-origin\" allowfullscreen><\/iframe><\/p>\n","protected":false},"excerpt":{"rendered":"<p>The FK01 wig hook toupee form is made according to the best-selling wig models in Korea. Korean guests who come to Vietnam to travel still need to use the service of washing and changing glue, so Viet Wig factory found that Koreans love the form with a combination of two types PU, forehead used clear PU materials. combined with PU coating around the sides and back.<\/p>\n<p><strong>Product code:<\/strong> FK01<\/p>\n<p><strong>Size<\/strong>: 5*7 inch, 6*8inch, 7*9inch &#8230;.. and custom size as required<\/p>\n<p><strong>Material: <\/strong><\/p>\n<ul>\n<li>2 sides and back use PU\/NPU coating<\/li>\n<li>The front uses clear PU film<\/li>\n<li>In the middle use a Mono net<\/li>\n<\/ul>\n","protected":false},"featured_media":30351,"comment_status":"closed","ping_status":"closed","template":"","meta":{"jetpack_publicize_message":"","jetpack_publicize_feature_enabled":true,"jetpack_social_post_already_shared":true,"jetpack_social_options":{"image_generator_settings":{"template":"highway","default_image_id":0,"font":"","enabled":false},"version":2}},"product_brand":[],"product_cat":[323],"product_tag":[354,335,341,337,340,336,333,370,362,355,369,328,327,368,338,367,339,326,329,334,371,331,325,332,324,330],"class_list":{"0":"post-30800","1":"product","2":"type-product","3":"status-publish","4":"has-post-thumbnail","6":"product_cat-hair-hook-form","7":"product_tag-fk02-en","8":"product_tag-form-topper-en","9":"product_tag-form-topper-processing-en","10":"product_tag-form-topper-processing","11":"product_tag-form-topper-production-en","12":"product_tag-form-topper-production","13":"product_tag-form-toupee-en","14":"product_tag-form-toupee-clear-pu","15":"product_tag-form-toupee-fk02-en","16":"product_tag-form-toupee-mono","17":"product_tag-form-toupee-npu","18":"product_tag-form-toupee-processing","19":"product_tag-hair-hook-form","20":"product_tag-make-form-hair-hook","21":"product_tag-make-form-topper-as-required","22":"product_tag-make-form-toupee","23":"product_tag-topper-form","24":"product_tag-toupee-form","25":"product_tag-toupee-form-production","26":"product_tag-toupee-form-production-en","27":"product_tag-toupee-npu-hair-hook-form","28":"product_tag-toupee-pu-form","29":"product_tag-viet-wig-en","30":"product_tag-viet-wig-hair-factory","31":"product_tag-vietwig-en","32":"product_tag-wig-hook-form","34":"first","35":"instock","36":"shipping-taxable","37":"product-type-simple"},"yoast_head":"<!-- This site is optimized with the Yoast SEO Premium plugin v23.0 (Yoast SEO v23.0) - https:\/\/yoast.com\/wordpress\/plugins\/seo\/ -->\n<title>The Form Toupee wig hook with clear PU border combined with NPU, between MONO mesh (FK01) - Viet Wig - Wig made in Viet Nam<\/title>\n<meta name=\"robots\" content=\"index, follow, max-snippet:-1, max-image-preview:large, max-video-preview:-1\" \/>\n<link rel=\"canonical\" href=\"https:\/\/vietwig.com\/en\/product\/phom-toupee-moc-toc-gia-vien-pu-ket-hop-npu-giua-luoi-mono\/\" \/>\n<meta property=\"og:locale\" content=\"en_US\" \/>\n<meta property=\"og:type\" content=\"article\" \/>\n<meta property=\"og:title\" content=\"The Form Toupee wig hook with clear PU border combined with NPU, between MONO mesh (FK01)\" \/>\n<meta property=\"og:description\" content=\"The FK01 wig hook toupee form is made according to the best-selling wig models in Korea. Korean guests who come to Vietnam to travel still need to use the service of washing and changing glue, so Viet Wig factory found that Koreans love the form with a combination of two types PU, forehead used clear PU materials. combined with PU coating around the sides and back. Product code: FK01 Size: 5*7 inch, 6*8inch, 7*9inch ..... and custom size as required Material:   2 sides and back use PU\/NPU coating  The front uses clear PU film  In the middle use a Mono net\" \/>\n<meta property=\"og:url\" content=\"https:\/\/vietwig.com\/en\/product\/phom-toupee-moc-toc-gia-vien-pu-ket-hop-npu-giua-luoi-mono\/\" \/>\n<meta property=\"og:site_name\" content=\"Viet Wig - Wig made in Viet Nam\" \/>\n<meta property=\"article:publisher\" content=\"https:\/\/www.facebook.com\/tocvietwig\" \/>\n<meta property=\"article:modified_time\" content=\"2023-05-22T01:23:09+00:00\" \/>\n<meta property=\"og:image\" content=\"https:\/\/i0.wp.com\/vietwig.com\/wp-content\/uploads\/2023\/03\/phom-moc-toc-Toupee-vien-PU-ket-hop-NPU-xung-quanh-6-scaled.jpg?fit=2560%2C1920&ssl=1\" \/>\n\t<meta property=\"og:image:width\" content=\"2560\" \/>\n\t<meta property=\"og:image:height\" content=\"1920\" \/>\n\t<meta property=\"og:image:type\" content=\"image\/jpeg\" \/>\n<meta name=\"twitter:card\" content=\"summary_large_image\" \/>\n<meta name=\"twitter:label1\" content=\"Price\" \/>\n\t<meta name=\"twitter:data1\" content=\"\" \/>\n\t<meta name=\"twitter:label2\" content=\"Availability\" \/>\n\t<meta name=\"twitter:data2\" content=\"In stock\" \/>\n<script type=\"application\/ld+json\" class=\"yoast-schema-graph\">{\"@context\":\"https:\/\/schema.org\",\"@graph\":[{\"@type\":\"WebPage\",\"@id\":\"https:\/\/vietwig.com\/en\/product\/phom-toupee-moc-toc-gia-vien-pu-ket-hop-npu-giua-luoi-mono\/\",\"url\":\"https:\/\/vietwig.com\/en\/product\/phom-toupee-moc-toc-gia-vien-pu-ket-hop-npu-giua-luoi-mono\/\",\"name\":\"The Form Toupee wig hook with clear PU border combined with NPU, between MONO mesh (FK01) - Viet Wig - Wig made in Viet Nam\",\"isPartOf\":{\"@id\":\"https:\/\/vietwig.com\/en\/#website\"},\"primaryImageOfPage\":{\"@id\":\"https:\/\/vietwig.com\/en\/product\/phom-toupee-moc-toc-gia-vien-pu-ket-hop-npu-giua-luoi-mono\/#primaryimage\"},\"image\":{\"@id\":\"https:\/\/vietwig.com\/en\/product\/phom-toupee-moc-toc-gia-vien-pu-ket-hop-npu-giua-luoi-mono\/#primaryimage\"},\"thumbnailUrl\":\"https:\/\/i0.wp.com\/vietwig.com\/wp-content\/uploads\/2023\/03\/phom-moc-toc-Toupee-vien-PU-ket-hop-NPU-xung-quanh-6-scaled.jpg?fit=2560%2C1920&ssl=1\",\"datePublished\":\"2023-05-22T01:15:46+00:00\",\"dateModified\":\"2023-05-22T01:23:09+00:00\",\"breadcrumb\":{\"@id\":\"https:\/\/vietwig.com\/en\/product\/phom-toupee-moc-toc-gia-vien-pu-ket-hop-npu-giua-luoi-mono\/#breadcrumb\"},\"inLanguage\":\"en-US\",\"potentialAction\":[{\"@type\":\"ReadAction\",\"target\":[\"https:\/\/vietwig.com\/en\/product\/phom-toupee-moc-toc-gia-vien-pu-ket-hop-npu-giua-luoi-mono\/\"]}]},{\"@type\":\"ImageObject\",\"inLanguage\":\"en-US\",\"@id\":\"https:\/\/vietwig.com\/en\/product\/phom-toupee-moc-toc-gia-vien-pu-ket-hop-npu-giua-luoi-mono\/#primaryimage\",\"url\":\"https:\/\/i0.wp.com\/vietwig.com\/wp-content\/uploads\/2023\/03\/phom-moc-toc-Toupee-vien-PU-ket-hop-NPU-xung-quanh-6-scaled.jpg?fit=2560%2C1920&ssl=1\",\"contentUrl\":\"https:\/\/i0.wp.com\/vietwig.com\/wp-content\/uploads\/2023\/03\/phom-moc-toc-Toupee-vien-PU-ket-hop-NPU-xung-quanh-6-scaled.jpg?fit=2560%2C1920&ssl=1\",\"width\":2560,\"height\":1920},{\"@type\":\"BreadcrumbList\",\"@id\":\"https:\/\/vietwig.com\/en\/product\/phom-toupee-moc-toc-gia-vien-pu-ket-hop-npu-giua-luoi-mono\/#breadcrumb\",\"itemListElement\":[{\"@type\":\"ListItem\",\"position\":1,\"name\":\"Home\",\"item\":\"https:\/\/vietwig.com\/en\/\"},{\"@type\":\"ListItem\",\"position\":2,\"name\":\"Shop\",\"item\":\"https:\/\/vietwig.com\/en\/shop-2\/\"},{\"@type\":\"ListItem\",\"position\":3,\"name\":\"The Form Toupee wig hook with clear PU border combined with NPU, between MONO mesh (FK01)\"}]},{\"@type\":\"WebSite\",\"@id\":\"https:\/\/vietwig.com\/en\/#website\",\"url\":\"https:\/\/vietwig.com\/en\/\",\"name\":\"Viet Wig - Wig made in Viet Nam\",\"description\":\"\",\"publisher\":{\"@id\":\"https:\/\/vietwig.com\/en\/#organization\"},\"potentialAction\":[{\"@type\":\"SearchAction\",\"target\":{\"@type\":\"EntryPoint\",\"urlTemplate\":\"https:\/\/vietwig.com\/en\/?s={search_term_string}\"},\"query-input\":\"required name=search_term_string\"}],\"inLanguage\":\"en-US\"},{\"@type\":\"Organization\",\"@id\":\"https:\/\/vietwig.com\/en\/#organization\",\"name\":\"Viet Wig\",\"url\":\"https:\/\/vietwig.com\/en\/\",\"logo\":{\"@type\":\"ImageObject\",\"inLanguage\":\"en-US\",\"@id\":\"https:\/\/vietwig.com\/en\/#\/schema\/logo\/image\/\",\"url\":\"https:\/\/i0.wp.com\/vietwig.com\/wp-content\/uploads\/2021\/11\/logo-Viet-Wig1.png?fit=728%2C736&ssl=1\",\"contentUrl\":\"https:\/\/i0.wp.com\/vietwig.com\/wp-content\/uploads\/2021\/11\/logo-Viet-Wig1.png?fit=728%2C736&ssl=1\",\"width\":728,\"height\":736,\"caption\":\"Viet Wig\"},\"image\":{\"@id\":\"https:\/\/vietwig.com\/en\/#\/schema\/logo\/image\/\"},\"sameAs\":[\"https:\/\/www.facebook.com\/tocvietwig\"]}]}<\/script>\n<meta property=\"product:price:currency\" content=\"VND\" \/>\n<meta property=\"og:availability\" content=\"instock\" \/>\n<meta property=\"product:availability\" content=\"instock\" \/>\n<meta property=\"product:retailer_item_id\" content=\"FK02\" \/>\n<meta property=\"product:condition\" content=\"new\" \/>\n<!-- \/ Yoast SEO Premium plugin. -->","yoast_head_json":{"title":"The Form Toupee wig hook with clear PU border combined with NPU, between MONO mesh (FK01) - Viet Wig - Wig made in Viet Nam","robots":{"index":"index","follow":"follow","max-snippet":"max-snippet:-1","max-image-preview":"max-image-preview:large","max-video-preview":"max-video-preview:-1"},"canonical":"https:\/\/vietwig.com\/en\/product\/phom-toupee-moc-toc-gia-vien-pu-ket-hop-npu-giua-luoi-mono\/","og_locale":"en_US","og_type":"article","og_title":"The Form Toupee wig hook with clear PU border combined with NPU, between MONO mesh (FK01)","og_description":"The FK01 wig hook toupee form is made according to the best-selling wig models in Korea. Korean guests who come to Vietnam to travel still need to use the service of washing and changing glue, so Viet Wig factory found that Koreans love the form with a combination of two types PU, forehead used clear PU materials. combined with PU coating around the sides and back. Product code: FK01 Size: 5*7 inch, 6*8inch, 7*9inch ..... and custom size as required Material:   2 sides and back use PU\/NPU coating  The front uses clear PU film  In the middle use a Mono net","og_url":"https:\/\/vietwig.com\/en\/product\/phom-toupee-moc-toc-gia-vien-pu-ket-hop-npu-giua-luoi-mono\/","og_site_name":"Viet Wig - Wig made in Viet Nam","article_publisher":"https:\/\/www.facebook.com\/tocvietwig","article_modified_time":"2023-05-22T01:23:09+00:00","og_image":[{"width":2560,"height":1920,"url":"https:\/\/i0.wp.com\/vietwig.com\/wp-content\/uploads\/2023\/03\/phom-moc-toc-Toupee-vien-PU-ket-hop-NPU-xung-quanh-6-scaled.jpg?fit=2560%2C1920&ssl=1","type":"image\/jpeg"}],"twitter_card":"summary_large_image","twitter_misc":{"Price":"","Availability":"In stock"},"schema":{"@context":"https:\/\/schema.org","@graph":[{"@type":"WebPage","@id":"https:\/\/vietwig.com\/en\/product\/phom-toupee-moc-toc-gia-vien-pu-ket-hop-npu-giua-luoi-mono\/","url":"https:\/\/vietwig.com\/en\/product\/phom-toupee-moc-toc-gia-vien-pu-ket-hop-npu-giua-luoi-mono\/","name":"The Form Toupee wig hook with clear PU border combined with NPU, between MONO mesh (FK01) - Viet Wig - Wig made in Viet Nam","isPartOf":{"@id":"https:\/\/vietwig.com\/en\/#website"},"primaryImageOfPage":{"@id":"https:\/\/vietwig.com\/en\/product\/phom-toupee-moc-toc-gia-vien-pu-ket-hop-npu-giua-luoi-mono\/#primaryimage"},"image":{"@id":"https:\/\/vietwig.com\/en\/product\/phom-toupee-moc-toc-gia-vien-pu-ket-hop-npu-giua-luoi-mono\/#primaryimage"},"thumbnailUrl":"https:\/\/i0.wp.com\/vietwig.com\/wp-content\/uploads\/2023\/03\/phom-moc-toc-Toupee-vien-PU-ket-hop-NPU-xung-quanh-6-scaled.jpg?fit=2560%2C1920&ssl=1","datePublished":"2023-05-22T01:15:46+00:00","dateModified":"2023-05-22T01:23:09+00:00","breadcrumb":{"@id":"https:\/\/vietwig.com\/en\/product\/phom-toupee-moc-toc-gia-vien-pu-ket-hop-npu-giua-luoi-mono\/#breadcrumb"},"inLanguage":"en-US","potentialAction":[{"@type":"ReadAction","target":["https:\/\/vietwig.com\/en\/product\/phom-toupee-moc-toc-gia-vien-pu-ket-hop-npu-giua-luoi-mono\/"]}]},{"@type":"ImageObject","inLanguage":"en-US","@id":"https:\/\/vietwig.com\/en\/product\/phom-toupee-moc-toc-gia-vien-pu-ket-hop-npu-giua-luoi-mono\/#primaryimage","url":"https:\/\/i0.wp.com\/vietwig.com\/wp-content\/uploads\/2023\/03\/phom-moc-toc-Toupee-vien-PU-ket-hop-NPU-xung-quanh-6-scaled.jpg?fit=2560%2C1920&ssl=1","contentUrl":"https:\/\/i0.wp.com\/vietwig.com\/wp-content\/uploads\/2023\/03\/phom-moc-toc-Toupee-vien-PU-ket-hop-NPU-xung-quanh-6-scaled.jpg?fit=2560%2C1920&ssl=1","width":2560,"height":1920},{"@type":"BreadcrumbList","@id":"https:\/\/vietwig.com\/en\/product\/phom-toupee-moc-toc-gia-vien-pu-ket-hop-npu-giua-luoi-mono\/#breadcrumb","itemListElement":[{"@type":"ListItem","position":1,"name":"Home","item":"https:\/\/vietwig.com\/en\/"},{"@type":"ListItem","position":2,"name":"Shop","item":"https:\/\/vietwig.com\/en\/shop-2\/"},{"@type":"ListItem","position":3,"name":"The Form Toupee wig hook with clear PU border combined with NPU, between MONO mesh (FK01)"}]},{"@type":"WebSite","@id":"https:\/\/vietwig.com\/en\/#website","url":"https:\/\/vietwig.com\/en\/","name":"Viet Wig - Wig made in Viet Nam","description":"","publisher":{"@id":"https:\/\/vietwig.com\/en\/#organization"},"potentialAction":[{"@type":"SearchAction","target":{"@type":"EntryPoint","urlTemplate":"https:\/\/vietwig.com\/en\/?s={search_term_string}"},"query-input":"required name=search_term_string"}],"inLanguage":"en-US"},{"@type":"Organization","@id":"https:\/\/vietwig.com\/en\/#organization","name":"Viet Wig","url":"https:\/\/vietwig.com\/en\/","logo":{"@type":"ImageObject","inLanguage":"en-US","@id":"https:\/\/vietwig.com\/en\/#\/schema\/logo\/image\/","url":"https:\/\/i0.wp.com\/vietwig.com\/wp-content\/uploads\/2021\/11\/logo-Viet-Wig1.png?fit=728%2C736&ssl=1","contentUrl":"https:\/\/i0.wp.com\/vietwig.com\/wp-content\/uploads\/2021\/11\/logo-Viet-Wig1.png?fit=728%2C736&ssl=1","width":728,"height":736,"caption":"Viet Wig"},"image":{"@id":"https:\/\/vietwig.com\/en\/#\/schema\/logo\/image\/"},"sameAs":["https:\/\/www.facebook.com\/tocvietwig"]}]},"product_price_currency":"VND","og_availability":"instock","product_availability":"instock","product_retailer_item_id":"FK02","product_condition":"new"},"jetpack_publicize_connections":[],"jetpack-related-posts":[],"jetpack_sharing_enabled":true,"_links":{"self":[{"href":"https:\/\/vietwig.com\/en\/wp-json\/wp\/v2\/product\/30800","targetHints":{"allow":["GET"]}}],"collection":[{"href":"https:\/\/vietwig.com\/en\/wp-json\/wp\/v2\/product"}],"about":[{"href":"https:\/\/vietwig.com\/en\/wp-json\/wp\/v2\/types\/product"}],"replies":[{"embeddable":true,"href":"https:\/\/vietwig.com\/en\/wp-json\/wp\/v2\/comments?post=30800"}],"version-history":[{"count":1,"href":"https:\/\/vietwig.com\/en\/wp-json\/wp\/v2\/product\/30800\/revisions"}],"predecessor-version":[{"id":30801,"href":"https:\/\/vietwig.com\/en\/wp-json\/wp\/v2\/product\/30800\/revisions\/30801"}],"wp:featuredmedia":[{"embeddable":true,"href":"https:\/\/vietwig.com\/en\/wp-json\/wp\/v2\/media\/30351"}],"wp:attachment":[{"href":"https:\/\/vietwig.com\/en\/wp-json\/wp\/v2\/media?parent=30800"}],"wp:term":[{"taxonomy":"product_brand","embeddable":true,"href":"https:\/\/vietwig.com\/en\/wp-json\/wp\/v2\/product_brand?post=30800"},{"taxonomy":"product_cat","embeddable":true,"href":"https:\/\/vietwig.com\/en\/wp-json\/wp\/v2\/product_cat?post=30800"},{"taxonomy":"product_tag","embeddable":true,"href":"https:\/\/vietwig.com\/en\/wp-json\/wp\/v2\/product_tag?post=30800"}],"curies":[{"name":"wp","href":"https:\/\/api.w.org\/{rel}","templated":true}]}}