{"id":30825,"date":"2023-11-30T09:28:57","date_gmt":"2023-11-30T02:28:57","guid":{"rendered":"https:\/\/vietwig.com\/?post_type=product&#038;p=30825"},"modified":"2023-11-30T09:28:58","modified_gmt":"2023-11-30T02:28:58","slug":"ribbon-ruy-bang-phu-kien-toc-gia-may-bo-vien-mu-toc-gia-wig-cap-ma-sj-104","status":"publish","type":"product","link":"https:\/\/vietwig.com\/en\/product\/ribbon-ruy-bang-phu-kien-toc-gia-may-bo-vien-mu-toc-gia-wig-cap-ma-sj-104\/","title":{"rendered":"Ribbon Ruy B\u0103ng ph\u1ee5 ki\u1ec7n t\u00f3c gi\u1ea3 may bo vi\u1ec1n m\u0169 t\u00f3c gi\u1ea3 wig cap m\u00e3 SJ-104"},"content":{"rendered":"<p>Ribbon ruy b\u0103ng ph\u1ee5 ki\u1ec7n t\u00f3c gi\u1ea3 may bo vi\u1ec1n l\u01b0\u1edbi, t\u1ea5t c\u1ea3 c\u00e1c lo\u1ea1i l\u01b0\u1edbi khi \u0111\u01b0\u1ee3c c\u1eaft ra s\u1ebd t\u1ea1o c\u00e1c \u0111\u01b0\u1eddng tua rua \u1edf ngo\u00e0i \u0111\u01b0\u1eddng bi\u00ean, t\u1ea1i c\u00e1c \u0111\u01b0\u1eddng n\u00e0y c\u00e1c s\u1ee3i l\u01b0\u1edbi r\u1ea5t d\u1ec5 b\u1ecb r\u00fat ra, l\u00e0m k\u1ebft c\u1ea5u l\u01b0\u1edbi b\u1ecb h\u1ecfng, ch\u00fang ta c\u1ea7n g\u1eadp \u0111\u1ea7u l\u01b0\u1edbi \u0111\u1ec3 may tr\u00e1nh hi\u1ec7n t\u01b0\u1ee3ng h\u1ecfng l\u01b0\u1edbi, ngo\u00e0i vi\u1ec7c g\u1eadp\u0111\u1ea7u l\u01b0\u1edbi ch\u00fang ta d\u00f9ng th\u00eam ruy b\u0103ng may bo vi\u1ec1n gi\u00fap s\u1ea3n ph\u1ea9m trong \u0111\u1eb9p v\u00e0 tinh t\u1ebf h\u01a1n<\/p>\n<div id=\"attachment_30822\" style=\"width: 779px\" class=\"wp-caption aligncenter\"><img data-recalc-dims=\"1\" loading=\"lazy\" decoding=\"async\" aria-describedby=\"caption-attachment-30822\" class=\"size-large wp-image-30822\" src=\"https:\/\/i0.wp.com\/vietwig.com\/wp-content\/uploads\/2023\/11\/Ribbon-ruy-bang-ren-luoi-bo-vien-wig-cap-10.jpg?resize=769%2C1024&#038;ssl=1\" alt=\"\" width=\"769\" height=\"1024\" srcset=\"https:\/\/i0.wp.com\/vietwig.com\/wp-content\/uploads\/2023\/11\/Ribbon-ruy-bang-ren-luoi-bo-vien-wig-cap-10.jpg?resize=769%2C1024&amp;ssl=1 769w, https:\/\/i0.wp.com\/vietwig.com\/wp-content\/uploads\/2023\/11\/Ribbon-ruy-bang-ren-luoi-bo-vien-wig-cap-10.jpg?resize=225%2C300&amp;ssl=1 225w, https:\/\/i0.wp.com\/vietwig.com\/wp-content\/uploads\/2023\/11\/Ribbon-ruy-bang-ren-luoi-bo-vien-wig-cap-10.jpg?resize=768%2C1023&amp;ssl=1 768w, https:\/\/i0.wp.com\/vietwig.com\/wp-content\/uploads\/2023\/11\/Ribbon-ruy-bang-ren-luoi-bo-vien-wig-cap-10.jpg?resize=150%2C200&amp;ssl=1 150w, https:\/\/i0.wp.com\/vietwig.com\/wp-content\/uploads\/2023\/11\/Ribbon-ruy-bang-ren-luoi-bo-vien-wig-cap-10.jpg?w=960&amp;ssl=1 960w\" sizes=\"auto, (max-width: 769px) 100vw, 769px\" \/><p id=\"caption-attachment-30822\" class=\"wp-caption-text\">Ribbon ruy bang lam form mua luoi wig cap toc gia<\/p><\/div>\n<p><img data-recalc-dims=\"1\" loading=\"lazy\" decoding=\"async\" class=\"aligncenter size-large wp-image-30832\" src=\"https:\/\/i0.wp.com\/vietwig.com\/wp-content\/uploads\/2023\/11\/Ribbon-ruy-bang-ren-luoi-bo-vien-wig-cap-12.jpg?resize=768%2C1024&#038;ssl=1\" alt=\"\" width=\"768\" height=\"1024\" srcset=\"https:\/\/i0.wp.com\/vietwig.com\/wp-content\/uploads\/2023\/11\/Ribbon-ruy-bang-ren-luoi-bo-vien-wig-cap-12.jpg?resize=768%2C1024&amp;ssl=1 768w, https:\/\/i0.wp.com\/vietwig.com\/wp-content\/uploads\/2023\/11\/Ribbon-ruy-bang-ren-luoi-bo-vien-wig-cap-12.jpg?resize=225%2C300&amp;ssl=1 225w, https:\/\/i0.wp.com\/vietwig.com\/wp-content\/uploads\/2023\/11\/Ribbon-ruy-bang-ren-luoi-bo-vien-wig-cap-12.jpg?resize=1152%2C1536&amp;ssl=1 1152w, https:\/\/i0.wp.com\/vietwig.com\/wp-content\/uploads\/2023\/11\/Ribbon-ruy-bang-ren-luoi-bo-vien-wig-cap-12.jpg?resize=1200%2C1600&amp;ssl=1 1200w, https:\/\/i0.wp.com\/vietwig.com\/wp-content\/uploads\/2023\/11\/Ribbon-ruy-bang-ren-luoi-bo-vien-wig-cap-12.jpg?resize=150%2C200&amp;ssl=1 150w, https:\/\/i0.wp.com\/vietwig.com\/wp-content\/uploads\/2023\/11\/Ribbon-ruy-bang-ren-luoi-bo-vien-wig-cap-12.jpg?w=1512&amp;ssl=1 1512w\" sizes=\"auto, (max-width: 768px) 100vw, 768px\" \/><\/p>\n<div id=\"attachment_30826\" style=\"width: 778px\" class=\"wp-caption aligncenter\"><img data-recalc-dims=\"1\" loading=\"lazy\" decoding=\"async\" aria-describedby=\"caption-attachment-30826\" class=\"size-large wp-image-30826\" src=\"https:\/\/i0.wp.com\/vietwig.com\/wp-content\/uploads\/2023\/11\/Ribbon-ruy-bang-ren-luoi-bo-vien-wig-cap-4.jpg?resize=768%2C1024&#038;ssl=1\" alt=\"\" width=\"768\" height=\"1024\" srcset=\"https:\/\/i0.wp.com\/vietwig.com\/wp-content\/uploads\/2023\/11\/Ribbon-ruy-bang-ren-luoi-bo-vien-wig-cap-4.jpg?resize=768%2C1024&amp;ssl=1 768w, https:\/\/i0.wp.com\/vietwig.com\/wp-content\/uploads\/2023\/11\/Ribbon-ruy-bang-ren-luoi-bo-vien-wig-cap-4.jpg?resize=225%2C300&amp;ssl=1 225w, https:\/\/i0.wp.com\/vietwig.com\/wp-content\/uploads\/2023\/11\/Ribbon-ruy-bang-ren-luoi-bo-vien-wig-cap-4.jpg?resize=1152%2C1536&amp;ssl=1 1152w, https:\/\/i0.wp.com\/vietwig.com\/wp-content\/uploads\/2023\/11\/Ribbon-ruy-bang-ren-luoi-bo-vien-wig-cap-4.jpg?resize=1200%2C1600&amp;ssl=1 1200w, https:\/\/i0.wp.com\/vietwig.com\/wp-content\/uploads\/2023\/11\/Ribbon-ruy-bang-ren-luoi-bo-vien-wig-cap-4.jpg?resize=150%2C200&amp;ssl=1 150w, https:\/\/i0.wp.com\/vietwig.com\/wp-content\/uploads\/2023\/11\/Ribbon-ruy-bang-ren-luoi-bo-vien-wig-cap-4.jpg?w=1512&amp;ssl=1 1512w\" sizes=\"auto, (max-width: 768px) 100vw, 768px\" \/><p id=\"caption-attachment-30826\" class=\"wp-caption-text\">Ribbon ruy bang lam form mua luoi wig cap toc gia<\/p><\/div>\n<div id=\"attachment_30828\" style=\"width: 778px\" class=\"wp-caption aligncenter\"><img data-recalc-dims=\"1\" loading=\"lazy\" decoding=\"async\" aria-describedby=\"caption-attachment-30828\" class=\"size-large wp-image-30828\" src=\"https:\/\/i0.wp.com\/vietwig.com\/wp-content\/uploads\/2023\/11\/Ribbon-ruy-bang-ren-luoi-bo-vien-wig-cap-5.jpg?resize=768%2C1024&#038;ssl=1\" alt=\"\" width=\"768\" height=\"1024\" srcset=\"https:\/\/i0.wp.com\/vietwig.com\/wp-content\/uploads\/2023\/11\/Ribbon-ruy-bang-ren-luoi-bo-vien-wig-cap-5.jpg?resize=768%2C1024&amp;ssl=1 768w, https:\/\/i0.wp.com\/vietwig.com\/wp-content\/uploads\/2023\/11\/Ribbon-ruy-bang-ren-luoi-bo-vien-wig-cap-5.jpg?resize=225%2C300&amp;ssl=1 225w, https:\/\/i0.wp.com\/vietwig.com\/wp-content\/uploads\/2023\/11\/Ribbon-ruy-bang-ren-luoi-bo-vien-wig-cap-5.jpg?resize=1152%2C1536&amp;ssl=1 1152w, https:\/\/i0.wp.com\/vietwig.com\/wp-content\/uploads\/2023\/11\/Ribbon-ruy-bang-ren-luoi-bo-vien-wig-cap-5.jpg?resize=1200%2C1600&amp;ssl=1 1200w, https:\/\/i0.wp.com\/vietwig.com\/wp-content\/uploads\/2023\/11\/Ribbon-ruy-bang-ren-luoi-bo-vien-wig-cap-5.jpg?resize=150%2C200&amp;ssl=1 150w, https:\/\/i0.wp.com\/vietwig.com\/wp-content\/uploads\/2023\/11\/Ribbon-ruy-bang-ren-luoi-bo-vien-wig-cap-5.jpg?w=1512&amp;ssl=1 1512w\" sizes=\"auto, (max-width: 768px) 100vw, 768px\" \/><p id=\"caption-attachment-30828\" class=\"wp-caption-text\">Ribbon ruy bang lam form mua luoi wig cap toc gia<\/p><\/div>\n<p><img data-recalc-dims=\"1\" loading=\"lazy\" decoding=\"async\" class=\"aligncenter size-large wp-image-30830\" src=\"https:\/\/i0.wp.com\/vietwig.com\/wp-content\/uploads\/2023\/11\/Ribbon-ruy-bang-ren-luoi-bo-vien-wig-cap-11.jpg?resize=768%2C1024&#038;ssl=1\" alt=\"\" width=\"768\" height=\"1024\" srcset=\"https:\/\/i0.wp.com\/vietwig.com\/wp-content\/uploads\/2023\/11\/Ribbon-ruy-bang-ren-luoi-bo-vien-wig-cap-11.jpg?resize=768%2C1024&amp;ssl=1 768w, https:\/\/i0.wp.com\/vietwig.com\/wp-content\/uploads\/2023\/11\/Ribbon-ruy-bang-ren-luoi-bo-vien-wig-cap-11.jpg?resize=225%2C300&amp;ssl=1 225w, https:\/\/i0.wp.com\/vietwig.com\/wp-content\/uploads\/2023\/11\/Ribbon-ruy-bang-ren-luoi-bo-vien-wig-cap-11.jpg?resize=1152%2C1536&amp;ssl=1 1152w, https:\/\/i0.wp.com\/vietwig.com\/wp-content\/uploads\/2023\/11\/Ribbon-ruy-bang-ren-luoi-bo-vien-wig-cap-11.jpg?resize=1200%2C1600&amp;ssl=1 1200w, https:\/\/i0.wp.com\/vietwig.com\/wp-content\/uploads\/2023\/11\/Ribbon-ruy-bang-ren-luoi-bo-vien-wig-cap-11.jpg?resize=150%2C200&amp;ssl=1 150w, https:\/\/i0.wp.com\/vietwig.com\/wp-content\/uploads\/2023\/11\/Ribbon-ruy-bang-ren-luoi-bo-vien-wig-cap-11.jpg?w=1512&amp;ssl=1 1512w\" sizes=\"auto, (max-width: 768px) 100vw, 768px\" \/><\/p>\n<div id=\"attachment_30836\" style=\"width: 778px\" class=\"wp-caption aligncenter\"><img data-recalc-dims=\"1\" loading=\"lazy\" decoding=\"async\" aria-describedby=\"caption-attachment-30836\" class=\"size-large wp-image-30836\" src=\"https:\/\/i0.wp.com\/vietwig.com\/wp-content\/uploads\/2023\/11\/Ribbon-ruy-bang-ren-luoi-bo-vien-wig-cap-3.jpg?resize=768%2C1024&#038;ssl=1\" alt=\"\" width=\"768\" height=\"1024\" srcset=\"https:\/\/i0.wp.com\/vietwig.com\/wp-content\/uploads\/2023\/11\/Ribbon-ruy-bang-ren-luoi-bo-vien-wig-cap-3.jpg?resize=768%2C1024&amp;ssl=1 768w, https:\/\/i0.wp.com\/vietwig.com\/wp-content\/uploads\/2023\/11\/Ribbon-ruy-bang-ren-luoi-bo-vien-wig-cap-3.jpg?resize=225%2C300&amp;ssl=1 225w, https:\/\/i0.wp.com\/vietwig.com\/wp-content\/uploads\/2023\/11\/Ribbon-ruy-bang-ren-luoi-bo-vien-wig-cap-3.jpg?resize=1152%2C1536&amp;ssl=1 1152w, https:\/\/i0.wp.com\/vietwig.com\/wp-content\/uploads\/2023\/11\/Ribbon-ruy-bang-ren-luoi-bo-vien-wig-cap-3.jpg?resize=1200%2C1600&amp;ssl=1 1200w, https:\/\/i0.wp.com\/vietwig.com\/wp-content\/uploads\/2023\/11\/Ribbon-ruy-bang-ren-luoi-bo-vien-wig-cap-3.jpg?resize=150%2C200&amp;ssl=1 150w, https:\/\/i0.wp.com\/vietwig.com\/wp-content\/uploads\/2023\/11\/Ribbon-ruy-bang-ren-luoi-bo-vien-wig-cap-3.jpg?w=1512&amp;ssl=1 1512w\" sizes=\"auto, (max-width: 768px) 100vw, 768px\" \/><p id=\"caption-attachment-30836\" class=\"wp-caption-text\">Ribbon ruy bang lam form mua luoi wig cap toc gia<\/p><\/div>\n<div id=\"attachment_30834\" style=\"width: 778px\" class=\"wp-caption aligncenter\"><img data-recalc-dims=\"1\" loading=\"lazy\" decoding=\"async\" aria-describedby=\"caption-attachment-30834\" class=\"size-large wp-image-30834\" src=\"https:\/\/i0.wp.com\/vietwig.com\/wp-content\/uploads\/2023\/11\/Ribbon-ruy-bang-ren-luoi-bo-vien-wig-cap-2.jpg?resize=768%2C1024&#038;ssl=1\" alt=\"\" width=\"768\" height=\"1024\" srcset=\"https:\/\/i0.wp.com\/vietwig.com\/wp-content\/uploads\/2023\/11\/Ribbon-ruy-bang-ren-luoi-bo-vien-wig-cap-2.jpg?resize=768%2C1024&amp;ssl=1 768w, https:\/\/i0.wp.com\/vietwig.com\/wp-content\/uploads\/2023\/11\/Ribbon-ruy-bang-ren-luoi-bo-vien-wig-cap-2.jpg?resize=225%2C300&amp;ssl=1 225w, https:\/\/i0.wp.com\/vietwig.com\/wp-content\/uploads\/2023\/11\/Ribbon-ruy-bang-ren-luoi-bo-vien-wig-cap-2.jpg?resize=1152%2C1536&amp;ssl=1 1152w, https:\/\/i0.wp.com\/vietwig.com\/wp-content\/uploads\/2023\/11\/Ribbon-ruy-bang-ren-luoi-bo-vien-wig-cap-2.jpg?resize=1200%2C1600&amp;ssl=1 1200w, https:\/\/i0.wp.com\/vietwig.com\/wp-content\/uploads\/2023\/11\/Ribbon-ruy-bang-ren-luoi-bo-vien-wig-cap-2.jpg?resize=150%2C200&amp;ssl=1 150w, https:\/\/i0.wp.com\/vietwig.com\/wp-content\/uploads\/2023\/11\/Ribbon-ruy-bang-ren-luoi-bo-vien-wig-cap-2.jpg?w=1512&amp;ssl=1 1512w\" sizes=\"auto, (max-width: 768px) 100vw, 768px\" \/><p id=\"caption-attachment-30834\" class=\"wp-caption-text\">Ribbon ruy bang lam form mua luoi wig cap toc gia<\/p><\/div>\n","protected":false},"excerpt":{"rendered":"<p>Ribbon ruy b\u0103ng ph\u1ee5 ki\u1ec7n t\u00f3c gi\u1ea3 may bo vi\u1ec1n l\u01b0\u1edbi, t\u1ea5t c\u1ea3 c\u00e1c lo\u1ea1i l\u01b0\u1edbi khi \u0111\u01b0\u1ee3c c\u1eaft ra<\/p>\n","protected":false},"featured_media":30832,"comment_status":"closed","ping_status":"closed","template":"","meta":{"jetpack_publicize_message":"Ribbon Ruy B\u0103ng ph\u1ee5 ki\u1ec7n t\u00f3c gi\u1ea3 may bo vi\u1ec1n m\u0169 t\u00f3c gi\u1ea3 wig cap m\u00e3 SJ-104","jetpack_publicize_feature_enabled":true,"jetpack_social_post_already_shared":true,"jetpack_social_options":{"image_generator_settings":{"template":"highway","default_image_id":0,"font":"","enabled":false},"version":2}},"product_brand":[],"product_cat":[76],"product_tag":[589,587,599,591,593,597,595,601,605,607,603,604,590,588,600,592,594,598,596,602,606,608],"class_list":{"0":"post-30825","1":"product","2":"type-product","3":"status-publish","4":"has-post-thumbnail","6":"product_cat-dung-cu-moc-toc","7":"product_tag-ribbon-may-mu-toc-gia","8":"product_tag-ribbon-phu-kien-toc-gia","9":"product_tag-ribbon-ren-luoi-may-bo-vien-mu-toc-gia-wigcap","10":"product_tag-ribbon-ren-may-bo-vien-toc-gia","11":"product_tag-ribbon-ren-may-mu-toc-gia","12":"product_tag-ribbon-ren-may-mu-toc-gia-wigcap","13":"product_tag-ribbon-ren-may-wig-cap","14":"product_tag-ribbon-rsj-105","15":"product_tag-ribbon-sj-104","16":"product_tag-ribbon-sj104","17":"product_tag-riboon-rsj105","18":"product_tag-ruy-ban-rsj105","19":"product_tag-ruy-bang-may-mu-toc-gia","20":"product_tag-ruy-bang-phu-kien-toc-gia","21":"product_tag-ruy-bang-ren-luoi-may-bo-vien-mu-toc-gia-wigcap","22":"product_tag-ruy-bang-ren-may-bo-vien-toc-gia","23":"product_tag-ruy-bang-ren-may-mu-toc-gia","24":"product_tag-ruy-bang-ren-may-mu-toc-gia-wigcap","25":"product_tag-ruy-bang-ren-may-wig-cap","26":"product_tag-ruy-bang-rsj-105","27":"product_tag-ruy-bang-sj-104","28":"product_tag-ruy-bang-sj104","30":"first","31":"instock","32":"shipping-taxable","33":"product-type-simple"},"yoast_head":"<!-- This site is optimized with the Yoast SEO Premium plugin v23.0 (Yoast SEO v23.0) - https:\/\/yoast.com\/wordpress\/plugins\/seo\/ -->\n<title>Ribbon Ruy B\u0103ng ph\u1ee5 ki\u1ec7n t\u00f3c gi\u1ea3 may bo vi\u1ec1n m\u0169 t\u00f3c gi\u1ea3 wig cap m\u00e3 SJ-104 - Viet Wig - Wig made in Viet Nam<\/title>\n<meta name=\"robots\" content=\"index, follow, max-snippet:-1, max-image-preview:large, max-video-preview:-1\" \/>\n<link rel=\"canonical\" href=\"https:\/\/vietwig.com\/en\/product\/ribbon-ruy-bang-phu-kien-toc-gia-may-bo-vien-mu-toc-gia-wig-cap-ma-sj-104\/\" \/>\n<meta property=\"og:locale\" content=\"en_US\" \/>\n<meta property=\"og:type\" content=\"article\" \/>\n<meta property=\"og:title\" content=\"Ribbon Ruy B\u0103ng ph\u1ee5 ki\u1ec7n t\u00f3c gi\u1ea3 may bo vi\u1ec1n m\u0169 t\u00f3c gi\u1ea3 wig cap m\u00e3 SJ-104\" \/>\n<meta property=\"og:description\" content=\"Ribbon ruy b\u0103ng ph\u1ee5 ki\u1ec7n t\u00f3c gi\u1ea3 may bo vi\u1ec1n l\u01b0\u1edbi, t\u1ea5t c\u1ea3 c\u00e1c lo\u1ea1i l\u01b0\u1edbi khi \u0111\u01b0\u1ee3c c\u1eaft ra\" \/>\n<meta property=\"og:url\" content=\"https:\/\/vietwig.com\/en\/product\/ribbon-ruy-bang-phu-kien-toc-gia-may-bo-vien-mu-toc-gia-wig-cap-ma-sj-104\/\" \/>\n<meta property=\"og:site_name\" content=\"Viet Wig - Wig made in Viet Nam\" \/>\n<meta property=\"article:publisher\" content=\"https:\/\/www.facebook.com\/tocvietwig\" \/>\n<meta property=\"article:modified_time\" content=\"2023-11-30T02:28:58+00:00\" \/>\n<meta property=\"og:image\" content=\"https:\/\/i0.wp.com\/vietwig.com\/wp-content\/uploads\/2023\/11\/Ribbon-ruy-bang-ren-luoi-bo-vien-wig-cap-12.jpg?fit=1512%2C2016&ssl=1\" \/>\n\t<meta property=\"og:image:width\" content=\"1512\" \/>\n\t<meta property=\"og:image:height\" content=\"2016\" \/>\n\t<meta property=\"og:image:type\" content=\"image\/jpeg\" \/>\n<meta name=\"twitter:card\" content=\"summary_large_image\" \/>\n<meta name=\"twitter:label1\" content=\"Price\" \/>\n\t<meta name=\"twitter:data1\" content=\"\" \/>\n\t<meta name=\"twitter:label2\" content=\"Availability\" \/>\n\t<meta name=\"twitter:data2\" content=\"In stock\" \/>\n<script type=\"application\/ld+json\" class=\"yoast-schema-graph\">{\"@context\":\"https:\/\/schema.org\",\"@graph\":[{\"@type\":\"WebPage\",\"@id\":\"https:\/\/vietwig.com\/en\/product\/ribbon-ruy-bang-phu-kien-toc-gia-may-bo-vien-mu-toc-gia-wig-cap-ma-sj-104\/\",\"url\":\"https:\/\/vietwig.com\/en\/product\/ribbon-ruy-bang-phu-kien-toc-gia-may-bo-vien-mu-toc-gia-wig-cap-ma-sj-104\/\",\"name\":\"Ribbon Ruy B\u0103ng ph\u1ee5 ki\u1ec7n t\u00f3c gi\u1ea3 may bo vi\u1ec1n m\u0169 t\u00f3c gi\u1ea3 wig cap m\u00e3 SJ-104 - Viet Wig - Wig made in Viet Nam\",\"isPartOf\":{\"@id\":\"https:\/\/vietwig.com\/en\/#website\"},\"primaryImageOfPage\":{\"@id\":\"https:\/\/vietwig.com\/en\/product\/ribbon-ruy-bang-phu-kien-toc-gia-may-bo-vien-mu-toc-gia-wig-cap-ma-sj-104\/#primaryimage\"},\"image\":{\"@id\":\"https:\/\/vietwig.com\/en\/product\/ribbon-ruy-bang-phu-kien-toc-gia-may-bo-vien-mu-toc-gia-wig-cap-ma-sj-104\/#primaryimage\"},\"thumbnailUrl\":\"https:\/\/i0.wp.com\/vietwig.com\/wp-content\/uploads\/2023\/11\/Ribbon-ruy-bang-ren-luoi-bo-vien-wig-cap-12.jpg?fit=1512%2C2016&ssl=1\",\"datePublished\":\"2023-11-30T02:28:57+00:00\",\"dateModified\":\"2023-11-30T02:28:58+00:00\",\"breadcrumb\":{\"@id\":\"https:\/\/vietwig.com\/en\/product\/ribbon-ruy-bang-phu-kien-toc-gia-may-bo-vien-mu-toc-gia-wig-cap-ma-sj-104\/#breadcrumb\"},\"inLanguage\":\"en-US\",\"potentialAction\":[{\"@type\":\"ReadAction\",\"target\":[\"https:\/\/vietwig.com\/en\/product\/ribbon-ruy-bang-phu-kien-toc-gia-may-bo-vien-mu-toc-gia-wig-cap-ma-sj-104\/\"]}]},{\"@type\":\"ImageObject\",\"inLanguage\":\"en-US\",\"@id\":\"https:\/\/vietwig.com\/en\/product\/ribbon-ruy-bang-phu-kien-toc-gia-may-bo-vien-mu-toc-gia-wig-cap-ma-sj-104\/#primaryimage\",\"url\":\"https:\/\/i0.wp.com\/vietwig.com\/wp-content\/uploads\/2023\/11\/Ribbon-ruy-bang-ren-luoi-bo-vien-wig-cap-12.jpg?fit=1512%2C2016&ssl=1\",\"contentUrl\":\"https:\/\/i0.wp.com\/vietwig.com\/wp-content\/uploads\/2023\/11\/Ribbon-ruy-bang-ren-luoi-bo-vien-wig-cap-12.jpg?fit=1512%2C2016&ssl=1\",\"width\":1512,\"height\":2016},{\"@type\":\"BreadcrumbList\",\"@id\":\"https:\/\/vietwig.com\/en\/product\/ribbon-ruy-bang-phu-kien-toc-gia-may-bo-vien-mu-toc-gia-wig-cap-ma-sj-104\/#breadcrumb\",\"itemListElement\":[{\"@type\":\"ListItem\",\"position\":1,\"name\":\"Home\",\"item\":\"https:\/\/vietwig.com\/en\/\"},{\"@type\":\"ListItem\",\"position\":2,\"name\":\"Shop\",\"item\":\"https:\/\/vietwig.com\/en\/shop-2\/\"},{\"@type\":\"ListItem\",\"position\":3,\"name\":\"Ribbon Ruy B\u0103ng ph\u1ee5 ki\u1ec7n t\u00f3c gi\u1ea3 may bo vi\u1ec1n m\u0169 t\u00f3c gi\u1ea3 wig cap m\u00e3 SJ-104\"}]},{\"@type\":\"WebSite\",\"@id\":\"https:\/\/vietwig.com\/en\/#website\",\"url\":\"https:\/\/vietwig.com\/en\/\",\"name\":\"Viet Wig - Wig made in Viet Nam\",\"description\":\"\",\"publisher\":{\"@id\":\"https:\/\/vietwig.com\/en\/#organization\"},\"potentialAction\":[{\"@type\":\"SearchAction\",\"target\":{\"@type\":\"EntryPoint\",\"urlTemplate\":\"https:\/\/vietwig.com\/en\/?s={search_term_string}\"},\"query-input\":\"required name=search_term_string\"}],\"inLanguage\":\"en-US\"},{\"@type\":\"Organization\",\"@id\":\"https:\/\/vietwig.com\/en\/#organization\",\"name\":\"Viet Wig\",\"url\":\"https:\/\/vietwig.com\/en\/\",\"logo\":{\"@type\":\"ImageObject\",\"inLanguage\":\"en-US\",\"@id\":\"https:\/\/vietwig.com\/en\/#\/schema\/logo\/image\/\",\"url\":\"https:\/\/i0.wp.com\/vietwig.com\/wp-content\/uploads\/2021\/11\/logo-Viet-Wig1.png?fit=728%2C736&ssl=1\",\"contentUrl\":\"https:\/\/i0.wp.com\/vietwig.com\/wp-content\/uploads\/2021\/11\/logo-Viet-Wig1.png?fit=728%2C736&ssl=1\",\"width\":728,\"height\":736,\"caption\":\"Viet Wig\"},\"image\":{\"@id\":\"https:\/\/vietwig.com\/en\/#\/schema\/logo\/image\/\"},\"sameAs\":[\"https:\/\/www.facebook.com\/tocvietwig\"]}]}<\/script>\n<meta property=\"product:price:currency\" content=\"VND\" \/>\n<meta property=\"og:availability\" content=\"instock\" \/>\n<meta property=\"product:availability\" content=\"instock\" \/>\n<meta property=\"product:condition\" content=\"new\" \/>\n<!-- \/ Yoast SEO Premium plugin. -->","yoast_head_json":{"title":"Ribbon Ruy B\u0103ng ph\u1ee5 ki\u1ec7n t\u00f3c gi\u1ea3 may bo vi\u1ec1n m\u0169 t\u00f3c gi\u1ea3 wig cap m\u00e3 SJ-104 - Viet Wig - Wig made in Viet Nam","robots":{"index":"index","follow":"follow","max-snippet":"max-snippet:-1","max-image-preview":"max-image-preview:large","max-video-preview":"max-video-preview:-1"},"canonical":"https:\/\/vietwig.com\/en\/product\/ribbon-ruy-bang-phu-kien-toc-gia-may-bo-vien-mu-toc-gia-wig-cap-ma-sj-104\/","og_locale":"en_US","og_type":"article","og_title":"Ribbon Ruy B\u0103ng ph\u1ee5 ki\u1ec7n t\u00f3c gi\u1ea3 may bo vi\u1ec1n m\u0169 t\u00f3c gi\u1ea3 wig cap m\u00e3 SJ-104","og_description":"Ribbon ruy b\u0103ng ph\u1ee5 ki\u1ec7n t\u00f3c gi\u1ea3 may bo vi\u1ec1n l\u01b0\u1edbi, t\u1ea5t c\u1ea3 c\u00e1c lo\u1ea1i l\u01b0\u1edbi khi \u0111\u01b0\u1ee3c c\u1eaft ra","og_url":"https:\/\/vietwig.com\/en\/product\/ribbon-ruy-bang-phu-kien-toc-gia-may-bo-vien-mu-toc-gia-wig-cap-ma-sj-104\/","og_site_name":"Viet Wig - Wig made in Viet Nam","article_publisher":"https:\/\/www.facebook.com\/tocvietwig","article_modified_time":"2023-11-30T02:28:58+00:00","og_image":[{"width":1512,"height":2016,"url":"https:\/\/i0.wp.com\/vietwig.com\/wp-content\/uploads\/2023\/11\/Ribbon-ruy-bang-ren-luoi-bo-vien-wig-cap-12.jpg?fit=1512%2C2016&ssl=1","type":"image\/jpeg"}],"twitter_card":"summary_large_image","twitter_misc":{"Price":"","Availability":"In stock"},"schema":{"@context":"https:\/\/schema.org","@graph":[{"@type":"WebPage","@id":"https:\/\/vietwig.com\/en\/product\/ribbon-ruy-bang-phu-kien-toc-gia-may-bo-vien-mu-toc-gia-wig-cap-ma-sj-104\/","url":"https:\/\/vietwig.com\/en\/product\/ribbon-ruy-bang-phu-kien-toc-gia-may-bo-vien-mu-toc-gia-wig-cap-ma-sj-104\/","name":"Ribbon Ruy B\u0103ng ph\u1ee5 ki\u1ec7n t\u00f3c gi\u1ea3 may bo vi\u1ec1n m\u0169 t\u00f3c gi\u1ea3 wig cap m\u00e3 SJ-104 - Viet Wig - Wig made in Viet Nam","isPartOf":{"@id":"https:\/\/vietwig.com\/en\/#website"},"primaryImageOfPage":{"@id":"https:\/\/vietwig.com\/en\/product\/ribbon-ruy-bang-phu-kien-toc-gia-may-bo-vien-mu-toc-gia-wig-cap-ma-sj-104\/#primaryimage"},"image":{"@id":"https:\/\/vietwig.com\/en\/product\/ribbon-ruy-bang-phu-kien-toc-gia-may-bo-vien-mu-toc-gia-wig-cap-ma-sj-104\/#primaryimage"},"thumbnailUrl":"https:\/\/i0.wp.com\/vietwig.com\/wp-content\/uploads\/2023\/11\/Ribbon-ruy-bang-ren-luoi-bo-vien-wig-cap-12.jpg?fit=1512%2C2016&ssl=1","datePublished":"2023-11-30T02:28:57+00:00","dateModified":"2023-11-30T02:28:58+00:00","breadcrumb":{"@id":"https:\/\/vietwig.com\/en\/product\/ribbon-ruy-bang-phu-kien-toc-gia-may-bo-vien-mu-toc-gia-wig-cap-ma-sj-104\/#breadcrumb"},"inLanguage":"en-US","potentialAction":[{"@type":"ReadAction","target":["https:\/\/vietwig.com\/en\/product\/ribbon-ruy-bang-phu-kien-toc-gia-may-bo-vien-mu-toc-gia-wig-cap-ma-sj-104\/"]}]},{"@type":"ImageObject","inLanguage":"en-US","@id":"https:\/\/vietwig.com\/en\/product\/ribbon-ruy-bang-phu-kien-toc-gia-may-bo-vien-mu-toc-gia-wig-cap-ma-sj-104\/#primaryimage","url":"https:\/\/i0.wp.com\/vietwig.com\/wp-content\/uploads\/2023\/11\/Ribbon-ruy-bang-ren-luoi-bo-vien-wig-cap-12.jpg?fit=1512%2C2016&ssl=1","contentUrl":"https:\/\/i0.wp.com\/vietwig.com\/wp-content\/uploads\/2023\/11\/Ribbon-ruy-bang-ren-luoi-bo-vien-wig-cap-12.jpg?fit=1512%2C2016&ssl=1","width":1512,"height":2016},{"@type":"BreadcrumbList","@id":"https:\/\/vietwig.com\/en\/product\/ribbon-ruy-bang-phu-kien-toc-gia-may-bo-vien-mu-toc-gia-wig-cap-ma-sj-104\/#breadcrumb","itemListElement":[{"@type":"ListItem","position":1,"name":"Home","item":"https:\/\/vietwig.com\/en\/"},{"@type":"ListItem","position":2,"name":"Shop","item":"https:\/\/vietwig.com\/en\/shop-2\/"},{"@type":"ListItem","position":3,"name":"Ribbon Ruy B\u0103ng ph\u1ee5 ki\u1ec7n t\u00f3c gi\u1ea3 may bo vi\u1ec1n m\u0169 t\u00f3c gi\u1ea3 wig cap m\u00e3 SJ-104"}]},{"@type":"WebSite","@id":"https:\/\/vietwig.com\/en\/#website","url":"https:\/\/vietwig.com\/en\/","name":"Viet Wig - Wig made in Viet Nam","description":"","publisher":{"@id":"https:\/\/vietwig.com\/en\/#organization"},"potentialAction":[{"@type":"SearchAction","target":{"@type":"EntryPoint","urlTemplate":"https:\/\/vietwig.com\/en\/?s={search_term_string}"},"query-input":"required name=search_term_string"}],"inLanguage":"en-US"},{"@type":"Organization","@id":"https:\/\/vietwig.com\/en\/#organization","name":"Viet Wig","url":"https:\/\/vietwig.com\/en\/","logo":{"@type":"ImageObject","inLanguage":"en-US","@id":"https:\/\/vietwig.com\/en\/#\/schema\/logo\/image\/","url":"https:\/\/i0.wp.com\/vietwig.com\/wp-content\/uploads\/2021\/11\/logo-Viet-Wig1.png?fit=728%2C736&ssl=1","contentUrl":"https:\/\/i0.wp.com\/vietwig.com\/wp-content\/uploads\/2021\/11\/logo-Viet-Wig1.png?fit=728%2C736&ssl=1","width":728,"height":736,"caption":"Viet Wig"},"image":{"@id":"https:\/\/vietwig.com\/en\/#\/schema\/logo\/image\/"},"sameAs":["https:\/\/www.facebook.com\/tocvietwig"]}]},"product_price_currency":"VND","og_availability":"instock","product_availability":"instock","product_condition":"new"},"jetpack_publicize_connections":[],"jetpack-related-posts":[],"jetpack_sharing_enabled":true,"_links":{"self":[{"href":"https:\/\/vietwig.com\/en\/wp-json\/wp\/v2\/product\/30825","targetHints":{"allow":["GET"]}}],"collection":[{"href":"https:\/\/vietwig.com\/en\/wp-json\/wp\/v2\/product"}],"about":[{"href":"https:\/\/vietwig.com\/en\/wp-json\/wp\/v2\/types\/product"}],"replies":[{"embeddable":true,"href":"https:\/\/vietwig.com\/en\/wp-json\/wp\/v2\/comments?post=30825"}],"version-history":[{"count":1,"href":"https:\/\/vietwig.com\/en\/wp-json\/wp\/v2\/product\/30825\/revisions"}],"predecessor-version":[{"id":30838,"href":"https:\/\/vietwig.com\/en\/wp-json\/wp\/v2\/product\/30825\/revisions\/30838"}],"wp:featuredmedia":[{"embeddable":true,"href":"https:\/\/vietwig.com\/en\/wp-json\/wp\/v2\/media\/30832"}],"wp:attachment":[{"href":"https:\/\/vietwig.com\/en\/wp-json\/wp\/v2\/media?parent=30825"}],"wp:term":[{"taxonomy":"product_brand","embeddable":true,"href":"https:\/\/vietwig.com\/en\/wp-json\/wp\/v2\/product_brand?post=30825"},{"taxonomy":"product_cat","embeddable":true,"href":"https:\/\/vietwig.com\/en\/wp-json\/wp\/v2\/product_cat?post=30825"},{"taxonomy":"product_tag","embeddable":true,"href":"https:\/\/vietwig.com\/en\/wp-json\/wp\/v2\/product_tag?post=30825"}],"curies":[{"name":"wp","href":"https:\/\/api.w.org\/{rel}","templated":true}]}}