{"id":30877,"date":"2023-11-30T22:02:26","date_gmt":"2023-11-30T15:02:26","guid":{"rendered":"https:\/\/vietwig.com\/?post_type=product&#038;p=30877"},"modified":"2025-05-15T15:26:40","modified_gmt":"2025-05-15T08:26:40","slug":"mau-form-toupee-topper-lam-theo-y-tuong-khach-hang-dua-ra","status":"publish","type":"product","link":"https:\/\/vietwig.com\/en\/product\/mau-form-toupee-topper-lam-theo-y-tuong-khach-hang-dua-ra\/","title":{"rendered":"m\u1eabu form toupee topper lam theo y tuong khach h\u00e0ng \u0111\u01b0a ra"},"content":{"rendered":"<p>Form toupee topper l\u00e0m theo \u00fd t\u01b0\u1edfng kh\u00e1ch h\u00e0ng \u0111\u01b0a ra, s\u1ea3n ph\u1ea9m \u0111\u01b0\u1ee3c l\u00e0m d\u1ef1a tr\u00ean h\u00ecnh \u1ea3nh m\u1eabu kh\u00e1ch h\u00e0ng \u0111\u01b0a \u0111\u1ec3 ch\u1ec9nh s\u1eeda l\u1ea1i c\u00e1c bi\u00ean d\u1ea1ng theo s\u1edf th\u00edch c\u1ee7a kh\u00e1ch \u0111\u1ec3 kh\u1eafc ph\u1ee5c c\u00e1c v\u1ea5n \u0111\u1ec1 kh\u00f3 ch\u1ecbu khi kh\u00e1ch s\u1eed d\u1ee5ng s\u1ea3n ph\u1ea9m t\u00f3c toupee\/topper.<\/p>\n<p>&nbsp;<\/p>\n<div id=\"attachment_30886\" style=\"width: 595px\" class=\"wp-caption aligncenter\"><img data-recalc-dims=\"1\" loading=\"lazy\" decoding=\"async\" aria-describedby=\"caption-attachment-30886\" class=\"size-full wp-image-30886\" src=\"https:\/\/i0.wp.com\/vietwig.com\/wp-content\/uploads\/2023\/11\/thiet-ke-va-lam-form-toupee-topper-theo-y-tuong-khach-hang-dua-5.jpg?resize=585%2C759&#038;ssl=1\" alt=\"\" width=\"585\" height=\"759\" srcset=\"https:\/\/i0.wp.com\/vietwig.com\/wp-content\/uploads\/2023\/11\/thiet-ke-va-lam-form-toupee-topper-theo-y-tuong-khach-hang-dua-5.jpg?w=585&amp;ssl=1 585w, https:\/\/i0.wp.com\/vietwig.com\/wp-content\/uploads\/2023\/11\/thiet-ke-va-lam-form-toupee-topper-theo-y-tuong-khach-hang-dua-5.jpg?resize=231%2C300&amp;ssl=1 231w, https:\/\/i0.wp.com\/vietwig.com\/wp-content\/uploads\/2023\/11\/thiet-ke-va-lam-form-toupee-topper-theo-y-tuong-khach-hang-dua-5.jpg?resize=150%2C195&amp;ssl=1 150w\" sizes=\"auto, (max-width: 585px) 100vw, 585px\" \/><p id=\"caption-attachment-30886\" class=\"wp-caption-text\">h\u00ecnh \u1ea3nh s\u1ea3n ph\u1ea9m m\u1eabu topper kh\u00e1ch \u0111\u01b0a ra \u0111\u1ec3 l\u00e0m m\u1eabu<\/p><\/div>\n<div id=\"attachment_30888\" style=\"width: 778px\" class=\"wp-caption aligncenter\"><img data-recalc-dims=\"1\" loading=\"lazy\" decoding=\"async\" aria-describedby=\"caption-attachment-30888\" class=\"size-large wp-image-30888\" src=\"https:\/\/i0.wp.com\/vietwig.com\/wp-content\/uploads\/2023\/11\/thiet-ke-va-lam-form-toupee-topper-theo-y-tuong-khach-hang-dua-6.jpg?resize=768%2C1024&#038;ssl=1\" alt=\"\" width=\"768\" height=\"1024\" srcset=\"https:\/\/i0.wp.com\/vietwig.com\/wp-content\/uploads\/2023\/11\/thiet-ke-va-lam-form-toupee-topper-theo-y-tuong-khach-hang-dua-6-rotated.jpg?resize=768%2C1024&amp;ssl=1 768w, https:\/\/i0.wp.com\/vietwig.com\/wp-content\/uploads\/2023\/11\/thiet-ke-va-lam-form-toupee-topper-theo-y-tuong-khach-hang-dua-6-rotated.jpg?resize=225%2C300&amp;ssl=1 225w, https:\/\/i0.wp.com\/vietwig.com\/wp-content\/uploads\/2023\/11\/thiet-ke-va-lam-form-toupee-topper-theo-y-tuong-khach-hang-dua-6-rotated.jpg?resize=1152%2C1536&amp;ssl=1 1152w, https:\/\/i0.wp.com\/vietwig.com\/wp-content\/uploads\/2023\/11\/thiet-ke-va-lam-form-toupee-topper-theo-y-tuong-khach-hang-dua-6-rotated.jpg?resize=1200%2C1600&amp;ssl=1 1200w, https:\/\/i0.wp.com\/vietwig.com\/wp-content\/uploads\/2023\/11\/thiet-ke-va-lam-form-toupee-topper-theo-y-tuong-khach-hang-dua-6-rotated.jpg?resize=150%2C200&amp;ssl=1 150w, https:\/\/i0.wp.com\/vietwig.com\/wp-content\/uploads\/2023\/11\/thiet-ke-va-lam-form-toupee-topper-theo-y-tuong-khach-hang-dua-6-rotated.jpg?w=1512&amp;ssl=1 1512w\" sizes=\"auto, (max-width: 768px) 100vw, 768px\" \/><p id=\"caption-attachment-30888\" class=\"wp-caption-text\">X\u01b0\u1edfng t\u00f3c vi\u1ec7t Wig l\u00ean \u00fd t\u01b0\u1edfng v\u00e0 k\u00edch th\u01b0\u1edbc v\u1ebd demo tr\u00ean \u0111\u1ea7u manocanh \u0111\u1ec3 kh\u00e1ch h\u00ecnh dung v\u1ecb tr\u00ed toupee\/topper s\u1ebd g\u1eafn t\u00f3c<\/p><\/div>\n<p><iframe loading=\"lazy\" title=\"form toupee topper made by vietwig\" width=\"500\" height=\"281\" src=\"https:\/\/www.youtube.com\/embed\/g0lzoLDTDJk?feature=oembed\" frameborder=\"0\" allow=\"accelerometer; autoplay; clipboard-write; encrypted-media; gyroscope; picture-in-picture; web-share\" referrerpolicy=\"strict-origin-when-cross-origin\" allowfullscreen><\/iframe><\/p>\n<div id=\"attachment_30880\" style=\"width: 1034px\" class=\"wp-caption aligncenter\"><img data-recalc-dims=\"1\" loading=\"lazy\" decoding=\"async\" aria-describedby=\"caption-attachment-30880\" class=\"size-large wp-image-30880\" src=\"https:\/\/i0.wp.com\/vietwig.com\/wp-content\/uploads\/2023\/11\/thiet-ke-va-lam-form-toupee-topper-theo-y-tuong-khach-hang-dua-2.jpg?resize=1024%2C768&#038;ssl=1\" alt=\"\" width=\"1024\" height=\"768\" srcset=\"https:\/\/i0.wp.com\/vietwig.com\/wp-content\/uploads\/2023\/11\/thiet-ke-va-lam-form-toupee-topper-theo-y-tuong-khach-hang-dua-2.jpg?resize=1024%2C768&amp;ssl=1 1024w, https:\/\/i0.wp.com\/vietwig.com\/wp-content\/uploads\/2023\/11\/thiet-ke-va-lam-form-toupee-topper-theo-y-tuong-khach-hang-dua-2.jpg?resize=300%2C225&amp;ssl=1 300w, https:\/\/i0.wp.com\/vietwig.com\/wp-content\/uploads\/2023\/11\/thiet-ke-va-lam-form-toupee-topper-theo-y-tuong-khach-hang-dua-2.jpg?resize=768%2C576&amp;ssl=1 768w, https:\/\/i0.wp.com\/vietwig.com\/wp-content\/uploads\/2023\/11\/thiet-ke-va-lam-form-toupee-topper-theo-y-tuong-khach-hang-dua-2.jpg?resize=1536%2C1152&amp;ssl=1 1536w, https:\/\/i0.wp.com\/vietwig.com\/wp-content\/uploads\/2023\/11\/thiet-ke-va-lam-form-toupee-topper-theo-y-tuong-khach-hang-dua-2.jpg?resize=1200%2C900&amp;ssl=1 1200w, https:\/\/i0.wp.com\/vietwig.com\/wp-content\/uploads\/2023\/11\/thiet-ke-va-lam-form-toupee-topper-theo-y-tuong-khach-hang-dua-2.jpg?resize=150%2C113&amp;ssl=1 150w, https:\/\/i0.wp.com\/vietwig.com\/wp-content\/uploads\/2023\/11\/thiet-ke-va-lam-form-toupee-topper-theo-y-tuong-khach-hang-dua-2.jpg?w=2016&amp;ssl=1 2016w\" sizes=\"auto, (max-width: 1000px) 100vw, 1000px\" \/><p id=\"caption-attachment-30880\" class=\"wp-caption-text\">Sau khi l\u00ean \u00fd t\u01b0\u1edfng X\u01b0\u1edfng Vi\u1ec7t Wig l\u00e0m form theo k\u00edch th\u01b0\u1edbc v\u00e0 h\u00ecnh d\u00e1ng kh\u00e1ch mong mu\u1ed1n<\/p><\/div>\n<div id=\"attachment_30892\" style=\"width: 1034px\" class=\"wp-caption aligncenter\"><img data-recalc-dims=\"1\" loading=\"lazy\" decoding=\"async\" aria-describedby=\"caption-attachment-30892\" class=\"size-large wp-image-30892\" src=\"https:\/\/i0.wp.com\/vietwig.com\/wp-content\/uploads\/2023\/11\/Hoan-thien-san-pham-tu-form-thiet-ke-theo-y-tuong-khach-hang-2.jpg?resize=1024%2C768&#038;ssl=1\" alt=\"\" width=\"1024\" height=\"768\" srcset=\"https:\/\/i0.wp.com\/vietwig.com\/wp-content\/uploads\/2023\/11\/Hoan-thien-san-pham-tu-form-thiet-ke-theo-y-tuong-khach-hang-2.jpg?resize=1024%2C768&amp;ssl=1 1024w, https:\/\/i0.wp.com\/vietwig.com\/wp-content\/uploads\/2023\/11\/Hoan-thien-san-pham-tu-form-thiet-ke-theo-y-tuong-khach-hang-2.jpg?resize=300%2C225&amp;ssl=1 300w, https:\/\/i0.wp.com\/vietwig.com\/wp-content\/uploads\/2023\/11\/Hoan-thien-san-pham-tu-form-thiet-ke-theo-y-tuong-khach-hang-2.jpg?resize=768%2C576&amp;ssl=1 768w, https:\/\/i0.wp.com\/vietwig.com\/wp-content\/uploads\/2023\/11\/Hoan-thien-san-pham-tu-form-thiet-ke-theo-y-tuong-khach-hang-2.jpg?resize=1536%2C1152&amp;ssl=1 1536w, https:\/\/i0.wp.com\/vietwig.com\/wp-content\/uploads\/2023\/11\/Hoan-thien-san-pham-tu-form-thiet-ke-theo-y-tuong-khach-hang-2.jpg?resize=1200%2C900&amp;ssl=1 1200w, https:\/\/i0.wp.com\/vietwig.com\/wp-content\/uploads\/2023\/11\/Hoan-thien-san-pham-tu-form-thiet-ke-theo-y-tuong-khach-hang-2.jpg?resize=150%2C113&amp;ssl=1 150w, https:\/\/i0.wp.com\/vietwig.com\/wp-content\/uploads\/2023\/11\/Hoan-thien-san-pham-tu-form-thiet-ke-theo-y-tuong-khach-hang-2.jpg?w=2016&amp;ssl=1 2016w\" sizes=\"auto, (max-width: 1000px) 100vw, 1000px\" \/><p id=\"caption-attachment-30892\" class=\"wp-caption-text\">S\u1ea3n ph\u1ea9m sau khi \u0111\u00e3 \u0111\u01b0\u1ee3c m\u00f3c t\u00f3c v\u00e0o<\/p><\/div>\n<div id=\"attachment_30902\" style=\"width: 778px\" class=\"wp-caption aligncenter\"><img data-recalc-dims=\"1\" loading=\"lazy\" decoding=\"async\" aria-describedby=\"caption-attachment-30902\" class=\"size-large wp-image-30902\" src=\"https:\/\/i0.wp.com\/vietwig.com\/wp-content\/uploads\/2023\/11\/Hoan-thien-san-pham-tu-form-thiet-ke-theo-y-tuong-khach-hang-7.jpg?resize=768%2C1024&#038;ssl=1\" alt=\"\" width=\"768\" height=\"1024\" srcset=\"https:\/\/i0.wp.com\/vietwig.com\/wp-content\/uploads\/2023\/11\/Hoan-thien-san-pham-tu-form-thiet-ke-theo-y-tuong-khach-hang-7.jpg?resize=768%2C1024&amp;ssl=1 768w, https:\/\/i0.wp.com\/vietwig.com\/wp-content\/uploads\/2023\/11\/Hoan-thien-san-pham-tu-form-thiet-ke-theo-y-tuong-khach-hang-7.jpg?resize=225%2C300&amp;ssl=1 225w, https:\/\/i0.wp.com\/vietwig.com\/wp-content\/uploads\/2023\/11\/Hoan-thien-san-pham-tu-form-thiet-ke-theo-y-tuong-khach-hang-7.jpg?resize=1152%2C1536&amp;ssl=1 1152w, https:\/\/i0.wp.com\/vietwig.com\/wp-content\/uploads\/2023\/11\/Hoan-thien-san-pham-tu-form-thiet-ke-theo-y-tuong-khach-hang-7.jpg?resize=1200%2C1600&amp;ssl=1 1200w, https:\/\/i0.wp.com\/vietwig.com\/wp-content\/uploads\/2023\/11\/Hoan-thien-san-pham-tu-form-thiet-ke-theo-y-tuong-khach-hang-7.jpg?resize=150%2C200&amp;ssl=1 150w, https:\/\/i0.wp.com\/vietwig.com\/wp-content\/uploads\/2023\/11\/Hoan-thien-san-pham-tu-form-thiet-ke-theo-y-tuong-khach-hang-7.jpg?w=1512&amp;ssl=1 1512w\" sizes=\"auto, (max-width: 768px) 100vw, 768px\" \/><p id=\"caption-attachment-30902\" class=\"wp-caption-text\">S\u1ea3n ph\u1ea9m \u0111\u01b0\u1ee3c t\u1ea1o ki\u1ec3u chia ng\u00f4i theo \u00fd kh\u00e1ch<\/p><\/div>\n<div id=\"attachment_30904\" style=\"width: 778px\" class=\"wp-caption aligncenter\"><img data-recalc-dims=\"1\" loading=\"lazy\" decoding=\"async\" aria-describedby=\"caption-attachment-30904\" class=\"size-large wp-image-30904\" src=\"https:\/\/i0.wp.com\/vietwig.com\/wp-content\/uploads\/2023\/11\/Hoan-thien-san-pham-tu-form-thiet-ke-theo-y-tuong-khach-hang-8.jpg?resize=768%2C1024&#038;ssl=1\" alt=\"\" width=\"768\" height=\"1024\" srcset=\"https:\/\/i0.wp.com\/vietwig.com\/wp-content\/uploads\/2023\/11\/Hoan-thien-san-pham-tu-form-thiet-ke-theo-y-tuong-khach-hang-8.jpg?resize=768%2C1024&amp;ssl=1 768w, https:\/\/i0.wp.com\/vietwig.com\/wp-content\/uploads\/2023\/11\/Hoan-thien-san-pham-tu-form-thiet-ke-theo-y-tuong-khach-hang-8.jpg?resize=225%2C300&amp;ssl=1 225w, https:\/\/i0.wp.com\/vietwig.com\/wp-content\/uploads\/2023\/11\/Hoan-thien-san-pham-tu-form-thiet-ke-theo-y-tuong-khach-hang-8.jpg?resize=1152%2C1536&amp;ssl=1 1152w, https:\/\/i0.wp.com\/vietwig.com\/wp-content\/uploads\/2023\/11\/Hoan-thien-san-pham-tu-form-thiet-ke-theo-y-tuong-khach-hang-8.jpg?resize=1200%2C1600&amp;ssl=1 1200w, https:\/\/i0.wp.com\/vietwig.com\/wp-content\/uploads\/2023\/11\/Hoan-thien-san-pham-tu-form-thiet-ke-theo-y-tuong-khach-hang-8.jpg?resize=150%2C200&amp;ssl=1 150w, https:\/\/i0.wp.com\/vietwig.com\/wp-content\/uploads\/2023\/11\/Hoan-thien-san-pham-tu-form-thiet-ke-theo-y-tuong-khach-hang-8.jpg?w=1512&amp;ssl=1 1512w\" sizes=\"auto, (max-width: 768px) 100vw, 768px\" \/><p id=\"caption-attachment-30904\" class=\"wp-caption-text\">hoan thien san pham theo form thiet ke<\/p><\/div>\n<p>\ud83d\udc49B\u1ea1n \u0111ang t\u00ecm ki\u1ebfm nh\u00e0 s\u1ea3n xu\u1ea5t\/b\u00e1n s\u1ec9 t\u00f3c gi\u1ea3 d\u1ea1ng d\u00e1n ho\u1eb7c t\u00f3c k\u1eb9p toupee\/topper v\u1eady h\u00e3y li\u00ean h\u1ec7 v\u1edbi x\u01b0\u1edfng t\u00f3c Vi\u1ec7t Wig<br \/>\n\ud83d\udc49C\u00e1c s\u1ea3n ph\u1ea9m t\u00f3c c\u1ee7a ch\u00fang t\u00f4i cung c\u1ea5p \u0111a d\u1ea1ng ph\u00f9 h\u1ee3p v\u1edbi c\u1ea3 nam v\u00e0 n\u1eef v\u1edbi c\u00e1c k\u00edch th\u01b0\u1edbc \u0111\u01b0\u1ee3c t\u00f9y ch\u1ec9nh theo y\u00eau c\u1ea7u.<br \/>\n\ud83d\udc49X\u01b0\u1edfng t\u00f3c Viet Wig l\u00e0 m\u1ed9t c\u00f4ng ty s\u1ea3n xu\u1ea5t t\u00f3c gi\u1ea3 uy t\u00edn. ch\u00fang t\u00f4i c\u00f3 h\u1ec7 th\u1ed1ng qu\u1ea3n l\u00fd ch\u1ea5t l\u01b0\u1ee3ng ch\u1eb7t ch\u1ebd.<br \/>\n\ud83d\udc49Ch\u00fang t\u00f4i c\u00f3 c\u00e1c k\u1ef9 thu\u1eadt vi\u00ean v\u00e0 nh\u00e0 t\u1ea1o m\u1eabu t\u00f3c gi\u00e0u kinh nghi\u1ec7m, c\u00e1c m\u1eabu t\u00f3c c\u1ee7a ch\u00fang t\u00f4i \u0111\u01b0\u1ee3c s\u1ea3n Xu\u1ea5t b\u1edfi c\u00e1c th\u1ee3 th\u1ee7 c\u00f4ng l\u00e0nh ngh\u1ec1 c\u0169ng nh\u01b0 s\u1eed d\u1ee5ng t\u00f3c th\u1eadt ch\u1ea5t l\u01b0\u1ee3ng cao \u0111\u1ec3 t\u1ea1o ra c\u00e1c m\u1eabu t\u00f3c t\u00f9y ch\u1ec9nh ch\u1ea5t l\u01b0\u1ee3ng v\u00e0 gi\u00e1 t\u1ed1t nh\u1ea5t cho c\u00e1c c\u1eeda h\u00e0ng<\/p>\n<p>xem Chi ti\u1ebft:<br \/>\n\u2728X\u01b0\u1edfng t\u00f3c Vi\u1ec7t Wig nh\u1eadn gia c\u00f4ng t\u1ea5t c\u1ea3 c\u00e1c m\u1eb7t h\u00e0ng theo y\u00eau c\u1ea7u<br \/>\nl\u00e0m form m\u00f3c t\u00f3c, M\u00f3c t\u00f3c gi\u1ea3 y\u00eau c\u1ea7u k\u1ef9 thu\u1eadt cao, m\u00f3c h\u00e0ng si\u00eau da \u0111\u1ea7u 2 l\u1edbp, 3 l\u1edbp, l\u01b0\u1edbi Mono, l\u01b0\u1edbi Lace, m\u00e0ng Da PU &#8230;..<br \/>\n\u260e (+84) 825.691.999<br \/>\n\ud83c\udf10https:\/\/vietwig.com<br \/>\n\ud83c\udfea \u0110\u1ecba Ch\u1ec9 X\u01b0\u1edfng t\u00f3c Vi\u1ec7t Wig: x\u00e3 \u0110\u00ecnh Cao, huy\u1ec7n Ph\u00f9 C\u1eeb, H\u01b0ng Y\u00ean, Vi\u1ec7t Nam<\/p>\n","protected":false},"excerpt":{"rendered":"<p>Form toupee topper l\u00e0m theo \u00fd t\u01b0\u1edfng kh\u00e1ch h\u00e0ng \u0111\u01b0a ra, s\u1ea3n ph\u1ea9m \u0111\u01b0\u1ee3c l\u00e0m d\u1ef1a tr\u00ean h\u00ecnh \u1ea3nh m\u1eabu<\/p>\n","protected":false},"featured_media":30878,"comment_status":"closed","ping_status":"closed","template":"","meta":{"jetpack_publicize_message":"","jetpack_publicize_feature_enabled":true,"jetpack_social_post_already_shared":true,"jetpack_social_options":{"image_generator_settings":{"template":"highway","default_image_id":0,"font":"","enabled":false},"version":2}},"product_brand":[],"product_cat":[275,705],"product_tag":[313,311,315,319,278,316,277,287,317,276,288,314,312,318,286,143,142,290],"class_list":{"0":"post-30877","1":"product","2":"type-product","3":"status-publish","4":"has-post-thumbnail","6":"product_cat-phom-moc-toc","7":"product_cat-phom-topper-nu","8":"product_tag-form-topper","9":"product_tag-form-toupee","10":"product_tag-gia-cong-form-topper","11":"product_tag-gia-cong-phom-topper","12":"product_tag-gia-cong-phom-toupee","13":"product_tag-lam-form-topper-theo-yeu-cau","14":"product_tag-phom-moc-toc","15":"product_tag-phom-moc-toc-gia","16":"product_tag-phom-topper","17":"product_tag-phom-toupee","18":"product_tag-phom-toupee-pu","19":"product_tag-san-xuat-form-topper","20":"product_tag-san-xuat-form-toupee","21":"product_tag-san-xuat-phom-topper","22":"product_tag-san-xuat-phom-toupee","23":"product_tag-viet-wig","24":"product_tag-vietwig","25":"product_tag-xuong-toc-viet-wig","27":"first","28":"instock","29":"shipping-taxable","30":"product-type-simple"},"yoast_head":"<!-- This site is optimized with the Yoast SEO Premium plugin v23.0 (Yoast SEO v23.0) - https:\/\/yoast.com\/wordpress\/plugins\/seo\/ -->\n<title>m\u1eabu form toupee topper lam theo y tuong khach h\u00e0ng \u0111\u01b0a ra - Viet Wig - Wig made in Viet Nam<\/title>\n<meta name=\"robots\" content=\"index, follow, max-snippet:-1, max-image-preview:large, max-video-preview:-1\" \/>\n<link rel=\"canonical\" href=\"https:\/\/vietwig.com\/en\/product\/mau-form-toupee-topper-lam-theo-y-tuong-khach-hang-dua-ra\/\" \/>\n<meta property=\"og:locale\" content=\"en_US\" \/>\n<meta property=\"og:type\" content=\"article\" \/>\n<meta property=\"og:title\" content=\"m\u1eabu form toupee topper lam theo y tuong khach h\u00e0ng \u0111\u01b0a ra\" \/>\n<meta property=\"og:description\" content=\"Form toupee topper l\u00e0m theo \u00fd t\u01b0\u1edfng kh\u00e1ch h\u00e0ng \u0111\u01b0a ra, s\u1ea3n ph\u1ea9m \u0111\u01b0\u1ee3c l\u00e0m d\u1ef1a tr\u00ean h\u00ecnh \u1ea3nh m\u1eabu\" \/>\n<meta property=\"og:url\" content=\"https:\/\/vietwig.com\/en\/product\/mau-form-toupee-topper-lam-theo-y-tuong-khach-hang-dua-ra\/\" \/>\n<meta property=\"og:site_name\" content=\"Viet Wig - Wig made in Viet Nam\" \/>\n<meta property=\"article:publisher\" content=\"https:\/\/www.facebook.com\/tocvietwig\" \/>\n<meta property=\"article:modified_time\" content=\"2025-05-15T08:26:40+00:00\" \/>\n<meta property=\"og:image\" content=\"https:\/\/i0.wp.com\/vietwig.com\/wp-content\/uploads\/2023\/11\/thiet-ke-va-lam-form-toupee-topper-theo-y-tuong-khach-hang-dua-1.jpg?fit=1601%2C1494&ssl=1\" \/>\n\t<meta property=\"og:image:width\" content=\"1601\" \/>\n\t<meta property=\"og:image:height\" content=\"1494\" \/>\n\t<meta property=\"og:image:type\" content=\"image\/jpeg\" \/>\n<meta name=\"twitter:card\" content=\"summary_large_image\" \/>\n<meta name=\"twitter:label1\" content=\"Price\" \/>\n\t<meta name=\"twitter:data1\" content=\"\" \/>\n\t<meta name=\"twitter:label2\" content=\"Availability\" \/>\n\t<meta name=\"twitter:data2\" content=\"In stock\" \/>\n<script type=\"application\/ld+json\" class=\"yoast-schema-graph\">{\"@context\":\"https:\/\/schema.org\",\"@graph\":[{\"@type\":\"WebPage\",\"@id\":\"https:\/\/vietwig.com\/en\/product\/mau-form-toupee-topper-lam-theo-y-tuong-khach-hang-dua-ra\/\",\"url\":\"https:\/\/vietwig.com\/en\/product\/mau-form-toupee-topper-lam-theo-y-tuong-khach-hang-dua-ra\/\",\"name\":\"m\u1eabu form toupee topper lam theo y tuong khach h\u00e0ng \u0111\u01b0a ra - Viet Wig - Wig made in Viet Nam\",\"isPartOf\":{\"@id\":\"https:\/\/vietwig.com\/en\/#website\"},\"primaryImageOfPage\":{\"@id\":\"https:\/\/vietwig.com\/en\/product\/mau-form-toupee-topper-lam-theo-y-tuong-khach-hang-dua-ra\/#primaryimage\"},\"image\":{\"@id\":\"https:\/\/vietwig.com\/en\/product\/mau-form-toupee-topper-lam-theo-y-tuong-khach-hang-dua-ra\/#primaryimage\"},\"thumbnailUrl\":\"https:\/\/i0.wp.com\/vietwig.com\/wp-content\/uploads\/2023\/11\/thiet-ke-va-lam-form-toupee-topper-theo-y-tuong-khach-hang-dua-1.jpg?fit=1601%2C1494&ssl=1\",\"datePublished\":\"2023-11-30T15:02:26+00:00\",\"dateModified\":\"2025-05-15T08:26:40+00:00\",\"breadcrumb\":{\"@id\":\"https:\/\/vietwig.com\/en\/product\/mau-form-toupee-topper-lam-theo-y-tuong-khach-hang-dua-ra\/#breadcrumb\"},\"inLanguage\":\"en-US\",\"potentialAction\":[{\"@type\":\"ReadAction\",\"target\":[\"https:\/\/vietwig.com\/en\/product\/mau-form-toupee-topper-lam-theo-y-tuong-khach-hang-dua-ra\/\"]}]},{\"@type\":\"ImageObject\",\"inLanguage\":\"en-US\",\"@id\":\"https:\/\/vietwig.com\/en\/product\/mau-form-toupee-topper-lam-theo-y-tuong-khach-hang-dua-ra\/#primaryimage\",\"url\":\"https:\/\/i0.wp.com\/vietwig.com\/wp-content\/uploads\/2023\/11\/thiet-ke-va-lam-form-toupee-topper-theo-y-tuong-khach-hang-dua-1.jpg?fit=1601%2C1494&ssl=1\",\"contentUrl\":\"https:\/\/i0.wp.com\/vietwig.com\/wp-content\/uploads\/2023\/11\/thiet-ke-va-lam-form-toupee-topper-theo-y-tuong-khach-hang-dua-1.jpg?fit=1601%2C1494&ssl=1\",\"width\":1601,\"height\":1494,\"caption\":\"thi\u1ebft k\u1ebf v\u00e0 l\u00e0m form m\u00f3c t\u00f3c toupee topper theo \u00fd kh\u00e1ch\"},{\"@type\":\"BreadcrumbList\",\"@id\":\"https:\/\/vietwig.com\/en\/product\/mau-form-toupee-topper-lam-theo-y-tuong-khach-hang-dua-ra\/#breadcrumb\",\"itemListElement\":[{\"@type\":\"ListItem\",\"position\":1,\"name\":\"Home\",\"item\":\"https:\/\/vietwig.com\/en\/\"},{\"@type\":\"ListItem\",\"position\":2,\"name\":\"Shop\",\"item\":\"https:\/\/vietwig.com\/en\/shop-2\/\"},{\"@type\":\"ListItem\",\"position\":3,\"name\":\"m\u1eabu form toupee topper lam theo y tuong khach h\u00e0ng \u0111\u01b0a ra\"}]},{\"@type\":\"WebSite\",\"@id\":\"https:\/\/vietwig.com\/en\/#website\",\"url\":\"https:\/\/vietwig.com\/en\/\",\"name\":\"Viet Wig - Wig made in Viet Nam\",\"description\":\"\",\"publisher\":{\"@id\":\"https:\/\/vietwig.com\/en\/#organization\"},\"potentialAction\":[{\"@type\":\"SearchAction\",\"target\":{\"@type\":\"EntryPoint\",\"urlTemplate\":\"https:\/\/vietwig.com\/en\/?s={search_term_string}\"},\"query-input\":\"required name=search_term_string\"}],\"inLanguage\":\"en-US\"},{\"@type\":\"Organization\",\"@id\":\"https:\/\/vietwig.com\/en\/#organization\",\"name\":\"Viet Wig\",\"url\":\"https:\/\/vietwig.com\/en\/\",\"logo\":{\"@type\":\"ImageObject\",\"inLanguage\":\"en-US\",\"@id\":\"https:\/\/vietwig.com\/en\/#\/schema\/logo\/image\/\",\"url\":\"https:\/\/i0.wp.com\/vietwig.com\/wp-content\/uploads\/2021\/11\/logo-Viet-Wig1.png?fit=728%2C736&ssl=1\",\"contentUrl\":\"https:\/\/i0.wp.com\/vietwig.com\/wp-content\/uploads\/2021\/11\/logo-Viet-Wig1.png?fit=728%2C736&ssl=1\",\"width\":728,\"height\":736,\"caption\":\"Viet Wig\"},\"image\":{\"@id\":\"https:\/\/vietwig.com\/en\/#\/schema\/logo\/image\/\"},\"sameAs\":[\"https:\/\/www.facebook.com\/tocvietwig\"]}]}<\/script>\n<meta property=\"product:price:currency\" content=\"VND\" \/>\n<meta property=\"og:availability\" content=\"instock\" \/>\n<meta property=\"product:availability\" content=\"instock\" \/>\n<meta property=\"product:condition\" content=\"new\" \/>\n<!-- \/ Yoast SEO Premium plugin. -->","yoast_head_json":{"title":"m\u1eabu form toupee topper lam theo y tuong khach h\u00e0ng \u0111\u01b0a ra - Viet Wig - Wig made in Viet Nam","robots":{"index":"index","follow":"follow","max-snippet":"max-snippet:-1","max-image-preview":"max-image-preview:large","max-video-preview":"max-video-preview:-1"},"canonical":"https:\/\/vietwig.com\/en\/product\/mau-form-toupee-topper-lam-theo-y-tuong-khach-hang-dua-ra\/","og_locale":"en_US","og_type":"article","og_title":"m\u1eabu form toupee topper lam theo y tuong khach h\u00e0ng \u0111\u01b0a ra","og_description":"Form toupee topper l\u00e0m theo \u00fd t\u01b0\u1edfng kh\u00e1ch h\u00e0ng \u0111\u01b0a ra, s\u1ea3n ph\u1ea9m \u0111\u01b0\u1ee3c l\u00e0m d\u1ef1a tr\u00ean h\u00ecnh \u1ea3nh m\u1eabu","og_url":"https:\/\/vietwig.com\/en\/product\/mau-form-toupee-topper-lam-theo-y-tuong-khach-hang-dua-ra\/","og_site_name":"Viet Wig - Wig made in Viet Nam","article_publisher":"https:\/\/www.facebook.com\/tocvietwig","article_modified_time":"2025-05-15T08:26:40+00:00","og_image":[{"width":1601,"height":1494,"url":"https:\/\/i0.wp.com\/vietwig.com\/wp-content\/uploads\/2023\/11\/thiet-ke-va-lam-form-toupee-topper-theo-y-tuong-khach-hang-dua-1.jpg?fit=1601%2C1494&ssl=1","type":"image\/jpeg"}],"twitter_card":"summary_large_image","twitter_misc":{"Price":"","Availability":"In stock"},"schema":{"@context":"https:\/\/schema.org","@graph":[{"@type":"WebPage","@id":"https:\/\/vietwig.com\/en\/product\/mau-form-toupee-topper-lam-theo-y-tuong-khach-hang-dua-ra\/","url":"https:\/\/vietwig.com\/en\/product\/mau-form-toupee-topper-lam-theo-y-tuong-khach-hang-dua-ra\/","name":"m\u1eabu form toupee topper lam theo y tuong khach h\u00e0ng \u0111\u01b0a ra - Viet Wig - Wig made in Viet Nam","isPartOf":{"@id":"https:\/\/vietwig.com\/en\/#website"},"primaryImageOfPage":{"@id":"https:\/\/vietwig.com\/en\/product\/mau-form-toupee-topper-lam-theo-y-tuong-khach-hang-dua-ra\/#primaryimage"},"image":{"@id":"https:\/\/vietwig.com\/en\/product\/mau-form-toupee-topper-lam-theo-y-tuong-khach-hang-dua-ra\/#primaryimage"},"thumbnailUrl":"https:\/\/i0.wp.com\/vietwig.com\/wp-content\/uploads\/2023\/11\/thiet-ke-va-lam-form-toupee-topper-theo-y-tuong-khach-hang-dua-1.jpg?fit=1601%2C1494&ssl=1","datePublished":"2023-11-30T15:02:26+00:00","dateModified":"2025-05-15T08:26:40+00:00","breadcrumb":{"@id":"https:\/\/vietwig.com\/en\/product\/mau-form-toupee-topper-lam-theo-y-tuong-khach-hang-dua-ra\/#breadcrumb"},"inLanguage":"en-US","potentialAction":[{"@type":"ReadAction","target":["https:\/\/vietwig.com\/en\/product\/mau-form-toupee-topper-lam-theo-y-tuong-khach-hang-dua-ra\/"]}]},{"@type":"ImageObject","inLanguage":"en-US","@id":"https:\/\/vietwig.com\/en\/product\/mau-form-toupee-topper-lam-theo-y-tuong-khach-hang-dua-ra\/#primaryimage","url":"https:\/\/i0.wp.com\/vietwig.com\/wp-content\/uploads\/2023\/11\/thiet-ke-va-lam-form-toupee-topper-theo-y-tuong-khach-hang-dua-1.jpg?fit=1601%2C1494&ssl=1","contentUrl":"https:\/\/i0.wp.com\/vietwig.com\/wp-content\/uploads\/2023\/11\/thiet-ke-va-lam-form-toupee-topper-theo-y-tuong-khach-hang-dua-1.jpg?fit=1601%2C1494&ssl=1","width":1601,"height":1494,"caption":"thi\u1ebft k\u1ebf v\u00e0 l\u00e0m form m\u00f3c t\u00f3c toupee topper theo \u00fd kh\u00e1ch"},{"@type":"BreadcrumbList","@id":"https:\/\/vietwig.com\/en\/product\/mau-form-toupee-topper-lam-theo-y-tuong-khach-hang-dua-ra\/#breadcrumb","itemListElement":[{"@type":"ListItem","position":1,"name":"Home","item":"https:\/\/vietwig.com\/en\/"},{"@type":"ListItem","position":2,"name":"Shop","item":"https:\/\/vietwig.com\/en\/shop-2\/"},{"@type":"ListItem","position":3,"name":"m\u1eabu form toupee topper lam theo y tuong khach h\u00e0ng \u0111\u01b0a ra"}]},{"@type":"WebSite","@id":"https:\/\/vietwig.com\/en\/#website","url":"https:\/\/vietwig.com\/en\/","name":"Viet Wig - Wig made in Viet Nam","description":"","publisher":{"@id":"https:\/\/vietwig.com\/en\/#organization"},"potentialAction":[{"@type":"SearchAction","target":{"@type":"EntryPoint","urlTemplate":"https:\/\/vietwig.com\/en\/?s={search_term_string}"},"query-input":"required name=search_term_string"}],"inLanguage":"en-US"},{"@type":"Organization","@id":"https:\/\/vietwig.com\/en\/#organization","name":"Viet Wig","url":"https:\/\/vietwig.com\/en\/","logo":{"@type":"ImageObject","inLanguage":"en-US","@id":"https:\/\/vietwig.com\/en\/#\/schema\/logo\/image\/","url":"https:\/\/i0.wp.com\/vietwig.com\/wp-content\/uploads\/2021\/11\/logo-Viet-Wig1.png?fit=728%2C736&ssl=1","contentUrl":"https:\/\/i0.wp.com\/vietwig.com\/wp-content\/uploads\/2021\/11\/logo-Viet-Wig1.png?fit=728%2C736&ssl=1","width":728,"height":736,"caption":"Viet Wig"},"image":{"@id":"https:\/\/vietwig.com\/en\/#\/schema\/logo\/image\/"},"sameAs":["https:\/\/www.facebook.com\/tocvietwig"]}]},"product_price_currency":"VND","og_availability":"instock","product_availability":"instock","product_condition":"new"},"jetpack_publicize_connections":[],"jetpack-related-posts":[],"jetpack_sharing_enabled":true,"_links":{"self":[{"href":"https:\/\/vietwig.com\/en\/wp-json\/wp\/v2\/product\/30877","targetHints":{"allow":["GET"]}}],"collection":[{"href":"https:\/\/vietwig.com\/en\/wp-json\/wp\/v2\/product"}],"about":[{"href":"https:\/\/vietwig.com\/en\/wp-json\/wp\/v2\/types\/product"}],"replies":[{"embeddable":true,"href":"https:\/\/vietwig.com\/en\/wp-json\/wp\/v2\/comments?post=30877"}],"version-history":[{"count":3,"href":"https:\/\/vietwig.com\/en\/wp-json\/wp\/v2\/product\/30877\/revisions"}],"predecessor-version":[{"id":31593,"href":"https:\/\/vietwig.com\/en\/wp-json\/wp\/v2\/product\/30877\/revisions\/31593"}],"wp:featuredmedia":[{"embeddable":true,"href":"https:\/\/vietwig.com\/en\/wp-json\/wp\/v2\/media\/30878"}],"wp:attachment":[{"href":"https:\/\/vietwig.com\/en\/wp-json\/wp\/v2\/media?parent=30877"}],"wp:term":[{"taxonomy":"product_brand","embeddable":true,"href":"https:\/\/vietwig.com\/en\/wp-json\/wp\/v2\/product_brand?post=30877"},{"taxonomy":"product_cat","embeddable":true,"href":"https:\/\/vietwig.com\/en\/wp-json\/wp\/v2\/product_cat?post=30877"},{"taxonomy":"product_tag","embeddable":true,"href":"https:\/\/vietwig.com\/en\/wp-json\/wp\/v2\/product_tag?post=30877"}],"curies":[{"name":"wp","href":"https:\/\/api.w.org\/{rel}","templated":true}]}}