{"id":30934,"date":"2023-12-02T10:56:38","date_gmt":"2023-12-02T03:56:38","guid":{"rendered":"https:\/\/vietwig.com\/?post_type=product&#038;p=30934"},"modified":"2024-12-25T13:12:33","modified_gmt":"2024-12-25T06:12:33","slug":"nhan-lam-phom-moc-toc-toupee-topper-hinh-qua-le","status":"publish","type":"product","link":"https:\/\/vietwig.com\/en\/product\/nhan-lam-phom-moc-toc-toupee-topper-hinh-qua-le\/","title":{"rendered":"Nh\u1eadn l\u00e0m phom m\u00f3c t\u00f3c toupee\/topper h\u00ecnh qu\u1ea3 l\u00ea"},"content":{"rendered":"<p>Form m\u00f3c t\u00f3c gi\u1ea3 toupee\/topper m\u00e3 FTL01 (form tr\u00e1i l\u00ea 01) c\u00f3 h\u00ecnh d\u00e1ng gi\u1ed1ng tr\u00e1i l\u00ea, Vi\u1ec1n xung quanh l\u00e0 l\u1edbp ph\u1ee7 PU c\u00f3 g\u1ea1c, gi\u1eefa l\u00e0 l\u01b0\u1edbi lace ho\u1eb7c l\u01b0\u1edbi Mono. Vi\u1ec1n tr\u01b0\u1edbc tr\u00e1n l\u00e0 ruy b\u0103ng ren lace v\u00e0 \u0111\u01b0\u1ee3c gia c\u1ed1 may ch\u1ec9 c\u01b0\u1edbc bo xung quanh vi\u1ec1n.<\/p>\n<p>X\u01b0\u1edfng t\u00f3c Vi\u1ec7t Wig Nh\u1eadn l\u00e0m form m\u00f3c t\u00f3c toupee\/toper theo h\u00ecnh d\u00e1ng, k\u00edch th\u01b0\u1edbc c\u00e1c v\u1ecb tr\u00ed theo \u00fd t\u01b0\u1edfng v\u00e0 y\u00eau c\u1ea7u c\u1ee7a kh\u00e1ch h\u00e0ng v\u1edbi c\u00e1c lo\u1ea1i v\u1eadt li\u1ec7u \u0111a d\u1ea1ng k\u1ebft h\u1ee3p l\u1ea1i v\u1edbi nhau. X\u01b0\u1edfng t\u00f3c l\u00e0m form m\u00f3c t\u00f3c t\u1eeb l\u01b0\u1edbi lace, l\u01b0\u1edbi mono k\u1ebft h\u1ee3p v\u1edbi m\u00e0ng da PU nh\u01b0 da PU trong su\u1ed1t ho\u1eb7c da PU c\u00f3 g\u1ea1c..<\/p>\n<p><strong>M\u00f4 t\u1ea3 S\u1ea3n ph\u1ea9m form m\u00f3c t\u00f3c topper h\u00ecnh tr\u00e1i l\u00ea:<\/strong><\/p>\n<p><strong>M\u00e3 s\u1ea3n ph\u1ea9m:<\/strong> FTL01 (form tr\u00e1i l\u00ea 01)<\/p>\n<p><strong>V\u1eadt Li\u1ec7u:<\/strong><\/p>\n<ul>\n<li>Vi\u1ec1n bao quanh l\u00e0 l\u1edbp ph\u1ee7 PU c\u00f3 g\u1ea1c<\/li>\n<li>L\u01b0\u1edbi gi\u1eefa l\u00e0 l\u01b0\u1edbi Lace<\/li>\n<li>Vi\u1ec1n tr\u01b0\u1edbc tr\u00e1n l\u00e0 ruy b\u0103ng ren lace<\/li>\n<li>Ch\u1ec9 c\u01b0\u1edbc may bo quanh vi\u1ec1n.<\/li>\n<\/ul>\n<p><strong>K\u00edch th\u01b0\u1edbc:\u00a0<\/strong>c\u00f3 th\u1ec3 t\u00f9y ch\u1ec9nh k\u00edch th\u01b0\u1edbc theo y\u00eau c\u1ea7u.<\/p>\n<p><iframe loading=\"lazy\" title=\"nh\u1eadn l\u00e0m phom m\u00f3c t\u00f3c toupee topper h\u00ecnh qu\u1ea3 l\u00ea\" width=\"500\" height=\"281\" src=\"https:\/\/www.youtube.com\/embed\/hInmr9mm5lo?feature=oembed\" frameborder=\"0\" allow=\"accelerometer; autoplay; clipboard-write; encrypted-media; gyroscope; picture-in-picture; web-share\" referrerpolicy=\"strict-origin-when-cross-origin\" allowfullscreen><\/iframe><\/p>\n<div id=\"attachment_30939\" style=\"width: 778px\" class=\"wp-caption aligncenter\"><img data-recalc-dims=\"1\" loading=\"lazy\" decoding=\"async\" aria-describedby=\"caption-attachment-30939\" class=\"size-large wp-image-30939\" src=\"https:\/\/i0.wp.com\/vietwig.com\/wp-content\/uploads\/2023\/12\/phom-moc-toc-toupee-topee-hinh-qua-le-1.jpg?resize=768%2C1024&#038;ssl=1\" alt=\"\" width=\"768\" height=\"1024\" srcset=\"https:\/\/i0.wp.com\/vietwig.com\/wp-content\/uploads\/2023\/12\/phom-moc-toc-toupee-topee-hinh-qua-le-1.jpg?resize=768%2C1024&amp;ssl=1 768w, https:\/\/i0.wp.com\/vietwig.com\/wp-content\/uploads\/2023\/12\/phom-moc-toc-toupee-topee-hinh-qua-le-1.jpg?resize=225%2C300&amp;ssl=1 225w, https:\/\/i0.wp.com\/vietwig.com\/wp-content\/uploads\/2023\/12\/phom-moc-toc-toupee-topee-hinh-qua-le-1.jpg?resize=1152%2C1536&amp;ssl=1 1152w, https:\/\/i0.wp.com\/vietwig.com\/wp-content\/uploads\/2023\/12\/phom-moc-toc-toupee-topee-hinh-qua-le-1.jpg?resize=1200%2C1600&amp;ssl=1 1200w, https:\/\/i0.wp.com\/vietwig.com\/wp-content\/uploads\/2023\/12\/phom-moc-toc-toupee-topee-hinh-qua-le-1.jpg?resize=150%2C200&amp;ssl=1 150w, https:\/\/i0.wp.com\/vietwig.com\/wp-content\/uploads\/2023\/12\/phom-moc-toc-toupee-topee-hinh-qua-le-1.jpg?w=1512&amp;ssl=1 1512w\" sizes=\"auto, (max-width: 768px) 100vw, 768px\" \/><p id=\"caption-attachment-30939\" class=\"wp-caption-text\">Phom moc toc toupee topper hinh qua le<\/p><\/div>\n<div id=\"attachment_30941\" style=\"width: 778px\" class=\"wp-caption aligncenter\"><img data-recalc-dims=\"1\" loading=\"lazy\" decoding=\"async\" aria-describedby=\"caption-attachment-30941\" class=\"size-large wp-image-30941\" src=\"https:\/\/i0.wp.com\/vietwig.com\/wp-content\/uploads\/2023\/12\/phom-moc-toc-toupee-topee-hinh-qua-le-2.jpg?resize=768%2C1024&#038;ssl=1\" alt=\"\" width=\"768\" height=\"1024\" srcset=\"https:\/\/i0.wp.com\/vietwig.com\/wp-content\/uploads\/2023\/12\/phom-moc-toc-toupee-topee-hinh-qua-le-2.jpg?resize=768%2C1024&amp;ssl=1 768w, https:\/\/i0.wp.com\/vietwig.com\/wp-content\/uploads\/2023\/12\/phom-moc-toc-toupee-topee-hinh-qua-le-2.jpg?resize=225%2C300&amp;ssl=1 225w, https:\/\/i0.wp.com\/vietwig.com\/wp-content\/uploads\/2023\/12\/phom-moc-toc-toupee-topee-hinh-qua-le-2.jpg?resize=1152%2C1536&amp;ssl=1 1152w, https:\/\/i0.wp.com\/vietwig.com\/wp-content\/uploads\/2023\/12\/phom-moc-toc-toupee-topee-hinh-qua-le-2.jpg?resize=1200%2C1600&amp;ssl=1 1200w, https:\/\/i0.wp.com\/vietwig.com\/wp-content\/uploads\/2023\/12\/phom-moc-toc-toupee-topee-hinh-qua-le-2.jpg?resize=150%2C200&amp;ssl=1 150w, https:\/\/i0.wp.com\/vietwig.com\/wp-content\/uploads\/2023\/12\/phom-moc-toc-toupee-topee-hinh-qua-le-2.jpg?w=1512&amp;ssl=1 1512w\" sizes=\"auto, (max-width: 768px) 100vw, 768px\" \/><p id=\"caption-attachment-30941\" class=\"wp-caption-text\">Phom moc toc toupee topper hinh qua le<\/p><\/div>\n<div id=\"attachment_30943\" style=\"width: 1034px\" class=\"wp-caption aligncenter\"><img data-recalc-dims=\"1\" loading=\"lazy\" decoding=\"async\" aria-describedby=\"caption-attachment-30943\" class=\"size-large wp-image-30943\" src=\"https:\/\/i0.wp.com\/vietwig.com\/wp-content\/uploads\/2023\/12\/phom-moc-toc-toupee-topee-hinh-qua-le-3.jpg?resize=1024%2C768&#038;ssl=1\" alt=\"\" width=\"1024\" height=\"768\" srcset=\"https:\/\/i0.wp.com\/vietwig.com\/wp-content\/uploads\/2023\/12\/phom-moc-toc-toupee-topee-hinh-qua-le-3.jpg?resize=1024%2C768&amp;ssl=1 1024w, https:\/\/i0.wp.com\/vietwig.com\/wp-content\/uploads\/2023\/12\/phom-moc-toc-toupee-topee-hinh-qua-le-3.jpg?resize=300%2C225&amp;ssl=1 300w, https:\/\/i0.wp.com\/vietwig.com\/wp-content\/uploads\/2023\/12\/phom-moc-toc-toupee-topee-hinh-qua-le-3.jpg?resize=768%2C576&amp;ssl=1 768w, https:\/\/i0.wp.com\/vietwig.com\/wp-content\/uploads\/2023\/12\/phom-moc-toc-toupee-topee-hinh-qua-le-3.jpg?resize=1536%2C1152&amp;ssl=1 1536w, https:\/\/i0.wp.com\/vietwig.com\/wp-content\/uploads\/2023\/12\/phom-moc-toc-toupee-topee-hinh-qua-le-3.jpg?resize=1200%2C900&amp;ssl=1 1200w, https:\/\/i0.wp.com\/vietwig.com\/wp-content\/uploads\/2023\/12\/phom-moc-toc-toupee-topee-hinh-qua-le-3.jpg?resize=150%2C113&amp;ssl=1 150w, https:\/\/i0.wp.com\/vietwig.com\/wp-content\/uploads\/2023\/12\/phom-moc-toc-toupee-topee-hinh-qua-le-3.jpg?w=2016&amp;ssl=1 2016w\" sizes=\"auto, (max-width: 1000px) 100vw, 1000px\" \/><p id=\"caption-attachment-30943\" class=\"wp-caption-text\">Phom moc toc toupee topper hinh qua le<\/p><\/div>\n<p><img data-recalc-dims=\"1\" loading=\"lazy\" decoding=\"async\" class=\"aligncenter size-full wp-image-30945\" src=\"https:\/\/i0.wp.com\/vietwig.com\/wp-content\/uploads\/2023\/12\/phom-moc-toc-toupee-topee-hinh-qua-le-4.png?resize=473%2C1024&#038;ssl=1\" alt=\"\" width=\"473\" height=\"1024\" srcset=\"https:\/\/i0.wp.com\/vietwig.com\/wp-content\/uploads\/2023\/12\/phom-moc-toc-toupee-topee-hinh-qua-le-4.png?w=473&amp;ssl=1 473w, https:\/\/i0.wp.com\/vietwig.com\/wp-content\/uploads\/2023\/12\/phom-moc-toc-toupee-topee-hinh-qua-le-4.png?resize=139%2C300&amp;ssl=1 139w, https:\/\/i0.wp.com\/vietwig.com\/wp-content\/uploads\/2023\/12\/phom-moc-toc-toupee-topee-hinh-qua-le-4.png?resize=150%2C325&amp;ssl=1 150w\" sizes=\"auto, (max-width: 473px) 100vw, 473px\" \/> <img data-recalc-dims=\"1\" loading=\"lazy\" decoding=\"async\" class=\"aligncenter size-full wp-image-30947\" src=\"https:\/\/i0.wp.com\/vietwig.com\/wp-content\/uploads\/2023\/12\/phom-moc-toc-toupee-topee-hinh-qua-le-5.png?resize=473%2C1024&#038;ssl=1\" alt=\"\" width=\"473\" height=\"1024\" srcset=\"https:\/\/i0.wp.com\/vietwig.com\/wp-content\/uploads\/2023\/12\/phom-moc-toc-toupee-topee-hinh-qua-le-5.png?w=473&amp;ssl=1 473w, https:\/\/i0.wp.com\/vietwig.com\/wp-content\/uploads\/2023\/12\/phom-moc-toc-toupee-topee-hinh-qua-le-5.png?resize=139%2C300&amp;ssl=1 139w, https:\/\/i0.wp.com\/vietwig.com\/wp-content\/uploads\/2023\/12\/phom-moc-toc-toupee-topee-hinh-qua-le-5.png?resize=150%2C325&amp;ssl=1 150w\" sizes=\"auto, (max-width: 473px) 100vw, 473px\" \/> <img data-recalc-dims=\"1\" loading=\"lazy\" decoding=\"async\" class=\"aligncenter size-full wp-image-30949\" src=\"https:\/\/i0.wp.com\/vietwig.com\/wp-content\/uploads\/2023\/12\/phom-moc-toc-toupee-topee-hinh-qua-le-6.png?resize=473%2C1024&#038;ssl=1\" alt=\"\" width=\"473\" height=\"1024\" srcset=\"https:\/\/i0.wp.com\/vietwig.com\/wp-content\/uploads\/2023\/12\/phom-moc-toc-toupee-topee-hinh-qua-le-6.png?w=473&amp;ssl=1 473w, https:\/\/i0.wp.com\/vietwig.com\/wp-content\/uploads\/2023\/12\/phom-moc-toc-toupee-topee-hinh-qua-le-6.png?resize=139%2C300&amp;ssl=1 139w, https:\/\/i0.wp.com\/vietwig.com\/wp-content\/uploads\/2023\/12\/phom-moc-toc-toupee-topee-hinh-qua-le-6.png?resize=150%2C325&amp;ssl=1 150w\" sizes=\"auto, (max-width: 473px) 100vw, 473px\" \/> <img data-recalc-dims=\"1\" loading=\"lazy\" decoding=\"async\" class=\"aligncenter size-full wp-image-30951\" src=\"https:\/\/i0.wp.com\/vietwig.com\/wp-content\/uploads\/2023\/12\/phom-moc-toc-toupee-topee-hinh-qua-le-7.png?resize=473%2C1024&#038;ssl=1\" alt=\"\" width=\"473\" height=\"1024\" srcset=\"https:\/\/i0.wp.com\/vietwig.com\/wp-content\/uploads\/2023\/12\/phom-moc-toc-toupee-topee-hinh-qua-le-7.png?w=473&amp;ssl=1 473w, https:\/\/i0.wp.com\/vietwig.com\/wp-content\/uploads\/2023\/12\/phom-moc-toc-toupee-topee-hinh-qua-le-7.png?resize=139%2C300&amp;ssl=1 139w, https:\/\/i0.wp.com\/vietwig.com\/wp-content\/uploads\/2023\/12\/phom-moc-toc-toupee-topee-hinh-qua-le-7.png?resize=150%2C325&amp;ssl=1 150w\" sizes=\"auto, (max-width: 473px) 100vw, 473px\" \/><\/p>\n<p>\ud83d\udc49B\u1ea1n \u0111ang t\u00ecm ki\u1ebfm nh\u00e0 s\u1ea3n xu\u1ea5t\/b\u00e1n s\u1ec9 t\u00f3c gi\u1ea3 d\u1ea1ng d\u00e1n ho\u1eb7c t\u00f3c k\u1eb9p toupee\/topper v\u1eady h\u00e3y li\u00ean h\u1ec7 v\u1edbi x\u01b0\u1edfng t\u00f3c Vi\u1ec7t Wig<br \/>\n\ud83d\udc49C\u00e1c s\u1ea3n ph\u1ea9m t\u00f3c c\u1ee7a ch\u00fang t\u00f4i cung c\u1ea5p \u0111a d\u1ea1ng ph\u00f9 h\u1ee3p v\u1edbi c\u1ea3 nam v\u00e0 n\u1eef v\u1edbi c\u00e1c k\u00edch th\u01b0\u1edbc \u0111\u01b0\u1ee3c t\u00f9y ch\u1ec9nh theo y\u00eau c\u1ea7u.<br \/>\n\ud83d\udc49X\u01b0\u1edfng t\u00f3c Viet Wig l\u00e0 m\u1ed9t c\u00f4ng ty s\u1ea3n xu\u1ea5t t\u00f3c gi\u1ea3 uy t\u00edn. ch\u00fang t\u00f4i c\u00f3 h\u1ec7 th\u1ed1ng qu\u1ea3n l\u00fd ch\u1ea5t l\u01b0\u1ee3ng ch\u1eb7t ch\u1ebd.<br \/>\n\ud83d\udc49Ch\u00fang t\u00f4i c\u00f3 c\u00e1c k\u1ef9 thu\u1eadt vi\u00ean v\u00e0 nh\u00e0 t\u1ea1o m\u1eabu t\u00f3c gi\u00e0u kinh nghi\u1ec7m, c\u00e1c m\u1eabu t\u00f3c c\u1ee7a ch\u00fang t\u00f4i \u0111\u01b0\u1ee3c s\u1ea3n Xu\u1ea5t b\u1edfi c\u00e1c th\u1ee3 th\u1ee7 c\u00f4ng l\u00e0nh ngh\u1ec1 c\u0169ng nh\u01b0 s\u1eed d\u1ee5ng t\u00f3c th\u1eadt ch\u1ea5t l\u01b0\u1ee3ng cao \u0111\u1ec3 t\u1ea1o ra c\u00e1c m\u1eabu t\u00f3c t\u00f9y ch\u1ec9nh ch\u1ea5t l\u01b0\u1ee3ng v\u00e0 gi\u00e1 t\u1ed1t nh\u1ea5t cho c\u00e1c c\u1eeda h\u00e0ng<\/p>\n<p>xem Chi ti\u1ebft:<br \/>\n\u2728X\u01b0\u1edfng t\u00f3c Vi\u1ec7t Wig nh\u1eadn gia c\u00f4ng t\u1ea5t c\u1ea3 c\u00e1c m\u1eb7t h\u00e0ng theo y\u00eau c\u1ea7u<br \/>\nl\u00e0m form m\u00f3c t\u00f3c, M\u00f3c t\u00f3c gi\u1ea3 y\u00eau c\u1ea7u k\u1ef9 thu\u1eadt cao, m\u00f3c h\u00e0ng si\u00eau da \u0111\u1ea7u 2 l\u1edbp, 3 l\u1edbp, l\u01b0\u1edbi Mono, l\u01b0\u1edbi Lace, m\u00e0ng Da PU &#8230;..<br \/>\n\u260e (+84) 825.691.999<br \/>\n\ud83c\udf10https:\/\/vietwig.com<br \/>\n\ud83c\udfea \u0110\u1ecba Ch\u1ec9 X\u01b0\u1edfng t\u00f3c Vi\u1ec7t Wig: x\u00e3 \u0110\u00ecnh Cao, huy\u1ec7n Ph\u00f9 C\u1eeb, H\u01b0ng Y\u00ean, Vi\u1ec7t Nam<\/p>\n","protected":false},"excerpt":{"rendered":"<p>Form m\u00f3c t\u00f3c gi\u1ea3 toupee\/topper m\u00e3 FTL01 (form tr\u00e1i l\u00ea 01) c\u00f3 h\u00ecnh d\u00e1ng gi\u1ed1ng tr\u00e1i l\u00ea, Vi\u1ec1n xung quanh<\/p>\n","protected":false},"featured_media":30939,"comment_status":"closed","ping_status":"closed","template":"","meta":{"jetpack_publicize_message":"","jetpack_publicize_feature_enabled":true,"jetpack_social_post_already_shared":true,"jetpack_social_options":{"image_generator_settings":{"template":"highway","default_image_id":0,"font":"","enabled":false},"version":2}},"product_brand":[],"product_cat":[275,705],"product_tag":[622,623,313,311,621,315,319,278,316,277,287,317,620,276,288,619,314,312,318,286,143,142,290],"class_list":{"0":"post-30934","1":"product","2":"type-product","3":"status-publish","4":"has-post-thumbnail","6":"product_cat-phom-moc-toc","7":"product_cat-phom-topper-nu","8":"product_tag-form-ftl01","9":"product_tag-form-moc-toc-trai-le","10":"product_tag-form-topper","11":"product_tag-form-toupee","12":"product_tag-ftl01","13":"product_tag-gia-cong-form-topper","14":"product_tag-gia-cong-phom-topper","15":"product_tag-gia-cong-phom-toupee","16":"product_tag-lam-form-topper-theo-yeu-cau","17":"product_tag-phom-moc-toc","18":"product_tag-phom-moc-toc-gia","19":"product_tag-phom-topper","20":"product_tag-phom-topper-trai-le","21":"product_tag-phom-toupee","22":"product_tag-phom-toupee-pu","23":"product_tag-phom-toupee-trai-le","24":"product_tag-san-xuat-form-topper","25":"product_tag-san-xuat-form-toupee","26":"product_tag-san-xuat-phom-topper","27":"product_tag-san-xuat-phom-toupee","28":"product_tag-viet-wig","29":"product_tag-vietwig","30":"product_tag-xuong-toc-viet-wig","32":"first","33":"instock","34":"shipping-taxable","35":"product-type-simple"},"yoast_head":"<!-- This site is optimized with the Yoast SEO Premium plugin v23.0 (Yoast SEO v23.0) - https:\/\/yoast.com\/wordpress\/plugins\/seo\/ -->\n<title>Nh\u1eadn l\u00e0m phom m\u00f3c t\u00f3c toupee\/topper h\u00ecnh qu\u1ea3 l\u00ea - Viet Wig - Wig made in Viet Nam<\/title>\n<meta name=\"description\" content=\"Form Topper m\u00f3c t\u00f3c gi\u1ea3 FTL01 (phom tr\u00e1i l\u00ea 01) c\u00f3 h\u00ecnh d\u00e1ng gi\u1ed1ng tr\u00e1i l\u00ea, Vi\u1ec1n xung quanh l\u00e0 l\u1edbp ph\u1ee7 PU, gi\u1eefa l\u00e0 l\u01b0\u1edbi lace ho\u1eb7c l\u01b0\u1edbi Mono.\" \/>\n<meta name=\"robots\" content=\"index, follow, max-snippet:-1, max-image-preview:large, max-video-preview:-1\" \/>\n<link rel=\"canonical\" href=\"https:\/\/vietwig.com\/en\/product\/nhan-lam-phom-moc-toc-toupee-topper-hinh-qua-le\/\" \/>\n<meta property=\"og:locale\" content=\"en_US\" \/>\n<meta property=\"og:type\" content=\"article\" \/>\n<meta property=\"og:title\" content=\"Nh\u1eadn l\u00e0m phom m\u00f3c t\u00f3c toupee\/topper h\u00ecnh qu\u1ea3 l\u00ea\" \/>\n<meta property=\"og:description\" content=\"Form Topper m\u00f3c t\u00f3c gi\u1ea3 FTL01 (phom tr\u00e1i l\u00ea 01) c\u00f3 h\u00ecnh d\u00e1ng gi\u1ed1ng tr\u00e1i l\u00ea, Vi\u1ec1n xung quanh l\u00e0 l\u1edbp ph\u1ee7 PU, gi\u1eefa l\u00e0 l\u01b0\u1edbi lace ho\u1eb7c l\u01b0\u1edbi Mono.\" \/>\n<meta property=\"og:url\" content=\"https:\/\/vietwig.com\/en\/product\/nhan-lam-phom-moc-toc-toupee-topper-hinh-qua-le\/\" \/>\n<meta property=\"og:site_name\" content=\"Viet Wig - Wig made in Viet Nam\" \/>\n<meta property=\"article:publisher\" content=\"https:\/\/www.facebook.com\/tocvietwig\" \/>\n<meta property=\"article:modified_time\" content=\"2024-12-25T06:12:33+00:00\" \/>\n<meta property=\"og:image\" content=\"https:\/\/i0.wp.com\/vietwig.com\/wp-content\/uploads\/2023\/12\/phom-moc-toc-toupee-topee-hinh-qua-le-1.jpg?fit=1512%2C2016&ssl=1\" \/>\n\t<meta property=\"og:image:width\" content=\"1512\" \/>\n\t<meta property=\"og:image:height\" content=\"2016\" \/>\n\t<meta property=\"og:image:type\" content=\"image\/jpeg\" \/>\n<meta name=\"twitter:card\" content=\"summary_large_image\" \/>\n<meta name=\"twitter:label1\" content=\"Price\" \/>\n\t<meta name=\"twitter:data1\" content=\"\" \/>\n\t<meta name=\"twitter:label2\" content=\"Availability\" \/>\n\t<meta name=\"twitter:data2\" content=\"In stock\" \/>\n<script type=\"application\/ld+json\" class=\"yoast-schema-graph\">{\"@context\":\"https:\/\/schema.org\",\"@graph\":[{\"@type\":\"WebPage\",\"@id\":\"https:\/\/vietwig.com\/en\/product\/nhan-lam-phom-moc-toc-toupee-topper-hinh-qua-le\/\",\"url\":\"https:\/\/vietwig.com\/en\/product\/nhan-lam-phom-moc-toc-toupee-topper-hinh-qua-le\/\",\"name\":\"Nh\u1eadn l\u00e0m phom m\u00f3c t\u00f3c toupee\/topper h\u00ecnh qu\u1ea3 l\u00ea - Viet Wig - Wig made in Viet Nam\",\"isPartOf\":{\"@id\":\"https:\/\/vietwig.com\/en\/#website\"},\"primaryImageOfPage\":{\"@id\":\"https:\/\/vietwig.com\/en\/product\/nhan-lam-phom-moc-toc-toupee-topper-hinh-qua-le\/#primaryimage\"},\"image\":{\"@id\":\"https:\/\/vietwig.com\/en\/product\/nhan-lam-phom-moc-toc-toupee-topper-hinh-qua-le\/#primaryimage\"},\"thumbnailUrl\":\"https:\/\/i0.wp.com\/vietwig.com\/wp-content\/uploads\/2023\/12\/phom-moc-toc-toupee-topee-hinh-qua-le-1.jpg?fit=1512%2C2016&ssl=1\",\"datePublished\":\"2023-12-02T03:56:38+00:00\",\"dateModified\":\"2024-12-25T06:12:33+00:00\",\"description\":\"Form Topper m\u00f3c t\u00f3c gi\u1ea3 FTL01 (phom tr\u00e1i l\u00ea 01) c\u00f3 h\u00ecnh d\u00e1ng gi\u1ed1ng tr\u00e1i l\u00ea, Vi\u1ec1n xung quanh l\u00e0 l\u1edbp ph\u1ee7 PU, gi\u1eefa l\u00e0 l\u01b0\u1edbi lace ho\u1eb7c l\u01b0\u1edbi Mono.\",\"breadcrumb\":{\"@id\":\"https:\/\/vietwig.com\/en\/product\/nhan-lam-phom-moc-toc-toupee-topper-hinh-qua-le\/#breadcrumb\"},\"inLanguage\":\"en-US\",\"potentialAction\":[{\"@type\":\"ReadAction\",\"target\":[\"https:\/\/vietwig.com\/en\/product\/nhan-lam-phom-moc-toc-toupee-topper-hinh-qua-le\/\"]}]},{\"@type\":\"ImageObject\",\"inLanguage\":\"en-US\",\"@id\":\"https:\/\/vietwig.com\/en\/product\/nhan-lam-phom-moc-toc-toupee-topper-hinh-qua-le\/#primaryimage\",\"url\":\"https:\/\/i0.wp.com\/vietwig.com\/wp-content\/uploads\/2023\/12\/phom-moc-toc-toupee-topee-hinh-qua-le-1.jpg?fit=1512%2C2016&ssl=1\",\"contentUrl\":\"https:\/\/i0.wp.com\/vietwig.com\/wp-content\/uploads\/2023\/12\/phom-moc-toc-toupee-topee-hinh-qua-le-1.jpg?fit=1512%2C2016&ssl=1\",\"width\":1512,\"height\":2016,\"caption\":\"Phom moc toc toupee topper hinh qua le\"},{\"@type\":\"BreadcrumbList\",\"@id\":\"https:\/\/vietwig.com\/en\/product\/nhan-lam-phom-moc-toc-toupee-topper-hinh-qua-le\/#breadcrumb\",\"itemListElement\":[{\"@type\":\"ListItem\",\"position\":1,\"name\":\"Home\",\"item\":\"https:\/\/vietwig.com\/en\/\"},{\"@type\":\"ListItem\",\"position\":2,\"name\":\"Shop\",\"item\":\"https:\/\/vietwig.com\/en\/shop-2\/\"},{\"@type\":\"ListItem\",\"position\":3,\"name\":\"Nh\u1eadn l\u00e0m phom m\u00f3c t\u00f3c toupee\/topper h\u00ecnh qu\u1ea3 l\u00ea\"}]},{\"@type\":\"WebSite\",\"@id\":\"https:\/\/vietwig.com\/en\/#website\",\"url\":\"https:\/\/vietwig.com\/en\/\",\"name\":\"Viet Wig - Wig made in Viet Nam\",\"description\":\"\",\"publisher\":{\"@id\":\"https:\/\/vietwig.com\/en\/#organization\"},\"potentialAction\":[{\"@type\":\"SearchAction\",\"target\":{\"@type\":\"EntryPoint\",\"urlTemplate\":\"https:\/\/vietwig.com\/en\/?s={search_term_string}\"},\"query-input\":\"required name=search_term_string\"}],\"inLanguage\":\"en-US\"},{\"@type\":\"Organization\",\"@id\":\"https:\/\/vietwig.com\/en\/#organization\",\"name\":\"Viet Wig\",\"url\":\"https:\/\/vietwig.com\/en\/\",\"logo\":{\"@type\":\"ImageObject\",\"inLanguage\":\"en-US\",\"@id\":\"https:\/\/vietwig.com\/en\/#\/schema\/logo\/image\/\",\"url\":\"https:\/\/i0.wp.com\/vietwig.com\/wp-content\/uploads\/2021\/11\/logo-Viet-Wig1.png?fit=728%2C736&ssl=1\",\"contentUrl\":\"https:\/\/i0.wp.com\/vietwig.com\/wp-content\/uploads\/2021\/11\/logo-Viet-Wig1.png?fit=728%2C736&ssl=1\",\"width\":728,\"height\":736,\"caption\":\"Viet Wig\"},\"image\":{\"@id\":\"https:\/\/vietwig.com\/en\/#\/schema\/logo\/image\/\"},\"sameAs\":[\"https:\/\/www.facebook.com\/tocvietwig\"]}]}<\/script>\n<meta property=\"product:price:currency\" content=\"VND\" \/>\n<meta property=\"og:availability\" content=\"instock\" \/>\n<meta property=\"product:availability\" content=\"instock\" \/>\n<meta property=\"product:retailer_item_id\" content=\"FTL01\" \/>\n<meta property=\"product:condition\" content=\"new\" \/>\n<!-- \/ Yoast SEO Premium plugin. -->","yoast_head_json":{"title":"Nh\u1eadn l\u00e0m phom m\u00f3c t\u00f3c toupee\/topper h\u00ecnh qu\u1ea3 l\u00ea - Viet Wig - Wig made in Viet Nam","description":"Form Topper m\u00f3c t\u00f3c gi\u1ea3 FTL01 (phom tr\u00e1i l\u00ea 01) c\u00f3 h\u00ecnh d\u00e1ng gi\u1ed1ng tr\u00e1i l\u00ea, Vi\u1ec1n xung quanh l\u00e0 l\u1edbp ph\u1ee7 PU, gi\u1eefa l\u00e0 l\u01b0\u1edbi lace ho\u1eb7c l\u01b0\u1edbi Mono.","robots":{"index":"index","follow":"follow","max-snippet":"max-snippet:-1","max-image-preview":"max-image-preview:large","max-video-preview":"max-video-preview:-1"},"canonical":"https:\/\/vietwig.com\/en\/product\/nhan-lam-phom-moc-toc-toupee-topper-hinh-qua-le\/","og_locale":"en_US","og_type":"article","og_title":"Nh\u1eadn l\u00e0m phom m\u00f3c t\u00f3c toupee\/topper h\u00ecnh qu\u1ea3 l\u00ea","og_description":"Form Topper m\u00f3c t\u00f3c gi\u1ea3 FTL01 (phom tr\u00e1i l\u00ea 01) c\u00f3 h\u00ecnh d\u00e1ng gi\u1ed1ng tr\u00e1i l\u00ea, Vi\u1ec1n xung quanh l\u00e0 l\u1edbp ph\u1ee7 PU, gi\u1eefa l\u00e0 l\u01b0\u1edbi lace ho\u1eb7c l\u01b0\u1edbi Mono.","og_url":"https:\/\/vietwig.com\/en\/product\/nhan-lam-phom-moc-toc-toupee-topper-hinh-qua-le\/","og_site_name":"Viet Wig - Wig made in Viet Nam","article_publisher":"https:\/\/www.facebook.com\/tocvietwig","article_modified_time":"2024-12-25T06:12:33+00:00","og_image":[{"width":1512,"height":2016,"url":"https:\/\/i0.wp.com\/vietwig.com\/wp-content\/uploads\/2023\/12\/phom-moc-toc-toupee-topee-hinh-qua-le-1.jpg?fit=1512%2C2016&ssl=1","type":"image\/jpeg"}],"twitter_card":"summary_large_image","twitter_misc":{"Price":"","Availability":"In stock"},"schema":{"@context":"https:\/\/schema.org","@graph":[{"@type":"WebPage","@id":"https:\/\/vietwig.com\/en\/product\/nhan-lam-phom-moc-toc-toupee-topper-hinh-qua-le\/","url":"https:\/\/vietwig.com\/en\/product\/nhan-lam-phom-moc-toc-toupee-topper-hinh-qua-le\/","name":"Nh\u1eadn l\u00e0m phom m\u00f3c t\u00f3c toupee\/topper h\u00ecnh qu\u1ea3 l\u00ea - Viet Wig - Wig made in Viet Nam","isPartOf":{"@id":"https:\/\/vietwig.com\/en\/#website"},"primaryImageOfPage":{"@id":"https:\/\/vietwig.com\/en\/product\/nhan-lam-phom-moc-toc-toupee-topper-hinh-qua-le\/#primaryimage"},"image":{"@id":"https:\/\/vietwig.com\/en\/product\/nhan-lam-phom-moc-toc-toupee-topper-hinh-qua-le\/#primaryimage"},"thumbnailUrl":"https:\/\/i0.wp.com\/vietwig.com\/wp-content\/uploads\/2023\/12\/phom-moc-toc-toupee-topee-hinh-qua-le-1.jpg?fit=1512%2C2016&ssl=1","datePublished":"2023-12-02T03:56:38+00:00","dateModified":"2024-12-25T06:12:33+00:00","description":"Form Topper m\u00f3c t\u00f3c gi\u1ea3 FTL01 (phom tr\u00e1i l\u00ea 01) c\u00f3 h\u00ecnh d\u00e1ng gi\u1ed1ng tr\u00e1i l\u00ea, Vi\u1ec1n xung quanh l\u00e0 l\u1edbp ph\u1ee7 PU, gi\u1eefa l\u00e0 l\u01b0\u1edbi lace ho\u1eb7c l\u01b0\u1edbi Mono.","breadcrumb":{"@id":"https:\/\/vietwig.com\/en\/product\/nhan-lam-phom-moc-toc-toupee-topper-hinh-qua-le\/#breadcrumb"},"inLanguage":"en-US","potentialAction":[{"@type":"ReadAction","target":["https:\/\/vietwig.com\/en\/product\/nhan-lam-phom-moc-toc-toupee-topper-hinh-qua-le\/"]}]},{"@type":"ImageObject","inLanguage":"en-US","@id":"https:\/\/vietwig.com\/en\/product\/nhan-lam-phom-moc-toc-toupee-topper-hinh-qua-le\/#primaryimage","url":"https:\/\/i0.wp.com\/vietwig.com\/wp-content\/uploads\/2023\/12\/phom-moc-toc-toupee-topee-hinh-qua-le-1.jpg?fit=1512%2C2016&ssl=1","contentUrl":"https:\/\/i0.wp.com\/vietwig.com\/wp-content\/uploads\/2023\/12\/phom-moc-toc-toupee-topee-hinh-qua-le-1.jpg?fit=1512%2C2016&ssl=1","width":1512,"height":2016,"caption":"Phom moc toc toupee topper hinh qua le"},{"@type":"BreadcrumbList","@id":"https:\/\/vietwig.com\/en\/product\/nhan-lam-phom-moc-toc-toupee-topper-hinh-qua-le\/#breadcrumb","itemListElement":[{"@type":"ListItem","position":1,"name":"Home","item":"https:\/\/vietwig.com\/en\/"},{"@type":"ListItem","position":2,"name":"Shop","item":"https:\/\/vietwig.com\/en\/shop-2\/"},{"@type":"ListItem","position":3,"name":"Nh\u1eadn l\u00e0m phom m\u00f3c t\u00f3c toupee\/topper h\u00ecnh qu\u1ea3 l\u00ea"}]},{"@type":"WebSite","@id":"https:\/\/vietwig.com\/en\/#website","url":"https:\/\/vietwig.com\/en\/","name":"Viet Wig - Wig made in Viet Nam","description":"","publisher":{"@id":"https:\/\/vietwig.com\/en\/#organization"},"potentialAction":[{"@type":"SearchAction","target":{"@type":"EntryPoint","urlTemplate":"https:\/\/vietwig.com\/en\/?s={search_term_string}"},"query-input":"required name=search_term_string"}],"inLanguage":"en-US"},{"@type":"Organization","@id":"https:\/\/vietwig.com\/en\/#organization","name":"Viet Wig","url":"https:\/\/vietwig.com\/en\/","logo":{"@type":"ImageObject","inLanguage":"en-US","@id":"https:\/\/vietwig.com\/en\/#\/schema\/logo\/image\/","url":"https:\/\/i0.wp.com\/vietwig.com\/wp-content\/uploads\/2021\/11\/logo-Viet-Wig1.png?fit=728%2C736&ssl=1","contentUrl":"https:\/\/i0.wp.com\/vietwig.com\/wp-content\/uploads\/2021\/11\/logo-Viet-Wig1.png?fit=728%2C736&ssl=1","width":728,"height":736,"caption":"Viet Wig"},"image":{"@id":"https:\/\/vietwig.com\/en\/#\/schema\/logo\/image\/"},"sameAs":["https:\/\/www.facebook.com\/tocvietwig"]}]},"product_price_currency":"VND","og_availability":"instock","product_availability":"instock","product_retailer_item_id":"FTL01","product_condition":"new"},"jetpack_publicize_connections":[],"jetpack-related-posts":[],"jetpack_sharing_enabled":true,"_links":{"self":[{"href":"https:\/\/vietwig.com\/en\/wp-json\/wp\/v2\/product\/30934","targetHints":{"allow":["GET"]}}],"collection":[{"href":"https:\/\/vietwig.com\/en\/wp-json\/wp\/v2\/product"}],"about":[{"href":"https:\/\/vietwig.com\/en\/wp-json\/wp\/v2\/types\/product"}],"replies":[{"embeddable":true,"href":"https:\/\/vietwig.com\/en\/wp-json\/wp\/v2\/comments?post=30934"}],"version-history":[{"count":1,"href":"https:\/\/vietwig.com\/en\/wp-json\/wp\/v2\/product\/30934\/revisions"}],"predecessor-version":[{"id":30953,"href":"https:\/\/vietwig.com\/en\/wp-json\/wp\/v2\/product\/30934\/revisions\/30953"}],"wp:featuredmedia":[{"embeddable":true,"href":"https:\/\/vietwig.com\/en\/wp-json\/wp\/v2\/media\/30939"}],"wp:attachment":[{"href":"https:\/\/vietwig.com\/en\/wp-json\/wp\/v2\/media?parent=30934"}],"wp:term":[{"taxonomy":"product_brand","embeddable":true,"href":"https:\/\/vietwig.com\/en\/wp-json\/wp\/v2\/product_brand?post=30934"},{"taxonomy":"product_cat","embeddable":true,"href":"https:\/\/vietwig.com\/en\/wp-json\/wp\/v2\/product_cat?post=30934"},{"taxonomy":"product_tag","embeddable":true,"href":"https:\/\/vietwig.com\/en\/wp-json\/wp\/v2\/product_tag?post=30934"}],"curies":[{"name":"wp","href":"https:\/\/api.w.org\/{rel}","templated":true}]}}