{"id":31098,"date":"2023-12-17T13:36:03","date_gmt":"2023-12-17T06:36:03","guid":{"rendered":"https:\/\/vietwig.com\/?post_type=product&#038;p=31098"},"modified":"2024-12-25T13:12:24","modified_gmt":"2024-12-25T06:12:24","slug":"form-moc-toc-gia-phu-hoi-nam-sieu-da-dau-fv02","status":"publish","type":"product","link":"https:\/\/vietwig.com\/en\/product\/form-moc-toc-gia-phu-hoi-nam-sieu-da-dau-fv02\/","title":{"rendered":"Form m\u00f3c t\u00f3c gi\u1ea3 ph\u1ee7 h\u00f3i nam si\u00eau da \u0111\u1ea7u &#8211; FV02"},"content":{"rendered":"<p>M\u1eabu Form m\u00f3c t\u00f3c gi\u1ea3 FV02 l\u00e0 s\u1ef1 c\u1ea3i ti\u1ebfn t\u1eeb m\u1eabu <a href=\"https:\/\/vietwig.com\/product\/nhan-gia-cong-mau-toc-gia-toupee-topper-kieu-q6\/\">t\u00f3c ph\u1ee7 h\u00f3i Q6<\/a> , C\u0169ng gi\u1ed1ng nh\u01b0 m\u1eabu Q6, vi\u1ec1n 2 b\u00ean v\u00e0 ph\u00eda sau v\u1eabn l\u00e0 m\u00e0ng da PU,c\u00f2n \u0111\u01b0\u1eddng ch\u00e2n t\u00f3c ph\u00eda tr\u01b0\u1edbc tr\u00e1n l\u00e0 l\u01b0\u1edbi lace mang \u0111\u1ebfn c\u00e1i nh\u00ecn th\u1eadt m\u1eaft cho kh\u00e1ch h\u00e0ng khi s\u1eed d\u1ee5ng, M\u1eabu Form FV02 c\u00f3 s\u1ef1 c\u1ea3i ti\u1ebfn l\u00e0 ph\u1ea7n gi\u1eefa \u0111\u1ec9nh \u0111\u1ea7u \u0111\u01b0\u1ee3c thi\u1ebft k\u1ebf \u0111\u1ec3 m\u00f3c si\u00eau da \u0111\u1ea7u (Silk Base).<\/p>\n<div id=\"attachment_31099\" style=\"width: 1034px\" class=\"wp-caption aligncenter\"><img data-recalc-dims=\"1\" loading=\"lazy\" decoding=\"async\" aria-describedby=\"caption-attachment-31099\" class=\"size-large wp-image-31099\" src=\"https:\/\/i0.wp.com\/vietwig.com\/wp-content\/uploads\/2023\/12\/Form-moc-toc-toupee-hoi-nam-FV02-1.jpg?resize=1024%2C768&#038;ssl=1\" alt=\"\" width=\"1024\" height=\"768\" srcset=\"https:\/\/i0.wp.com\/vietwig.com\/wp-content\/uploads\/2023\/12\/Form-moc-toc-toupee-hoi-nam-FV02-1.jpg?resize=1024%2C768&amp;ssl=1 1024w, https:\/\/i0.wp.com\/vietwig.com\/wp-content\/uploads\/2023\/12\/Form-moc-toc-toupee-hoi-nam-FV02-1.jpg?resize=300%2C225&amp;ssl=1 300w, https:\/\/i0.wp.com\/vietwig.com\/wp-content\/uploads\/2023\/12\/Form-moc-toc-toupee-hoi-nam-FV02-1.jpg?resize=768%2C576&amp;ssl=1 768w, https:\/\/i0.wp.com\/vietwig.com\/wp-content\/uploads\/2023\/12\/Form-moc-toc-toupee-hoi-nam-FV02-1.jpg?resize=1536%2C1152&amp;ssl=1 1536w, https:\/\/i0.wp.com\/vietwig.com\/wp-content\/uploads\/2023\/12\/Form-moc-toc-toupee-hoi-nam-FV02-1.jpg?resize=1200%2C900&amp;ssl=1 1200w, https:\/\/i0.wp.com\/vietwig.com\/wp-content\/uploads\/2023\/12\/Form-moc-toc-toupee-hoi-nam-FV02-1.jpg?resize=150%2C113&amp;ssl=1 150w, https:\/\/i0.wp.com\/vietwig.com\/wp-content\/uploads\/2023\/12\/Form-moc-toc-toupee-hoi-nam-FV02-1.jpg?w=2016&amp;ssl=1 2016w\" sizes=\"auto, (max-width: 1000px) 100vw, 1000px\" \/><p id=\"caption-attachment-31099\" class=\"wp-caption-text\">Form moc toc toupee hoi nam FV02<\/p><\/div>\n<p>Ph\u1ea7n \u0111\u1ec9nh \u0111\u1ea7u s\u1ebd \u0111\u01b0\u1ee3c m\u00f3c si\u00eau da \u0111\u1ea7u Silk Base gi\u00fap kh\u00e1ch h\u00e0ng t\u1ef1 tin khi t\u1ea1o ng\u00f4i t\u00f3c, nh\u00ecn ng\u00f4i t\u00f3c t\u1eeb v\u1ecb tr\u00ed m\u00f3c si\u00eau da \u0111\u1ea7u s\u1ebd \u0111\u01b0a t\u00f3c qua l\u1edbp l\u1ee5a m\u1ea7u da ng\u01b0\u1eddi \u0111\u1ec3 che \u0111i c\u00e1c n\u00fat th\u1eaft ph\u00eda d\u01b0\u1edbi, nh\u01b0 v\u1eady khi v\u1ea1ch t\u00f3c ra ta nh\u00ecn kh\u0129 s\u1ebd c\u00f3 c\u1ea3m gi\u00e1c t\u00f3c th\u1eadt nh\u01b0 t\u00f3c \u0111\u01b0\u1ee3c m\u1ecdc ra t\u1eeb da \u0111\u1ea7u c\u1ee7a m\u00ecnh v\u1eady.<\/p>\n<p><strong>M\u00e3 s\u1ea3n ph\u1ea9m:<\/strong> FV02 (form Vietwig s\u1ed1 2)<\/p>\n<p><strong>T\u00ean g\u1ecdi:<\/strong> Phom Toupee si\u00eau da VietWig s\u1ed1 2<\/p>\n<p><strong>V\u1eadt li\u1ec7u:<\/strong><\/p>\n<ul>\n<li>Vi\u1ec1n tr\u01b0\u1edbc tr\u00e1n l\u00e0 l\u01b0\u1edbi Lace<\/li>\n<li>Vi\u1ec1n da PU trong su\u1ed1t \u1edf 2 b\u00ean v\u00e0 \u0111\u1eb1ng sau<\/li>\n<li>V\u1ecb tr\u00ed gi\u1eefa l\u00e0 v\u1ecb tr\u00ed m\u00f3c si\u00eau da \u0111\u1ea7u.<\/li>\n<\/ul>\n<div id=\"attachment_31101\" style=\"width: 778px\" class=\"wp-caption aligncenter\"><img data-recalc-dims=\"1\" loading=\"lazy\" decoding=\"async\" aria-describedby=\"caption-attachment-31101\" class=\"size-large wp-image-31101\" src=\"https:\/\/i0.wp.com\/vietwig.com\/wp-content\/uploads\/2023\/12\/Form-moc-toc-toupee-hoi-nam-FV02-2.jpg?resize=768%2C1024&#038;ssl=1\" alt=\"\" width=\"768\" height=\"1024\" srcset=\"https:\/\/i0.wp.com\/vietwig.com\/wp-content\/uploads\/2023\/12\/Form-moc-toc-toupee-hoi-nam-FV02-2.jpg?resize=768%2C1024&amp;ssl=1 768w, https:\/\/i0.wp.com\/vietwig.com\/wp-content\/uploads\/2023\/12\/Form-moc-toc-toupee-hoi-nam-FV02-2.jpg?resize=225%2C300&amp;ssl=1 225w, https:\/\/i0.wp.com\/vietwig.com\/wp-content\/uploads\/2023\/12\/Form-moc-toc-toupee-hoi-nam-FV02-2.jpg?resize=1152%2C1536&amp;ssl=1 1152w, https:\/\/i0.wp.com\/vietwig.com\/wp-content\/uploads\/2023\/12\/Form-moc-toc-toupee-hoi-nam-FV02-2.jpg?resize=1200%2C1600&amp;ssl=1 1200w, https:\/\/i0.wp.com\/vietwig.com\/wp-content\/uploads\/2023\/12\/Form-moc-toc-toupee-hoi-nam-FV02-2.jpg?resize=150%2C200&amp;ssl=1 150w, https:\/\/i0.wp.com\/vietwig.com\/wp-content\/uploads\/2023\/12\/Form-moc-toc-toupee-hoi-nam-FV02-2.jpg?w=1512&amp;ssl=1 1512w\" sizes=\"auto, (max-width: 768px) 100vw, 768px\" \/><p id=\"caption-attachment-31101\" class=\"wp-caption-text\">Form moc toc toupee hoi nam FV02<\/p><\/div>\n<div id=\"attachment_31103\" style=\"width: 1034px\" class=\"wp-caption aligncenter\"><img data-recalc-dims=\"1\" loading=\"lazy\" decoding=\"async\" aria-describedby=\"caption-attachment-31103\" class=\"size-large wp-image-31103\" src=\"https:\/\/i0.wp.com\/vietwig.com\/wp-content\/uploads\/2023\/12\/Form-moc-toc-toupee-hoi-nam-FV02-3.jpg?resize=1024%2C768&#038;ssl=1\" alt=\"\" width=\"1024\" height=\"768\" srcset=\"https:\/\/i0.wp.com\/vietwig.com\/wp-content\/uploads\/2023\/12\/Form-moc-toc-toupee-hoi-nam-FV02-3.jpg?resize=1024%2C768&amp;ssl=1 1024w, https:\/\/i0.wp.com\/vietwig.com\/wp-content\/uploads\/2023\/12\/Form-moc-toc-toupee-hoi-nam-FV02-3.jpg?resize=300%2C225&amp;ssl=1 300w, https:\/\/i0.wp.com\/vietwig.com\/wp-content\/uploads\/2023\/12\/Form-moc-toc-toupee-hoi-nam-FV02-3.jpg?resize=768%2C576&amp;ssl=1 768w, https:\/\/i0.wp.com\/vietwig.com\/wp-content\/uploads\/2023\/12\/Form-moc-toc-toupee-hoi-nam-FV02-3.jpg?resize=1536%2C1152&amp;ssl=1 1536w, https:\/\/i0.wp.com\/vietwig.com\/wp-content\/uploads\/2023\/12\/Form-moc-toc-toupee-hoi-nam-FV02-3.jpg?resize=1200%2C900&amp;ssl=1 1200w, https:\/\/i0.wp.com\/vietwig.com\/wp-content\/uploads\/2023\/12\/Form-moc-toc-toupee-hoi-nam-FV02-3.jpg?resize=150%2C113&amp;ssl=1 150w, https:\/\/i0.wp.com\/vietwig.com\/wp-content\/uploads\/2023\/12\/Form-moc-toc-toupee-hoi-nam-FV02-3.jpg?w=2016&amp;ssl=1 2016w\" sizes=\"auto, (max-width: 1000px) 100vw, 1000px\" \/><p id=\"caption-attachment-31103\" class=\"wp-caption-text\">Form moc toc toupee hoi nam FV02<\/p><\/div>\n<div id=\"attachment_31105\" style=\"width: 1034px\" class=\"wp-caption aligncenter\"><img data-recalc-dims=\"1\" loading=\"lazy\" decoding=\"async\" aria-describedby=\"caption-attachment-31105\" class=\"size-large wp-image-31105\" src=\"https:\/\/i0.wp.com\/vietwig.com\/wp-content\/uploads\/2023\/12\/Form-moc-toc-toupee-hoi-nam-FV02-4.jpg?resize=1024%2C768&#038;ssl=1\" alt=\"\" width=\"1024\" height=\"768\" srcset=\"https:\/\/i0.wp.com\/vietwig.com\/wp-content\/uploads\/2023\/12\/Form-moc-toc-toupee-hoi-nam-FV02-4.jpg?resize=1024%2C768&amp;ssl=1 1024w, https:\/\/i0.wp.com\/vietwig.com\/wp-content\/uploads\/2023\/12\/Form-moc-toc-toupee-hoi-nam-FV02-4.jpg?resize=300%2C225&amp;ssl=1 300w, https:\/\/i0.wp.com\/vietwig.com\/wp-content\/uploads\/2023\/12\/Form-moc-toc-toupee-hoi-nam-FV02-4.jpg?resize=768%2C576&amp;ssl=1 768w, https:\/\/i0.wp.com\/vietwig.com\/wp-content\/uploads\/2023\/12\/Form-moc-toc-toupee-hoi-nam-FV02-4.jpg?resize=1536%2C1152&amp;ssl=1 1536w, https:\/\/i0.wp.com\/vietwig.com\/wp-content\/uploads\/2023\/12\/Form-moc-toc-toupee-hoi-nam-FV02-4.jpg?resize=1200%2C900&amp;ssl=1 1200w, https:\/\/i0.wp.com\/vietwig.com\/wp-content\/uploads\/2023\/12\/Form-moc-toc-toupee-hoi-nam-FV02-4.jpg?resize=150%2C113&amp;ssl=1 150w, https:\/\/i0.wp.com\/vietwig.com\/wp-content\/uploads\/2023\/12\/Form-moc-toc-toupee-hoi-nam-FV02-4.jpg?w=2016&amp;ssl=1 2016w\" sizes=\"auto, (max-width: 1000px) 100vw, 1000px\" \/><p id=\"caption-attachment-31105\" class=\"wp-caption-text\">Form moc toc toupee hoi nam FV02<\/p><\/div>\n<div id=\"attachment_31107\" style=\"width: 1034px\" class=\"wp-caption aligncenter\"><img data-recalc-dims=\"1\" loading=\"lazy\" decoding=\"async\" aria-describedby=\"caption-attachment-31107\" class=\"size-large wp-image-31107\" src=\"https:\/\/i0.wp.com\/vietwig.com\/wp-content\/uploads\/2023\/12\/Form-moc-toc-toupee-hoi-nam-FV02-5.jpg?resize=1024%2C768&#038;ssl=1\" alt=\"\" width=\"1024\" height=\"768\" srcset=\"https:\/\/i0.wp.com\/vietwig.com\/wp-content\/uploads\/2023\/12\/Form-moc-toc-toupee-hoi-nam-FV02-5.jpg?resize=1024%2C768&amp;ssl=1 1024w, https:\/\/i0.wp.com\/vietwig.com\/wp-content\/uploads\/2023\/12\/Form-moc-toc-toupee-hoi-nam-FV02-5.jpg?resize=300%2C225&amp;ssl=1 300w, https:\/\/i0.wp.com\/vietwig.com\/wp-content\/uploads\/2023\/12\/Form-moc-toc-toupee-hoi-nam-FV02-5.jpg?resize=768%2C576&amp;ssl=1 768w, https:\/\/i0.wp.com\/vietwig.com\/wp-content\/uploads\/2023\/12\/Form-moc-toc-toupee-hoi-nam-FV02-5.jpg?resize=1536%2C1152&amp;ssl=1 1536w, https:\/\/i0.wp.com\/vietwig.com\/wp-content\/uploads\/2023\/12\/Form-moc-toc-toupee-hoi-nam-FV02-5.jpg?resize=1200%2C900&amp;ssl=1 1200w, https:\/\/i0.wp.com\/vietwig.com\/wp-content\/uploads\/2023\/12\/Form-moc-toc-toupee-hoi-nam-FV02-5.jpg?resize=150%2C113&amp;ssl=1 150w, https:\/\/i0.wp.com\/vietwig.com\/wp-content\/uploads\/2023\/12\/Form-moc-toc-toupee-hoi-nam-FV02-5.jpg?w=2016&amp;ssl=1 2016w\" sizes=\"auto, (max-width: 1000px) 100vw, 1000px\" \/><p id=\"caption-attachment-31107\" class=\"wp-caption-text\">Form moc toc toupee hoi nam FV02<\/p><\/div>\n<p>&nbsp;<\/p>\n<p>\ud83d\udc49B\u1ea1n \u0111ang t\u00ecm ki\u1ebfm nh\u00e0 s\u1ea3n xu\u1ea5t\/b\u00e1n s\u1ec9 t\u00f3c gi\u1ea3 d\u1ea1ng d\u00e1n ho\u1eb7c t\u00f3c k\u1eb9p toupee\/topper v\u1eady h\u00e3y li\u00ean h\u1ec7 v\u1edbi x\u01b0\u1edfng t\u00f3c Vi\u1ec7t Wig<br \/>\n\ud83d\udc49C\u00e1c s\u1ea3n ph\u1ea9m t\u00f3c c\u1ee7a ch\u00fang t\u00f4i cung c\u1ea5p \u0111a d\u1ea1ng ph\u00f9 h\u1ee3p v\u1edbi c\u1ea3 nam v\u00e0 n\u1eef v\u1edbi c\u00e1c k\u00edch th\u01b0\u1edbc \u0111\u01b0\u1ee3c t\u00f9y ch\u1ec9nh theo y\u00eau c\u1ea7u.<br \/>\n\ud83d\udc49X\u01b0\u1edfng t\u00f3c Viet Wig l\u00e0 m\u1ed9t c\u00f4ng ty s\u1ea3n xu\u1ea5t t\u00f3c gi\u1ea3 uy t\u00edn. ch\u00fang t\u00f4i c\u00f3 h\u1ec7 th\u1ed1ng qu\u1ea3n l\u00fd ch\u1ea5t l\u01b0\u1ee3ng ch\u1eb7t ch\u1ebd.<br \/>\n\ud83d\udc49Ch\u00fang t\u00f4i c\u00f3 c\u00e1c k\u1ef9 thu\u1eadt vi\u00ean v\u00e0 nh\u00e0 t\u1ea1o m\u1eabu t\u00f3c gi\u00e0u kinh nghi\u1ec7m, c\u00e1c m\u1eabu t\u00f3c c\u1ee7a ch\u00fang t\u00f4i \u0111\u01b0\u1ee3c s\u1ea3n Xu\u1ea5t b\u1edfi c\u00e1c th\u1ee3 th\u1ee7 c\u00f4ng l\u00e0nh ngh\u1ec1 c\u0169ng nh\u01b0 s\u1eed d\u1ee5ng t\u00f3c th\u1eadt ch\u1ea5t l\u01b0\u1ee3ng cao \u0111\u1ec3 t\u1ea1o ra c\u00e1c m\u1eabu t\u00f3c t\u00f9y ch\u1ec9nh ch\u1ea5t l\u01b0\u1ee3ng v\u00e0 gi\u00e1 t\u1ed1t nh\u1ea5t cho c\u00e1c c\u1eeda h\u00e0ng<\/p>\n<p>xem Chi ti\u1ebft:<br \/>\n\u2728X\u01b0\u1edfng t\u00f3c Vi\u1ec7t Wig nh\u1eadn gia c\u00f4ng t\u1ea5t c\u1ea3 c\u00e1c m\u1eb7t h\u00e0ng theo y\u00eau c\u1ea7u<br \/>\nl\u00e0m form m\u00f3c t\u00f3c, M\u00f3c t\u00f3c gi\u1ea3 y\u00eau c\u1ea7u k\u1ef9 thu\u1eadt cao, m\u00f3c h\u00e0ng si\u00eau da \u0111\u1ea7u 2 l\u1edbp, 3 l\u1edbp, l\u01b0\u1edbi Mono, l\u01b0\u1edbi Lace, m\u00e0ng Da PU &#8230;..<br \/>\n\u260e (+84) 825.691.999<br \/>\n\ud83c\udf10https:\/\/vietwig.com<br \/>\n\ud83c\udfea \u0110\u1ecba Ch\u1ec9 X\u01b0\u1edfng t\u00f3c Vi\u1ec7t Wig: x\u00e3 \u0110\u00ecnh Cao, huy\u1ec7n Ph\u00f9 C\u1eeb, H\u01b0ng Y\u00ean, Vi\u1ec7t Nam<\/p>\n","protected":false},"excerpt":{"rendered":"<p>M\u1eabu Form m\u00f3c t\u00f3c gi\u1ea3 FV02 l\u00e0 s\u1ef1 c\u1ea3i ti\u1ebfn t\u1eeb m\u1eabu t\u00f3c ph\u1ee7 h\u00f3i Q6 , C\u0169ng gi\u1ed1ng nh\u01b0<\/p>\n","protected":false},"featured_media":31099,"comment_status":"closed","ping_status":"closed","template":"","meta":{"jetpack_publicize_message":"","jetpack_publicize_feature_enabled":true,"jetpack_social_post_already_shared":true,"jetpack_social_options":{"image_generator_settings":{"template":"highway","default_image_id":0,"font":"","enabled":false},"version":2}},"product_brand":[],"product_cat":[275,706],"product_tag":[692,313,311,693,315,319,278,308,316,269,274,243,277,287,317,276,288,314,312,318,286,615,143,142,256,258,255,270,257,260,254,290],"class_list":{"0":"post-31098","1":"product","2":"type-product","3":"status-publish","4":"has-post-thumbnail","6":"product_cat-phom-moc-toc","7":"product_cat-phom-toupee-nam","8":"product_tag-form-moc-toc-fv02","9":"product_tag-form-topper","10":"product_tag-form-toupee","11":"product_tag-fv02","12":"product_tag-gia-cong-form-topper","13":"product_tag-gia-cong-phom-topper","14":"product_tag-gia-cong-phom-toupee","15":"product_tag-gia-cong-toc-gia-tai-nha","16":"product_tag-lam-form-topper-theo-yeu-cau","17":"product_tag-nhan-gia-cong-toc-gia","18":"product_tag-nhan-moc-toc","19":"product_tag-nhan-moc-toc-gia","20":"product_tag-phom-moc-toc","21":"product_tag-phom-moc-toc-gia","22":"product_tag-phom-topper","23":"product_tag-phom-toupee","24":"product_tag-phom-toupee-pu","25":"product_tag-san-xuat-form-topper","26":"product_tag-san-xuat-form-toupee","27":"product_tag-san-xuat-phom-topper","28":"product_tag-san-xuat-phom-toupee","29":"product_tag-toc-gia-vietwig","30":"product_tag-viet-wig","31":"product_tag-vietwig","32":"product_tag-xuong-gia-cong-toc-gia","33":"product_tag-xuong-lam-toc-gia","34":"product_tag-xuong-moc-toc-gia","35":"product_tag-xuong-moc-toc-gia-ha-noi","36":"product_tag-xuong-san-xuat-toc-gia","37":"product_tag-xuong-si-toc-gia","38":"product_tag-xuong-toc-gia","39":"product_tag-xuong-toc-viet-wig","41":"first","42":"instock","43":"shipping-taxable","44":"product-type-simple"},"yoast_head":"<!-- This site is optimized with the Yoast SEO Premium plugin v23.0 (Yoast SEO v23.0) - https:\/\/yoast.com\/wordpress\/plugins\/seo\/ -->\n<title>Form m\u00f3c t\u00f3c gi\u1ea3 ph\u1ee7 h\u00f3i nam si\u00eau da \u0111\u1ea7u - FV02 - Viet Wig - Wig made in Viet Nam<\/title>\n<meta name=\"robots\" content=\"index, follow, max-snippet:-1, max-image-preview:large, max-video-preview:-1\" \/>\n<link rel=\"canonical\" href=\"https:\/\/vietwig.com\/en\/product\/form-moc-toc-gia-phu-hoi-nam-sieu-da-dau-fv02\/\" \/>\n<meta property=\"og:locale\" content=\"en_US\" \/>\n<meta property=\"og:type\" content=\"article\" \/>\n<meta property=\"og:title\" content=\"Form m\u00f3c t\u00f3c gi\u1ea3 ph\u1ee7 h\u00f3i nam si\u00eau da \u0111\u1ea7u - FV02\" \/>\n<meta property=\"og:description\" content=\"M\u1eabu Form m\u00f3c t\u00f3c gi\u1ea3 FV02 l\u00e0 s\u1ef1 c\u1ea3i ti\u1ebfn t\u1eeb m\u1eabu t\u00f3c ph\u1ee7 h\u00f3i Q6 , C\u0169ng gi\u1ed1ng nh\u01b0\" \/>\n<meta property=\"og:url\" content=\"https:\/\/vietwig.com\/en\/product\/form-moc-toc-gia-phu-hoi-nam-sieu-da-dau-fv02\/\" \/>\n<meta property=\"og:site_name\" content=\"Viet Wig - Wig made in Viet Nam\" \/>\n<meta property=\"article:publisher\" content=\"https:\/\/www.facebook.com\/tocvietwig\" \/>\n<meta property=\"article:modified_time\" content=\"2024-12-25T06:12:24+00:00\" \/>\n<meta property=\"og:image\" content=\"https:\/\/i0.wp.com\/vietwig.com\/wp-content\/uploads\/2023\/12\/Form-moc-toc-toupee-hoi-nam-FV02-1.jpg?fit=2016%2C1512&ssl=1\" \/>\n\t<meta property=\"og:image:width\" content=\"2016\" \/>\n\t<meta property=\"og:image:height\" content=\"1512\" \/>\n\t<meta property=\"og:image:type\" content=\"image\/jpeg\" \/>\n<meta name=\"twitter:card\" content=\"summary_large_image\" \/>\n<meta name=\"twitter:label1\" content=\"Price\" \/>\n\t<meta name=\"twitter:data1\" content=\"\" \/>\n\t<meta name=\"twitter:label2\" content=\"Availability\" \/>\n\t<meta name=\"twitter:data2\" content=\"In stock\" \/>\n<script type=\"application\/ld+json\" class=\"yoast-schema-graph\">{\"@context\":\"https:\/\/schema.org\",\"@graph\":[{\"@type\":\"WebPage\",\"@id\":\"https:\/\/vietwig.com\/en\/product\/form-moc-toc-gia-phu-hoi-nam-sieu-da-dau-fv02\/\",\"url\":\"https:\/\/vietwig.com\/en\/product\/form-moc-toc-gia-phu-hoi-nam-sieu-da-dau-fv02\/\",\"name\":\"Form m\u00f3c t\u00f3c gi\u1ea3 ph\u1ee7 h\u00f3i nam si\u00eau da \u0111\u1ea7u - FV02 - Viet Wig - Wig made in Viet Nam\",\"isPartOf\":{\"@id\":\"https:\/\/vietwig.com\/en\/#website\"},\"primaryImageOfPage\":{\"@id\":\"https:\/\/vietwig.com\/en\/product\/form-moc-toc-gia-phu-hoi-nam-sieu-da-dau-fv02\/#primaryimage\"},\"image\":{\"@id\":\"https:\/\/vietwig.com\/en\/product\/form-moc-toc-gia-phu-hoi-nam-sieu-da-dau-fv02\/#primaryimage\"},\"thumbnailUrl\":\"https:\/\/i0.wp.com\/vietwig.com\/wp-content\/uploads\/2023\/12\/Form-moc-toc-toupee-hoi-nam-FV02-1.jpg?fit=2016%2C1512&ssl=1\",\"datePublished\":\"2023-12-17T06:36:03+00:00\",\"dateModified\":\"2024-12-25T06:12:24+00:00\",\"breadcrumb\":{\"@id\":\"https:\/\/vietwig.com\/en\/product\/form-moc-toc-gia-phu-hoi-nam-sieu-da-dau-fv02\/#breadcrumb\"},\"inLanguage\":\"en-US\",\"potentialAction\":[{\"@type\":\"ReadAction\",\"target\":[\"https:\/\/vietwig.com\/en\/product\/form-moc-toc-gia-phu-hoi-nam-sieu-da-dau-fv02\/\"]}]},{\"@type\":\"ImageObject\",\"inLanguage\":\"en-US\",\"@id\":\"https:\/\/vietwig.com\/en\/product\/form-moc-toc-gia-phu-hoi-nam-sieu-da-dau-fv02\/#primaryimage\",\"url\":\"https:\/\/i0.wp.com\/vietwig.com\/wp-content\/uploads\/2023\/12\/Form-moc-toc-toupee-hoi-nam-FV02-1.jpg?fit=2016%2C1512&ssl=1\",\"contentUrl\":\"https:\/\/i0.wp.com\/vietwig.com\/wp-content\/uploads\/2023\/12\/Form-moc-toc-toupee-hoi-nam-FV02-1.jpg?fit=2016%2C1512&ssl=1\",\"width\":2016,\"height\":1512,\"caption\":\"Form moc toc toupee hoi nam FV02\"},{\"@type\":\"BreadcrumbList\",\"@id\":\"https:\/\/vietwig.com\/en\/product\/form-moc-toc-gia-phu-hoi-nam-sieu-da-dau-fv02\/#breadcrumb\",\"itemListElement\":[{\"@type\":\"ListItem\",\"position\":1,\"name\":\"Home\",\"item\":\"https:\/\/vietwig.com\/en\/\"},{\"@type\":\"ListItem\",\"position\":2,\"name\":\"Shop\",\"item\":\"https:\/\/vietwig.com\/en\/shop-2\/\"},{\"@type\":\"ListItem\",\"position\":3,\"name\":\"Form m\u00f3c t\u00f3c gi\u1ea3 ph\u1ee7 h\u00f3i nam si\u00eau da \u0111\u1ea7u &#8211; FV02\"}]},{\"@type\":\"WebSite\",\"@id\":\"https:\/\/vietwig.com\/en\/#website\",\"url\":\"https:\/\/vietwig.com\/en\/\",\"name\":\"Viet Wig - Wig made in Viet Nam\",\"description\":\"\",\"publisher\":{\"@id\":\"https:\/\/vietwig.com\/en\/#organization\"},\"potentialAction\":[{\"@type\":\"SearchAction\",\"target\":{\"@type\":\"EntryPoint\",\"urlTemplate\":\"https:\/\/vietwig.com\/en\/?s={search_term_string}\"},\"query-input\":\"required name=search_term_string\"}],\"inLanguage\":\"en-US\"},{\"@type\":\"Organization\",\"@id\":\"https:\/\/vietwig.com\/en\/#organization\",\"name\":\"Viet Wig\",\"url\":\"https:\/\/vietwig.com\/en\/\",\"logo\":{\"@type\":\"ImageObject\",\"inLanguage\":\"en-US\",\"@id\":\"https:\/\/vietwig.com\/en\/#\/schema\/logo\/image\/\",\"url\":\"https:\/\/i0.wp.com\/vietwig.com\/wp-content\/uploads\/2021\/11\/logo-Viet-Wig1.png?fit=728%2C736&ssl=1\",\"contentUrl\":\"https:\/\/i0.wp.com\/vietwig.com\/wp-content\/uploads\/2021\/11\/logo-Viet-Wig1.png?fit=728%2C736&ssl=1\",\"width\":728,\"height\":736,\"caption\":\"Viet Wig\"},\"image\":{\"@id\":\"https:\/\/vietwig.com\/en\/#\/schema\/logo\/image\/\"},\"sameAs\":[\"https:\/\/www.facebook.com\/tocvietwig\"]}]}<\/script>\n<meta property=\"product:price:currency\" content=\"VND\" \/>\n<meta property=\"og:availability\" content=\"instock\" \/>\n<meta property=\"product:availability\" content=\"instock\" \/>\n<meta property=\"product:retailer_item_id\" content=\"FV02\" \/>\n<meta property=\"product:condition\" content=\"new\" \/>\n<!-- \/ Yoast SEO Premium plugin. -->","yoast_head_json":{"title":"Form m\u00f3c t\u00f3c gi\u1ea3 ph\u1ee7 h\u00f3i nam si\u00eau da \u0111\u1ea7u - FV02 - Viet Wig - Wig made in Viet Nam","robots":{"index":"index","follow":"follow","max-snippet":"max-snippet:-1","max-image-preview":"max-image-preview:large","max-video-preview":"max-video-preview:-1"},"canonical":"https:\/\/vietwig.com\/en\/product\/form-moc-toc-gia-phu-hoi-nam-sieu-da-dau-fv02\/","og_locale":"en_US","og_type":"article","og_title":"Form m\u00f3c t\u00f3c gi\u1ea3 ph\u1ee7 h\u00f3i nam si\u00eau da \u0111\u1ea7u - FV02","og_description":"M\u1eabu Form m\u00f3c t\u00f3c gi\u1ea3 FV02 l\u00e0 s\u1ef1 c\u1ea3i ti\u1ebfn t\u1eeb m\u1eabu t\u00f3c ph\u1ee7 h\u00f3i Q6 , C\u0169ng gi\u1ed1ng nh\u01b0","og_url":"https:\/\/vietwig.com\/en\/product\/form-moc-toc-gia-phu-hoi-nam-sieu-da-dau-fv02\/","og_site_name":"Viet Wig - Wig made in Viet Nam","article_publisher":"https:\/\/www.facebook.com\/tocvietwig","article_modified_time":"2024-12-25T06:12:24+00:00","og_image":[{"width":2016,"height":1512,"url":"https:\/\/i0.wp.com\/vietwig.com\/wp-content\/uploads\/2023\/12\/Form-moc-toc-toupee-hoi-nam-FV02-1.jpg?fit=2016%2C1512&ssl=1","type":"image\/jpeg"}],"twitter_card":"summary_large_image","twitter_misc":{"Price":"","Availability":"In stock"},"schema":{"@context":"https:\/\/schema.org","@graph":[{"@type":"WebPage","@id":"https:\/\/vietwig.com\/en\/product\/form-moc-toc-gia-phu-hoi-nam-sieu-da-dau-fv02\/","url":"https:\/\/vietwig.com\/en\/product\/form-moc-toc-gia-phu-hoi-nam-sieu-da-dau-fv02\/","name":"Form m\u00f3c t\u00f3c gi\u1ea3 ph\u1ee7 h\u00f3i nam si\u00eau da \u0111\u1ea7u - FV02 - Viet Wig - Wig made in Viet Nam","isPartOf":{"@id":"https:\/\/vietwig.com\/en\/#website"},"primaryImageOfPage":{"@id":"https:\/\/vietwig.com\/en\/product\/form-moc-toc-gia-phu-hoi-nam-sieu-da-dau-fv02\/#primaryimage"},"image":{"@id":"https:\/\/vietwig.com\/en\/product\/form-moc-toc-gia-phu-hoi-nam-sieu-da-dau-fv02\/#primaryimage"},"thumbnailUrl":"https:\/\/i0.wp.com\/vietwig.com\/wp-content\/uploads\/2023\/12\/Form-moc-toc-toupee-hoi-nam-FV02-1.jpg?fit=2016%2C1512&ssl=1","datePublished":"2023-12-17T06:36:03+00:00","dateModified":"2024-12-25T06:12:24+00:00","breadcrumb":{"@id":"https:\/\/vietwig.com\/en\/product\/form-moc-toc-gia-phu-hoi-nam-sieu-da-dau-fv02\/#breadcrumb"},"inLanguage":"en-US","potentialAction":[{"@type":"ReadAction","target":["https:\/\/vietwig.com\/en\/product\/form-moc-toc-gia-phu-hoi-nam-sieu-da-dau-fv02\/"]}]},{"@type":"ImageObject","inLanguage":"en-US","@id":"https:\/\/vietwig.com\/en\/product\/form-moc-toc-gia-phu-hoi-nam-sieu-da-dau-fv02\/#primaryimage","url":"https:\/\/i0.wp.com\/vietwig.com\/wp-content\/uploads\/2023\/12\/Form-moc-toc-toupee-hoi-nam-FV02-1.jpg?fit=2016%2C1512&ssl=1","contentUrl":"https:\/\/i0.wp.com\/vietwig.com\/wp-content\/uploads\/2023\/12\/Form-moc-toc-toupee-hoi-nam-FV02-1.jpg?fit=2016%2C1512&ssl=1","width":2016,"height":1512,"caption":"Form moc toc toupee hoi nam FV02"},{"@type":"BreadcrumbList","@id":"https:\/\/vietwig.com\/en\/product\/form-moc-toc-gia-phu-hoi-nam-sieu-da-dau-fv02\/#breadcrumb","itemListElement":[{"@type":"ListItem","position":1,"name":"Home","item":"https:\/\/vietwig.com\/en\/"},{"@type":"ListItem","position":2,"name":"Shop","item":"https:\/\/vietwig.com\/en\/shop-2\/"},{"@type":"ListItem","position":3,"name":"Form m\u00f3c t\u00f3c gi\u1ea3 ph\u1ee7 h\u00f3i nam si\u00eau da \u0111\u1ea7u &#8211; FV02"}]},{"@type":"WebSite","@id":"https:\/\/vietwig.com\/en\/#website","url":"https:\/\/vietwig.com\/en\/","name":"Viet Wig - Wig made in Viet Nam","description":"","publisher":{"@id":"https:\/\/vietwig.com\/en\/#organization"},"potentialAction":[{"@type":"SearchAction","target":{"@type":"EntryPoint","urlTemplate":"https:\/\/vietwig.com\/en\/?s={search_term_string}"},"query-input":"required name=search_term_string"}],"inLanguage":"en-US"},{"@type":"Organization","@id":"https:\/\/vietwig.com\/en\/#organization","name":"Viet Wig","url":"https:\/\/vietwig.com\/en\/","logo":{"@type":"ImageObject","inLanguage":"en-US","@id":"https:\/\/vietwig.com\/en\/#\/schema\/logo\/image\/","url":"https:\/\/i0.wp.com\/vietwig.com\/wp-content\/uploads\/2021\/11\/logo-Viet-Wig1.png?fit=728%2C736&ssl=1","contentUrl":"https:\/\/i0.wp.com\/vietwig.com\/wp-content\/uploads\/2021\/11\/logo-Viet-Wig1.png?fit=728%2C736&ssl=1","width":728,"height":736,"caption":"Viet Wig"},"image":{"@id":"https:\/\/vietwig.com\/en\/#\/schema\/logo\/image\/"},"sameAs":["https:\/\/www.facebook.com\/tocvietwig"]}]},"product_price_currency":"VND","og_availability":"instock","product_availability":"instock","product_retailer_item_id":"FV02","product_condition":"new"},"jetpack_publicize_connections":[],"jetpack-related-posts":[],"jetpack_sharing_enabled":true,"_links":{"self":[{"href":"https:\/\/vietwig.com\/en\/wp-json\/wp\/v2\/product\/31098","targetHints":{"allow":["GET"]}}],"collection":[{"href":"https:\/\/vietwig.com\/en\/wp-json\/wp\/v2\/product"}],"about":[{"href":"https:\/\/vietwig.com\/en\/wp-json\/wp\/v2\/types\/product"}],"replies":[{"embeddable":true,"href":"https:\/\/vietwig.com\/en\/wp-json\/wp\/v2\/comments?post=31098"}],"version-history":[{"count":1,"href":"https:\/\/vietwig.com\/en\/wp-json\/wp\/v2\/product\/31098\/revisions"}],"predecessor-version":[{"id":31121,"href":"https:\/\/vietwig.com\/en\/wp-json\/wp\/v2\/product\/31098\/revisions\/31121"}],"wp:featuredmedia":[{"embeddable":true,"href":"https:\/\/vietwig.com\/en\/wp-json\/wp\/v2\/media\/31099"}],"wp:attachment":[{"href":"https:\/\/vietwig.com\/en\/wp-json\/wp\/v2\/media?parent=31098"}],"wp:term":[{"taxonomy":"product_brand","embeddable":true,"href":"https:\/\/vietwig.com\/en\/wp-json\/wp\/v2\/product_brand?post=31098"},{"taxonomy":"product_cat","embeddable":true,"href":"https:\/\/vietwig.com\/en\/wp-json\/wp\/v2\/product_cat?post=31098"},{"taxonomy":"product_tag","embeddable":true,"href":"https:\/\/vietwig.com\/en\/wp-json\/wp\/v2\/product_tag?post=31098"}],"curies":[{"name":"wp","href":"https:\/\/api.w.org\/{rel}","templated":true}]}}