{"id":31138,"date":"2023-12-21T09:44:29","date_gmt":"2023-12-21T02:44:29","guid":{"rendered":"https:\/\/vietwig.com\/?post_type=product&#038;p=31138"},"modified":"2025-03-21T18:51:37","modified_gmt":"2025-03-21T11:51:37","slug":"mau-form-moc-toc-gia-fv03","status":"publish","type":"product","link":"https:\/\/vietwig.com\/en\/product\/mau-form-moc-toc-gia-fv03\/","title":{"rendered":"M\u1eabu Form m\u00f3c t\u00f3c gi\u1ea3 FV03"},"content":{"rendered":"<p>M\u1eabu Form t\u00f3c gi\u1ea3 FV03 &#8211;\u00a0 m\u1eabu form lai gi\u1eefa form topper m\u00f3c t\u00f3c v\u00e0 form chuy\u00ean d\u1ee5ng \u0111\u1ec3 may t\u00f3c d\u1ec7t gi\u00fap gi\u1ea3m chi ph\u00ed gia c\u00f4ng s\u1ea3n ph\u1ea9m, thay v\u00ec ph\u1ea3i m\u00f3c t\u00f3c th\u1ee7 c\u00f4ng c\u1ea3 b\u1ed9 t\u00f3c size 7x8inch th\u1ee7 c\u00f4ng th\u00ec gi\u00e1 th\u00e0nh s\u1ea3n ph\u1ea9m r\u1ea5t cao do chi ph\u00ed l\u00e0m th\u1ee7 c\u00f4ng ho\u00e0n to\u00e0n, ta c\u00f3 th\u1ec3 gi\u1ea3m chi ph\u00eda gia c\u00f4ng l\u1ea1i\u00a0 b\u1eb1ng c\u00e1ch ch\u1ec9 m\u00f3c t\u00f3c th\u1ee7 c\u00f4ng b\u1eb1ng tay\u00a0 v\u1ecb tr\u00ed ph\u1ea7n chia ng\u00f4i t\u00f3c ph\u00eda tr\u01b0\u1edbc tr\u00e1n size 3x5inch v\u00e0 ph\u1ea7n c\u00f2n l\u1ea1i s\u1ebd may t\u00f3c d\u1ec7t nh\u01b0 v\u1eady ta c\u00f3 th\u1ec3 ti\u1ebft ki\u1ec7m \u0111\u01b0\u1ee3c kho\u1ea3ng 50% gi\u00e1 gia c\u00f4ng s\u1ea3n ph\u1ea9m.<\/p>\n<p>M\u00f4 t\u1ea3 s\u1ea3n ph\u1ea9m:<\/p>\n<p><strong>M\u00e3 s\u1ea3n ph\u1ea9m :<\/strong> FV03 (form vi\u1ec7t wig s\u1ed1 3)<\/p>\n<p><strong>V\u1eadt li\u1ec7u:<\/strong><\/p>\n<ul>\n<li>Vi\u1ec1n tr\u01b0\u1edbc tr\u00e1n da PU c\u00f3 g\u1ea1c<\/li>\n<li>V\u1ecb tr\u00ed chia ng\u00f4i \u1edf gi\u1eefa l\u00e0m b\u1eb1ng l\u01b0\u1edbi Mono (c\u00f3 th\u1ec3 thay b\u1eb1ng l\u01b0\u1edbi lace ho\u1eb7c l\u01b0\u1edbi si\u00eau da c\u00f3 l\u00f3t hoa)<\/li>\n<li>Xung quanh l\u00e0 ph\u1ea7n \u0111\u1ec3 may t\u00f3c d\u1ec7t gi\u00fap gi\u1ea3m chi ph\u00ed. (ph\u1ea7n nilong sau khi may t\u00f3c d\u1ec7t s\u1ebd gi\u1ef1t b\u1ecf \u0111i)<\/li>\n<\/ul>\n<div id=\"attachment_31139\" style=\"width: 1034px\" class=\"wp-caption aligncenter\"><img data-recalc-dims=\"1\" loading=\"lazy\" decoding=\"async\" aria-describedby=\"caption-attachment-31139\" class=\"size-large wp-image-31139\" src=\"https:\/\/i0.wp.com\/vietwig.com\/wp-content\/uploads\/2023\/12\/Mau-form-toc-gia-FV03-1.jpg?resize=1024%2C911&#038;ssl=1\" alt=\"\" width=\"1024\" height=\"911\" srcset=\"https:\/\/i0.wp.com\/vietwig.com\/wp-content\/uploads\/2023\/12\/Mau-form-toc-gia-FV03-1.jpg?resize=1024%2C911&amp;ssl=1 1024w, https:\/\/i0.wp.com\/vietwig.com\/wp-content\/uploads\/2023\/12\/Mau-form-toc-gia-FV03-1.jpg?resize=300%2C267&amp;ssl=1 300w, https:\/\/i0.wp.com\/vietwig.com\/wp-content\/uploads\/2023\/12\/Mau-form-toc-gia-FV03-1.jpg?resize=768%2C683&amp;ssl=1 768w, https:\/\/i0.wp.com\/vietwig.com\/wp-content\/uploads\/2023\/12\/Mau-form-toc-gia-FV03-1.jpg?resize=1536%2C1367&amp;ssl=1 1536w, https:\/\/i0.wp.com\/vietwig.com\/wp-content\/uploads\/2023\/12\/Mau-form-toc-gia-FV03-1.jpg?resize=2048%2C1822&amp;ssl=1 2048w, https:\/\/i0.wp.com\/vietwig.com\/wp-content\/uploads\/2023\/12\/Mau-form-toc-gia-FV03-1.jpg?resize=1200%2C1068&amp;ssl=1 1200w, https:\/\/i0.wp.com\/vietwig.com\/wp-content\/uploads\/2023\/12\/Mau-form-toc-gia-FV03-1.jpg?resize=150%2C133&amp;ssl=1 150w\" sizes=\"auto, (max-width: 1000px) 100vw, 1000px\" \/><p id=\"caption-attachment-31139\" class=\"wp-caption-text\">Mau form toc gia FV03<\/p><\/div>\n<p><img data-recalc-dims=\"1\" loading=\"lazy\" decoding=\"async\" class=\"aligncenter size-large wp-image-31155\" src=\"https:\/\/i0.wp.com\/vietwig.com\/wp-content\/uploads\/2023\/12\/Mau-form-toc-gia-FV03-9.jpg?resize=768%2C1024&#038;ssl=1\" alt=\"\" width=\"768\" height=\"1024\" srcset=\"https:\/\/i0.wp.com\/vietwig.com\/wp-content\/uploads\/2023\/12\/Mau-form-toc-gia-FV03-9.jpg?resize=768%2C1024&amp;ssl=1 768w, https:\/\/i0.wp.com\/vietwig.com\/wp-content\/uploads\/2023\/12\/Mau-form-toc-gia-FV03-9.jpg?resize=225%2C300&amp;ssl=1 225w, https:\/\/i0.wp.com\/vietwig.com\/wp-content\/uploads\/2023\/12\/Mau-form-toc-gia-FV03-9.jpg?resize=1152%2C1536&amp;ssl=1 1152w, https:\/\/i0.wp.com\/vietwig.com\/wp-content\/uploads\/2023\/12\/Mau-form-toc-gia-FV03-9.jpg?resize=1200%2C1600&amp;ssl=1 1200w, https:\/\/i0.wp.com\/vietwig.com\/wp-content\/uploads\/2023\/12\/Mau-form-toc-gia-FV03-9.jpg?resize=150%2C200&amp;ssl=1 150w, https:\/\/i0.wp.com\/vietwig.com\/wp-content\/uploads\/2023\/12\/Mau-form-toc-gia-FV03-9.jpg?w=1512&amp;ssl=1 1512w\" sizes=\"auto, (max-width: 768px) 100vw, 768px\" \/><\/p>\n<div id=\"attachment_31153\" style=\"width: 778px\" class=\"wp-caption aligncenter\"><img data-recalc-dims=\"1\" loading=\"lazy\" decoding=\"async\" aria-describedby=\"caption-attachment-31153\" class=\"size-large wp-image-31153\" src=\"https:\/\/i0.wp.com\/vietwig.com\/wp-content\/uploads\/2023\/12\/Mau-form-toc-gia-FV03-8.jpg?resize=768%2C1024&#038;ssl=1\" alt=\"\" width=\"768\" height=\"1024\" srcset=\"https:\/\/i0.wp.com\/vietwig.com\/wp-content\/uploads\/2023\/12\/Mau-form-toc-gia-FV03-8.jpg?resize=768%2C1024&amp;ssl=1 768w, https:\/\/i0.wp.com\/vietwig.com\/wp-content\/uploads\/2023\/12\/Mau-form-toc-gia-FV03-8.jpg?resize=225%2C300&amp;ssl=1 225w, https:\/\/i0.wp.com\/vietwig.com\/wp-content\/uploads\/2023\/12\/Mau-form-toc-gia-FV03-8.jpg?resize=1152%2C1536&amp;ssl=1 1152w, https:\/\/i0.wp.com\/vietwig.com\/wp-content\/uploads\/2023\/12\/Mau-form-toc-gia-FV03-8.jpg?resize=1200%2C1600&amp;ssl=1 1200w, https:\/\/i0.wp.com\/vietwig.com\/wp-content\/uploads\/2023\/12\/Mau-form-toc-gia-FV03-8.jpg?resize=150%2C200&amp;ssl=1 150w, https:\/\/i0.wp.com\/vietwig.com\/wp-content\/uploads\/2023\/12\/Mau-form-toc-gia-FV03-8.jpg?w=1512&amp;ssl=1 1512w\" sizes=\"auto, (max-width: 768px) 100vw, 768px\" \/><p id=\"caption-attachment-31153\" class=\"wp-caption-text\">Mau form toc gia FV03<\/p><\/div>\n<div id=\"attachment_31141\" style=\"width: 778px\" class=\"wp-caption aligncenter\"><img data-recalc-dims=\"1\" loading=\"lazy\" decoding=\"async\" aria-describedby=\"caption-attachment-31141\" class=\"size-large wp-image-31141\" src=\"https:\/\/i0.wp.com\/vietwig.com\/wp-content\/uploads\/2023\/12\/Mau-form-toc-gia-FV03-2.jpg?resize=768%2C1024&#038;ssl=1\" alt=\"\" width=\"768\" height=\"1024\" srcset=\"https:\/\/i0.wp.com\/vietwig.com\/wp-content\/uploads\/2023\/12\/Mau-form-toc-gia-FV03-2.jpg?resize=768%2C1024&amp;ssl=1 768w, https:\/\/i0.wp.com\/vietwig.com\/wp-content\/uploads\/2023\/12\/Mau-form-toc-gia-FV03-2.jpg?resize=225%2C300&amp;ssl=1 225w, https:\/\/i0.wp.com\/vietwig.com\/wp-content\/uploads\/2023\/12\/Mau-form-toc-gia-FV03-2.jpg?resize=150%2C200&amp;ssl=1 150w, https:\/\/i0.wp.com\/vietwig.com\/wp-content\/uploads\/2023\/12\/Mau-form-toc-gia-FV03-2.jpg?w=1134&amp;ssl=1 1134w\" sizes=\"auto, (max-width: 768px) 100vw, 768px\" \/><p id=\"caption-attachment-31141\" class=\"wp-caption-text\">Mau form toc gia FV03<\/p><\/div>\n<div id=\"attachment_31143\" style=\"width: 1034px\" class=\"wp-caption aligncenter\"><img data-recalc-dims=\"1\" loading=\"lazy\" decoding=\"async\" aria-describedby=\"caption-attachment-31143\" class=\"size-large wp-image-31143\" src=\"https:\/\/i0.wp.com\/vietwig.com\/wp-content\/uploads\/2023\/12\/Mau-form-toc-gia-FV03-3.jpg?resize=1024%2C768&#038;ssl=1\" alt=\"\" width=\"1024\" height=\"768\" srcset=\"https:\/\/i0.wp.com\/vietwig.com\/wp-content\/uploads\/2023\/12\/Mau-form-toc-gia-FV03-3.jpg?resize=1024%2C768&amp;ssl=1 1024w, https:\/\/i0.wp.com\/vietwig.com\/wp-content\/uploads\/2023\/12\/Mau-form-toc-gia-FV03-3.jpg?resize=300%2C225&amp;ssl=1 300w, https:\/\/i0.wp.com\/vietwig.com\/wp-content\/uploads\/2023\/12\/Mau-form-toc-gia-FV03-3.jpg?resize=768%2C576&amp;ssl=1 768w, https:\/\/i0.wp.com\/vietwig.com\/wp-content\/uploads\/2023\/12\/Mau-form-toc-gia-FV03-3.jpg?resize=1536%2C1152&amp;ssl=1 1536w, https:\/\/i0.wp.com\/vietwig.com\/wp-content\/uploads\/2023\/12\/Mau-form-toc-gia-FV03-3.jpg?resize=1200%2C900&amp;ssl=1 1200w, https:\/\/i0.wp.com\/vietwig.com\/wp-content\/uploads\/2023\/12\/Mau-form-toc-gia-FV03-3.jpg?resize=150%2C113&amp;ssl=1 150w, https:\/\/i0.wp.com\/vietwig.com\/wp-content\/uploads\/2023\/12\/Mau-form-toc-gia-FV03-3.jpg?w=2016&amp;ssl=1 2016w\" sizes=\"auto, (max-width: 1000px) 100vw, 1000px\" \/><p id=\"caption-attachment-31143\" class=\"wp-caption-text\">Mau form toc gia FV03<\/p><\/div>\n<div id=\"attachment_31145\" style=\"width: 778px\" class=\"wp-caption aligncenter\"><img data-recalc-dims=\"1\" loading=\"lazy\" decoding=\"async\" aria-describedby=\"caption-attachment-31145\" class=\"size-large wp-image-31145\" src=\"https:\/\/i0.wp.com\/vietwig.com\/wp-content\/uploads\/2023\/12\/Mau-form-toc-gia-FV03-4.jpg?resize=768%2C1024&#038;ssl=1\" alt=\"\" width=\"768\" height=\"1024\" srcset=\"https:\/\/i0.wp.com\/vietwig.com\/wp-content\/uploads\/2023\/12\/Mau-form-toc-gia-FV03-4.jpg?resize=768%2C1024&amp;ssl=1 768w, https:\/\/i0.wp.com\/vietwig.com\/wp-content\/uploads\/2023\/12\/Mau-form-toc-gia-FV03-4.jpg?resize=225%2C300&amp;ssl=1 225w, https:\/\/i0.wp.com\/vietwig.com\/wp-content\/uploads\/2023\/12\/Mau-form-toc-gia-FV03-4.jpg?resize=1152%2C1536&amp;ssl=1 1152w, https:\/\/i0.wp.com\/vietwig.com\/wp-content\/uploads\/2023\/12\/Mau-form-toc-gia-FV03-4.jpg?resize=1200%2C1600&amp;ssl=1 1200w, https:\/\/i0.wp.com\/vietwig.com\/wp-content\/uploads\/2023\/12\/Mau-form-toc-gia-FV03-4.jpg?resize=150%2C200&amp;ssl=1 150w, https:\/\/i0.wp.com\/vietwig.com\/wp-content\/uploads\/2023\/12\/Mau-form-toc-gia-FV03-4.jpg?w=1512&amp;ssl=1 1512w\" sizes=\"auto, (max-width: 768px) 100vw, 768px\" \/><p id=\"caption-attachment-31145\" class=\"wp-caption-text\">Mau form toc gia FV03<\/p><\/div>\n<div id=\"attachment_31149\" style=\"width: 1034px\" class=\"wp-caption aligncenter\"><img data-recalc-dims=\"1\" loading=\"lazy\" decoding=\"async\" aria-describedby=\"caption-attachment-31149\" class=\"size-large wp-image-31149\" src=\"https:\/\/i0.wp.com\/vietwig.com\/wp-content\/uploads\/2023\/12\/Mau-form-toc-gia-FV03-6.jpg?resize=1024%2C768&#038;ssl=1\" alt=\"\" width=\"1024\" height=\"768\" srcset=\"https:\/\/i0.wp.com\/vietwig.com\/wp-content\/uploads\/2023\/12\/Mau-form-toc-gia-FV03-6.jpg?resize=1024%2C768&amp;ssl=1 1024w, https:\/\/i0.wp.com\/vietwig.com\/wp-content\/uploads\/2023\/12\/Mau-form-toc-gia-FV03-6.jpg?resize=300%2C225&amp;ssl=1 300w, https:\/\/i0.wp.com\/vietwig.com\/wp-content\/uploads\/2023\/12\/Mau-form-toc-gia-FV03-6.jpg?resize=768%2C576&amp;ssl=1 768w, https:\/\/i0.wp.com\/vietwig.com\/wp-content\/uploads\/2023\/12\/Mau-form-toc-gia-FV03-6.jpg?resize=1536%2C1152&amp;ssl=1 1536w, https:\/\/i0.wp.com\/vietwig.com\/wp-content\/uploads\/2023\/12\/Mau-form-toc-gia-FV03-6.jpg?resize=1200%2C900&amp;ssl=1 1200w, https:\/\/i0.wp.com\/vietwig.com\/wp-content\/uploads\/2023\/12\/Mau-form-toc-gia-FV03-6.jpg?resize=150%2C113&amp;ssl=1 150w, https:\/\/i0.wp.com\/vietwig.com\/wp-content\/uploads\/2023\/12\/Mau-form-toc-gia-FV03-6.jpg?w=2016&amp;ssl=1 2016w\" sizes=\"auto, (max-width: 1000px) 100vw, 1000px\" \/><p id=\"caption-attachment-31149\" class=\"wp-caption-text\">Mau form toc gia FV03<\/p><\/div>\n<div id=\"attachment_31151\" style=\"width: 778px\" class=\"wp-caption aligncenter\"><img data-recalc-dims=\"1\" loading=\"lazy\" decoding=\"async\" aria-describedby=\"caption-attachment-31151\" class=\"size-large wp-image-31151\" src=\"https:\/\/i0.wp.com\/vietwig.com\/wp-content\/uploads\/2023\/12\/Mau-form-toc-gia-FV03-7.jpg?resize=768%2C1024&#038;ssl=1\" alt=\"\" width=\"768\" height=\"1024\" srcset=\"https:\/\/i0.wp.com\/vietwig.com\/wp-content\/uploads\/2023\/12\/Mau-form-toc-gia-FV03-7.jpg?resize=768%2C1024&amp;ssl=1 768w, https:\/\/i0.wp.com\/vietwig.com\/wp-content\/uploads\/2023\/12\/Mau-form-toc-gia-FV03-7.jpg?resize=225%2C300&amp;ssl=1 225w, https:\/\/i0.wp.com\/vietwig.com\/wp-content\/uploads\/2023\/12\/Mau-form-toc-gia-FV03-7.jpg?resize=1152%2C1536&amp;ssl=1 1152w, https:\/\/i0.wp.com\/vietwig.com\/wp-content\/uploads\/2023\/12\/Mau-form-toc-gia-FV03-7.jpg?resize=1200%2C1600&amp;ssl=1 1200w, https:\/\/i0.wp.com\/vietwig.com\/wp-content\/uploads\/2023\/12\/Mau-form-toc-gia-FV03-7.jpg?resize=150%2C200&amp;ssl=1 150w, https:\/\/i0.wp.com\/vietwig.com\/wp-content\/uploads\/2023\/12\/Mau-form-toc-gia-FV03-7.jpg?w=1512&amp;ssl=1 1512w\" sizes=\"auto, (max-width: 768px) 100vw, 768px\" \/><p id=\"caption-attachment-31151\" class=\"wp-caption-text\">Mau form toc gia FV03<\/p><\/div>\n","protected":false},"excerpt":{"rendered":"<p>M\u1eabu Form t\u00f3c gi\u1ea3 FV03 &#8211;\u00a0 m\u1eabu form lai gi\u1eefa form topper m\u00f3c t\u00f3c v\u00e0 form chuy\u00ean d\u1ee5ng \u0111\u1ec3 may<\/p>\n","protected":false},"featured_media":31516,"comment_status":"closed","ping_status":"closed","template":"","meta":{"jetpack_publicize_message":"M\u1eabu Form m\u00f3c t\u00f3c gi\u1ea3 FV03","jetpack_publicize_feature_enabled":true,"jetpack_social_post_already_shared":true,"jetpack_social_options":{"image_generator_settings":{"template":"highway","default_image_id":0,"font":"","enabled":false},"version":2}},"product_brand":[],"product_cat":[275,705],"product_tag":[696,697,313,311,695,315,319,278,316,240,269,694,274,243,277,287,317,276,288,314,312,318,286,615,219,143,142,256,258,255,257,259,260,254,290],"class_list":{"0":"post-31138","1":"product","2":"type-product","3":"status-publish","4":"has-post-thumbnail","6":"product_cat-phom-moc-toc","7":"product_cat-phom-topper-nu","8":"product_tag-form-fv03","9":"product_tag-form-moc-toc-gia","10":"product_tag-form-topper","11":"product_tag-form-toupee","12":"product_tag-fv03","13":"product_tag-gia-cong-form-topper","14":"product_tag-gia-cong-phom-topper","15":"product_tag-gia-cong-phom-toupee","16":"product_tag-lam-form-topper-theo-yeu-cau","17":"product_tag-moc-toc-gia-tai-nha","18":"product_tag-nhan-gia-cong-toc-gia","19":"product_tag-nhan-lam-toc-gia-tu-toc-that","20":"product_tag-nhan-moc-toc","21":"product_tag-nhan-moc-toc-gia","22":"product_tag-phom-moc-toc","23":"product_tag-phom-moc-toc-gia","24":"product_tag-phom-topper","25":"product_tag-phom-toupee","26":"product_tag-phom-toupee-pu","27":"product_tag-san-xuat-form-topper","28":"product_tag-san-xuat-form-toupee","29":"product_tag-san-xuat-phom-topper","30":"product_tag-san-xuat-phom-toupee","31":"product_tag-toc-gia-vietwig","32":"product_tag-toupee","33":"product_tag-viet-wig","34":"product_tag-vietwig","35":"product_tag-xuong-gia-cong-toc-gia","36":"product_tag-xuong-lam-toc-gia","37":"product_tag-xuong-moc-toc-gia","38":"product_tag-xuong-san-xuat-toc-gia","39":"product_tag-xuong-san-xuat-toc-gia-vietwig","40":"product_tag-xuong-si-toc-gia","41":"product_tag-xuong-toc-gia","42":"product_tag-xuong-toc-viet-wig","44":"first","45":"instock","46":"shipping-taxable","47":"product-type-simple"},"yoast_head":"<!-- This site is optimized with the Yoast SEO Premium plugin v23.0 (Yoast SEO v23.0) - https:\/\/yoast.com\/wordpress\/plugins\/seo\/ -->\n<title>M\u1eabu Form m\u00f3c t\u00f3c gi\u1ea3 FV03 - Viet Wig - Wig made in Viet Nam<\/title>\n<meta name=\"robots\" content=\"index, follow, max-snippet:-1, max-image-preview:large, max-video-preview:-1\" \/>\n<link rel=\"canonical\" href=\"https:\/\/vietwig.com\/en\/product\/mau-form-moc-toc-gia-fv03\/\" \/>\n<meta property=\"og:locale\" content=\"en_US\" \/>\n<meta property=\"og:type\" content=\"article\" \/>\n<meta property=\"og:title\" content=\"M\u1eabu Form m\u00f3c t\u00f3c gi\u1ea3 FV03\" \/>\n<meta property=\"og:description\" content=\"M\u1eabu Form t\u00f3c gi\u1ea3 FV03 &#8211;\u00a0 m\u1eabu form lai gi\u1eefa form topper m\u00f3c t\u00f3c v\u00e0 form chuy\u00ean d\u1ee5ng \u0111\u1ec3 may\" \/>\n<meta property=\"og:url\" content=\"https:\/\/vietwig.com\/en\/product\/mau-form-moc-toc-gia-fv03\/\" \/>\n<meta property=\"og:site_name\" content=\"Viet Wig - Wig made in Viet Nam\" \/>\n<meta property=\"article:publisher\" content=\"https:\/\/www.facebook.com\/tocvietwig\" \/>\n<meta property=\"article:modified_time\" content=\"2025-03-21T11:51:37+00:00\" \/>\n<meta property=\"og:image\" content=\"https:\/\/i0.wp.com\/vietwig.com\/wp-content\/uploads\/2023\/12\/banner-Mau-Form-FV03.jpg?fit=1290%2C1470&ssl=1\" \/>\n\t<meta property=\"og:image:width\" content=\"1290\" \/>\n\t<meta property=\"og:image:height\" content=\"1470\" \/>\n\t<meta property=\"og:image:type\" content=\"image\/jpeg\" \/>\n<meta name=\"twitter:card\" content=\"summary_large_image\" \/>\n<meta name=\"twitter:label1\" content=\"Price\" \/>\n\t<meta name=\"twitter:data1\" content=\"\" \/>\n\t<meta name=\"twitter:label2\" content=\"Availability\" \/>\n\t<meta name=\"twitter:data2\" content=\"In stock\" \/>\n<script type=\"application\/ld+json\" class=\"yoast-schema-graph\">{\"@context\":\"https:\/\/schema.org\",\"@graph\":[{\"@type\":\"WebPage\",\"@id\":\"https:\/\/vietwig.com\/en\/product\/mau-form-moc-toc-gia-fv03\/\",\"url\":\"https:\/\/vietwig.com\/en\/product\/mau-form-moc-toc-gia-fv03\/\",\"name\":\"M\u1eabu Form m\u00f3c t\u00f3c gi\u1ea3 FV03 - Viet Wig - Wig made in Viet Nam\",\"isPartOf\":{\"@id\":\"https:\/\/vietwig.com\/en\/#website\"},\"primaryImageOfPage\":{\"@id\":\"https:\/\/vietwig.com\/en\/product\/mau-form-moc-toc-gia-fv03\/#primaryimage\"},\"image\":{\"@id\":\"https:\/\/vietwig.com\/en\/product\/mau-form-moc-toc-gia-fv03\/#primaryimage\"},\"thumbnailUrl\":\"https:\/\/i0.wp.com\/vietwig.com\/wp-content\/uploads\/2023\/12\/banner-Mau-Form-FV03.jpg?fit=1290%2C1470&ssl=1\",\"datePublished\":\"2023-12-21T02:44:29+00:00\",\"dateModified\":\"2025-03-21T11:51:37+00:00\",\"breadcrumb\":{\"@id\":\"https:\/\/vietwig.com\/en\/product\/mau-form-moc-toc-gia-fv03\/#breadcrumb\"},\"inLanguage\":\"en-US\",\"potentialAction\":[{\"@type\":\"ReadAction\",\"target\":[\"https:\/\/vietwig.com\/en\/product\/mau-form-moc-toc-gia-fv03\/\"]}]},{\"@type\":\"ImageObject\",\"inLanguage\":\"en-US\",\"@id\":\"https:\/\/vietwig.com\/en\/product\/mau-form-moc-toc-gia-fv03\/#primaryimage\",\"url\":\"https:\/\/i0.wp.com\/vietwig.com\/wp-content\/uploads\/2023\/12\/banner-Mau-Form-FV03.jpg?fit=1290%2C1470&ssl=1\",\"contentUrl\":\"https:\/\/i0.wp.com\/vietwig.com\/wp-content\/uploads\/2023\/12\/banner-Mau-Form-FV03.jpg?fit=1290%2C1470&ssl=1\",\"width\":1290,\"height\":1470},{\"@type\":\"BreadcrumbList\",\"@id\":\"https:\/\/vietwig.com\/en\/product\/mau-form-moc-toc-gia-fv03\/#breadcrumb\",\"itemListElement\":[{\"@type\":\"ListItem\",\"position\":1,\"name\":\"Home\",\"item\":\"https:\/\/vietwig.com\/en\/\"},{\"@type\":\"ListItem\",\"position\":2,\"name\":\"Shop\",\"item\":\"https:\/\/vietwig.com\/en\/shop-2\/\"},{\"@type\":\"ListItem\",\"position\":3,\"name\":\"M\u1eabu Form m\u00f3c t\u00f3c gi\u1ea3 FV03\"}]},{\"@type\":\"WebSite\",\"@id\":\"https:\/\/vietwig.com\/en\/#website\",\"url\":\"https:\/\/vietwig.com\/en\/\",\"name\":\"Viet Wig - Wig made in Viet Nam\",\"description\":\"\",\"publisher\":{\"@id\":\"https:\/\/vietwig.com\/en\/#organization\"},\"potentialAction\":[{\"@type\":\"SearchAction\",\"target\":{\"@type\":\"EntryPoint\",\"urlTemplate\":\"https:\/\/vietwig.com\/en\/?s={search_term_string}\"},\"query-input\":\"required name=search_term_string\"}],\"inLanguage\":\"en-US\"},{\"@type\":\"Organization\",\"@id\":\"https:\/\/vietwig.com\/en\/#organization\",\"name\":\"Viet Wig\",\"url\":\"https:\/\/vietwig.com\/en\/\",\"logo\":{\"@type\":\"ImageObject\",\"inLanguage\":\"en-US\",\"@id\":\"https:\/\/vietwig.com\/en\/#\/schema\/logo\/image\/\",\"url\":\"https:\/\/i0.wp.com\/vietwig.com\/wp-content\/uploads\/2021\/11\/logo-Viet-Wig1.png?fit=728%2C736&ssl=1\",\"contentUrl\":\"https:\/\/i0.wp.com\/vietwig.com\/wp-content\/uploads\/2021\/11\/logo-Viet-Wig1.png?fit=728%2C736&ssl=1\",\"width\":728,\"height\":736,\"caption\":\"Viet Wig\"},\"image\":{\"@id\":\"https:\/\/vietwig.com\/en\/#\/schema\/logo\/image\/\"},\"sameAs\":[\"https:\/\/www.facebook.com\/tocvietwig\"]}]}<\/script>\n<meta property=\"product:price:currency\" content=\"VND\" \/>\n<meta property=\"og:availability\" content=\"instock\" \/>\n<meta property=\"product:availability\" content=\"instock\" \/>\n<meta property=\"product:retailer_item_id\" content=\"FV03\" \/>\n<meta property=\"product:condition\" content=\"new\" \/>\n<!-- \/ Yoast SEO Premium plugin. -->","yoast_head_json":{"title":"M\u1eabu Form m\u00f3c t\u00f3c gi\u1ea3 FV03 - Viet Wig - Wig made in Viet Nam","robots":{"index":"index","follow":"follow","max-snippet":"max-snippet:-1","max-image-preview":"max-image-preview:large","max-video-preview":"max-video-preview:-1"},"canonical":"https:\/\/vietwig.com\/en\/product\/mau-form-moc-toc-gia-fv03\/","og_locale":"en_US","og_type":"article","og_title":"M\u1eabu Form m\u00f3c t\u00f3c gi\u1ea3 FV03","og_description":"M\u1eabu Form t\u00f3c gi\u1ea3 FV03 &#8211;\u00a0 m\u1eabu form lai gi\u1eefa form topper m\u00f3c t\u00f3c v\u00e0 form chuy\u00ean d\u1ee5ng \u0111\u1ec3 may","og_url":"https:\/\/vietwig.com\/en\/product\/mau-form-moc-toc-gia-fv03\/","og_site_name":"Viet Wig - Wig made in Viet Nam","article_publisher":"https:\/\/www.facebook.com\/tocvietwig","article_modified_time":"2025-03-21T11:51:37+00:00","og_image":[{"width":1290,"height":1470,"url":"https:\/\/i0.wp.com\/vietwig.com\/wp-content\/uploads\/2023\/12\/banner-Mau-Form-FV03.jpg?fit=1290%2C1470&ssl=1","type":"image\/jpeg"}],"twitter_card":"summary_large_image","twitter_misc":{"Price":"","Availability":"In stock"},"schema":{"@context":"https:\/\/schema.org","@graph":[{"@type":"WebPage","@id":"https:\/\/vietwig.com\/en\/product\/mau-form-moc-toc-gia-fv03\/","url":"https:\/\/vietwig.com\/en\/product\/mau-form-moc-toc-gia-fv03\/","name":"M\u1eabu Form m\u00f3c t\u00f3c gi\u1ea3 FV03 - Viet Wig - Wig made in Viet Nam","isPartOf":{"@id":"https:\/\/vietwig.com\/en\/#website"},"primaryImageOfPage":{"@id":"https:\/\/vietwig.com\/en\/product\/mau-form-moc-toc-gia-fv03\/#primaryimage"},"image":{"@id":"https:\/\/vietwig.com\/en\/product\/mau-form-moc-toc-gia-fv03\/#primaryimage"},"thumbnailUrl":"https:\/\/i0.wp.com\/vietwig.com\/wp-content\/uploads\/2023\/12\/banner-Mau-Form-FV03.jpg?fit=1290%2C1470&ssl=1","datePublished":"2023-12-21T02:44:29+00:00","dateModified":"2025-03-21T11:51:37+00:00","breadcrumb":{"@id":"https:\/\/vietwig.com\/en\/product\/mau-form-moc-toc-gia-fv03\/#breadcrumb"},"inLanguage":"en-US","potentialAction":[{"@type":"ReadAction","target":["https:\/\/vietwig.com\/en\/product\/mau-form-moc-toc-gia-fv03\/"]}]},{"@type":"ImageObject","inLanguage":"en-US","@id":"https:\/\/vietwig.com\/en\/product\/mau-form-moc-toc-gia-fv03\/#primaryimage","url":"https:\/\/i0.wp.com\/vietwig.com\/wp-content\/uploads\/2023\/12\/banner-Mau-Form-FV03.jpg?fit=1290%2C1470&ssl=1","contentUrl":"https:\/\/i0.wp.com\/vietwig.com\/wp-content\/uploads\/2023\/12\/banner-Mau-Form-FV03.jpg?fit=1290%2C1470&ssl=1","width":1290,"height":1470},{"@type":"BreadcrumbList","@id":"https:\/\/vietwig.com\/en\/product\/mau-form-moc-toc-gia-fv03\/#breadcrumb","itemListElement":[{"@type":"ListItem","position":1,"name":"Home","item":"https:\/\/vietwig.com\/en\/"},{"@type":"ListItem","position":2,"name":"Shop","item":"https:\/\/vietwig.com\/en\/shop-2\/"},{"@type":"ListItem","position":3,"name":"M\u1eabu Form m\u00f3c t\u00f3c gi\u1ea3 FV03"}]},{"@type":"WebSite","@id":"https:\/\/vietwig.com\/en\/#website","url":"https:\/\/vietwig.com\/en\/","name":"Viet Wig - Wig made in Viet Nam","description":"","publisher":{"@id":"https:\/\/vietwig.com\/en\/#organization"},"potentialAction":[{"@type":"SearchAction","target":{"@type":"EntryPoint","urlTemplate":"https:\/\/vietwig.com\/en\/?s={search_term_string}"},"query-input":"required name=search_term_string"}],"inLanguage":"en-US"},{"@type":"Organization","@id":"https:\/\/vietwig.com\/en\/#organization","name":"Viet Wig","url":"https:\/\/vietwig.com\/en\/","logo":{"@type":"ImageObject","inLanguage":"en-US","@id":"https:\/\/vietwig.com\/en\/#\/schema\/logo\/image\/","url":"https:\/\/i0.wp.com\/vietwig.com\/wp-content\/uploads\/2021\/11\/logo-Viet-Wig1.png?fit=728%2C736&ssl=1","contentUrl":"https:\/\/i0.wp.com\/vietwig.com\/wp-content\/uploads\/2021\/11\/logo-Viet-Wig1.png?fit=728%2C736&ssl=1","width":728,"height":736,"caption":"Viet Wig"},"image":{"@id":"https:\/\/vietwig.com\/en\/#\/schema\/logo\/image\/"},"sameAs":["https:\/\/www.facebook.com\/tocvietwig"]}]},"product_price_currency":"VND","og_availability":"instock","product_availability":"instock","product_retailer_item_id":"FV03","product_condition":"new"},"jetpack_publicize_connections":[],"jetpack-related-posts":[],"jetpack_sharing_enabled":true,"_links":{"self":[{"href":"https:\/\/vietwig.com\/en\/wp-json\/wp\/v2\/product\/31138","targetHints":{"allow":["GET"]}}],"collection":[{"href":"https:\/\/vietwig.com\/en\/wp-json\/wp\/v2\/product"}],"about":[{"href":"https:\/\/vietwig.com\/en\/wp-json\/wp\/v2\/types\/product"}],"replies":[{"embeddable":true,"href":"https:\/\/vietwig.com\/en\/wp-json\/wp\/v2\/comments?post=31138"}],"version-history":[{"count":4,"href":"https:\/\/vietwig.com\/en\/wp-json\/wp\/v2\/product\/31138\/revisions"}],"predecessor-version":[{"id":31160,"href":"https:\/\/vietwig.com\/en\/wp-json\/wp\/v2\/product\/31138\/revisions\/31160"}],"wp:featuredmedia":[{"embeddable":true,"href":"https:\/\/vietwig.com\/en\/wp-json\/wp\/v2\/media\/31516"}],"wp:attachment":[{"href":"https:\/\/vietwig.com\/en\/wp-json\/wp\/v2\/media?parent=31138"}],"wp:term":[{"taxonomy":"product_brand","embeddable":true,"href":"https:\/\/vietwig.com\/en\/wp-json\/wp\/v2\/product_brand?post=31138"},{"taxonomy":"product_cat","embeddable":true,"href":"https:\/\/vietwig.com\/en\/wp-json\/wp\/v2\/product_cat?post=31138"},{"taxonomy":"product_tag","embeddable":true,"href":"https:\/\/vietwig.com\/en\/wp-json\/wp\/v2\/product_tag?post=31138"}],"curies":[{"name":"wp","href":"https:\/\/api.w.org\/{rel}","templated":true}]}}