{"id":31550,"date":"2025-03-22T16:32:30","date_gmt":"2025-03-22T09:32:30","guid":{"rendered":"https:\/\/vietwig.com\/?post_type=product&#038;p=31550"},"modified":"2025-03-25T09:55:50","modified_gmt":"2025-03-25T02:55:50","slug":"phom-toupee-toc-gia-nam-fv08","status":"publish","type":"product","link":"https:\/\/vietwig.com\/en\/product\/phom-toupee-toc-gia-nam-fv08\/","title":{"rendered":"Phom Toupee t\u00f3c gi\u1ea3 nam &#8211; FV08"},"content":{"rendered":"<p>M\u1eabu Form FV08 \u0111\u01b0\u1ee3c thi\u1ebft k\u1ebf ph\u00e2n vi\u1ec1n tr\u00e1n l\u00e0 l\u01b0\u1edbi lace gi\u00fap d\u00e1n t\u00f3c l\u00ean nh\u00ecn th\u1eadt h\u01a1n, xung quanh 2 tai v\u00e0 ph\u00eda sau g\u00e1y l\u00e0 l\u1edbp ph\u1ee7 PU g\u1ee3t l\u01b0\u1edbi, vi\u1ec7c d\u00f9ng l\u01b0\u1edbi ph\u1ee7 PU gi\u00fap kh\u00e1ch h\u00e0ng sau khi m\u00f3c t\u00f3c xong ch\u1ec9 vi\u1ec7c c\u1eaft b\u1ecf ph\u1ea7n PU th\u1eeba xung quanh \u0111i l\u00e0 ho\u00e0n thi\u1ec7n s\u1ea3n ph\u1ea9m ngay m\u00e0 kh\u00f4ng c\u1ea7n x\u1eed l\u00fd b\u1ec1 m\u1eb7t ch\u00e2n t\u00f3c nh\u01b0 s\u1eed d\u1ee5ng PU trong su\u1ed1t. \u0111\u1eb7c b\u1ec7t ph\u1ea7n l\u01b0\u1edbi \u1edf gi\u1eefa c\u00f3 l\u1edbp l\u01b0\u1edbi l\u00f3t kim c\u01b0\u01a1ng gi\u00fap kh\u00e1ch s\u1eed d\u1ee5ng s\u1ea3n ph\u1ea9m t\u00f3c s\u1ebd th\u1ea5y m\u1ec1m m\u01b0\u1ee3t h\u01a1n kh\u00f4ng b\u1ecb ch\u00e2n t\u00f3c c\u1ed9m l\u00ean c\u1ea1 v\u00e0o da \u0111\u1ea7u g\u00e2y kh\u00f3 ch\u1ecbu<\/p>\n<p><iframe loading=\"lazy\" title=\"Form Toupee t\u00f3c nam FV08\" width=\"500\" height=\"281\" src=\"https:\/\/www.youtube.com\/embed\/7wzGX2xm84U?feature=oembed\" frameborder=\"0\" allow=\"accelerometer; autoplay; clipboard-write; encrypted-media; gyroscope; picture-in-picture; web-share\" referrerpolicy=\"strict-origin-when-cross-origin\" allowfullscreen><\/iframe><\/p>\n<h4>Th\u00f4ng tin s\u1ea3n ph\u1ea9m<\/h4>\n<p><strong>M\u00e3 s\u1ea3n ph\u1ea9m:<\/strong> FV08\u00a0 (form vi\u1ec7t Wig m\u1eabu s\u1ed1 8)<\/p>\n<p><strong>K\u00edch th\u01b0\u1edbc:<\/strong>\u00a0c\u00f3 th\u1ec3 t\u00f9y ch\u1ec9nh theo k\u00edch th\u01b0\u1edbc y\u00eau c\u1ea7u.<\/p>\n<p>\u01afu \u0111i\u00eam:<\/p>\n<ul>\n<li>\u0110\u01b0\u1eddng ch\u00e2n t\u00f3c tr\u01b0\u1edbc tr\u00e1n l\u00e0 l\u01b0\u1edbi lace m\u1ecfng n\u00ean khi d\u00e1n l\u00ean \u0111\u1ea7u l\u01b0\u1edbi s\u1ebd h\u00f2a qu\u1ec7n v\u00e0o m\u1ea7u da \u0111\u1ea7u kh\u00f3 nh\u00ecn ph\u00e1t hi\u1ec7n h\u01a1n.<\/li>\n<li>Ph\u1ea7n gi\u1eefa \u0111\u1ec9nh \u0111\u1ea7u l\u00e0 l\u1edbp l\u01b0\u1edbi lace gi\u00fap tho\u00e1t kh\u00ed nhanh, tho\u00e1ng m\u00e1t khi s\u1eed d\u1ee5ng, \u0111\u1eb7c bi\u1ec7t c\u00f2n c\u00f3 l\u1edbp l\u01b0\u1edbi l\u00f3t gi\u00fap ng\u0103n c\u00e1ch n\u00fat th\u1eaft ch\u00e2n t\u00f3c c\u1ed9m l\u00ean c\u1ea1 v\u00e0o da \u0111\u1ea7u g\u00e2y kh\u00f3 ch\u1ecbu ng\u1ee9a ng\u00e1y.<\/li>\n<li>Vi\u1ec1n 2 b\u00ean tai v\u00e0 \u0111\u1eb1ng sau g\u00e1y l\u00e0 l\u1edbp l\u01b0\u1edbi ph\u1ee7 PU, gi\u00fap c\u00e1c x\u01b0\u1edfng hay c\u1eeda h\u00e0ng khi m\u00f3c t\u00f3c xong ch\u1ec9 c\u1ea7n c\u1eaft b\u1ecf ph\u1ea7n th\u1eeba \u0111i l\u00e0 ho\u00e0n thi\u1ec7n s\u1ea3n ph\u1ea9m b\u00e1n \u0111\u01b0\u1ee3c lu\u00f4n<\/li>\n<\/ul>\n<div id=\"attachment_31553\" style=\"width: 778px\" class=\"wp-caption aligncenter\"><img data-recalc-dims=\"1\" loading=\"lazy\" decoding=\"async\" aria-describedby=\"caption-attachment-31553\" class=\"size-large wp-image-31553\" src=\"https:\/\/i0.wp.com\/vietwig.com\/wp-content\/uploads\/2025\/03\/mau-form-toupee-toc-gia-nam-FV08-2.jpg?resize=768%2C1024&#038;ssl=1\" alt=\"\" width=\"768\" height=\"1024\" srcset=\"https:\/\/i0.wp.com\/vietwig.com\/wp-content\/uploads\/2025\/03\/mau-form-toupee-toc-gia-nam-FV08-2-rotated.jpg?resize=768%2C1024&amp;ssl=1 768w, https:\/\/i0.wp.com\/vietwig.com\/wp-content\/uploads\/2025\/03\/mau-form-toupee-toc-gia-nam-FV08-2-rotated.jpg?resize=225%2C300&amp;ssl=1 225w, https:\/\/i0.wp.com\/vietwig.com\/wp-content\/uploads\/2025\/03\/mau-form-toupee-toc-gia-nam-FV08-2-rotated.jpg?resize=1152%2C1536&amp;ssl=1 1152w, https:\/\/i0.wp.com\/vietwig.com\/wp-content\/uploads\/2025\/03\/mau-form-toupee-toc-gia-nam-FV08-2-rotated.jpg?resize=1200%2C1600&amp;ssl=1 1200w, https:\/\/i0.wp.com\/vietwig.com\/wp-content\/uploads\/2025\/03\/mau-form-toupee-toc-gia-nam-FV08-2-rotated.jpg?resize=150%2C200&amp;ssl=1 150w, https:\/\/i0.wp.com\/vietwig.com\/wp-content\/uploads\/2025\/03\/mau-form-toupee-toc-gia-nam-FV08-2-rotated.jpg?w=1512&amp;ssl=1 1512w\" sizes=\"auto, (max-width: 768px) 100vw, 768px\" \/><p id=\"caption-attachment-31553\" class=\"wp-caption-text\">Phom moc toc gia Toupee FV08<\/p><\/div>\n<div id=\"attachment_31555\" style=\"width: 778px\" class=\"wp-caption aligncenter\"><img data-recalc-dims=\"1\" loading=\"lazy\" decoding=\"async\" aria-describedby=\"caption-attachment-31555\" class=\"size-large wp-image-31555\" src=\"https:\/\/i0.wp.com\/vietwig.com\/wp-content\/uploads\/2025\/03\/mau-form-toupee-toc-gia-nam-FV08-6.jpg?resize=768%2C1024&#038;ssl=1\" alt=\"\" width=\"768\" height=\"1024\" srcset=\"https:\/\/i0.wp.com\/vietwig.com\/wp-content\/uploads\/2025\/03\/mau-form-toupee-toc-gia-nam-FV08-6-rotated.jpg?resize=768%2C1024&amp;ssl=1 768w, https:\/\/i0.wp.com\/vietwig.com\/wp-content\/uploads\/2025\/03\/mau-form-toupee-toc-gia-nam-FV08-6-rotated.jpg?resize=225%2C300&amp;ssl=1 225w, https:\/\/i0.wp.com\/vietwig.com\/wp-content\/uploads\/2025\/03\/mau-form-toupee-toc-gia-nam-FV08-6-rotated.jpg?resize=1152%2C1536&amp;ssl=1 1152w, https:\/\/i0.wp.com\/vietwig.com\/wp-content\/uploads\/2025\/03\/mau-form-toupee-toc-gia-nam-FV08-6-rotated.jpg?resize=1200%2C1600&amp;ssl=1 1200w, https:\/\/i0.wp.com\/vietwig.com\/wp-content\/uploads\/2025\/03\/mau-form-toupee-toc-gia-nam-FV08-6-rotated.jpg?resize=150%2C200&amp;ssl=1 150w, https:\/\/i0.wp.com\/vietwig.com\/wp-content\/uploads\/2025\/03\/mau-form-toupee-toc-gia-nam-FV08-6-rotated.jpg?w=1512&amp;ssl=1 1512w\" sizes=\"auto, (max-width: 768px) 100vw, 768px\" \/><p id=\"caption-attachment-31555\" class=\"wp-caption-text\">Phom moc toc gia Toupee FV08<\/p><\/div>\n<div id=\"attachment_31557\" style=\"width: 778px\" class=\"wp-caption aligncenter\"><img data-recalc-dims=\"1\" loading=\"lazy\" decoding=\"async\" aria-describedby=\"caption-attachment-31557\" class=\"size-large wp-image-31557\" src=\"https:\/\/i0.wp.com\/vietwig.com\/wp-content\/uploads\/2025\/03\/mau-form-toupee-toc-gia-nam-FV08-8.jpg?resize=768%2C1024&#038;ssl=1\" alt=\"\" width=\"768\" height=\"1024\" srcset=\"https:\/\/i0.wp.com\/vietwig.com\/wp-content\/uploads\/2025\/03\/mau-form-toupee-toc-gia-nam-FV08-8-rotated.jpg?resize=768%2C1024&amp;ssl=1 768w, https:\/\/i0.wp.com\/vietwig.com\/wp-content\/uploads\/2025\/03\/mau-form-toupee-toc-gia-nam-FV08-8-rotated.jpg?resize=225%2C300&amp;ssl=1 225w, https:\/\/i0.wp.com\/vietwig.com\/wp-content\/uploads\/2025\/03\/mau-form-toupee-toc-gia-nam-FV08-8-rotated.jpg?resize=1152%2C1536&amp;ssl=1 1152w, https:\/\/i0.wp.com\/vietwig.com\/wp-content\/uploads\/2025\/03\/mau-form-toupee-toc-gia-nam-FV08-8-rotated.jpg?resize=1200%2C1600&amp;ssl=1 1200w, https:\/\/i0.wp.com\/vietwig.com\/wp-content\/uploads\/2025\/03\/mau-form-toupee-toc-gia-nam-FV08-8-rotated.jpg?resize=150%2C200&amp;ssl=1 150w, https:\/\/i0.wp.com\/vietwig.com\/wp-content\/uploads\/2025\/03\/mau-form-toupee-toc-gia-nam-FV08-8-rotated.jpg?w=1512&amp;ssl=1 1512w\" sizes=\"auto, (max-width: 768px) 100vw, 768px\" \/><p id=\"caption-attachment-31557\" class=\"wp-caption-text\">Phom moc toc gia Toupee FV08<\/p><\/div>\n<div id=\"attachment_31559\" style=\"width: 778px\" class=\"wp-caption aligncenter\"><img data-recalc-dims=\"1\" loading=\"lazy\" decoding=\"async\" aria-describedby=\"caption-attachment-31559\" class=\"size-large wp-image-31559\" src=\"https:\/\/i0.wp.com\/vietwig.com\/wp-content\/uploads\/2025\/03\/mau-form-toupee-toc-gia-nam-FV08-11.jpg?resize=768%2C1024&#038;ssl=1\" alt=\"\" width=\"768\" height=\"1024\" srcset=\"https:\/\/i0.wp.com\/vietwig.com\/wp-content\/uploads\/2025\/03\/mau-form-toupee-toc-gia-nam-FV08-11-rotated.jpg?resize=768%2C1024&amp;ssl=1 768w, https:\/\/i0.wp.com\/vietwig.com\/wp-content\/uploads\/2025\/03\/mau-form-toupee-toc-gia-nam-FV08-11-rotated.jpg?resize=225%2C300&amp;ssl=1 225w, https:\/\/i0.wp.com\/vietwig.com\/wp-content\/uploads\/2025\/03\/mau-form-toupee-toc-gia-nam-FV08-11-rotated.jpg?resize=1152%2C1536&amp;ssl=1 1152w, https:\/\/i0.wp.com\/vietwig.com\/wp-content\/uploads\/2025\/03\/mau-form-toupee-toc-gia-nam-FV08-11-rotated.jpg?resize=1200%2C1600&amp;ssl=1 1200w, https:\/\/i0.wp.com\/vietwig.com\/wp-content\/uploads\/2025\/03\/mau-form-toupee-toc-gia-nam-FV08-11-rotated.jpg?resize=150%2C200&amp;ssl=1 150w, https:\/\/i0.wp.com\/vietwig.com\/wp-content\/uploads\/2025\/03\/mau-form-toupee-toc-gia-nam-FV08-11-rotated.jpg?w=1512&amp;ssl=1 1512w\" sizes=\"auto, (max-width: 768px) 100vw, 768px\" \/><p id=\"caption-attachment-31559\" class=\"wp-caption-text\">Phom moc toc gia Toupee FV08<\/p><\/div>\n<p>\ud83d\udc49Are you looking for wholesale hair pieces you can depend on Viet Wig<br \/>\nwe have technicians and hair stylists our hair pieces are manufactured by skilled craftsmen<br \/>\n\ud83d\udc49 Our hair pieces offer a wide range of women&#8217;s and men&#8217;s hair with factory stock and custom units.<br \/>\n\ud83d\udc49 Viet Wig factory is a reputed hair company.<br \/>\n\ud83d\udc49We have a strict order management system. We deliver every order with 100% reputation Best for men and women hair. Our experienced stylists and technicians use high quality and natural looking hair to create custom hair systems for the best hair wigs<\/p>\n<p>\ud83d\udc49B\u1ea1n \u0111ang t\u00ecm ki\u1ebfm nh\u00e0 s\u1ea3n xu\u1ea5t\/b\u00e1n s\u1ec9 t\u00f3c gi\u1ea3 d\u1ea1ng d\u00e1n ho\u1eb7c t\u00f3c k\u1eb9p toupee\/topper v\u1eady h\u00e3y li\u00ean h\u1ec7 v\u1edbi x\u01b0\u1edfng t\u00f3c Vi\u1ec7t Wig<br \/>\n\ud83d\udc49C\u00e1c s\u1ea3n ph\u1ea9m t\u00f3c c\u1ee7a ch\u00fang t\u00f4i cung c\u1ea5p \u0111a d\u1ea1ng ph\u00f9 h\u1ee3p v\u1edbi c\u1ea3 nam v\u00e0 n\u1eef v\u1edbi c\u00e1c k\u00edch th\u01b0\u1edbc \u0111\u01b0\u1ee3c t\u00f9y ch\u1ec9nh theo y\u00eau c\u1ea7u.<br \/>\n\ud83d\udc49X\u01b0\u1edfng t\u00f3c Viet Wig l\u00e0 m\u1ed9t c\u00f4ng ty s\u1ea3n xu\u1ea5t t\u00f3c gi\u1ea3 uy t\u00edn. ch\u00fang t\u00f4i c\u00f3 h\u1ec7 th\u1ed1ng qu\u1ea3n l\u00fd ch\u1ea5t l\u01b0\u1ee3ng ch\u1eb7t ch\u1ebd.<br \/>\n\ud83d\udc49Ch\u00fang t\u00f4i c\u00f3 c\u00e1c k\u1ef9 thu\u1eadt vi\u00ean v\u00e0 nh\u00e0 t\u1ea1o m\u1eabu t\u00f3c gi\u00e0u kinh nghi\u1ec7m, c\u00e1c m\u1eabu t\u00f3c c\u1ee7a ch\u00fang t\u00f4i \u0111\u01b0\u1ee3c s\u1ea3n Xu\u1ea5t b\u1edfi c\u00e1c th\u1ee3 th\u1ee7 c\u00f4ng l\u00e0nh ngh\u1ec1 c\u0169ng nh\u01b0 s\u1eed d\u1ee5ng t\u00f3c th\u1eadt ch\u1ea5t l\u01b0\u1ee3ng cao \u0111\u1ec3 t\u1ea1o ra c\u00e1c m\u1eabu t\u00f3c t\u00f9y ch\u1ec9nh ch\u1ea5t l\u01b0\u1ee3ng v\u00e0 gi\u00e1 t\u1ed1t nh\u1ea5t cho c\u00e1c c\u1eeda h\u00e0ng<\/p>\n<p>xem Chi ti\u1ebft:<br \/>\n\u2728X\u01b0\u1edfng t\u00f3c Vi\u1ec7t Wig nh\u1eadn gia c\u00f4ng t\u1ea5t c\u1ea3 c\u00e1c m\u1eb7t h\u00e0ng theo y\u00eau c\u1ea7u<br \/>\nl\u00e0m form m\u00f3c t\u00f3c, M\u00f3c t\u00f3c gi\u1ea3 y\u00eau c\u1ea7u k\u1ef9 thu\u1eadt cao, m\u00f3c h\u00e0ng si\u00eau da \u0111\u1ea7u 2 l\u1edbp, 3 l\u1edbp, l\u01b0\u1edbi Mono, l\u01b0\u1edbi Lace, m\u00e0ng Da PU &#8230;..<br \/>\n\u260e (+84) 825.691.999<br \/>\n\ud83c\udf10https:\/\/vietwig.com<br \/>\n\ud83c\udfea \u0110\u1ecba Ch\u1ec9 X\u01b0\u1edfng t\u00f3c Vi\u1ec7t Wig: x\u00e3 \u0110\u00ecnh Cao, huy\u1ec7n Ph\u00f9 C\u1eeb, H\u01b0ng Y\u00ean, Vi\u1ec7t Nam<br \/>\n\ud83c\udfea \u0110\u1ecba ch\u1ec9 v\u0103n ph\u00f2ng: Nh\u00e0 s\u1ed1 3, ng\u00f5 37\/2 ph\u1ed1 L\u00ea Thanh Ngh\u1ecb, ph\u01b0\u1eddng B\u00e1ch Khoa, qu\u1eadn Hai B\u00e0 Tr\u01b0ng, H\u00e0 N\u1ed9i<\/p>\n","protected":false},"excerpt":{"rendered":"<p>M\u1eabu Form FV08 \u0111\u01b0\u1ee3c thi\u1ebft k\u1ebf ph\u00e2n vi\u1ec1n tr\u00e1n l\u00e0 l\u01b0\u1edbi lace gi\u00fap d\u00e1n t\u00f3c l\u00ean nh\u00ecn th\u1eadt h\u01a1n, xung quanh 2 tai v\u00e0 ph\u00eda sau g\u00e1y l\u00e0 l\u1edbp ph\u1ee7 PU g\u1ee3t l\u01b0\u1edbi, vi\u1ec7c d\u00f9ng l\u01b0\u1edbi ph\u1ee7 PU gi\u00fap kh\u00e1ch h\u00e0ng sau khi<\/p>\n<h4>Th\u00f4ng tin s\u1ea3n ph\u1ea9m<\/h4>\n<p><strong>M\u00e3 s\u1ea3n ph\u1ea9m:<\/strong> FV08\u00a0 (form vi\u1ec7t Wig m\u1eabu s\u1ed1 8)<\/p>\n<p><strong>K\u00edch th\u01b0\u1edbc:<\/strong>\u00a0c\u00f3 th\u1ec3 t\u00f9y ch\u1ec9nh theo k\u00edch th\u01b0\u1edbc y\u00eau c\u1ea7u.<\/p>\n","protected":false},"featured_media":31551,"comment_status":"closed","ping_status":"closed","template":"","meta":{"jetpack_publicize_message":"Phom Toupee t\u00f3c gi\u1ea3 nam - FV08","jetpack_publicize_feature_enabled":true,"jetpack_social_post_already_shared":true,"jetpack_social_options":{"image_generator_settings":{"template":"highway","default_image_id":0,"font":"","enabled":false},"version":2}},"product_brand":[],"product_cat":[275,706],"product_tag":[735,733,732,734,737,745,744,746,742,739,738,741,740,736,743,317,142,256,258,255,257,259,260,254],"class_list":{"0":"post-31550","1":"product","2":"type-product","3":"status-publish","4":"has-post-thumbnail","6":"product_cat-phom-moc-toc","7":"product_cat-phom-toupee-nam","8":"product_tag-cach-lam-toc-gia-bang-chi","9":"product_tag-form-toupee-nam","10":"product_tag-fv08","11":"product_tag-hoc-nghe-lam-toc-gia","12":"product_tag-may-phom-toc-gia","13":"product_tag-nhan-lam-form-may-toc-gia","14":"product_tag-nhan-lam-phom-moc-toc-gia","15":"product_tag-nhan-order-form","16":"product_tag-phom-mai-m","17":"product_tag-phom-may-toc-det","18":"product_tag-phom-may-toc-gia","19":"product_tag-phom-may-toc-kep","20":"product_tag-phom-may-toc-mai-mua","21":"product_tag-phom-mu-may-toc-gia","22":"product_tag-phom-toc-nu","23":"product_tag-phom-topper","24":"product_tag-vietwig","25":"product_tag-xuong-gia-cong-toc-gia","26":"product_tag-xuong-lam-toc-gia","27":"product_tag-xuong-moc-toc-gia","28":"product_tag-xuong-san-xuat-toc-gia","29":"product_tag-xuong-san-xuat-toc-gia-vietwig","30":"product_tag-xuong-si-toc-gia","31":"product_tag-xuong-toc-gia","33":"first","34":"instock","35":"shipping-taxable","36":"product-type-simple"},"yoast_head":"<!-- This site is optimized with the Yoast SEO Premium plugin v23.0 (Yoast SEO v23.0) - https:\/\/yoast.com\/wordpress\/plugins\/seo\/ -->\n<title>Phom Toupee t\u00f3c gi\u1ea3 nam - FV08 - Viet Wig - Wig made in Viet Nam<\/title>\n<meta name=\"robots\" content=\"index, follow, max-snippet:-1, max-image-preview:large, max-video-preview:-1\" \/>\n<link rel=\"canonical\" href=\"https:\/\/vietwig.com\/en\/product\/phom-toupee-toc-gia-nam-fv08\/\" \/>\n<meta property=\"og:locale\" content=\"en_US\" \/>\n<meta property=\"og:type\" content=\"article\" \/>\n<meta property=\"og:title\" content=\"Phom Toupee t\u00f3c gi\u1ea3 nam - FV08\" \/>\n<meta property=\"og:description\" content=\"M\u1eabu Form FV08 \u0111\u01b0\u1ee3c thi\u1ebft k\u1ebf ph\u00e2n vi\u1ec1n tr\u00e1n l\u00e0 l\u01b0\u1edbi lace gi\u00fap d\u00e1n t\u00f3c l\u00ean nh\u00ecn th\u1eadt h\u01a1n, xung quanh 2 tai v\u00e0 ph\u00eda sau g\u00e1y l\u00e0 l\u1edbp ph\u1ee7 PU g\u1ee3t l\u01b0\u1edbi, vi\u1ec7c d\u00f9ng l\u01b0\u1edbi ph\u1ee7 PU gi\u00fap kh\u00e1ch h\u00e0ng sau khi Th\u00f4ng tin s\u1ea3n ph\u1ea9m M\u00e3 s\u1ea3n ph\u1ea9m: FV08\u00a0 (form vi\u1ec7t Wig m\u1eabu s\u1ed1 8)  K\u00edch th\u01b0\u1edbc:\u00a0c\u00f3 th\u1ec3 t\u00f9y ch\u1ec9nh theo k\u00edch th\u01b0\u1edbc y\u00eau c\u1ea7u.\" \/>\n<meta property=\"og:url\" content=\"https:\/\/vietwig.com\/en\/product\/phom-toupee-toc-gia-nam-fv08\/\" \/>\n<meta property=\"og:site_name\" content=\"Viet Wig - Wig made in Viet Nam\" \/>\n<meta property=\"article:publisher\" content=\"https:\/\/www.facebook.com\/tocvietwig\" \/>\n<meta property=\"article:modified_time\" content=\"2025-03-25T02:55:50+00:00\" \/>\n<meta property=\"og:image\" content=\"https:\/\/i0.wp.com\/vietwig.com\/wp-content\/uploads\/2025\/03\/youtobe-form-FV08.jpg?fit=1280%2C720&ssl=1\" \/>\n\t<meta property=\"og:image:width\" content=\"1280\" \/>\n\t<meta property=\"og:image:height\" content=\"720\" \/>\n\t<meta property=\"og:image:type\" content=\"image\/jpeg\" \/>\n<meta name=\"twitter:card\" content=\"summary_large_image\" \/>\n<meta name=\"twitter:label1\" content=\"Price\" \/>\n\t<meta name=\"twitter:data1\" content=\"\" \/>\n\t<meta name=\"twitter:label2\" content=\"Availability\" \/>\n\t<meta name=\"twitter:data2\" content=\"In stock\" \/>\n<script type=\"application\/ld+json\" class=\"yoast-schema-graph\">{\"@context\":\"https:\/\/schema.org\",\"@graph\":[{\"@type\":\"WebPage\",\"@id\":\"https:\/\/vietwig.com\/en\/product\/phom-toupee-toc-gia-nam-fv08\/\",\"url\":\"https:\/\/vietwig.com\/en\/product\/phom-toupee-toc-gia-nam-fv08\/\",\"name\":\"Phom Toupee t\u00f3c gi\u1ea3 nam - FV08 - Viet Wig - Wig made in Viet Nam\",\"isPartOf\":{\"@id\":\"https:\/\/vietwig.com\/en\/#website\"},\"primaryImageOfPage\":{\"@id\":\"https:\/\/vietwig.com\/en\/product\/phom-toupee-toc-gia-nam-fv08\/#primaryimage\"},\"image\":{\"@id\":\"https:\/\/vietwig.com\/en\/product\/phom-toupee-toc-gia-nam-fv08\/#primaryimage\"},\"thumbnailUrl\":\"https:\/\/i0.wp.com\/vietwig.com\/wp-content\/uploads\/2025\/03\/banner-san-pham-form-moc-toc-gia-nam-FV08.jpg?fit=1290%2C1470&ssl=1\",\"datePublished\":\"2025-03-22T09:32:30+00:00\",\"dateModified\":\"2025-03-25T02:55:50+00:00\",\"breadcrumb\":{\"@id\":\"https:\/\/vietwig.com\/en\/product\/phom-toupee-toc-gia-nam-fv08\/#breadcrumb\"},\"inLanguage\":\"en-US\",\"potentialAction\":[{\"@type\":\"ReadAction\",\"target\":[\"https:\/\/vietwig.com\/en\/product\/phom-toupee-toc-gia-nam-fv08\/\"]}]},{\"@type\":\"ImageObject\",\"inLanguage\":\"en-US\",\"@id\":\"https:\/\/vietwig.com\/en\/product\/phom-toupee-toc-gia-nam-fv08\/#primaryimage\",\"url\":\"https:\/\/i0.wp.com\/vietwig.com\/wp-content\/uploads\/2025\/03\/banner-san-pham-form-moc-toc-gia-nam-FV08.jpg?fit=1290%2C1470&ssl=1\",\"contentUrl\":\"https:\/\/i0.wp.com\/vietwig.com\/wp-content\/uploads\/2025\/03\/banner-san-pham-form-moc-toc-gia-nam-FV08.jpg?fit=1290%2C1470&ssl=1\",\"width\":1290,\"height\":1470},{\"@type\":\"BreadcrumbList\",\"@id\":\"https:\/\/vietwig.com\/en\/product\/phom-toupee-toc-gia-nam-fv08\/#breadcrumb\",\"itemListElement\":[{\"@type\":\"ListItem\",\"position\":1,\"name\":\"Home\",\"item\":\"https:\/\/vietwig.com\/en\/\"},{\"@type\":\"ListItem\",\"position\":2,\"name\":\"Shop\",\"item\":\"https:\/\/vietwig.com\/en\/shop-2\/\"},{\"@type\":\"ListItem\",\"position\":3,\"name\":\"Phom Toupee t\u00f3c gi\u1ea3 nam &#8211; FV08\"}]},{\"@type\":\"WebSite\",\"@id\":\"https:\/\/vietwig.com\/en\/#website\",\"url\":\"https:\/\/vietwig.com\/en\/\",\"name\":\"Viet Wig - Wig made in Viet Nam\",\"description\":\"\",\"publisher\":{\"@id\":\"https:\/\/vietwig.com\/en\/#organization\"},\"potentialAction\":[{\"@type\":\"SearchAction\",\"target\":{\"@type\":\"EntryPoint\",\"urlTemplate\":\"https:\/\/vietwig.com\/en\/?s={search_term_string}\"},\"query-input\":\"required name=search_term_string\"}],\"inLanguage\":\"en-US\"},{\"@type\":\"Organization\",\"@id\":\"https:\/\/vietwig.com\/en\/#organization\",\"name\":\"Viet Wig\",\"url\":\"https:\/\/vietwig.com\/en\/\",\"logo\":{\"@type\":\"ImageObject\",\"inLanguage\":\"en-US\",\"@id\":\"https:\/\/vietwig.com\/en\/#\/schema\/logo\/image\/\",\"url\":\"https:\/\/i0.wp.com\/vietwig.com\/wp-content\/uploads\/2021\/11\/logo-Viet-Wig1.png?fit=728%2C736&ssl=1\",\"contentUrl\":\"https:\/\/i0.wp.com\/vietwig.com\/wp-content\/uploads\/2021\/11\/logo-Viet-Wig1.png?fit=728%2C736&ssl=1\",\"width\":728,\"height\":736,\"caption\":\"Viet Wig\"},\"image\":{\"@id\":\"https:\/\/vietwig.com\/en\/#\/schema\/logo\/image\/\"},\"sameAs\":[\"https:\/\/www.facebook.com\/tocvietwig\"]}]}<\/script>\n<meta property=\"product:price:currency\" content=\"VND\" \/>\n<meta property=\"og:availability\" content=\"instock\" \/>\n<meta property=\"product:availability\" content=\"instock\" \/>\n<meta property=\"product:retailer_item_id\" content=\"FV08\" \/>\n<meta property=\"product:condition\" content=\"new\" \/>\n<!-- \/ Yoast SEO Premium plugin. -->","yoast_head_json":{"title":"Phom Toupee t\u00f3c gi\u1ea3 nam - FV08 - Viet Wig - Wig made in Viet Nam","robots":{"index":"index","follow":"follow","max-snippet":"max-snippet:-1","max-image-preview":"max-image-preview:large","max-video-preview":"max-video-preview:-1"},"canonical":"https:\/\/vietwig.com\/en\/product\/phom-toupee-toc-gia-nam-fv08\/","og_locale":"en_US","og_type":"article","og_title":"Phom Toupee t\u00f3c gi\u1ea3 nam - FV08","og_description":"M\u1eabu Form FV08 \u0111\u01b0\u1ee3c thi\u1ebft k\u1ebf ph\u00e2n vi\u1ec1n tr\u00e1n l\u00e0 l\u01b0\u1edbi lace gi\u00fap d\u00e1n t\u00f3c l\u00ean nh\u00ecn th\u1eadt h\u01a1n, xung quanh 2 tai v\u00e0 ph\u00eda sau g\u00e1y l\u00e0 l\u1edbp ph\u1ee7 PU g\u1ee3t l\u01b0\u1edbi, vi\u1ec7c d\u00f9ng l\u01b0\u1edbi ph\u1ee7 PU gi\u00fap kh\u00e1ch h\u00e0ng sau khi Th\u00f4ng tin s\u1ea3n ph\u1ea9m M\u00e3 s\u1ea3n ph\u1ea9m: FV08\u00a0 (form vi\u1ec7t Wig m\u1eabu s\u1ed1 8)  K\u00edch th\u01b0\u1edbc:\u00a0c\u00f3 th\u1ec3 t\u00f9y ch\u1ec9nh theo k\u00edch th\u01b0\u1edbc y\u00eau c\u1ea7u.","og_url":"https:\/\/vietwig.com\/en\/product\/phom-toupee-toc-gia-nam-fv08\/","og_site_name":"Viet Wig - Wig made in Viet Nam","article_publisher":"https:\/\/www.facebook.com\/tocvietwig","article_modified_time":"2025-03-25T02:55:50+00:00","og_image":[{"width":1280,"height":720,"url":"https:\/\/i0.wp.com\/vietwig.com\/wp-content\/uploads\/2025\/03\/youtobe-form-FV08.jpg?fit=1280%2C720&ssl=1","type":"image\/jpeg"}],"twitter_card":"summary_large_image","twitter_misc":{"Price":"","Availability":"In stock"},"schema":{"@context":"https:\/\/schema.org","@graph":[{"@type":"WebPage","@id":"https:\/\/vietwig.com\/en\/product\/phom-toupee-toc-gia-nam-fv08\/","url":"https:\/\/vietwig.com\/en\/product\/phom-toupee-toc-gia-nam-fv08\/","name":"Phom Toupee t\u00f3c gi\u1ea3 nam - FV08 - Viet Wig - Wig made in Viet Nam","isPartOf":{"@id":"https:\/\/vietwig.com\/en\/#website"},"primaryImageOfPage":{"@id":"https:\/\/vietwig.com\/en\/product\/phom-toupee-toc-gia-nam-fv08\/#primaryimage"},"image":{"@id":"https:\/\/vietwig.com\/en\/product\/phom-toupee-toc-gia-nam-fv08\/#primaryimage"},"thumbnailUrl":"https:\/\/i0.wp.com\/vietwig.com\/wp-content\/uploads\/2025\/03\/banner-san-pham-form-moc-toc-gia-nam-FV08.jpg?fit=1290%2C1470&ssl=1","datePublished":"2025-03-22T09:32:30+00:00","dateModified":"2025-03-25T02:55:50+00:00","breadcrumb":{"@id":"https:\/\/vietwig.com\/en\/product\/phom-toupee-toc-gia-nam-fv08\/#breadcrumb"},"inLanguage":"en-US","potentialAction":[{"@type":"ReadAction","target":["https:\/\/vietwig.com\/en\/product\/phom-toupee-toc-gia-nam-fv08\/"]}]},{"@type":"ImageObject","inLanguage":"en-US","@id":"https:\/\/vietwig.com\/en\/product\/phom-toupee-toc-gia-nam-fv08\/#primaryimage","url":"https:\/\/i0.wp.com\/vietwig.com\/wp-content\/uploads\/2025\/03\/banner-san-pham-form-moc-toc-gia-nam-FV08.jpg?fit=1290%2C1470&ssl=1","contentUrl":"https:\/\/i0.wp.com\/vietwig.com\/wp-content\/uploads\/2025\/03\/banner-san-pham-form-moc-toc-gia-nam-FV08.jpg?fit=1290%2C1470&ssl=1","width":1290,"height":1470},{"@type":"BreadcrumbList","@id":"https:\/\/vietwig.com\/en\/product\/phom-toupee-toc-gia-nam-fv08\/#breadcrumb","itemListElement":[{"@type":"ListItem","position":1,"name":"Home","item":"https:\/\/vietwig.com\/en\/"},{"@type":"ListItem","position":2,"name":"Shop","item":"https:\/\/vietwig.com\/en\/shop-2\/"},{"@type":"ListItem","position":3,"name":"Phom Toupee t\u00f3c gi\u1ea3 nam &#8211; FV08"}]},{"@type":"WebSite","@id":"https:\/\/vietwig.com\/en\/#website","url":"https:\/\/vietwig.com\/en\/","name":"Viet Wig - Wig made in Viet Nam","description":"","publisher":{"@id":"https:\/\/vietwig.com\/en\/#organization"},"potentialAction":[{"@type":"SearchAction","target":{"@type":"EntryPoint","urlTemplate":"https:\/\/vietwig.com\/en\/?s={search_term_string}"},"query-input":"required name=search_term_string"}],"inLanguage":"en-US"},{"@type":"Organization","@id":"https:\/\/vietwig.com\/en\/#organization","name":"Viet Wig","url":"https:\/\/vietwig.com\/en\/","logo":{"@type":"ImageObject","inLanguage":"en-US","@id":"https:\/\/vietwig.com\/en\/#\/schema\/logo\/image\/","url":"https:\/\/i0.wp.com\/vietwig.com\/wp-content\/uploads\/2021\/11\/logo-Viet-Wig1.png?fit=728%2C736&ssl=1","contentUrl":"https:\/\/i0.wp.com\/vietwig.com\/wp-content\/uploads\/2021\/11\/logo-Viet-Wig1.png?fit=728%2C736&ssl=1","width":728,"height":736,"caption":"Viet Wig"},"image":{"@id":"https:\/\/vietwig.com\/en\/#\/schema\/logo\/image\/"},"sameAs":["https:\/\/www.facebook.com\/tocvietwig"]}]},"product_price_currency":"VND","og_availability":"instock","product_availability":"instock","product_retailer_item_id":"FV08","product_condition":"new"},"jetpack_publicize_connections":[],"jetpack-related-posts":[],"jetpack_sharing_enabled":true,"_links":{"self":[{"href":"https:\/\/vietwig.com\/en\/wp-json\/wp\/v2\/product\/31550","targetHints":{"allow":["GET"]}}],"collection":[{"href":"https:\/\/vietwig.com\/en\/wp-json\/wp\/v2\/product"}],"about":[{"href":"https:\/\/vietwig.com\/en\/wp-json\/wp\/v2\/types\/product"}],"replies":[{"embeddable":true,"href":"https:\/\/vietwig.com\/en\/wp-json\/wp\/v2\/comments?post=31550"}],"version-history":[{"count":3,"href":"https:\/\/vietwig.com\/en\/wp-json\/wp\/v2\/product\/31550\/revisions"}],"predecessor-version":[{"id":31569,"href":"https:\/\/vietwig.com\/en\/wp-json\/wp\/v2\/product\/31550\/revisions\/31569"}],"wp:featuredmedia":[{"embeddable":true,"href":"https:\/\/vietwig.com\/en\/wp-json\/wp\/v2\/media\/31551"}],"wp:attachment":[{"href":"https:\/\/vietwig.com\/en\/wp-json\/wp\/v2\/media?parent=31550"}],"wp:term":[{"taxonomy":"product_brand","embeddable":true,"href":"https:\/\/vietwig.com\/en\/wp-json\/wp\/v2\/product_brand?post=31550"},{"taxonomy":"product_cat","embeddable":true,"href":"https:\/\/vietwig.com\/en\/wp-json\/wp\/v2\/product_cat?post=31550"},{"taxonomy":"product_tag","embeddable":true,"href":"https:\/\/vietwig.com\/en\/wp-json\/wp\/v2\/product_tag?post=31550"}],"curies":[{"name":"wp","href":"https:\/\/api.w.org\/{rel}","templated":true}]}}