{"id":31780,"date":"2026-02-15T13:00:40","date_gmt":"2026-02-15T06:00:40","guid":{"rendered":"https:\/\/vietwig.com\/?post_type=product&#038;p=31780"},"modified":"2026-02-15T13:00:41","modified_gmt":"2026-02-15T06:00:41","slug":"form-moc-toc-gia-nam-fv13","status":"publish","type":"product","link":"https:\/\/vietwig.com\/en\/product\/form-moc-toc-gia-nam-fv13\/","title":{"rendered":"Form m\u00f3c t\u00f3c gi\u1ea3 nam FV13"},"content":{"rendered":"<p>Form m\u00f3c t\u00f3c gi\u1ea3 Vi\u1ec7t Wig m\u1eabu s\u1ed1 13 v\u1edbi nhi\u1ec1u c\u1ea3i ti\u1ebfn v\u1ec1 ch\u1ea5t li\u1ec7u, v\u1edbi ph\u1ea7n vi\u1ec1n tr\u01b0\u1edbc tr\u00e1n l\u00e0 l\u01b0\u1edbi t\u1eb1ng h\u00ecnh c\u1ee7a th\u1ee5y s\u0129, gi\u00fap ph\u1ea7n ch\u00e2n t\u00f3c ph\u00eda tr\u01b0\u1edbc m\u00f3c tr\u00f4ng th\u1eadt h\u01a1n khi vu\u1ed1t t\u00f3c l\u00ean. c\u00f9ng v\u1edbi ph\u1ea7n thi\u1ebft k\u1ebf ph\u1ea7n vi\u1ec1n l\u01b0\u1edbi ph\u1ee7 tr\u00ean PU xung quanh gi\u00fap c\u1ea3i thi\u1ec7n t\u1ed1c \u0111\u1ed9 m\u00f3c t\u00f3c nhanh h\u01a1n so v\u1edbi ch\u1ec9 c\u00f3 PU trong su\u1ed1t, c\u0169ng nh\u01b0 gi\u1ea3m gi\u1ea3m gi\u00e1 th\u00e0nh gia c\u00f4ng khi m\u00f3c v\u00e0 x\u1eed l\u00fd ch\u00e2n keo sau khi m\u00f3c t\u00f3c v\u00e0o form<\/p>\n<p><iframe loading=\"lazy\" title=\"M\u1eabu form m\u00f3c t\u00f3c gi\u1ea3 cho nam m\u00e3 FV13\" width=\"500\" height=\"281\" src=\"https:\/\/www.youtube.com\/embed\/Uftv0fG7dZU?feature=oembed\" frameborder=\"0\" allow=\"accelerometer; autoplay; clipboard-write; encrypted-media; gyroscope; picture-in-picture; web-share\" referrerpolicy=\"strict-origin-when-cross-origin\" allowfullscreen><\/iframe><\/p>\n<p><strong>M\u00e3 S\u1ea3n ph\u1ea9m:<\/strong>\u00a0<strong>Fv13<\/strong><\/p>\n<p>Phom m\u00f3c t\u00f3c Toupee nam v\u1edbi s\u1ef1 k\u1ebft h\u1ee3p gi\u1eefa 3 lo\u1ea1i v\u1eadt li\u1ec7u l\u00e0:<\/p>\n<ul>\n<li>L\u01b0\u1edbi tr\u01b0\u1edbc tr\u00e1n l\u00e0 l\u01b0\u1edbi t\u1eb1ng h\u00ecnh si\u00eau m\u1ecfng c\u1ee7a th\u1ee5y s\u0129 gi\u00fap \u0111\u01b0\u1eddng ch\u00e2n t\u00f3c khi vu\u1ed1t ng\u01b0\u1ee3c l\u00ean nh\u00ecn th\u1eadt nh\u1ea5t.<\/li>\n<li>Ph\u1ea7n ti\u1ebfp theo l\u00e0 l\u1edbp PU trong su\u1ed1t gi\u00fap gi\u00fap d\u00e1n b\u0103ng d\u00ednh ho\u1eb7c g\u1eafn k\u1eb9p \u0111\u1ec1u thu\u1eadn ti\u1ec7n khi s\u1eed d\u1ee5ng.<\/li>\n<li>L\u1edbp l\u01b0\u1edbi \u1edf gi\u1eefa l\u00e0 l\u01b0\u1edbi Lace gi\u00fap th\u00f4ng tho\u00e1ng khi s\u1eed d\u1ee5ng<\/li>\n<li>Vi\u1ec1n l\u01b0\u1edbi ngo\u00e0i c\u00f9ng xung quanh l\u00e0 ph\u1ea7n l\u01b0\u1edbi ph\u1ee7 tr\u00ean PU gi\u00fap vi\u1ec7c gia c\u00f4ng d\u1ec5 d\u00e0ng h\u01a1n, c\u0169ng nh\u01b0 l\u00e0m gi\u1ea3m gi\u00e1 th\u00e0nh s\u1ea3n ph\u1ea9m.<\/li>\n<\/ul>\n<p>m\u1eabu form c\u00f3 th\u1ec3 t\u00f9y ch\u1ec9nh k\u00edch th\u01b0\u1edbc theo y\u00eau c\u1ea7u \u0111\u1ec3 ph\u00f9 h\u1ee3p v\u1edbi c\u00e1c size \u0111\u1ea7u c\u00f3 \u0111\u1ed9 h\u00f3i kh\u00e1c nhau c\u1ee7a t\u1eebng kh\u00e1ch.<\/p>\n<p>\ud83d\udc49Are you looking for wholesale hair pieces you can depend on Viet Wig<br \/>\nwe have technicians and hair stylists our hair pieces are manufactured by skilled craftsmen<br \/>\n\ud83d\udc49 Our hair pieces offer a wide range of women&#8217;s and men&#8217;s hair with factory stock and custom units.<br \/>\n\ud83d\udc49 Viet Wig factory is a reputed hair company.<br \/>\n\ud83d\udc49We have a strict order management system. We deliver every order with 100% reputation Best for men and women hair. Our experienced stylists and technicians use high quality and natural looking hair to create custom hair systems for the best hair wigs<\/p>\n<p>\ud83d\udc49B\u1ea1n \u0111ang t\u00ecm ki\u1ebfm nh\u00e0 s\u1ea3n xu\u1ea5t\/b\u00e1n s\u1ec9 t\u00f3c gi\u1ea3 d\u1ea1ng d\u00e1n ho\u1eb7c t\u00f3c k\u1eb9p toupee\/topper v\u1eady h\u00e3y li\u00ean h\u1ec7 v\u1edbi x\u01b0\u1edfng t\u00f3c Vi\u1ec7t Wig<br \/>\n\ud83d\udc49C\u00e1c s\u1ea3n ph\u1ea9m t\u00f3c c\u1ee7a ch\u00fang t\u00f4i cung c\u1ea5p \u0111a d\u1ea1ng ph\u00f9 h\u1ee3p v\u1edbi c\u1ea3 nam v\u00e0 n\u1eef v\u1edbi c\u00e1c k\u00edch th\u01b0\u1edbc \u0111\u01b0\u1ee3c t\u00f9y ch\u1ec9nh theo y\u00eau c\u1ea7u.<br \/>\n\ud83d\udc49X\u01b0\u1edfng t\u00f3c Viet Wig l\u00e0 m\u1ed9t c\u00f4ng ty s\u1ea3n xu\u1ea5t t\u00f3c gi\u1ea3 uy t\u00edn. ch\u00fang t\u00f4i c\u00f3 h\u1ec7 th\u1ed1ng qu\u1ea3n l\u00fd ch\u1ea5t l\u01b0\u1ee3ng ch\u1eb7t ch\u1ebd.<br \/>\n\ud83d\udc49Ch\u00fang t\u00f4i c\u00f3 c\u00e1c k\u1ef9 thu\u1eadt vi\u00ean v\u00e0 nh\u00e0 t\u1ea1o m\u1eabu t\u00f3c gi\u00e0u kinh nghi\u1ec7m, c\u00e1c m\u1eabu t\u00f3c c\u1ee7a ch\u00fang t\u00f4i \u0111\u01b0\u1ee3c s\u1ea3n Xu\u1ea5t b\u1edfi c\u00e1c th\u1ee3 th\u1ee7 c\u00f4ng l\u00e0nh ngh\u1ec1 c\u0169ng nh\u01b0 s\u1eed d\u1ee5ng t\u00f3c th\u1eadt ch\u1ea5t l\u01b0\u1ee3ng cao \u0111\u1ec3 t\u1ea1o ra c\u00e1c m\u1eabu t\u00f3c t\u00f9y ch\u1ec9nh ch\u1ea5t l\u01b0\u1ee3ng v\u00e0 gi\u00e1 t\u1ed1t nh\u1ea5t cho c\u00e1c c\u1eeda h\u00e0ng<\/p>\n<p>xem Chi ti\u1ebft:<br \/>\n\u2728X\u01b0\u1edfng t\u00f3c Vi\u1ec7t Wig nh\u1eadn gia c\u00f4ng t\u1ea5t c\u1ea3 c\u00e1c m\u1eb7t h\u00e0ng theo y\u00eau c\u1ea7u<br \/>\nl\u00e0m form m\u00f3c t\u00f3c, M\u00f3c t\u00f3c gi\u1ea3 y\u00eau c\u1ea7u k\u1ef9 thu\u1eadt cao, m\u00f3c h\u00e0ng si\u00eau da \u0111\u1ea7u 2 l\u1edbp, 3 l\u1edbp, l\u01b0\u1edbi Mono, l\u01b0\u1edbi Lace, m\u00e0ng Da PU &#8230;..<br \/>\n\u260e (+84) 825.691.999<br \/>\n\ud83c\udf10https:\/\/vietwig.com<br \/>\n\ud83c\udfea \u0110\u1ecba Ch\u1ec9 X\u01b0\u1edfng t\u00f3c Vi\u1ec7t Wig: x\u00e3 \u0110\u00ecnh Cao, huy\u1ec7n Ph\u00f9 C\u1eeb, H\u01b0ng Y\u00ean, Vi\u1ec7t Nam<br \/>\n\ud83c\udfea \u0110\u1ecba ch\u1ec9 v\u0103n ph\u00f2ng: Nh\u00e0 s\u1ed1 3, ng\u00f5 37\/2 ph\u1ed1 L\u00ea Thanh Ngh\u1ecb, ph\u01b0\u1eddng B\u00e1ch Khoa, qu\u1eadn Hai B\u00e0 Tr\u01b0ng, H\u00e0 N\u1ed9i<br \/>\n#vietwig #vi\u1ec7t_wig #tocvietwig #h\u00f3i #form_toc #toupee #form_toupee #order_Toupee #m\u00e1i_m #h\u00f3i #pu_clear #make_form_toupee<br \/>\n#toupeehair #toupeeformen #topper #wighair<\/p>\n<p>&nbsp;<\/p>\n","protected":false},"excerpt":{"rendered":"<p><strong>M\u00e3 S\u1ea3n ph\u1ea9m:<\/strong>\u00a0<strong>Fv13 &#8211; form vietwig moc t\u00f3c gi\u1ea3 nam m\u1eabu s\u1ed1 13<\/strong><\/p>\n<ul>\n<li>L\u01b0\u1edbi tr\u01b0\u1edbc tr\u00e1n l\u00e0 l\u01b0\u1edbi t\u1eb1ng h\u00ecnh si\u00eau m\u1ecfng c\u1ee7a th\u1ee5y s\u0129 gi\u00fap \u0111\u01b0\u1eddng ch\u00e2n t\u00f3c khi vu\u1ed1t ng\u01b0\u1ee3c l\u00ean nh\u00ecn th\u1eadt nh\u1ea5t.<\/li>\n<li>Ph\u1ea7n ti\u1ebfp theo l\u00e0 l\u1edbp PU trong su\u1ed1t gi\u00fap gi\u00fap d\u00e1n b\u0103ng d\u00ednh ho\u1eb7c g\u1eafn k\u1eb9p \u0111\u1ec1u thu\u1eadn ti\u1ec7n khi s\u1eed d\u1ee5ng.<\/li>\n<li>L\u1edbp l\u01b0\u1edbi \u1edf gi\u1eefa l\u00e0 l\u01b0\u1edbi Lace gi\u00fap th\u00f4ng tho\u00e1ng khi s\u1eed d\u1ee5ng<\/li>\n<li>Vi\u1ec1n l\u01b0\u1edbi ngo\u00e0i c\u00f9ng xung quanh l\u00e0 ph\u1ea7n l\u01b0\u1edbi ph\u1ee7 tr\u00ean PU gi\u00fap vi\u1ec7c gia c\u00f4ng d\u1ec5 d\u00e0ng h\u01a1n, c\u0169ng nh\u01b0 l\u00e0m gi\u1ea3m gi\u00e1 th\u00e0nh s\u1ea3n ph\u1ea9m<\/li>\n<li>M\u1eabu form c\u00f3 th\u1ec3 t\u00f9y ch\u1ec9nh k\u00edch th\u01b0\u1edbc theo y\u00eau c\u1ea7u \u0111\u1ec3 ph\u00f9 h\u1ee3p v\u1edbi c\u00e1c size \u0111\u1ea7u c\u00f3 \u0111\u1ed9 h\u00f3i kh\u00e1c nhau c\u1ee7a t\u1eebng kh\u00e1ch.<\/li>\n<\/ul>\n","protected":false},"featured_media":31781,"comment_status":"closed","ping_status":"closed","template":"","meta":{"jetpack_publicize_message":"","jetpack_publicize_feature_enabled":true,"jetpack_social_post_already_shared":true,"jetpack_social_options":{"image_generator_settings":{"template":"highway","default_image_id":0,"font":"","enabled":false},"version":2}},"product_brand":[],"product_cat":[275,706],"product_tag":[777,779,778,313,311,315,319,278,316,277,287,317,276,288,314,312,318,286,143,142,290],"class_list":{"0":"post-31780","1":"product","2":"type-product","3":"status-publish","4":"has-post-thumbnail","6":"product_cat-phom-moc-toc","7":"product_cat-phom-toupee-nam","8":"product_tag-form-fv13","9":"product_tag-form-moc-toc-gia-vietwig","10":"product_tag-form-moc-toc-nam-fv13","11":"product_tag-form-topper","12":"product_tag-form-toupee","13":"product_tag-gia-cong-form-topper","14":"product_tag-gia-cong-phom-topper","15":"product_tag-gia-cong-phom-toupee","16":"product_tag-lam-form-topper-theo-yeu-cau","17":"product_tag-phom-moc-toc","18":"product_tag-phom-moc-toc-gia","19":"product_tag-phom-topper","20":"product_tag-phom-toupee","21":"product_tag-phom-toupee-pu","22":"product_tag-san-xuat-form-topper","23":"product_tag-san-xuat-form-toupee","24":"product_tag-san-xuat-phom-topper","25":"product_tag-san-xuat-phom-toupee","26":"product_tag-viet-wig","27":"product_tag-vietwig","28":"product_tag-xuong-toc-viet-wig","30":"first","31":"instock","32":"sale","33":"shipping-taxable","34":"purchasable","35":"product-type-simple"},"yoast_head":"<!-- This site is optimized with the Yoast SEO Premium plugin v23.0 (Yoast SEO v23.0) - https:\/\/yoast.com\/wordpress\/plugins\/seo\/ -->\n<title>Form m\u00f3c t\u00f3c gi\u1ea3 nam FV13 - Viet Wig - Wig made in Viet Nam<\/title>\n<meta name=\"robots\" content=\"index, follow, max-snippet:-1, max-image-preview:large, max-video-preview:-1\" \/>\n<link rel=\"canonical\" href=\"https:\/\/vietwig.com\/en\/product\/form-moc-toc-gia-nam-fv13\/\" \/>\n<meta property=\"og:locale\" content=\"en_US\" \/>\n<meta property=\"og:type\" content=\"article\" \/>\n<meta property=\"og:title\" content=\"Form m\u00f3c t\u00f3c gi\u1ea3 nam FV13\" \/>\n<meta property=\"og:description\" content=\"M\u00e3 S\u1ea3n ph\u1ea9m:\u00a0Fv13 - form vietwig moc t\u00f3c gi\u1ea3 nam m\u1eabu s\u1ed1 13   L\u01b0\u1edbi tr\u01b0\u1edbc tr\u00e1n l\u00e0 l\u01b0\u1edbi t\u1eb1ng h\u00ecnh si\u00eau m\u1ecfng c\u1ee7a th\u1ee5y s\u0129 gi\u00fap \u0111\u01b0\u1eddng ch\u00e2n t\u00f3c khi vu\u1ed1t ng\u01b0\u1ee3c l\u00ean nh\u00ecn th\u1eadt nh\u1ea5t.  Ph\u1ea7n ti\u1ebfp theo l\u00e0 l\u1edbp PU trong su\u1ed1t gi\u00fap gi\u00fap d\u00e1n b\u0103ng d\u00ednh ho\u1eb7c g\u1eafn k\u1eb9p \u0111\u1ec1u thu\u1eadn ti\u1ec7n khi s\u1eed d\u1ee5ng.  L\u1edbp l\u01b0\u1edbi \u1edf gi\u1eefa l\u00e0 l\u01b0\u1edbi Lace gi\u00fap th\u00f4ng tho\u00e1ng khi s\u1eed d\u1ee5ng  Vi\u1ec1n l\u01b0\u1edbi ngo\u00e0i c\u00f9ng xung quanh l\u00e0 ph\u1ea7n l\u01b0\u1edbi ph\u1ee7 tr\u00ean PU gi\u00fap vi\u1ec7c gia c\u00f4ng d\u1ec5 d\u00e0ng h\u01a1n, c\u0169ng nh\u01b0 l\u00e0m gi\u1ea3m gi\u00e1 th\u00e0nh s\u1ea3n ph\u1ea9m  M\u1eabu form c\u00f3 th\u1ec3 t\u00f9y ch\u1ec9nh k\u00edch th\u01b0\u1edbc theo y\u00eau c\u1ea7u \u0111\u1ec3 ph\u00f9 h\u1ee3p v\u1edbi c\u00e1c size \u0111\u1ea7u c\u00f3 \u0111\u1ed9 h\u00f3i kh\u00e1c nhau c\u1ee7a t\u1eebng kh\u00e1ch.\" \/>\n<meta property=\"og:url\" content=\"https:\/\/vietwig.com\/en\/product\/form-moc-toc-gia-nam-fv13\/\" \/>\n<meta property=\"og:site_name\" content=\"Viet Wig - Wig made in Viet Nam\" \/>\n<meta property=\"article:publisher\" content=\"https:\/\/www.facebook.com\/tocvietwig\" \/>\n<meta property=\"article:modified_time\" content=\"2026-02-15T06:00:41+00:00\" \/>\n<meta property=\"og:image\" content=\"https:\/\/i0.wp.com\/vietwig.com\/wp-content\/uploads\/2026\/02\/form-vietwig-moc-toc-gia-nam-mau-FV13-.jpg?fit=1290%2C1470&ssl=1\" \/>\n\t<meta property=\"og:image:width\" content=\"1290\" \/>\n\t<meta property=\"og:image:height\" content=\"1470\" \/>\n\t<meta property=\"og:image:type\" content=\"image\/jpeg\" \/>\n<meta name=\"twitter:card\" content=\"summary_large_image\" \/>\n<meta name=\"twitter:label1\" content=\"Price\" \/>\n\t<meta name=\"twitter:data1\" content=\"200.000&nbsp;&#8363;\" \/>\n\t<meta name=\"twitter:label2\" content=\"Availability\" \/>\n\t<meta name=\"twitter:data2\" content=\"In stock\" \/>\n<script type=\"application\/ld+json\" class=\"yoast-schema-graph\">{\"@context\":\"https:\/\/schema.org\",\"@graph\":[{\"@type\":\"WebPage\",\"@id\":\"https:\/\/vietwig.com\/en\/product\/form-moc-toc-gia-nam-fv13\/\",\"url\":\"https:\/\/vietwig.com\/en\/product\/form-moc-toc-gia-nam-fv13\/\",\"name\":\"Form m\u00f3c t\u00f3c gi\u1ea3 nam FV13 - Viet Wig - Wig made in Viet Nam\",\"isPartOf\":{\"@id\":\"https:\/\/vietwig.com\/en\/#website\"},\"primaryImageOfPage\":{\"@id\":\"https:\/\/vietwig.com\/en\/product\/form-moc-toc-gia-nam-fv13\/#primaryimage\"},\"image\":{\"@id\":\"https:\/\/vietwig.com\/en\/product\/form-moc-toc-gia-nam-fv13\/#primaryimage\"},\"thumbnailUrl\":\"https:\/\/i0.wp.com\/vietwig.com\/wp-content\/uploads\/2026\/02\/form-vietwig-moc-toc-gia-nam-mau-FV13-.jpg?fit=1290%2C1470&ssl=1\",\"datePublished\":\"2026-02-15T06:00:40+00:00\",\"dateModified\":\"2026-02-15T06:00:41+00:00\",\"breadcrumb\":{\"@id\":\"https:\/\/vietwig.com\/en\/product\/form-moc-toc-gia-nam-fv13\/#breadcrumb\"},\"inLanguage\":\"en-US\",\"potentialAction\":[{\"@type\":\"ReadAction\",\"target\":[\"https:\/\/vietwig.com\/en\/product\/form-moc-toc-gia-nam-fv13\/\"]}]},{\"@type\":\"ImageObject\",\"inLanguage\":\"en-US\",\"@id\":\"https:\/\/vietwig.com\/en\/product\/form-moc-toc-gia-nam-fv13\/#primaryimage\",\"url\":\"https:\/\/i0.wp.com\/vietwig.com\/wp-content\/uploads\/2026\/02\/form-vietwig-moc-toc-gia-nam-mau-FV13-.jpg?fit=1290%2C1470&ssl=1\",\"contentUrl\":\"https:\/\/i0.wp.com\/vietwig.com\/wp-content\/uploads\/2026\/02\/form-vietwig-moc-toc-gia-nam-mau-FV13-.jpg?fit=1290%2C1470&ssl=1\",\"width\":1290,\"height\":1470},{\"@type\":\"BreadcrumbList\",\"@id\":\"https:\/\/vietwig.com\/en\/product\/form-moc-toc-gia-nam-fv13\/#breadcrumb\",\"itemListElement\":[{\"@type\":\"ListItem\",\"position\":1,\"name\":\"Home\",\"item\":\"https:\/\/vietwig.com\/en\/\"},{\"@type\":\"ListItem\",\"position\":2,\"name\":\"Shop\",\"item\":\"https:\/\/vietwig.com\/en\/shop-2\/\"},{\"@type\":\"ListItem\",\"position\":3,\"name\":\"Form m\u00f3c t\u00f3c gi\u1ea3 nam FV13\"}]},{\"@type\":\"WebSite\",\"@id\":\"https:\/\/vietwig.com\/en\/#website\",\"url\":\"https:\/\/vietwig.com\/en\/\",\"name\":\"Viet Wig - Wig made in Viet Nam\",\"description\":\"\",\"publisher\":{\"@id\":\"https:\/\/vietwig.com\/en\/#organization\"},\"potentialAction\":[{\"@type\":\"SearchAction\",\"target\":{\"@type\":\"EntryPoint\",\"urlTemplate\":\"https:\/\/vietwig.com\/en\/?s={search_term_string}\"},\"query-input\":\"required name=search_term_string\"}],\"inLanguage\":\"en-US\"},{\"@type\":\"Organization\",\"@id\":\"https:\/\/vietwig.com\/en\/#organization\",\"name\":\"Viet Wig\",\"url\":\"https:\/\/vietwig.com\/en\/\",\"logo\":{\"@type\":\"ImageObject\",\"inLanguage\":\"en-US\",\"@id\":\"https:\/\/vietwig.com\/en\/#\/schema\/logo\/image\/\",\"url\":\"https:\/\/i0.wp.com\/vietwig.com\/wp-content\/uploads\/2021\/11\/logo-Viet-Wig1.png?fit=728%2C736&ssl=1\",\"contentUrl\":\"https:\/\/i0.wp.com\/vietwig.com\/wp-content\/uploads\/2021\/11\/logo-Viet-Wig1.png?fit=728%2C736&ssl=1\",\"width\":728,\"height\":736,\"caption\":\"Viet Wig\"},\"image\":{\"@id\":\"https:\/\/vietwig.com\/en\/#\/schema\/logo\/image\/\"},\"sameAs\":[\"https:\/\/www.facebook.com\/tocvietwig\"]}]}<\/script>\n<meta property=\"product:price:amount\" content=\"200000\" \/>\n<meta property=\"product:price:currency\" content=\"VND\" \/>\n<meta property=\"og:availability\" content=\"instock\" \/>\n<meta property=\"product:availability\" content=\"instock\" \/>\n<meta property=\"product:condition\" content=\"new\" \/>\n<!-- \/ Yoast SEO Premium plugin. -->","yoast_head_json":{"title":"Form m\u00f3c t\u00f3c gi\u1ea3 nam FV13 - Viet Wig - Wig made in Viet Nam","robots":{"index":"index","follow":"follow","max-snippet":"max-snippet:-1","max-image-preview":"max-image-preview:large","max-video-preview":"max-video-preview:-1"},"canonical":"https:\/\/vietwig.com\/en\/product\/form-moc-toc-gia-nam-fv13\/","og_locale":"en_US","og_type":"article","og_title":"Form m\u00f3c t\u00f3c gi\u1ea3 nam FV13","og_description":"M\u00e3 S\u1ea3n ph\u1ea9m:\u00a0Fv13 - form vietwig moc t\u00f3c gi\u1ea3 nam m\u1eabu s\u1ed1 13   L\u01b0\u1edbi tr\u01b0\u1edbc tr\u00e1n l\u00e0 l\u01b0\u1edbi t\u1eb1ng h\u00ecnh si\u00eau m\u1ecfng c\u1ee7a th\u1ee5y s\u0129 gi\u00fap \u0111\u01b0\u1eddng ch\u00e2n t\u00f3c khi vu\u1ed1t ng\u01b0\u1ee3c l\u00ean nh\u00ecn th\u1eadt nh\u1ea5t.  Ph\u1ea7n ti\u1ebfp theo l\u00e0 l\u1edbp PU trong su\u1ed1t gi\u00fap gi\u00fap d\u00e1n b\u0103ng d\u00ednh ho\u1eb7c g\u1eafn k\u1eb9p \u0111\u1ec1u thu\u1eadn ti\u1ec7n khi s\u1eed d\u1ee5ng.  L\u1edbp l\u01b0\u1edbi \u1edf gi\u1eefa l\u00e0 l\u01b0\u1edbi Lace gi\u00fap th\u00f4ng tho\u00e1ng khi s\u1eed d\u1ee5ng  Vi\u1ec1n l\u01b0\u1edbi ngo\u00e0i c\u00f9ng xung quanh l\u00e0 ph\u1ea7n l\u01b0\u1edbi ph\u1ee7 tr\u00ean PU gi\u00fap vi\u1ec7c gia c\u00f4ng d\u1ec5 d\u00e0ng h\u01a1n, c\u0169ng nh\u01b0 l\u00e0m gi\u1ea3m gi\u00e1 th\u00e0nh s\u1ea3n ph\u1ea9m  M\u1eabu form c\u00f3 th\u1ec3 t\u00f9y ch\u1ec9nh k\u00edch th\u01b0\u1edbc theo y\u00eau c\u1ea7u \u0111\u1ec3 ph\u00f9 h\u1ee3p v\u1edbi c\u00e1c size \u0111\u1ea7u c\u00f3 \u0111\u1ed9 h\u00f3i kh\u00e1c nhau c\u1ee7a t\u1eebng kh\u00e1ch.","og_url":"https:\/\/vietwig.com\/en\/product\/form-moc-toc-gia-nam-fv13\/","og_site_name":"Viet Wig - Wig made in Viet Nam","article_publisher":"https:\/\/www.facebook.com\/tocvietwig","article_modified_time":"2026-02-15T06:00:41+00:00","og_image":[{"width":1290,"height":1470,"url":"https:\/\/i0.wp.com\/vietwig.com\/wp-content\/uploads\/2026\/02\/form-vietwig-moc-toc-gia-nam-mau-FV13-.jpg?fit=1290%2C1470&ssl=1","type":"image\/jpeg"}],"twitter_card":"summary_large_image","twitter_misc":{"Price":"200.000&nbsp;&#8363;","Availability":"In stock"},"schema":{"@context":"https:\/\/schema.org","@graph":[{"@type":"WebPage","@id":"https:\/\/vietwig.com\/en\/product\/form-moc-toc-gia-nam-fv13\/","url":"https:\/\/vietwig.com\/en\/product\/form-moc-toc-gia-nam-fv13\/","name":"Form m\u00f3c t\u00f3c gi\u1ea3 nam FV13 - Viet Wig - Wig made in Viet Nam","isPartOf":{"@id":"https:\/\/vietwig.com\/en\/#website"},"primaryImageOfPage":{"@id":"https:\/\/vietwig.com\/en\/product\/form-moc-toc-gia-nam-fv13\/#primaryimage"},"image":{"@id":"https:\/\/vietwig.com\/en\/product\/form-moc-toc-gia-nam-fv13\/#primaryimage"},"thumbnailUrl":"https:\/\/i0.wp.com\/vietwig.com\/wp-content\/uploads\/2026\/02\/form-vietwig-moc-toc-gia-nam-mau-FV13-.jpg?fit=1290%2C1470&ssl=1","datePublished":"2026-02-15T06:00:40+00:00","dateModified":"2026-02-15T06:00:41+00:00","breadcrumb":{"@id":"https:\/\/vietwig.com\/en\/product\/form-moc-toc-gia-nam-fv13\/#breadcrumb"},"inLanguage":"en-US","potentialAction":[{"@type":"ReadAction","target":["https:\/\/vietwig.com\/en\/product\/form-moc-toc-gia-nam-fv13\/"]}]},{"@type":"ImageObject","inLanguage":"en-US","@id":"https:\/\/vietwig.com\/en\/product\/form-moc-toc-gia-nam-fv13\/#primaryimage","url":"https:\/\/i0.wp.com\/vietwig.com\/wp-content\/uploads\/2026\/02\/form-vietwig-moc-toc-gia-nam-mau-FV13-.jpg?fit=1290%2C1470&ssl=1","contentUrl":"https:\/\/i0.wp.com\/vietwig.com\/wp-content\/uploads\/2026\/02\/form-vietwig-moc-toc-gia-nam-mau-FV13-.jpg?fit=1290%2C1470&ssl=1","width":1290,"height":1470},{"@type":"BreadcrumbList","@id":"https:\/\/vietwig.com\/en\/product\/form-moc-toc-gia-nam-fv13\/#breadcrumb","itemListElement":[{"@type":"ListItem","position":1,"name":"Home","item":"https:\/\/vietwig.com\/en\/"},{"@type":"ListItem","position":2,"name":"Shop","item":"https:\/\/vietwig.com\/en\/shop-2\/"},{"@type":"ListItem","position":3,"name":"Form m\u00f3c t\u00f3c gi\u1ea3 nam FV13"}]},{"@type":"WebSite","@id":"https:\/\/vietwig.com\/en\/#website","url":"https:\/\/vietwig.com\/en\/","name":"Viet Wig - Wig made in Viet Nam","description":"","publisher":{"@id":"https:\/\/vietwig.com\/en\/#organization"},"potentialAction":[{"@type":"SearchAction","target":{"@type":"EntryPoint","urlTemplate":"https:\/\/vietwig.com\/en\/?s={search_term_string}"},"query-input":"required name=search_term_string"}],"inLanguage":"en-US"},{"@type":"Organization","@id":"https:\/\/vietwig.com\/en\/#organization","name":"Viet Wig","url":"https:\/\/vietwig.com\/en\/","logo":{"@type":"ImageObject","inLanguage":"en-US","@id":"https:\/\/vietwig.com\/en\/#\/schema\/logo\/image\/","url":"https:\/\/i0.wp.com\/vietwig.com\/wp-content\/uploads\/2021\/11\/logo-Viet-Wig1.png?fit=728%2C736&ssl=1","contentUrl":"https:\/\/i0.wp.com\/vietwig.com\/wp-content\/uploads\/2021\/11\/logo-Viet-Wig1.png?fit=728%2C736&ssl=1","width":728,"height":736,"caption":"Viet Wig"},"image":{"@id":"https:\/\/vietwig.com\/en\/#\/schema\/logo\/image\/"},"sameAs":["https:\/\/www.facebook.com\/tocvietwig"]}]},"product_price_amount":"200000","product_price_currency":"VND","og_availability":"instock","product_availability":"instock","product_condition":"new"},"jetpack_publicize_connections":[],"jetpack-related-posts":[],"jetpack_sharing_enabled":true,"_links":{"self":[{"href":"https:\/\/vietwig.com\/en\/wp-json\/wp\/v2\/product\/31780","targetHints":{"allow":["GET"]}}],"collection":[{"href":"https:\/\/vietwig.com\/en\/wp-json\/wp\/v2\/product"}],"about":[{"href":"https:\/\/vietwig.com\/en\/wp-json\/wp\/v2\/types\/product"}],"replies":[{"embeddable":true,"href":"https:\/\/vietwig.com\/en\/wp-json\/wp\/v2\/comments?post=31780"}],"version-history":[{"count":1,"href":"https:\/\/vietwig.com\/en\/wp-json\/wp\/v2\/product\/31780\/revisions"}],"predecessor-version":[{"id":31796,"href":"https:\/\/vietwig.com\/en\/wp-json\/wp\/v2\/product\/31780\/revisions\/31796"}],"wp:featuredmedia":[{"embeddable":true,"href":"https:\/\/vietwig.com\/en\/wp-json\/wp\/v2\/media\/31781"}],"wp:attachment":[{"href":"https:\/\/vietwig.com\/en\/wp-json\/wp\/v2\/media?parent=31780"}],"wp:term":[{"taxonomy":"product_brand","embeddable":true,"href":"https:\/\/vietwig.com\/en\/wp-json\/wp\/v2\/product_brand?post=31780"},{"taxonomy":"product_cat","embeddable":true,"href":"https:\/\/vietwig.com\/en\/wp-json\/wp\/v2\/product_cat?post=31780"},{"taxonomy":"product_tag","embeddable":true,"href":"https:\/\/vietwig.com\/en\/wp-json\/wp\/v2\/product_tag?post=31780"}],"curies":[{"name":"wp","href":"https:\/\/api.w.org\/{rel}","templated":true}]}}