{"id":31800,"date":"2026-02-20T14:30:20","date_gmt":"2026-02-20T07:30:20","guid":{"rendered":"https:\/\/vietwig.com\/?post_type=product&#038;p=31800"},"modified":"2026-02-20T14:34:52","modified_gmt":"2026-02-20T07:34:52","slug":"toc-gia-phu-hoi-dinh-dau-ngoi-lech-vtop02","status":"publish","type":"product","link":"https:\/\/vietwig.com\/en\/product\/toc-gia-phu-hoi-dinh-dau-ngoi-lech-vtop02\/","title":{"rendered":"T\u00f3c gi\u1ea3 ph\u1ee7 h\u00f3i \u0111\u1ec9nh \u0111\u1ea7u ng\u00f4i l\u1ec7ch Vtop02"},"content":{"rendered":"<p>M\u1eabu topper ph\u1ee7 h\u00f3i \u0111\u1ec9nh \u0111\u1ea7u ng\u00f4i l\u1ec7ch Vtop02 l\u00e0 phi\u00ean b\u1ea3n ti\u1ebft ki\u1ec7m gi\u00e1 th\u00e0nh h\u01a1n so v\u1edbi <a href=\"https:\/\/vietwig.com\/product\/mau-toc-sieu-da-dau-kep-phim-che-hoi-nu-size-13x13cm-vtop01\/\">m\u1eabu t\u00f3c si\u00eau da \u0111\u1ea7u k\u1eb9p ph\u00edm Vtop01<\/a>. Kh\u00e1c v\u1edbi m\u1eabu Vtop01 c\u00f3 ph\u1ea7n ng\u00f4i si\u00eau da \u0111\u1ea7u l\u00e0 \u0111a ng\u00f4i (c\u00f3 th\u1ec3 r\u1ebd ng\u00f4i tr\u00e1i, ph\u1ea3i ho\u1eb7c ng\u00f4i gi\u1eefa), th\u00ec m\u1eabu Vtop02 \u0111\u01b0\u1ee3c t\u00f9y ch\u1ec9nh ph\u1ea7n ng\u00f4i si\u00eau da \u0111\u1ea7u nh\u1ecf l\u1ea1i, ch\u1ec9 t\u1eadp trung ph\u1ea7n si\u00eau da \u0111\u1ea7u \u0111\u00fang v\u1ecb tr\u00ed r\u1ebd ng\u00f4i m\u00e0 kh\u00e1ch hay s\u1eed d\u1ee5ng. Vi\u1ec7c t\u00f9y ch\u1ec9nh thu nh\u1ecf ph\u1ea7n si\u00eau da \u0111\u1ea7u n\u00e0y gi\u00fap gi\u1ea3m gi\u00e1 th\u00e0nh s\u1ea3n ph\u1ea9m \u0111i \u0111\u00e1ng k\u1ec3.<\/p>\n<p><iframe loading=\"lazy\" title=\"m\u1eabu topper ph\u1ee7 h\u00f3i \u0111\u1ec9nh \u0111\u1ea7u Vtop02\" width=\"500\" height=\"281\" src=\"https:\/\/www.youtube.com\/embed\/FnHAvY1FubQ?feature=oembed\" frameborder=\"0\" allow=\"accelerometer; autoplay; clipboard-write; encrypted-media; gyroscope; picture-in-picture; web-share\" referrerpolicy=\"strict-origin-when-cross-origin\" allowfullscreen><\/iframe><\/p>\n<p><strong>M\u00e3 S\u1ea3n ph\u1ea9m:<\/strong> VTop02 (m\u1eabu t\u00f3c si\u00eau da \u0111\u1ea7u che h\u00f3i Vi\u1ec7t Topper s\u1ed1 1)<\/p>\n<p><strong>V\u1eadt li\u1ec7u:<\/strong><\/p>\n<ul>\n<li>Vi\u1ec1n xung quanh l\u00e0 l\u1edbp ph\u1ee7 PU c\u00f3 g\u1ea1c.<\/li>\n<li>C\u00f3 1 ph\u1ea7n si\u00eau da \u0111\u1ea7u Silkbase v\u1ecb tr\u00ed ng\u00f4i r\u1ebd t\u00f3c, c\u00f2n l\u1ea1i l\u00e0 l\u01b0\u1edbi th\u01b0\u1eddng gi\u00fap tho\u00e1t kh\u00ed h\u01a1n v\u00e0 gi\u1ea3m gi\u00e1 th\u00e0nh s\u1ea3n ph\u1ea9m<\/li>\n<li>Vi\u1ec1n tr\u01b0\u1edbc tr\u00e1n \u0111\u01b0\u1ee3c bo b\u1eb1ng ruy b\u0103ng ren l\u01b0\u1edbi lace.<\/li>\n<li>T\u00f3c th\u1eadt 100% c\u00f3 th\u1ec3 t\u1ea9y, nhu\u1ed9m, u\u1ed1n, s\u1ea5y, c\u1eaft t\u00f3c t\u1ea1o ki\u1ec3u theo \u00fd th\u00edch<\/li>\n<\/ul>\n<p>\ud83d\udc49B\u1ea1n \u0111ang t\u00ecm ki\u1ebfm nh\u00e0 s\u1ea3n xu\u1ea5t\/b\u00e1n s\u1ec9 t\u00f3c gi\u1ea3 d\u1ea1ng d\u00e1n ho\u1eb7c t\u00f3c k\u1eb9p toupee\/topper v\u1eady h\u00e3y li\u00ean h\u1ec7 v\u1edbi x\u01b0\u1edfng t\u00f3c Vi\u1ec7t Wig<br \/>\n\ud83d\udc49C\u00e1c s\u1ea3n ph\u1ea9m t\u00f3c c\u1ee7a ch\u00fang t\u00f4i cung c\u1ea5p \u0111a d\u1ea1ng ph\u00f9 h\u1ee3p v\u1edbi c\u1ea3 nam v\u00e0 n\u1eef v\u1edbi c\u00e1c k\u00edch th\u01b0\u1edbc \u0111\u01b0\u1ee3c t\u00f9y ch\u1ec9nh theo y\u00eau c\u1ea7u.<br \/>\n\ud83d\udc49X\u01b0\u1edfng t\u00f3c Viet Wig l\u00e0 m\u1ed9t c\u00f4ng ty s\u1ea3n xu\u1ea5t t\u00f3c gi\u1ea3 uy t\u00edn. ch\u00fang t\u00f4i c\u00f3 h\u1ec7 th\u1ed1ng qu\u1ea3n l\u00fd ch\u1ea5t l\u01b0\u1ee3ng ch\u1eb7t ch\u1ebd.<br \/>\n\ud83d\udc49Ch\u00fang t\u00f4i c\u00f3 c\u00e1c k\u1ef9 thu\u1eadt vi\u00ean v\u00e0 nh\u00e0 t\u1ea1o m\u1eabu t\u00f3c gi\u00e0u kinh nghi\u1ec7m, c\u00e1c m\u1eabu t\u00f3c c\u1ee7a ch\u00fang t\u00f4i \u0111\u01b0\u1ee3c s\u1ea3n Xu\u1ea5t b\u1edfi c\u00e1c th\u1ee3 th\u1ee7 c\u00f4ng l\u00e0nh ngh\u1ec1 c\u0169ng nh\u01b0 s\u1eed d\u1ee5ng t\u00f3c th\u1eadt ch\u1ea5t l\u01b0\u1ee3ng cao \u0111\u1ec3 t\u1ea1o ra c\u00e1c m\u1eabu t\u00f3c t\u00f9y ch\u1ec9nh ch\u1ea5t l\u01b0\u1ee3ng v\u00e0 gi\u00e1 t\u1ed1t nh\u1ea5t cho c\u00e1c c\u1eeda h\u00e0ng<\/p>\n<p>xem Chi ti\u1ebft:<br \/>\n\u2728X\u01b0\u1edfng t\u00f3c Vi\u1ec7t Wig nh\u1eadn gia c\u00f4ng t\u1ea5t c\u1ea3 c\u00e1c m\u1eb7t h\u00e0ng theo y\u00eau c\u1ea7u<br \/>\nl\u00e0m form m\u00f3c t\u00f3c, M\u00f3c t\u00f3c gi\u1ea3 y\u00eau c\u1ea7u k\u1ef9 thu\u1eadt cao, m\u00f3c h\u00e0ng si\u00eau da \u0111\u1ea7u 2 l\u1edbp, 3 l\u1edbp, l\u01b0\u1edbi Mono, l\u01b0\u1edbi Lace, m\u00e0ng Da PU &#8230;..<br \/>\n\u260e (+84) 825.691.999<br \/>\n\ud83c\udf10https:\/\/vietwig.com<br \/>\n\ud83c\udfea \u0110\u1ecba Ch\u1ec9 X\u01b0\u1edfng t\u00f3c Vi\u1ec7t Wig: x\u00e3 \u0110\u00ecnh Cao, huy\u1ec7n Ph\u00f9 C\u1eeb, H\u01b0ng Y\u00ean, Vi\u1ec7t Nam<br \/>\n\ud83c\udfea \u0110\u1ecba ch\u1ec9 v\u0103n ph\u00f2ng: Nh\u00e0 s\u1ed1 3, ng\u00f5 37\/2 ph\u1ed1 L\u00ea Thanh Ngh\u1ecb, ph\u01b0\u1eddng B\u00e1ch Khoa, qu\u1eadn Hai B\u00e0 Tr\u01b0ng, H\u00e0 N\u1ed9i<\/p>\n","protected":false},"excerpt":{"rendered":"<p><strong>M\u00e3 S\u1ea3n ph\u1ea9m:<\/strong> VTop02 (m\u1eabu t\u00f3c si\u00eau da \u0111\u1ea7u che h\u00f3i Vi\u1ec7t Topper s\u1ed1 1)<\/p>\n<p><strong>V\u1eadt li\u1ec7u:<\/strong><\/p>\n<ul>\n<li>Vi\u1ec1n xung quanh l\u00e0 l\u1edbp ph\u1ee7 PU c\u00f3 g\u1ea1c.<\/li>\n<li>C\u00f3 1 ph\u1ea7n si\u00eau da \u0111\u1ea7u Silkbase v\u1ecb tr\u00ed ng\u00f4i r\u1ebd t\u00f3c, c\u00f2n l\u1ea1i l\u00e0 l\u01b0\u1edbi th\u01b0\u1eddng gi\u00fap tho\u00e1t kh\u00ed h\u01a1n v\u00e0 gi\u1ea3m gi\u00e1 th\u00e0nh s\u1ea3n ph\u1ea9m<\/li>\n<li>Vi\u1ec1n tr\u01b0\u1edbc tr\u00e1n \u0111\u01b0\u1ee3c bo b\u1eb1ng ruy b\u0103ng ren l\u01b0\u1edbi lace.<\/li>\n<li>T\u00f3c th\u1eadt 100% c\u00f3 th\u1ec3 t\u1ea9y, nhu\u1ed9m, u\u1ed1n, s\u1ea5y, c\u1eaft t\u00f3c t\u1ea1o ki\u1ec3u theo \u00fd th\u00edch<\/li>\n<\/ul>\n<p>&nbsp;<\/p>\n","protected":false},"featured_media":31801,"comment_status":"closed","ping_status":"closed","template":"","meta":{"jetpack_publicize_message":"","jetpack_publicize_feature_enabled":true,"jetpack_social_post_already_shared":true,"jetpack_social_options":{"image_generator_settings":{"template":"highway","default_image_id":0,"font":"","enabled":false},"version":2}},"product_brand":[],"product_cat":[114,613],"product_tag":[783,756,755,274,780,782,768,752,749,751,750,631,632,390,767,389,758,754,757,781,142,762,256,258,257,260,254],"class_list":{"0":"post-31800","1":"product","2":"type-product","3":"status-publish","4":"has-post-thumbnail","6":"product_cat-toc-gia","7":"product_cat-topper-toc-nu","8":"product_tag-cat-toc-tao-kieu-theo-y-thich","9":"product_tag-mai-hoi-hair-topper","10":"product_tag-mai-hoi-topper","11":"product_tag-nhan-moc-toc","12":"product_tag-nhuom","13":"product_tag-say","14":"product_tag-toc-gia-che-bac","15":"product_tag-toc-gia-che-dinh-dau","16":"product_tag-toc-gia-che-hoi","17":"product_tag-toc-gia-che-hoi-dau","18":"product_tag-toc-gia-che-hoi-dinh-dau","19":"product_tag-toc-gia-che-hoi-dinh-dau-nu","20":"product_tag-toc-gia-che-hoi-nu","21":"product_tag-toc-gia-che-mai-hoi-chu-m","22":"product_tag-toc-gia-che-toc-bac","23":"product_tag-toc-mai-gia-che-hoi-nu","24":"product_tag-topper","25":"product_tag-topper-nu","26":"product_tag-topper-nu-bang-toc-that","27":"product_tag-uon","28":"product_tag-vietwig","29":"product_tag-vtop02","30":"product_tag-xuong-gia-cong-toc-gia","31":"product_tag-xuong-lam-toc-gia","32":"product_tag-xuong-san-xuat-toc-gia","33":"product_tag-xuong-si-toc-gia","34":"product_tag-xuong-toc-gia","36":"first","37":"instock","38":"shipping-taxable","39":"product-type-simple"},"yoast_head":"<!-- This site is optimized with the Yoast SEO Premium plugin v23.0 (Yoast SEO v23.0) - https:\/\/yoast.com\/wordpress\/plugins\/seo\/ -->\n<title>T\u00f3c gi\u1ea3 ph\u1ee7 h\u00f3i \u0111\u1ec9nh \u0111\u1ea7u ng\u00f4i l\u1ec7ch Vtop02 - Viet Wig - Wig made in Viet Nam<\/title>\n<meta name=\"robots\" content=\"index, follow, max-snippet:-1, max-image-preview:large, max-video-preview:-1\" \/>\n<link rel=\"canonical\" href=\"https:\/\/vietwig.com\/en\/product\/toc-gia-phu-hoi-dinh-dau-ngoi-lech-vtop02\/\" \/>\n<meta property=\"og:locale\" content=\"en_US\" \/>\n<meta property=\"og:type\" content=\"article\" \/>\n<meta property=\"og:title\" content=\"T\u00f3c gi\u1ea3 ph\u1ee7 h\u00f3i \u0111\u1ec9nh \u0111\u1ea7u ng\u00f4i l\u1ec7ch Vtop02\" \/>\n<meta property=\"og:description\" content=\"M\u00e3 S\u1ea3n ph\u1ea9m: VTop02 (m\u1eabu t\u00f3c si\u00eau da \u0111\u1ea7u che h\u00f3i Vi\u1ec7t Topper s\u1ed1 1)  V\u1eadt li\u1ec7u:   Vi\u1ec1n xung quanh l\u00e0 l\u1edbp ph\u1ee7 PU c\u00f3 g\u1ea1c.  C\u00f3 1 ph\u1ea7n si\u00eau da \u0111\u1ea7u Silkbase v\u1ecb tr\u00ed ng\u00f4i r\u1ebd t\u00f3c, c\u00f2n l\u1ea1i l\u00e0 l\u01b0\u1edbi th\u01b0\u1eddng gi\u00fap tho\u00e1t kh\u00ed h\u01a1n v\u00e0 gi\u1ea3m gi\u00e1 th\u00e0nh s\u1ea3n ph\u1ea9m  Vi\u1ec1n tr\u01b0\u1edbc tr\u00e1n \u0111\u01b0\u1ee3c bo b\u1eb1ng ruy b\u0103ng ren l\u01b0\u1edbi lace.  T\u00f3c th\u1eadt 100% c\u00f3 th\u1ec3 t\u1ea9y, nhu\u1ed9m, u\u1ed1n, s\u1ea5y, c\u1eaft t\u00f3c t\u1ea1o ki\u1ec3u theo \u00fd th\u00edch  &nbsp;\" \/>\n<meta property=\"og:url\" content=\"https:\/\/vietwig.com\/en\/product\/toc-gia-phu-hoi-dinh-dau-ngoi-lech-vtop02\/\" \/>\n<meta property=\"og:site_name\" content=\"Viet Wig - Wig made in Viet Nam\" \/>\n<meta property=\"article:publisher\" content=\"https:\/\/www.facebook.com\/tocvietwig\" \/>\n<meta property=\"article:modified_time\" content=\"2026-02-20T07:34:52+00:00\" \/>\n<meta property=\"og:image\" content=\"https:\/\/vietwig.com\/wp-content\/uploads\/2026\/02\/topper-phu-hoi-che-dinh-thua-Vtop02-copy.jpg\" \/>\n\t<meta property=\"og:image:width\" content=\"430\" \/>\n\t<meta property=\"og:image:height\" content=\"491\" \/>\n\t<meta property=\"og:image:type\" content=\"image\/jpeg\" \/>\n<meta name=\"twitter:card\" content=\"summary_large_image\" \/>\n<meta name=\"twitter:label1\" content=\"Price\" \/>\n\t<meta name=\"twitter:data1\" content=\"\" \/>\n\t<meta name=\"twitter:label2\" content=\"Availability\" \/>\n\t<meta name=\"twitter:data2\" content=\"In stock\" \/>\n<script type=\"application\/ld+json\" class=\"yoast-schema-graph\">{\"@context\":\"https:\/\/schema.org\",\"@graph\":[{\"@type\":\"WebPage\",\"@id\":\"https:\/\/vietwig.com\/en\/product\/toc-gia-phu-hoi-dinh-dau-ngoi-lech-vtop02\/\",\"url\":\"https:\/\/vietwig.com\/en\/product\/toc-gia-phu-hoi-dinh-dau-ngoi-lech-vtop02\/\",\"name\":\"T\u00f3c gi\u1ea3 ph\u1ee7 h\u00f3i \u0111\u1ec9nh \u0111\u1ea7u ng\u00f4i l\u1ec7ch Vtop02 - Viet Wig - Wig made in Viet Nam\",\"isPartOf\":{\"@id\":\"https:\/\/vietwig.com\/en\/#website\"},\"primaryImageOfPage\":{\"@id\":\"https:\/\/vietwig.com\/en\/product\/toc-gia-phu-hoi-dinh-dau-ngoi-lech-vtop02\/#primaryimage\"},\"image\":{\"@id\":\"https:\/\/vietwig.com\/en\/product\/toc-gia-phu-hoi-dinh-dau-ngoi-lech-vtop02\/#primaryimage\"},\"thumbnailUrl\":\"https:\/\/i0.wp.com\/vietwig.com\/wp-content\/uploads\/2026\/02\/topper-phu-hoi-che-dinh-thua-Vtop02-copy.jpg?fit=430%2C491&ssl=1\",\"datePublished\":\"2026-02-20T07:30:20+00:00\",\"dateModified\":\"2026-02-20T07:34:52+00:00\",\"breadcrumb\":{\"@id\":\"https:\/\/vietwig.com\/en\/product\/toc-gia-phu-hoi-dinh-dau-ngoi-lech-vtop02\/#breadcrumb\"},\"inLanguage\":\"en-US\",\"potentialAction\":[{\"@type\":\"ReadAction\",\"target\":[\"https:\/\/vietwig.com\/en\/product\/toc-gia-phu-hoi-dinh-dau-ngoi-lech-vtop02\/\"]}]},{\"@type\":\"ImageObject\",\"inLanguage\":\"en-US\",\"@id\":\"https:\/\/vietwig.com\/en\/product\/toc-gia-phu-hoi-dinh-dau-ngoi-lech-vtop02\/#primaryimage\",\"url\":\"https:\/\/i0.wp.com\/vietwig.com\/wp-content\/uploads\/2026\/02\/topper-phu-hoi-che-dinh-thua-Vtop02-copy.jpg?fit=430%2C491&ssl=1\",\"contentUrl\":\"https:\/\/i0.wp.com\/vietwig.com\/wp-content\/uploads\/2026\/02\/topper-phu-hoi-che-dinh-thua-Vtop02-copy.jpg?fit=430%2C491&ssl=1\",\"width\":430,\"height\":491},{\"@type\":\"BreadcrumbList\",\"@id\":\"https:\/\/vietwig.com\/en\/product\/toc-gia-phu-hoi-dinh-dau-ngoi-lech-vtop02\/#breadcrumb\",\"itemListElement\":[{\"@type\":\"ListItem\",\"position\":1,\"name\":\"Home\",\"item\":\"https:\/\/vietwig.com\/en\/\"},{\"@type\":\"ListItem\",\"position\":2,\"name\":\"Shop\",\"item\":\"https:\/\/vietwig.com\/en\/shop-2\/\"},{\"@type\":\"ListItem\",\"position\":3,\"name\":\"T\u00f3c gi\u1ea3 ph\u1ee7 h\u00f3i \u0111\u1ec9nh \u0111\u1ea7u ng\u00f4i l\u1ec7ch Vtop02\"}]},{\"@type\":\"WebSite\",\"@id\":\"https:\/\/vietwig.com\/en\/#website\",\"url\":\"https:\/\/vietwig.com\/en\/\",\"name\":\"Viet Wig - Wig made in Viet Nam\",\"description\":\"\",\"publisher\":{\"@id\":\"https:\/\/vietwig.com\/en\/#organization\"},\"potentialAction\":[{\"@type\":\"SearchAction\",\"target\":{\"@type\":\"EntryPoint\",\"urlTemplate\":\"https:\/\/vietwig.com\/en\/?s={search_term_string}\"},\"query-input\":\"required name=search_term_string\"}],\"inLanguage\":\"en-US\"},{\"@type\":\"Organization\",\"@id\":\"https:\/\/vietwig.com\/en\/#organization\",\"name\":\"Viet Wig\",\"url\":\"https:\/\/vietwig.com\/en\/\",\"logo\":{\"@type\":\"ImageObject\",\"inLanguage\":\"en-US\",\"@id\":\"https:\/\/vietwig.com\/en\/#\/schema\/logo\/image\/\",\"url\":\"https:\/\/i0.wp.com\/vietwig.com\/wp-content\/uploads\/2021\/11\/logo-Viet-Wig1.png?fit=728%2C736&ssl=1\",\"contentUrl\":\"https:\/\/i0.wp.com\/vietwig.com\/wp-content\/uploads\/2021\/11\/logo-Viet-Wig1.png?fit=728%2C736&ssl=1\",\"width\":728,\"height\":736,\"caption\":\"Viet Wig\"},\"image\":{\"@id\":\"https:\/\/vietwig.com\/en\/#\/schema\/logo\/image\/\"},\"sameAs\":[\"https:\/\/www.facebook.com\/tocvietwig\"]}]}<\/script>\n<meta property=\"product:price:currency\" content=\"VND\" \/>\n<meta property=\"og:availability\" content=\"instock\" \/>\n<meta property=\"product:availability\" content=\"instock\" \/>\n<meta property=\"product:condition\" content=\"new\" \/>\n<!-- \/ Yoast SEO Premium plugin. -->","yoast_head_json":{"title":"T\u00f3c gi\u1ea3 ph\u1ee7 h\u00f3i \u0111\u1ec9nh \u0111\u1ea7u ng\u00f4i l\u1ec7ch Vtop02 - Viet Wig - Wig made in Viet Nam","robots":{"index":"index","follow":"follow","max-snippet":"max-snippet:-1","max-image-preview":"max-image-preview:large","max-video-preview":"max-video-preview:-1"},"canonical":"https:\/\/vietwig.com\/en\/product\/toc-gia-phu-hoi-dinh-dau-ngoi-lech-vtop02\/","og_locale":"en_US","og_type":"article","og_title":"T\u00f3c gi\u1ea3 ph\u1ee7 h\u00f3i \u0111\u1ec9nh \u0111\u1ea7u ng\u00f4i l\u1ec7ch Vtop02","og_description":"M\u00e3 S\u1ea3n ph\u1ea9m: VTop02 (m\u1eabu t\u00f3c si\u00eau da \u0111\u1ea7u che h\u00f3i Vi\u1ec7t Topper s\u1ed1 1)  V\u1eadt li\u1ec7u:   Vi\u1ec1n xung quanh l\u00e0 l\u1edbp ph\u1ee7 PU c\u00f3 g\u1ea1c.  C\u00f3 1 ph\u1ea7n si\u00eau da \u0111\u1ea7u Silkbase v\u1ecb tr\u00ed ng\u00f4i r\u1ebd t\u00f3c, c\u00f2n l\u1ea1i l\u00e0 l\u01b0\u1edbi th\u01b0\u1eddng gi\u00fap tho\u00e1t kh\u00ed h\u01a1n v\u00e0 gi\u1ea3m gi\u00e1 th\u00e0nh s\u1ea3n ph\u1ea9m  Vi\u1ec1n tr\u01b0\u1edbc tr\u00e1n \u0111\u01b0\u1ee3c bo b\u1eb1ng ruy b\u0103ng ren l\u01b0\u1edbi lace.  T\u00f3c th\u1eadt 100% c\u00f3 th\u1ec3 t\u1ea9y, nhu\u1ed9m, u\u1ed1n, s\u1ea5y, c\u1eaft t\u00f3c t\u1ea1o ki\u1ec3u theo \u00fd th\u00edch  &nbsp;","og_url":"https:\/\/vietwig.com\/en\/product\/toc-gia-phu-hoi-dinh-dau-ngoi-lech-vtop02\/","og_site_name":"Viet Wig - Wig made in Viet Nam","article_publisher":"https:\/\/www.facebook.com\/tocvietwig","article_modified_time":"2026-02-20T07:34:52+00:00","og_image":[{"width":430,"height":491,"url":"https:\/\/vietwig.com\/wp-content\/uploads\/2026\/02\/topper-phu-hoi-che-dinh-thua-Vtop02-copy.jpg","type":"image\/jpeg"}],"twitter_card":"summary_large_image","twitter_misc":{"Price":"","Availability":"In stock"},"schema":{"@context":"https:\/\/schema.org","@graph":[{"@type":"WebPage","@id":"https:\/\/vietwig.com\/en\/product\/toc-gia-phu-hoi-dinh-dau-ngoi-lech-vtop02\/","url":"https:\/\/vietwig.com\/en\/product\/toc-gia-phu-hoi-dinh-dau-ngoi-lech-vtop02\/","name":"T\u00f3c gi\u1ea3 ph\u1ee7 h\u00f3i \u0111\u1ec9nh \u0111\u1ea7u ng\u00f4i l\u1ec7ch Vtop02 - Viet Wig - Wig made in Viet Nam","isPartOf":{"@id":"https:\/\/vietwig.com\/en\/#website"},"primaryImageOfPage":{"@id":"https:\/\/vietwig.com\/en\/product\/toc-gia-phu-hoi-dinh-dau-ngoi-lech-vtop02\/#primaryimage"},"image":{"@id":"https:\/\/vietwig.com\/en\/product\/toc-gia-phu-hoi-dinh-dau-ngoi-lech-vtop02\/#primaryimage"},"thumbnailUrl":"https:\/\/i0.wp.com\/vietwig.com\/wp-content\/uploads\/2026\/02\/topper-phu-hoi-che-dinh-thua-Vtop02-copy.jpg?fit=430%2C491&ssl=1","datePublished":"2026-02-20T07:30:20+00:00","dateModified":"2026-02-20T07:34:52+00:00","breadcrumb":{"@id":"https:\/\/vietwig.com\/en\/product\/toc-gia-phu-hoi-dinh-dau-ngoi-lech-vtop02\/#breadcrumb"},"inLanguage":"en-US","potentialAction":[{"@type":"ReadAction","target":["https:\/\/vietwig.com\/en\/product\/toc-gia-phu-hoi-dinh-dau-ngoi-lech-vtop02\/"]}]},{"@type":"ImageObject","inLanguage":"en-US","@id":"https:\/\/vietwig.com\/en\/product\/toc-gia-phu-hoi-dinh-dau-ngoi-lech-vtop02\/#primaryimage","url":"https:\/\/i0.wp.com\/vietwig.com\/wp-content\/uploads\/2026\/02\/topper-phu-hoi-che-dinh-thua-Vtop02-copy.jpg?fit=430%2C491&ssl=1","contentUrl":"https:\/\/i0.wp.com\/vietwig.com\/wp-content\/uploads\/2026\/02\/topper-phu-hoi-che-dinh-thua-Vtop02-copy.jpg?fit=430%2C491&ssl=1","width":430,"height":491},{"@type":"BreadcrumbList","@id":"https:\/\/vietwig.com\/en\/product\/toc-gia-phu-hoi-dinh-dau-ngoi-lech-vtop02\/#breadcrumb","itemListElement":[{"@type":"ListItem","position":1,"name":"Home","item":"https:\/\/vietwig.com\/en\/"},{"@type":"ListItem","position":2,"name":"Shop","item":"https:\/\/vietwig.com\/en\/shop-2\/"},{"@type":"ListItem","position":3,"name":"T\u00f3c gi\u1ea3 ph\u1ee7 h\u00f3i \u0111\u1ec9nh \u0111\u1ea7u ng\u00f4i l\u1ec7ch Vtop02"}]},{"@type":"WebSite","@id":"https:\/\/vietwig.com\/en\/#website","url":"https:\/\/vietwig.com\/en\/","name":"Viet Wig - Wig made in Viet Nam","description":"","publisher":{"@id":"https:\/\/vietwig.com\/en\/#organization"},"potentialAction":[{"@type":"SearchAction","target":{"@type":"EntryPoint","urlTemplate":"https:\/\/vietwig.com\/en\/?s={search_term_string}"},"query-input":"required name=search_term_string"}],"inLanguage":"en-US"},{"@type":"Organization","@id":"https:\/\/vietwig.com\/en\/#organization","name":"Viet Wig","url":"https:\/\/vietwig.com\/en\/","logo":{"@type":"ImageObject","inLanguage":"en-US","@id":"https:\/\/vietwig.com\/en\/#\/schema\/logo\/image\/","url":"https:\/\/i0.wp.com\/vietwig.com\/wp-content\/uploads\/2021\/11\/logo-Viet-Wig1.png?fit=728%2C736&ssl=1","contentUrl":"https:\/\/i0.wp.com\/vietwig.com\/wp-content\/uploads\/2021\/11\/logo-Viet-Wig1.png?fit=728%2C736&ssl=1","width":728,"height":736,"caption":"Viet Wig"},"image":{"@id":"https:\/\/vietwig.com\/en\/#\/schema\/logo\/image\/"},"sameAs":["https:\/\/www.facebook.com\/tocvietwig"]}]},"product_price_currency":"VND","og_availability":"instock","product_availability":"instock","product_condition":"new"},"jetpack_publicize_connections":[],"jetpack-related-posts":[],"jetpack_sharing_enabled":true,"_links":{"self":[{"href":"https:\/\/vietwig.com\/en\/wp-json\/wp\/v2\/product\/31800","targetHints":{"allow":["GET"]}}],"collection":[{"href":"https:\/\/vietwig.com\/en\/wp-json\/wp\/v2\/product"}],"about":[{"href":"https:\/\/vietwig.com\/en\/wp-json\/wp\/v2\/types\/product"}],"replies":[{"embeddable":true,"href":"https:\/\/vietwig.com\/en\/wp-json\/wp\/v2\/comments?post=31800"}],"version-history":[{"count":3,"href":"https:\/\/vietwig.com\/en\/wp-json\/wp\/v2\/product\/31800\/revisions"}],"predecessor-version":[{"id":31835,"href":"https:\/\/vietwig.com\/en\/wp-json\/wp\/v2\/product\/31800\/revisions\/31835"}],"wp:featuredmedia":[{"embeddable":true,"href":"https:\/\/vietwig.com\/en\/wp-json\/wp\/v2\/media\/31801"}],"wp:attachment":[{"href":"https:\/\/vietwig.com\/en\/wp-json\/wp\/v2\/media?parent=31800"}],"wp:term":[{"taxonomy":"product_brand","embeddable":true,"href":"https:\/\/vietwig.com\/en\/wp-json\/wp\/v2\/product_brand?post=31800"},{"taxonomy":"product_cat","embeddable":true,"href":"https:\/\/vietwig.com\/en\/wp-json\/wp\/v2\/product_cat?post=31800"},{"taxonomy":"product_tag","embeddable":true,"href":"https:\/\/vietwig.com\/en\/wp-json\/wp\/v2\/product_tag?post=31800"}],"curies":[{"name":"wp","href":"https:\/\/api.w.org\/{rel}","templated":true}]}}