{"id":31881,"date":"2026-04-27T09:18:42","date_gmt":"2026-04-27T02:18:42","guid":{"rendered":"https:\/\/vietwig.com\/?post_type=product&#038;p=31881"},"modified":"2026-04-27T09:18:44","modified_gmt":"2026-04-27T02:18:44","slug":"phom-moc-toc-gia-nam-fv14","status":"publish","type":"product","link":"https:\/\/vietwig.com\/en\/product\/phom-moc-toc-gia-nam-fv14\/","title":{"rendered":"Phom m\u00f3c t\u00f3c gi\u1ea3 nam FV14"},"content":{"rendered":"<p><strong data-start=\"85\" data-end=\"122\">Phom m\u00f3c t\u00f3c gi\u1ea3 ph\u1ee7 h\u00f3i nam FV14<\/strong> l\u00e0 l\u1ef1a ch\u1ecdn l\u00fd t\u01b0\u1edfng cho nh\u1eefng ai \u0111ang t\u00ecm ki\u1ebfm m\u1ed9t gi\u1ea3i ph\u00e1p t\u1ef1 nhi\u00ean v\u00e0 b\u1ec1n b\u1ec9. \u0110i\u1ec3m n\u1ed5i b\u1eadt c\u1ee7a FV14 n\u1eb1m \u1edf <strong data-start=\"276\" data-end=\"321\">ph\u1ea7n l\u01b0\u1edbi tr\u01b0\u1edbc tr\u00e1n s\u1eed d\u1ee5ng lace Th\u1ee5y S\u0129<\/strong>, gi\u00fap t\u1ea1o \u0111\u01b0\u1eddng ch\u00e2n t\u00f3c m\u1ec1m m\u1ea1i, t\u1ef1 nhi\u00ean nh\u01b0 t\u00f3c th\u1eadt. Nh\u1edd \u0111\u00f3, s\u1ea3n ph\u1ea9m sau khi m\u00f3c c\u00f3 th\u1ec3 tho\u1ea3i m\u00e1i vu\u1ed1t ng\u01b0\u1ee3c t\u00f3c m\u00e0 kh\u00f4ng lo l\u1ed9 vi\u1ec1n n\u1ed1i gi\u1eefa t\u00f3c gi\u1ea3 v\u00e0 da \u0111\u1ea7u.<\/p>\n<p>Bao quanh phom m\u00f3c t\u00f3c gi\u1ea3 ph\u1ee7 h\u00f3i nam FV14 l\u00e0 <strong data-start=\"490\" data-end=\"530\">l\u1edbp da Silicone trong su\u1ed1t si\u00eau m\u1ecfng<\/strong>, da PU n\u00e0y c\u00f3 \u0111\u1ed9 dai v\u00e0 m\u1ec1m m\u1ea1i cao, v\u1eeba mang l\u1ea1i c\u1ea3m gi\u00e1c d\u1ec5 ch\u1ecbu khi s\u1eed d\u1ee5ng, v\u1eeba t\u0103ng \u0111\u1ed9 b\u1ec1n, h\u1ea1n ch\u1ebf r\u00e1ch h\u1ecfng trong qu\u00e1 tr\u00ecnh d\u00f9ng l\u00e2u d\u00e0i.<\/p>\n<p>Ph\u1ea7n trung t\u00e2m phom FV14 \u0111\u01b0\u1ee3c thi\u1ebft k\u1ebf v\u1edbi <strong data-start=\"700\" data-end=\"721\">l\u01b0\u1edbi mono cao c\u1ea5p<\/strong>, gi\u00fap t\u0103ng\u00a0 b\u1ea1n c\u00f3 th\u1ec3 t\u0103ng gi\u1ea3m m\u1eadt \u0111\u1ed9 m\u00f3c t\u00f3c theo y\u00eau c\u1ea7u kh\u00e1ch h\u00e0ng, \u0111\u1ed3ng th\u1eddi v\u1eabn \u0111\u1ea3m b\u1ea3o \u0111\u1ed9 tho\u00e1ng kh\u00ed, mang l\u1ea1i c\u1ea3m gi\u00e1c nh\u1eb9 \u0111\u1ea7u v\u00e0 tho\u1ea3i m\u00e1i su\u1ed1t c\u1ea3 ng\u00e0y.<\/p>\n<p>Phom FV14 l\u00e0 s\u1ef1 k\u1ebft h\u1ee3p ho\u00e0n h\u1ea3o gi\u1eefa <strong data-start=\"890\" data-end=\"930\">t\u00ednh th\u1ea9m m\u1ef9 \u2013 \u0111\u1ed9 b\u1ec1n \u2013 s\u1ef1 tho\u1ea3i m\u00e1i<\/strong>, ph\u00f9 h\u1ee3p cho kh\u00e1ch h\u00e0ng c\u1ea7n m\u1ed9t b\u1ed9 t\u00f3c gi\u1ea3 t\u1ef1 nhi\u00ean v\u00e0 d\u1ec5 s\u1eed d\u1ee5ng trong m\u1ecdi ho\u00e0n c\u1ea3nh.<\/p>\n<p><iframe loading=\"lazy\" title=\"phom moc toc gia nam F14 ytb\" width=\"500\" height=\"281\" src=\"https:\/\/www.youtube.com\/embed\/c_eTN9SxYoY?feature=oembed\" frameborder=\"0\" allow=\"accelerometer; autoplay; clipboard-write; encrypted-media; gyroscope; picture-in-picture; web-share\" referrerpolicy=\"strict-origin-when-cross-origin\" allowfullscreen><\/iframe><\/p>\n<p><strong>M\u00e3 S\u1ea3n ph\u1ea9m:<\/strong>\u00a0<strong>Fv14<\/strong><\/p>\n<p>Phom m\u00f3c t\u00f3c Toupee nam v\u1edbi s\u1ef1 k\u1ebft h\u1ee3p gi\u1eefa 3 lo\u1ea1i v\u1eadt li\u1ec7u l\u00e0:<\/p>\n<ul>\n<li>L\u01b0\u1edbi tr\u01b0\u1edbc tr\u00e1n l\u00e0 l\u01b0\u1edbi t\u1eb1ng h\u00ecnh si\u00eau m\u1ecfng c\u1ee7a th\u1ee5y s\u0129 gi\u00fap \u0111\u01b0\u1eddng ch\u00e2n t\u00f3c khi vu\u1ed1t ng\u01b0\u1ee3c l\u00ean nh\u00ecn th\u1eadt nh\u1ea5t.<\/li>\n<li>Ph\u1ea7n ti\u1ebfp theo l\u00e0 l\u1edbp PU trong su\u1ed1t gi\u00fap gi\u00fap d\u00e1n b\u0103ng d\u00ednh ho\u1eb7c g\u1eafn k\u1eb9p \u0111\u1ec1u thu\u1eadn ti\u1ec7n khi s\u1eed d\u1ee5ng.<\/li>\n<li>L\u1edbp l\u01b0\u1edbi \u1edf gi\u1eefa l\u00e0 l\u01b0\u1edbi Mono gi\u00fap t\u0103ng m\u1eadt \u0111\u1ed9 m\u00f3c t\u00f3c v\u00e0 th\u00f4ng tho\u00e1ng khi s\u1eed d\u1ee5ng<\/li>\n<\/ul>\n<p>m\u1eabu form c\u00f3 th\u1ec3 t\u00f9y ch\u1ec9nh k\u00edch th\u01b0\u1edbc theo y\u00eau c\u1ea7u \u0111\u1ec3 ph\u00f9 h\u1ee3p v\u1edbi c\u00e1c size \u0111\u1ea7u c\u00f3 \u0111\u1ed9 h\u00f3i kh\u00e1c nhau c\u1ee7a t\u1eebng kh\u00e1ch.<\/p>\n<p><img data-recalc-dims=\"1\" loading=\"lazy\" decoding=\"async\" class=\"aligncenter size-large wp-image-31895\" src=\"https:\/\/i0.wp.com\/vietwig.com\/wp-content\/uploads\/2026\/04\/phom-moc-toc-phu-hoi-nam-FV14-8.jpg?resize=1024%2C768&#038;ssl=1\" alt=\"\" width=\"1024\" height=\"768\" srcset=\"https:\/\/i0.wp.com\/vietwig.com\/wp-content\/uploads\/2026\/04\/phom-moc-toc-phu-hoi-nam-FV14-8.jpg?resize=1024%2C768&amp;ssl=1 1024w, https:\/\/i0.wp.com\/vietwig.com\/wp-content\/uploads\/2026\/04\/phom-moc-toc-phu-hoi-nam-FV14-8.jpg?resize=300%2C225&amp;ssl=1 300w, https:\/\/i0.wp.com\/vietwig.com\/wp-content\/uploads\/2026\/04\/phom-moc-toc-phu-hoi-nam-FV14-8.jpg?resize=768%2C576&amp;ssl=1 768w, https:\/\/i0.wp.com\/vietwig.com\/wp-content\/uploads\/2026\/04\/phom-moc-toc-phu-hoi-nam-FV14-8.jpg?resize=1536%2C1152&amp;ssl=1 1536w, https:\/\/i0.wp.com\/vietwig.com\/wp-content\/uploads\/2026\/04\/phom-moc-toc-phu-hoi-nam-FV14-8.jpg?resize=1200%2C900&amp;ssl=1 1200w, https:\/\/i0.wp.com\/vietwig.com\/wp-content\/uploads\/2026\/04\/phom-moc-toc-phu-hoi-nam-FV14-8.jpg?resize=150%2C113&amp;ssl=1 150w, https:\/\/i0.wp.com\/vietwig.com\/wp-content\/uploads\/2026\/04\/phom-moc-toc-phu-hoi-nam-FV14-8.jpg?w=2016&amp;ssl=1 2016w\" sizes=\"auto, (max-width: 1000px) 100vw, 1000px\" \/> <img data-recalc-dims=\"1\" loading=\"lazy\" decoding=\"async\" class=\"aligncenter size-large wp-image-31891\" src=\"https:\/\/i0.wp.com\/vietwig.com\/wp-content\/uploads\/2026\/04\/phom-moc-toc-phu-hoi-nam-FV14-6.jpg?resize=768%2C1024&#038;ssl=1\" alt=\"\" width=\"768\" height=\"1024\" srcset=\"https:\/\/i0.wp.com\/vietwig.com\/wp-content\/uploads\/2026\/04\/phom-moc-toc-phu-hoi-nam-FV14-6-rotated.jpg?resize=768%2C1024&amp;ssl=1 768w, https:\/\/i0.wp.com\/vietwig.com\/wp-content\/uploads\/2026\/04\/phom-moc-toc-phu-hoi-nam-FV14-6-rotated.jpg?resize=225%2C300&amp;ssl=1 225w, https:\/\/i0.wp.com\/vietwig.com\/wp-content\/uploads\/2026\/04\/phom-moc-toc-phu-hoi-nam-FV14-6-rotated.jpg?resize=1152%2C1536&amp;ssl=1 1152w, https:\/\/i0.wp.com\/vietwig.com\/wp-content\/uploads\/2026\/04\/phom-moc-toc-phu-hoi-nam-FV14-6-rotated.jpg?resize=1200%2C1600&amp;ssl=1 1200w, https:\/\/i0.wp.com\/vietwig.com\/wp-content\/uploads\/2026\/04\/phom-moc-toc-phu-hoi-nam-FV14-6-rotated.jpg?resize=150%2C200&amp;ssl=1 150w, https:\/\/i0.wp.com\/vietwig.com\/wp-content\/uploads\/2026\/04\/phom-moc-toc-phu-hoi-nam-FV14-6-rotated.jpg?w=1512&amp;ssl=1 1512w\" sizes=\"auto, (max-width: 768px) 100vw, 768px\" \/> <img data-recalc-dims=\"1\" loading=\"lazy\" decoding=\"async\" class=\"aligncenter size-large wp-image-31889\" src=\"https:\/\/i0.wp.com\/vietwig.com\/wp-content\/uploads\/2026\/04\/phom-moc-toc-phu-hoi-nam-FV14-5.jpg?resize=768%2C1024&#038;ssl=1\" alt=\"\" width=\"768\" height=\"1024\" srcset=\"https:\/\/i0.wp.com\/vietwig.com\/wp-content\/uploads\/2026\/04\/phom-moc-toc-phu-hoi-nam-FV14-5-rotated.jpg?resize=768%2C1024&amp;ssl=1 768w, https:\/\/i0.wp.com\/vietwig.com\/wp-content\/uploads\/2026\/04\/phom-moc-toc-phu-hoi-nam-FV14-5-rotated.jpg?resize=225%2C300&amp;ssl=1 225w, https:\/\/i0.wp.com\/vietwig.com\/wp-content\/uploads\/2026\/04\/phom-moc-toc-phu-hoi-nam-FV14-5-rotated.jpg?resize=1152%2C1536&amp;ssl=1 1152w, https:\/\/i0.wp.com\/vietwig.com\/wp-content\/uploads\/2026\/04\/phom-moc-toc-phu-hoi-nam-FV14-5-rotated.jpg?resize=1200%2C1600&amp;ssl=1 1200w, https:\/\/i0.wp.com\/vietwig.com\/wp-content\/uploads\/2026\/04\/phom-moc-toc-phu-hoi-nam-FV14-5-rotated.jpg?resize=150%2C200&amp;ssl=1 150w, https:\/\/i0.wp.com\/vietwig.com\/wp-content\/uploads\/2026\/04\/phom-moc-toc-phu-hoi-nam-FV14-5-rotated.jpg?w=1512&amp;ssl=1 1512w\" sizes=\"auto, (max-width: 768px) 100vw, 768px\" \/> <img data-recalc-dims=\"1\" loading=\"lazy\" decoding=\"async\" class=\"aligncenter size-large wp-image-31893\" src=\"https:\/\/i0.wp.com\/vietwig.com\/wp-content\/uploads\/2026\/04\/phom-moc-toc-phu-hoi-nam-FV14-7.jpg?resize=768%2C1024&#038;ssl=1\" alt=\"\" width=\"768\" height=\"1024\" srcset=\"https:\/\/i0.wp.com\/vietwig.com\/wp-content\/uploads\/2026\/04\/phom-moc-toc-phu-hoi-nam-FV14-7-rotated.jpg?resize=768%2C1024&amp;ssl=1 768w, https:\/\/i0.wp.com\/vietwig.com\/wp-content\/uploads\/2026\/04\/phom-moc-toc-phu-hoi-nam-FV14-7-rotated.jpg?resize=225%2C300&amp;ssl=1 225w, https:\/\/i0.wp.com\/vietwig.com\/wp-content\/uploads\/2026\/04\/phom-moc-toc-phu-hoi-nam-FV14-7-rotated.jpg?resize=1152%2C1536&amp;ssl=1 1152w, https:\/\/i0.wp.com\/vietwig.com\/wp-content\/uploads\/2026\/04\/phom-moc-toc-phu-hoi-nam-FV14-7-rotated.jpg?resize=1200%2C1600&amp;ssl=1 1200w, https:\/\/i0.wp.com\/vietwig.com\/wp-content\/uploads\/2026\/04\/phom-moc-toc-phu-hoi-nam-FV14-7-rotated.jpg?resize=150%2C200&amp;ssl=1 150w, https:\/\/i0.wp.com\/vietwig.com\/wp-content\/uploads\/2026\/04\/phom-moc-toc-phu-hoi-nam-FV14-7-rotated.jpg?w=1512&amp;ssl=1 1512w\" sizes=\"auto, (max-width: 768px) 100vw, 768px\" \/> <img data-recalc-dims=\"1\" loading=\"lazy\" decoding=\"async\" class=\"aligncenter size-large wp-image-31887\" src=\"https:\/\/i0.wp.com\/vietwig.com\/wp-content\/uploads\/2026\/04\/phom-moc-toc-phu-hoi-nam-FV14-4.jpg?resize=768%2C1024&#038;ssl=1\" alt=\"\" width=\"768\" height=\"1024\" srcset=\"https:\/\/i0.wp.com\/vietwig.com\/wp-content\/uploads\/2026\/04\/phom-moc-toc-phu-hoi-nam-FV14-4-rotated.jpg?resize=768%2C1024&amp;ssl=1 768w, https:\/\/i0.wp.com\/vietwig.com\/wp-content\/uploads\/2026\/04\/phom-moc-toc-phu-hoi-nam-FV14-4-rotated.jpg?resize=225%2C300&amp;ssl=1 225w, https:\/\/i0.wp.com\/vietwig.com\/wp-content\/uploads\/2026\/04\/phom-moc-toc-phu-hoi-nam-FV14-4-rotated.jpg?resize=1152%2C1536&amp;ssl=1 1152w, https:\/\/i0.wp.com\/vietwig.com\/wp-content\/uploads\/2026\/04\/phom-moc-toc-phu-hoi-nam-FV14-4-rotated.jpg?resize=1200%2C1600&amp;ssl=1 1200w, https:\/\/i0.wp.com\/vietwig.com\/wp-content\/uploads\/2026\/04\/phom-moc-toc-phu-hoi-nam-FV14-4-rotated.jpg?resize=150%2C200&amp;ssl=1 150w, https:\/\/i0.wp.com\/vietwig.com\/wp-content\/uploads\/2026\/04\/phom-moc-toc-phu-hoi-nam-FV14-4-rotated.jpg?w=1512&amp;ssl=1 1512w\" sizes=\"auto, (max-width: 768px) 100vw, 768px\" \/><\/p>\n","protected":false},"excerpt":{"rendered":"<p><strong>M\u00e3 S\u1ea3n ph\u1ea9m:<\/strong>\u00a0<strong>Fv14 &#8211; form vietwig moc t\u00f3c gi\u1ea3 nam m\u1eabu s\u1ed1 14<\/strong><\/p>\n<ul>\n<li>L\u01b0\u1edbi tr\u01b0\u1edbc tr\u00e1n l\u00e0 l\u01b0\u1edbi t\u1eb1ng h\u00ecnh si\u00eau m\u1ecfng c\u1ee7a th\u1ee5y s\u0129 gi\u00fap \u0111\u01b0\u1eddng ch\u00e2n t\u00f3c khi vu\u1ed1t ng\u01b0\u1ee3c l\u00ean nh\u00ecn th\u1eadt nh\u1ea5t.<\/li>\n<li>Ph\u1ea7n ti\u1ebfp theo l\u00e0 l\u1edbp PU trong su\u1ed1t gi\u00fap gi\u00fap d\u00e1n b\u0103ng d\u00ednh ho\u1eb7c g\u1eafn k\u1eb9p \u0111\u1ec1u thu\u1eadn ti\u1ec7n khi s\u1eed d\u1ee5ng.<\/li>\n<li>Ph\u1ea7n ti\u1ebfp theo l\u00e0 l\u1edbp PU trong su\u1ed1t gi\u00fap gi\u00fap d\u00e1n b\u0103ng d\u00ednh ho\u1eb7c g\u1eafn k\u1eb9p \u0111\u1ec1u thu\u1eadn ti\u1ec7n khi s\u1eed d\u1ee5ng.<\/li>\n<li>M\u1eabu form c\u00f3 th\u1ec3 t\u00f9y ch\u1ec9nh k\u00edch th\u01b0\u1edbc theo y\u00eau c\u1ea7u \u0111\u1ec3 ph\u00f9 h\u1ee3p v\u1edbi c\u00e1c size \u0111\u1ea7u c\u00f3 \u0111\u1ed9 h\u00f3i kh\u00e1c nhau c\u1ee7a t\u1eebng kh\u00e1ch.<\/li>\n<\/ul>\n","protected":false},"featured_media":31897,"comment_status":"closed","ping_status":"closed","template":"","meta":{"jetpack_publicize_message":"","jetpack_publicize_feature_enabled":true,"jetpack_social_post_already_shared":true,"jetpack_social_options":{"image_generator_settings":{"template":"highway","default_image_id":0,"font":"","enabled":false},"version":2}},"product_brand":[],"product_cat":[275,706],"product_tag":[718,719,796,720,316,794,240,723,724,269,694,243,788,287,787,795,791,786,721,286,789,722,790,219,142,256,792,255,793,257,254,290],"class_list":{"0":"post-31881","1":"product","2":"type-product","3":"status-publish","4":"has-post-thumbnail","6":"product_cat-phom-moc-toc","7":"product_cat-phom-toupee-nam","8":"product_tag-form-mu-wig","9":"product_tag-form-mu-wig-nguyen-dau","10":"product_tag-fv14","11":"product_tag-lam-form-mu-wig","12":"product_tag-lam-form-topper-theo-yeu-cau","13":"product_tag-lam-toc-gia-theo-form-rieng","14":"product_tag-moc-toc-gia-tai-nha","15":"product_tag-mu-wig-nguyen-dau","16":"product_tag-mu-wig-vietwig","17":"product_tag-nhan-gia-cong-toc-gia","18":"product_tag-nhan-lam-toc-gia-tu-toc-that","19":"product_tag-nhan-moc-toc-gia","20":"product_tag-phom-fv14","21":"product_tag-phom-moc-toc-gia","22":"product_tag-phom-moc-toc-gia-nam","23":"product_tag-phom-moc-toc-theo-yeu-cau","24":"product_tag-phom-toc-gia-chuyen-nghiep","25":"product_tag-phom-toc-gia-lace-truoc-tran","26":"product_tag-san-xuat-form-mu-wig","27":"product_tag-san-xuat-phom-toupee","28":"product_tag-san-xuat-toc-gia-theo-yeu-cau","29":"product_tag-thiet-ke-form-mu-wig","30":"product_tag-toc-gia-xuat-khau","31":"product_tag-toupee","32":"product_tag-vietwig","33":"product_tag-xuong-gia-cong-toc-gia","34":"product_tag-xuong-lam-toc-gia-nam-nu","35":"product_tag-xuong-moc-toc-gia","36":"product_tag-xuong-phom-moc-toc","37":"product_tag-xuong-san-xuat-toc-gia","38":"product_tag-xuong-toc-gia","39":"product_tag-xuong-toc-viet-wig","41":"first","42":"instock","43":"sale","44":"shipping-taxable","45":"purchasable","46":"product-type-simple"},"yoast_head":"<!-- This site is optimized with the Yoast SEO Premium plugin v23.0 (Yoast SEO v23.0) - https:\/\/yoast.com\/wordpress\/plugins\/seo\/ -->\n<title>Phom m\u00f3c t\u00f3c gi\u1ea3 nam FV14 - Viet Wig - Wig made in Viet Nam<\/title>\n<meta name=\"robots\" content=\"index, follow, max-snippet:-1, max-image-preview:large, max-video-preview:-1\" \/>\n<link rel=\"canonical\" href=\"https:\/\/vietwig.com\/en\/product\/phom-moc-toc-gia-nam-fv14\/\" \/>\n<meta property=\"og:locale\" content=\"en_US\" \/>\n<meta property=\"og:type\" content=\"article\" \/>\n<meta property=\"og:title\" content=\"Phom m\u00f3c t\u00f3c gi\u1ea3 nam FV14\" \/>\n<meta property=\"og:description\" content=\"M\u00e3 S\u1ea3n ph\u1ea9m:\u00a0Fv14 - form vietwig moc t\u00f3c gi\u1ea3 nam m\u1eabu s\u1ed1 14   L\u01b0\u1edbi tr\u01b0\u1edbc tr\u00e1n l\u00e0 l\u01b0\u1edbi t\u1eb1ng h\u00ecnh si\u00eau m\u1ecfng c\u1ee7a th\u1ee5y s\u0129 gi\u00fap \u0111\u01b0\u1eddng ch\u00e2n t\u00f3c khi vu\u1ed1t ng\u01b0\u1ee3c l\u00ean nh\u00ecn th\u1eadt nh\u1ea5t.  Ph\u1ea7n ti\u1ebfp theo l\u00e0 l\u1edbp PU trong su\u1ed1t gi\u00fap gi\u00fap d\u00e1n b\u0103ng d\u00ednh ho\u1eb7c g\u1eafn k\u1eb9p \u0111\u1ec1u thu\u1eadn ti\u1ec7n khi s\u1eed d\u1ee5ng.  Ph\u1ea7n ti\u1ebfp theo l\u00e0 l\u1edbp PU trong su\u1ed1t gi\u00fap gi\u00fap d\u00e1n b\u0103ng d\u00ednh ho\u1eb7c g\u1eafn k\u1eb9p \u0111\u1ec1u thu\u1eadn ti\u1ec7n khi s\u1eed d\u1ee5ng.  M\u1eabu form c\u00f3 th\u1ec3 t\u00f9y ch\u1ec9nh k\u00edch th\u01b0\u1edbc theo y\u00eau c\u1ea7u \u0111\u1ec3 ph\u00f9 h\u1ee3p v\u1edbi c\u00e1c size \u0111\u1ea7u c\u00f3 \u0111\u1ed9 h\u00f3i kh\u00e1c nhau c\u1ee7a t\u1eebng kh\u00e1ch.\" \/>\n<meta property=\"og:url\" content=\"https:\/\/vietwig.com\/en\/product\/phom-moc-toc-gia-nam-fv14\/\" \/>\n<meta property=\"og:site_name\" content=\"Viet Wig - Wig made in Viet Nam\" \/>\n<meta property=\"article:publisher\" content=\"https:\/\/www.facebook.com\/tocvietwig\" \/>\n<meta property=\"article:modified_time\" content=\"2026-04-27T02:18:44+00:00\" \/>\n<meta property=\"og:image\" content=\"https:\/\/vietwig.com\/wp-content\/uploads\/2026\/04\/phom-moc-toc-phu-hoi-nam-FV14-8.jpg\" \/>\n\t<meta property=\"og:image:width\" content=\"2016\" \/>\n\t<meta property=\"og:image:height\" content=\"1512\" \/>\n\t<meta property=\"og:image:type\" content=\"image\/jpeg\" \/>\n<meta name=\"twitter:card\" content=\"summary_large_image\" \/>\n<meta name=\"twitter:label1\" content=\"Price\" \/>\n\t<meta name=\"twitter:data1\" content=\"300.000&nbsp;&#8363;\" \/>\n\t<meta name=\"twitter:label2\" content=\"Availability\" \/>\n\t<meta name=\"twitter:data2\" content=\"In stock\" \/>\n<script type=\"application\/ld+json\" class=\"yoast-schema-graph\">{\"@context\":\"https:\/\/schema.org\",\"@graph\":[{\"@type\":\"WebPage\",\"@id\":\"https:\/\/vietwig.com\/en\/product\/phom-moc-toc-gia-nam-fv14\/\",\"url\":\"https:\/\/vietwig.com\/en\/product\/phom-moc-toc-gia-nam-fv14\/\",\"name\":\"Phom m\u00f3c t\u00f3c gi\u1ea3 nam FV14 - Viet Wig - Wig made in Viet Nam\",\"isPartOf\":{\"@id\":\"https:\/\/vietwig.com\/en\/#website\"},\"primaryImageOfPage\":{\"@id\":\"https:\/\/vietwig.com\/en\/product\/phom-moc-toc-gia-nam-fv14\/#primaryimage\"},\"image\":{\"@id\":\"https:\/\/vietwig.com\/en\/product\/phom-moc-toc-gia-nam-fv14\/#primaryimage\"},\"thumbnailUrl\":\"https:\/\/i0.wp.com\/vietwig.com\/wp-content\/uploads\/2026\/04\/form-FV14.jpg?fit=1290%2C1470&ssl=1\",\"datePublished\":\"2026-04-27T02:18:42+00:00\",\"dateModified\":\"2026-04-27T02:18:44+00:00\",\"breadcrumb\":{\"@id\":\"https:\/\/vietwig.com\/en\/product\/phom-moc-toc-gia-nam-fv14\/#breadcrumb\"},\"inLanguage\":\"en-US\",\"potentialAction\":[{\"@type\":\"ReadAction\",\"target\":[\"https:\/\/vietwig.com\/en\/product\/phom-moc-toc-gia-nam-fv14\/\"]}]},{\"@type\":\"ImageObject\",\"inLanguage\":\"en-US\",\"@id\":\"https:\/\/vietwig.com\/en\/product\/phom-moc-toc-gia-nam-fv14\/#primaryimage\",\"url\":\"https:\/\/i0.wp.com\/vietwig.com\/wp-content\/uploads\/2026\/04\/form-FV14.jpg?fit=1290%2C1470&ssl=1\",\"contentUrl\":\"https:\/\/i0.wp.com\/vietwig.com\/wp-content\/uploads\/2026\/04\/form-FV14.jpg?fit=1290%2C1470&ssl=1\",\"width\":1290,\"height\":1470},{\"@type\":\"BreadcrumbList\",\"@id\":\"https:\/\/vietwig.com\/en\/product\/phom-moc-toc-gia-nam-fv14\/#breadcrumb\",\"itemListElement\":[{\"@type\":\"ListItem\",\"position\":1,\"name\":\"Home\",\"item\":\"https:\/\/vietwig.com\/en\/\"},{\"@type\":\"ListItem\",\"position\":2,\"name\":\"Shop\",\"item\":\"https:\/\/vietwig.com\/en\/shop-2\/\"},{\"@type\":\"ListItem\",\"position\":3,\"name\":\"Phom m\u00f3c t\u00f3c gi\u1ea3 nam FV14\"}]},{\"@type\":\"WebSite\",\"@id\":\"https:\/\/vietwig.com\/en\/#website\",\"url\":\"https:\/\/vietwig.com\/en\/\",\"name\":\"Viet Wig - Wig made in Viet Nam\",\"description\":\"\",\"publisher\":{\"@id\":\"https:\/\/vietwig.com\/en\/#organization\"},\"potentialAction\":[{\"@type\":\"SearchAction\",\"target\":{\"@type\":\"EntryPoint\",\"urlTemplate\":\"https:\/\/vietwig.com\/en\/?s={search_term_string}\"},\"query-input\":\"required name=search_term_string\"}],\"inLanguage\":\"en-US\"},{\"@type\":\"Organization\",\"@id\":\"https:\/\/vietwig.com\/en\/#organization\",\"name\":\"Viet Wig\",\"url\":\"https:\/\/vietwig.com\/en\/\",\"logo\":{\"@type\":\"ImageObject\",\"inLanguage\":\"en-US\",\"@id\":\"https:\/\/vietwig.com\/en\/#\/schema\/logo\/image\/\",\"url\":\"https:\/\/i0.wp.com\/vietwig.com\/wp-content\/uploads\/2021\/11\/logo-Viet-Wig1.png?fit=728%2C736&ssl=1\",\"contentUrl\":\"https:\/\/i0.wp.com\/vietwig.com\/wp-content\/uploads\/2021\/11\/logo-Viet-Wig1.png?fit=728%2C736&ssl=1\",\"width\":728,\"height\":736,\"caption\":\"Viet Wig\"},\"image\":{\"@id\":\"https:\/\/vietwig.com\/en\/#\/schema\/logo\/image\/\"},\"sameAs\":[\"https:\/\/www.facebook.com\/tocvietwig\"]}]}<\/script>\n<meta property=\"product:price:amount\" content=\"300000\" \/>\n<meta property=\"product:price:currency\" content=\"VND\" \/>\n<meta property=\"og:availability\" content=\"instock\" \/>\n<meta property=\"product:availability\" content=\"instock\" \/>\n<meta property=\"product:condition\" content=\"new\" \/>\n<!-- \/ Yoast SEO Premium plugin. -->","yoast_head_json":{"title":"Phom m\u00f3c t\u00f3c gi\u1ea3 nam FV14 - Viet Wig - Wig made in Viet Nam","robots":{"index":"index","follow":"follow","max-snippet":"max-snippet:-1","max-image-preview":"max-image-preview:large","max-video-preview":"max-video-preview:-1"},"canonical":"https:\/\/vietwig.com\/en\/product\/phom-moc-toc-gia-nam-fv14\/","og_locale":"en_US","og_type":"article","og_title":"Phom m\u00f3c t\u00f3c gi\u1ea3 nam FV14","og_description":"M\u00e3 S\u1ea3n ph\u1ea9m:\u00a0Fv14 - form vietwig moc t\u00f3c gi\u1ea3 nam m\u1eabu s\u1ed1 14   L\u01b0\u1edbi tr\u01b0\u1edbc tr\u00e1n l\u00e0 l\u01b0\u1edbi t\u1eb1ng h\u00ecnh si\u00eau m\u1ecfng c\u1ee7a th\u1ee5y s\u0129 gi\u00fap \u0111\u01b0\u1eddng ch\u00e2n t\u00f3c khi vu\u1ed1t ng\u01b0\u1ee3c l\u00ean nh\u00ecn th\u1eadt nh\u1ea5t.  Ph\u1ea7n ti\u1ebfp theo l\u00e0 l\u1edbp PU trong su\u1ed1t gi\u00fap gi\u00fap d\u00e1n b\u0103ng d\u00ednh ho\u1eb7c g\u1eafn k\u1eb9p \u0111\u1ec1u thu\u1eadn ti\u1ec7n khi s\u1eed d\u1ee5ng.  Ph\u1ea7n ti\u1ebfp theo l\u00e0 l\u1edbp PU trong su\u1ed1t gi\u00fap gi\u00fap d\u00e1n b\u0103ng d\u00ednh ho\u1eb7c g\u1eafn k\u1eb9p \u0111\u1ec1u thu\u1eadn ti\u1ec7n khi s\u1eed d\u1ee5ng.  M\u1eabu form c\u00f3 th\u1ec3 t\u00f9y ch\u1ec9nh k\u00edch th\u01b0\u1edbc theo y\u00eau c\u1ea7u \u0111\u1ec3 ph\u00f9 h\u1ee3p v\u1edbi c\u00e1c size \u0111\u1ea7u c\u00f3 \u0111\u1ed9 h\u00f3i kh\u00e1c nhau c\u1ee7a t\u1eebng kh\u00e1ch.","og_url":"https:\/\/vietwig.com\/en\/product\/phom-moc-toc-gia-nam-fv14\/","og_site_name":"Viet Wig - Wig made in Viet Nam","article_publisher":"https:\/\/www.facebook.com\/tocvietwig","article_modified_time":"2026-04-27T02:18:44+00:00","og_image":[{"width":2016,"height":1512,"url":"https:\/\/vietwig.com\/wp-content\/uploads\/2026\/04\/phom-moc-toc-phu-hoi-nam-FV14-8.jpg","type":"image\/jpeg"}],"twitter_card":"summary_large_image","twitter_misc":{"Price":"300.000&nbsp;&#8363;","Availability":"In stock"},"schema":{"@context":"https:\/\/schema.org","@graph":[{"@type":"WebPage","@id":"https:\/\/vietwig.com\/en\/product\/phom-moc-toc-gia-nam-fv14\/","url":"https:\/\/vietwig.com\/en\/product\/phom-moc-toc-gia-nam-fv14\/","name":"Phom m\u00f3c t\u00f3c gi\u1ea3 nam FV14 - Viet Wig - Wig made in Viet Nam","isPartOf":{"@id":"https:\/\/vietwig.com\/en\/#website"},"primaryImageOfPage":{"@id":"https:\/\/vietwig.com\/en\/product\/phom-moc-toc-gia-nam-fv14\/#primaryimage"},"image":{"@id":"https:\/\/vietwig.com\/en\/product\/phom-moc-toc-gia-nam-fv14\/#primaryimage"},"thumbnailUrl":"https:\/\/i0.wp.com\/vietwig.com\/wp-content\/uploads\/2026\/04\/form-FV14.jpg?fit=1290%2C1470&ssl=1","datePublished":"2026-04-27T02:18:42+00:00","dateModified":"2026-04-27T02:18:44+00:00","breadcrumb":{"@id":"https:\/\/vietwig.com\/en\/product\/phom-moc-toc-gia-nam-fv14\/#breadcrumb"},"inLanguage":"en-US","potentialAction":[{"@type":"ReadAction","target":["https:\/\/vietwig.com\/en\/product\/phom-moc-toc-gia-nam-fv14\/"]}]},{"@type":"ImageObject","inLanguage":"en-US","@id":"https:\/\/vietwig.com\/en\/product\/phom-moc-toc-gia-nam-fv14\/#primaryimage","url":"https:\/\/i0.wp.com\/vietwig.com\/wp-content\/uploads\/2026\/04\/form-FV14.jpg?fit=1290%2C1470&ssl=1","contentUrl":"https:\/\/i0.wp.com\/vietwig.com\/wp-content\/uploads\/2026\/04\/form-FV14.jpg?fit=1290%2C1470&ssl=1","width":1290,"height":1470},{"@type":"BreadcrumbList","@id":"https:\/\/vietwig.com\/en\/product\/phom-moc-toc-gia-nam-fv14\/#breadcrumb","itemListElement":[{"@type":"ListItem","position":1,"name":"Home","item":"https:\/\/vietwig.com\/en\/"},{"@type":"ListItem","position":2,"name":"Shop","item":"https:\/\/vietwig.com\/en\/shop-2\/"},{"@type":"ListItem","position":3,"name":"Phom m\u00f3c t\u00f3c gi\u1ea3 nam FV14"}]},{"@type":"WebSite","@id":"https:\/\/vietwig.com\/en\/#website","url":"https:\/\/vietwig.com\/en\/","name":"Viet Wig - Wig made in Viet Nam","description":"","publisher":{"@id":"https:\/\/vietwig.com\/en\/#organization"},"potentialAction":[{"@type":"SearchAction","target":{"@type":"EntryPoint","urlTemplate":"https:\/\/vietwig.com\/en\/?s={search_term_string}"},"query-input":"required name=search_term_string"}],"inLanguage":"en-US"},{"@type":"Organization","@id":"https:\/\/vietwig.com\/en\/#organization","name":"Viet Wig","url":"https:\/\/vietwig.com\/en\/","logo":{"@type":"ImageObject","inLanguage":"en-US","@id":"https:\/\/vietwig.com\/en\/#\/schema\/logo\/image\/","url":"https:\/\/i0.wp.com\/vietwig.com\/wp-content\/uploads\/2021\/11\/logo-Viet-Wig1.png?fit=728%2C736&ssl=1","contentUrl":"https:\/\/i0.wp.com\/vietwig.com\/wp-content\/uploads\/2021\/11\/logo-Viet-Wig1.png?fit=728%2C736&ssl=1","width":728,"height":736,"caption":"Viet Wig"},"image":{"@id":"https:\/\/vietwig.com\/en\/#\/schema\/logo\/image\/"},"sameAs":["https:\/\/www.facebook.com\/tocvietwig"]}]},"product_price_amount":"300000","product_price_currency":"VND","og_availability":"instock","product_availability":"instock","product_condition":"new"},"jetpack_publicize_connections":[],"jetpack-related-posts":[],"jetpack_sharing_enabled":true,"_links":{"self":[{"href":"https:\/\/vietwig.com\/en\/wp-json\/wp\/v2\/product\/31881","targetHints":{"allow":["GET"]}}],"collection":[{"href":"https:\/\/vietwig.com\/en\/wp-json\/wp\/v2\/product"}],"about":[{"href":"https:\/\/vietwig.com\/en\/wp-json\/wp\/v2\/types\/product"}],"replies":[{"embeddable":true,"href":"https:\/\/vietwig.com\/en\/wp-json\/wp\/v2\/comments?post=31881"}],"version-history":[{"count":1,"href":"https:\/\/vietwig.com\/en\/wp-json\/wp\/v2\/product\/31881\/revisions"}],"predecessor-version":[{"id":31899,"href":"https:\/\/vietwig.com\/en\/wp-json\/wp\/v2\/product\/31881\/revisions\/31899"}],"wp:featuredmedia":[{"embeddable":true,"href":"https:\/\/vietwig.com\/en\/wp-json\/wp\/v2\/media\/31897"}],"wp:attachment":[{"href":"https:\/\/vietwig.com\/en\/wp-json\/wp\/v2\/media?parent=31881"}],"wp:term":[{"taxonomy":"product_brand","embeddable":true,"href":"https:\/\/vietwig.com\/en\/wp-json\/wp\/v2\/product_brand?post=31881"},{"taxonomy":"product_cat","embeddable":true,"href":"https:\/\/vietwig.com\/en\/wp-json\/wp\/v2\/product_cat?post=31881"},{"taxonomy":"product_tag","embeddable":true,"href":"https:\/\/vietwig.com\/en\/wp-json\/wp\/v2\/product_tag?post=31881"}],"curies":[{"name":"wp","href":"https:\/\/api.w.org\/{rel}","templated":true}]}}