{"id":31900,"date":"2026-04-28T08:36:10","date_gmt":"2026-04-28T01:36:10","guid":{"rendered":"https:\/\/vietwig.com\/?post_type=product&#038;p=31900"},"modified":"2026-04-27T20:13:41","modified_gmt":"2026-04-27T13:13:41","slug":"phom-moc-toc-gia-ket-hop-may-dai-det-ma-ftop02","status":"publish","type":"product","link":"https:\/\/vietwig.com\/en\/product\/phom-moc-toc-gia-ket-hop-may-dai-det-ma-ftop02\/","title":{"rendered":"phom m\u00f3c t\u00f3c gi\u1ea3 k\u1ebft h\u1ee3p may d\u1ea3i d\u1ec7t \u2013 m\u00e3 Ftop02"},"content":{"rendered":"<p data-start=\"159\" data-end=\"395\">Phom Ftop02 l\u00e0 d\u00f2ng phom cao c\u1ea5p \u0111\u01b0\u1ee3c thi\u1ebft k\u1ebf t\u1ed1i \u01b0u cho th\u1ee3 v\u00e0 c\u1eeda h\u00e0ng, k\u1ebft h\u1ee3p gi\u1eefa k\u1ef9 thu\u1eadt m\u00f3c t\u00f3c th\u1ee7 c\u00f4ng v\u00e0 may d\u1ea3i d\u1ec7t (weft hair), gi\u00fap t\u1ea1o ra s\u1ea3n ph\u1ea9m t\u00f3c gi\u1ea3 ho\u00e0n thi\u1ec7n v\u1edbi chi ph\u00ed h\u1ee3p l\u00fd nh\u01b0ng v\u1eabn \u0111\u1ea3m b\u1ea3o t\u00ednh th\u1ea9m m\u1ef9 cao.<\/p>\n<p data-start=\"397\" data-end=\"438\">Phom Ftop02 \u0111\u01b0\u1ee3c c\u1ea5u t\u1ea1o t\u1eeb 3 ph\u1ea7n ch\u00ednh:<\/p>\n<p data-start=\"440\" data-end=\"714\"><strong data-start=\"440\" data-end=\"486\">1. Ph\u1ea7n l\u01b0\u1edbi lace ch\u00e2n t\u00f3c ph\u00eda tr\u01b0\u1edbc tr\u00e1n<\/strong><br data-start=\"486\" data-end=\"489\" \/>\u0110\u00e2y l\u00e0 khu v\u1ef1c \u0111\u01b0\u1ee3c thi\u1ebft k\u1ebf \u0111\u1ec3 m\u00f3c t\u00f3c t\u1ea1o \u0111\u01b0\u1eddng ch\u00e2n t\u00f3c t\u1ef1 nhi\u00ean. Khi ho\u00e0n thi\u1ec7n, ph\u1ea7n t\u00f3c n\u00e0y s\u1ebd h\u00f2a quy\u1ec7n v\u1edbi t\u00f3c th\u1eadt c\u1ee7a kh\u00e1ch h\u00e0ng, gi\u00fap che h\u00f3i hi\u1ec7u qu\u1ea3 m\u00e0 kh\u00f4ng l\u1ed9 vi\u1ec1n, mang l\u1ea1i c\u1ea3m gi\u00e1c r\u1ea5t ch\u00e2n th\u1ef1c khi nh\u00ecn g\u1ea7n.<\/p>\n<p data-start=\"716\" data-end=\"984\"><strong data-start=\"716\" data-end=\"764\">2. Ph\u1ea7n l\u01b0\u1edbi si\u00eau da \u0111\u1ea7u (silk base) r\u1ebd ng\u00f4i<\/strong><br data-start=\"764\" data-end=\"767\" \/>N\u1eb1m ngay ph\u00eda sau l\u1edbp lace tr\u01b0\u1edbc tr\u00e1n, ph\u1ea7n l\u01b0\u1edbi si\u00eau da 3 l\u1edbp n\u00e0y cho ph\u00e9p r\u1ebd ng\u00f4i linh ho\u1ea1t. Khi r\u1ebd ng\u00f4i t\u1ea1i \u0111\u00e2i, t\u00f3c si\u00eau da \u0111\u1ea7u n\u00e0y c\u00ed hi\u1ec7u \u1ee9ng t\u1ea1o ra gi\u1ed1ng nh\u01b0 t\u00f3c m\u1ecdc tr\u1ef1c ti\u1ebfp t\u1eeb da \u0111\u1ea7u, gi\u00fap t\u0103ng \u0111\u1ed9 t\u1ef1 nhi\u00ean v\u00e0 th\u1ea9m m\u1ef9 cho s\u1ea3n ph\u1ea9m.<\/p>\n<p data-start=\"986\" data-end=\"1266\"><strong data-start=\"986\" data-end=\"1029\">3. Ph\u1ea7n l\u01b0\u1edbi \u0111en xung quanh v\u00e0 ph\u00eda sau<\/strong><br data-start=\"1029\" data-end=\"1032\" \/>Khu v\u1ef1c n\u00e0y \u0111\u01b0\u1ee3c thi\u1ebft k\u1ebf \u0111\u1ec3 may d\u1ea3i d\u1ec7t (weft hair), gi\u00fap t\u0103ng nhanh \u0111\u1ed9 d\u00e0y v\u00e0 tr\u1ecdng l\u01b0\u1ee3ng cho b\u1ed9 t\u00f3c. Nh\u1edd \u0111\u00f3, th\u1ee3 c\u00f3 th\u1ec3 ti\u1ebft ki\u1ec7m \u0111\u00e1ng k\u1ec3 th\u1eddi gian gia c\u00f4ng, \u0111\u1ed3ng th\u1eddi gi\u1ea3m chi ph\u00ed s\u1ea3n xu\u1ea5t nh\u01b0ng v\u1eabn \u0111\u1ea3m b\u1ea3o \u0111\u1ed9 ph\u1ee7 v\u00e0 form t\u00f3c \u0111\u1eb9p.<\/p>\n<p data-start=\"1273\" data-end=\"1309\"><strong data-start=\"1273\" data-end=\"1309\">\u01afu \u0111i\u1ec3m n\u1ed5i b\u1eadt c\u1ee7a phom Ftop02:<\/strong><\/p>\n<ul data-start=\"1310\" data-end=\"1494\">\n<li data-section-id=\"qryjxk\" data-start=\"1310\" data-end=\"1360\">T\u1ef1 nhi\u00ean cao: ch\u00e2n t\u00f3c v\u00e0 r\u1ebd ng\u00f4i nh\u01b0 t\u00f3c th\u1eadt<\/li>\n<li data-section-id=\"iz8u7k\" data-start=\"1361\" data-end=\"1407\">T\u1ed1i \u01b0u chi ph\u00ed: k\u1ebft h\u1ee3p m\u00f3c v\u00e0 may d\u1ea3i d\u1ec7t<\/li>\n<li data-section-id=\"o9d3ul\" data-start=\"1408\" data-end=\"1440\">Ti\u1ebft ki\u1ec7m th\u1eddi gian s\u1ea3n xu\u1ea5t<\/li>\n<li data-section-id=\"1fr10t8\" data-start=\"1441\" data-end=\"1494\">Ph\u00f9 h\u1ee3p cho c\u1ea3 th\u1ee3 l\u00e0m t\u00f3c v\u00e0 c\u1eeda h\u00e0ng kinh doanh<\/li>\n<\/ul>\n<p><iframe loading=\"lazy\" title=\"phom m\u00f3c t\u00f3c gi\u1ea3 k\u1ebft h\u1ee3p may d\u1ea3i d\u1ec7t \u2013 m\u00e3 Ftop02\" width=\"500\" height=\"281\" src=\"https:\/\/www.youtube.com\/embed\/__KCLg3AIl4?feature=oembed\" frameborder=\"0\" allow=\"accelerometer; autoplay; clipboard-write; encrypted-media; gyroscope; picture-in-picture; web-share\" referrerpolicy=\"strict-origin-when-cross-origin\" allowfullscreen><\/iframe><\/p>\n<p><strong data-start=\"107\" data-end=\"153\">M\u00e3 s\u1ea3n ph\u1ea9m: Ftop02 \u2013 Phom Topper m\u1eabu s\u1ed1 2<\/strong><\/p>\n<ul>\n<li>Phom Ftop02 \u0111\u01b0\u1ee3c thi\u1ebft k\u1ebf 3 v\u00f9ng t\u1ed1i \u01b0u cho c\u1ea3 th\u1ea9m m\u1ef9 v\u00e0 chi ph\u00ed s\u1ea3n xu\u1ea5t.<\/li>\n<li>Ph\u1ea7n tr\u01b0\u1edbc tr\u00e1n s\u1eed d\u1ee5ng l\u01b0\u1edbi lace gi\u00fap t\u1ea1o ch\u00e2n t\u00f3c t\u1ef1 nhi\u00ean, kh\u00f4ng l\u1ed9 vi\u1ec1n.<\/li>\n<li>Ngay ph\u00eda sau l\u00e0 khu v\u1ef1c m\u00f3c si\u00eau da \u0111\u1ea7u 3 l\u1edbp, h\u1ed7 tr\u1ee3 r\u1ebd ng\u00f4i ch\u00e2n th\u1eadt nh\u01b0 t\u00f3c m\u1ecdc t\u1eeb da \u0111\u1ea7u.<\/li>\n<li>Hai b\u00ean h\u00f4ng v\u00e0 ph\u00eda sau l\u00e0 l\u01b0\u1edbi may d\u1ea3i d\u1ec7t (weft hair), gi\u00fap t\u0103ng \u0111\u1ed9 d\u00e0y nhanh, ti\u1ebft ki\u1ec7m th\u1eddi gian gia c\u00f4ng v\u00e0 gi\u1ea3m chi ph\u00ed.<\/li>\n<li>Ph\u00f9 h\u1ee3p cho th\u1ee3 v\u00e0 c\u1eeda h\u00e0ng c\u1ea7n m\u1ed9t m\u1eabu phom v\u1eeba \u0111\u1eb9p t\u1ef1 nhi\u00ean, v\u1eeba t\u1ed1i \u01b0u hi\u1ec7u qu\u1ea3 s\u1ea3n xu\u1ea5t.<\/li>\n<\/ul>\n","protected":false},"excerpt":{"rendered":"<p><strong data-start=\"107\" data-end=\"153\">M\u00e3 s\u1ea3n ph\u1ea9m: Ftop02 \u2013 Phom Topper m\u1eabu s\u1ed1 2<\/strong><\/p>\n<ul>\n<li>Phom Ftop02 \u0111\u01b0\u1ee3c thi\u1ebft k\u1ebf 3 v\u00f9ng t\u1ed1i \u01b0u cho c\u1ea3 th\u1ea9m m\u1ef9 v\u00e0 chi ph\u00ed s\u1ea3n xu\u1ea5t.<\/li>\n<li>Ph\u1ea7n tr\u01b0\u1edbc tr\u00e1n s\u1eed d\u1ee5ng l\u01b0\u1edbi lace gi\u00fap t\u1ea1o ch\u00e2n t\u00f3c t\u1ef1 nhi\u00ean, kh\u00f4ng l\u1ed9 vi\u1ec1n.<\/li>\n<li>Ngay ph\u00eda sau l\u00e0 khu v\u1ef1c m\u00f3c si\u00eau da \u0111\u1ea7u 3 l\u1edbp, h\u1ed7 tr\u1ee3 r\u1ebd ng\u00f4i ch\u00e2n th\u1eadt nh\u01b0 t\u00f3c m\u1ecdc t\u1eeb da \u0111\u1ea7u.<\/li>\n<li>Hai b\u00ean h\u00f4ng v\u00e0 ph\u00eda sau l\u00e0 l\u01b0\u1edbi may d\u1ea3i d\u1ec7t (weft hair), gi\u00fap t\u0103ng \u0111\u1ed9 d\u00e0y nhanh, ti\u1ebft ki\u1ec7m th\u1eddi gian gia c\u00f4ng v\u00e0 gi\u1ea3m chi ph\u00ed.<\/li>\n<li>Ph\u00f9 h\u1ee3p cho th\u1ee3 v\u00e0 c\u1eeda h\u00e0ng c\u1ea7n m\u1ed9t m\u1eabu phom v\u1eeba \u0111\u1eb9p t\u1ef1 nhi\u00ean, v\u1eeba t\u1ed1i \u01b0u hi\u1ec7u qu\u1ea3 s\u1ea3n xu\u1ea5t.<\/li>\n<\/ul>\n<p data-start=\"107\" data-end=\"153\">\n<p data-start=\"155\" data-end=\"533\"><br data-start=\"230\" data-end=\"233\" \/>\u00a0.<\/p>\n<p data-start=\"535\" data-end=\"627\">\n","protected":false},"featured_media":31903,"comment_status":"closed","ping_status":"closed","template":"","meta":{"jetpack_publicize_message":"","jetpack_publicize_feature_enabled":true,"jetpack_social_post_already_shared":true,"jetpack_social_options":{"image_generator_settings":{"template":"highway","default_image_id":0,"font":"","enabled":false},"version":2}},"product_brand":[],"product_cat":[275,705],"product_tag":[313,311,797,315,319,278,316,794,240,269,694,243,277,287,795,791,317,276,288,314,312,318,286,789,790,219,143,142,256,792,255,793,257,254,290],"class_list":{"0":"post-31900","1":"product","2":"type-product","3":"status-publish","4":"has-post-thumbnail","6":"product_cat-phom-moc-toc","7":"product_cat-phom-topper-nu","8":"product_tag-form-topper","9":"product_tag-form-toupee","10":"product_tag-ftop02","11":"product_tag-gia-cong-form-topper","12":"product_tag-gia-cong-phom-topper","13":"product_tag-gia-cong-phom-toupee","14":"product_tag-lam-form-topper-theo-yeu-cau","15":"product_tag-lam-toc-gia-theo-form-rieng","16":"product_tag-moc-toc-gia-tai-nha","17":"product_tag-nhan-gia-cong-toc-gia","18":"product_tag-nhan-lam-toc-gia-tu-toc-that","19":"product_tag-nhan-moc-toc-gia","20":"product_tag-phom-moc-toc","21":"product_tag-phom-moc-toc-gia","22":"product_tag-phom-moc-toc-theo-yeu-cau","23":"product_tag-phom-toc-gia-chuyen-nghiep","24":"product_tag-phom-topper","25":"product_tag-phom-toupee","26":"product_tag-phom-toupee-pu","27":"product_tag-san-xuat-form-topper","28":"product_tag-san-xuat-form-toupee","29":"product_tag-san-xuat-phom-topper","30":"product_tag-san-xuat-phom-toupee","31":"product_tag-san-xuat-toc-gia-theo-yeu-cau","32":"product_tag-toc-gia-xuat-khau","33":"product_tag-toupee","34":"product_tag-viet-wig","35":"product_tag-vietwig","36":"product_tag-xuong-gia-cong-toc-gia","37":"product_tag-xuong-lam-toc-gia-nam-nu","38":"product_tag-xuong-moc-toc-gia","39":"product_tag-xuong-phom-moc-toc","40":"product_tag-xuong-san-xuat-toc-gia","41":"product_tag-xuong-toc-gia","42":"product_tag-xuong-toc-viet-wig","44":"first","45":"instock","46":"sale","47":"shipping-taxable","48":"purchasable","49":"product-type-simple"},"yoast_head":"<!-- This site is optimized with the Yoast SEO Premium plugin v23.0 (Yoast SEO v23.0) - https:\/\/yoast.com\/wordpress\/plugins\/seo\/ -->\n<title>phom m\u00f3c t\u00f3c gi\u1ea3 k\u1ebft h\u1ee3p may d\u1ea3i d\u1ec7t \u2013 m\u00e3 Ftop02 - Viet Wig - Wig made in Viet Nam<\/title>\n<meta name=\"robots\" content=\"index, follow, max-snippet:-1, max-image-preview:large, max-video-preview:-1\" \/>\n<link rel=\"canonical\" href=\"https:\/\/vietwig.com\/en\/product\/phom-moc-toc-gia-ket-hop-may-dai-det-ma-ftop02\/\" \/>\n<meta property=\"og:locale\" content=\"en_US\" \/>\n<meta property=\"og:type\" content=\"article\" \/>\n<meta property=\"og:title\" content=\"phom m\u00f3c t\u00f3c gi\u1ea3 k\u1ebft h\u1ee3p may d\u1ea3i d\u1ec7t \u2013 m\u00e3 Ftop02\" \/>\n<meta property=\"og:description\" content=\"M\u00e3 s\u1ea3n ph\u1ea9m: Ftop02 \u2013 Phom Topper m\u1eabu s\u1ed1 2   Phom Ftop02 \u0111\u01b0\u1ee3c thi\u1ebft k\u1ebf 3 v\u00f9ng t\u1ed1i \u01b0u cho c\u1ea3 th\u1ea9m m\u1ef9 v\u00e0 chi ph\u00ed s\u1ea3n xu\u1ea5t.  Ph\u1ea7n tr\u01b0\u1edbc tr\u00e1n s\u1eed d\u1ee5ng l\u01b0\u1edbi lace gi\u00fap t\u1ea1o ch\u00e2n t\u00f3c t\u1ef1 nhi\u00ean, kh\u00f4ng l\u1ed9 vi\u1ec1n.  Ngay ph\u00eda sau l\u00e0 khu v\u1ef1c m\u00f3c si\u00eau da \u0111\u1ea7u 3 l\u1edbp, h\u1ed7 tr\u1ee3 r\u1ebd ng\u00f4i ch\u00e2n th\u1eadt nh\u01b0 t\u00f3c m\u1ecdc t\u1eeb da \u0111\u1ea7u.  Hai b\u00ean h\u00f4ng v\u00e0 ph\u00eda sau l\u00e0 l\u01b0\u1edbi may d\u1ea3i d\u1ec7t (weft hair), gi\u00fap t\u0103ng \u0111\u1ed9 d\u00e0y nhanh, ti\u1ebft ki\u1ec7m th\u1eddi gian gia c\u00f4ng v\u00e0 gi\u1ea3m chi ph\u00ed.  Ph\u00f9 h\u1ee3p cho th\u1ee3 v\u00e0 c\u1eeda h\u00e0ng c\u1ea7n m\u1ed9t m\u1eabu phom v\u1eeba \u0111\u1eb9p t\u1ef1 nhi\u00ean, v\u1eeba t\u1ed1i \u01b0u hi\u1ec7u qu\u1ea3 s\u1ea3n xu\u1ea5t.   \u00a0.\" \/>\n<meta property=\"og:url\" content=\"https:\/\/vietwig.com\/en\/product\/phom-moc-toc-gia-ket-hop-may-dai-det-ma-ftop02\/\" \/>\n<meta property=\"og:site_name\" content=\"Viet Wig - Wig made in Viet Nam\" \/>\n<meta property=\"article:publisher\" content=\"https:\/\/www.facebook.com\/tocvietwig\" \/>\n<meta property=\"article:modified_time\" content=\"2026-04-27T13:13:41+00:00\" \/>\n<meta property=\"og:image\" content=\"https:\/\/i0.wp.com\/vietwig.com\/wp-content\/uploads\/2026\/04\/phom-topper-nu-moc-toc-gia-ket-hop-may-dai-det-5.jpg?fit=1512%2C2016&ssl=1\" \/>\n\t<meta property=\"og:image:width\" content=\"1512\" \/>\n\t<meta property=\"og:image:height\" content=\"2016\" \/>\n\t<meta property=\"og:image:type\" content=\"image\/jpeg\" \/>\n<meta name=\"twitter:card\" content=\"summary_large_image\" \/>\n<meta name=\"twitter:label1\" content=\"Price\" \/>\n\t<meta name=\"twitter:data1\" content=\"250.000&nbsp;&#8363;\" \/>\n\t<meta name=\"twitter:label2\" content=\"Availability\" \/>\n\t<meta name=\"twitter:data2\" content=\"In stock\" \/>\n<script type=\"application\/ld+json\" class=\"yoast-schema-graph\">{\"@context\":\"https:\/\/schema.org\",\"@graph\":[{\"@type\":\"WebPage\",\"@id\":\"https:\/\/vietwig.com\/en\/product\/phom-moc-toc-gia-ket-hop-may-dai-det-ma-ftop02\/\",\"url\":\"https:\/\/vietwig.com\/en\/product\/phom-moc-toc-gia-ket-hop-may-dai-det-ma-ftop02\/\",\"name\":\"phom m\u00f3c t\u00f3c gi\u1ea3 k\u1ebft h\u1ee3p may d\u1ea3i d\u1ec7t \u2013 m\u00e3 Ftop02 - Viet Wig - Wig made in Viet Nam\",\"isPartOf\":{\"@id\":\"https:\/\/vietwig.com\/en\/#website\"},\"primaryImageOfPage\":{\"@id\":\"https:\/\/vietwig.com\/en\/product\/phom-moc-toc-gia-ket-hop-may-dai-det-ma-ftop02\/#primaryimage\"},\"image\":{\"@id\":\"https:\/\/vietwig.com\/en\/product\/phom-moc-toc-gia-ket-hop-may-dai-det-ma-ftop02\/#primaryimage\"},\"thumbnailUrl\":\"https:\/\/i0.wp.com\/vietwig.com\/wp-content\/uploads\/2026\/04\/form-Ftop02-1.jpg?fit=1290%2C1470&ssl=1\",\"datePublished\":\"2026-04-28T01:36:10+00:00\",\"dateModified\":\"2026-04-27T13:13:41+00:00\",\"breadcrumb\":{\"@id\":\"https:\/\/vietwig.com\/en\/product\/phom-moc-toc-gia-ket-hop-may-dai-det-ma-ftop02\/#breadcrumb\"},\"inLanguage\":\"en-US\",\"potentialAction\":[{\"@type\":\"ReadAction\",\"target\":[\"https:\/\/vietwig.com\/en\/product\/phom-moc-toc-gia-ket-hop-may-dai-det-ma-ftop02\/\"]}]},{\"@type\":\"ImageObject\",\"inLanguage\":\"en-US\",\"@id\":\"https:\/\/vietwig.com\/en\/product\/phom-moc-toc-gia-ket-hop-may-dai-det-ma-ftop02\/#primaryimage\",\"url\":\"https:\/\/i0.wp.com\/vietwig.com\/wp-content\/uploads\/2026\/04\/form-Ftop02-1.jpg?fit=1290%2C1470&ssl=1\",\"contentUrl\":\"https:\/\/i0.wp.com\/vietwig.com\/wp-content\/uploads\/2026\/04\/form-Ftop02-1.jpg?fit=1290%2C1470&ssl=1\",\"width\":1290,\"height\":1470},{\"@type\":\"BreadcrumbList\",\"@id\":\"https:\/\/vietwig.com\/en\/product\/phom-moc-toc-gia-ket-hop-may-dai-det-ma-ftop02\/#breadcrumb\",\"itemListElement\":[{\"@type\":\"ListItem\",\"position\":1,\"name\":\"Home\",\"item\":\"https:\/\/vietwig.com\/en\/\"},{\"@type\":\"ListItem\",\"position\":2,\"name\":\"Shop\",\"item\":\"https:\/\/vietwig.com\/en\/shop-2\/\"},{\"@type\":\"ListItem\",\"position\":3,\"name\":\"phom m\u00f3c t\u00f3c gi\u1ea3 k\u1ebft h\u1ee3p may d\u1ea3i d\u1ec7t \u2013 m\u00e3 Ftop02\"}]},{\"@type\":\"WebSite\",\"@id\":\"https:\/\/vietwig.com\/en\/#website\",\"url\":\"https:\/\/vietwig.com\/en\/\",\"name\":\"Viet Wig - Wig made in Viet Nam\",\"description\":\"\",\"publisher\":{\"@id\":\"https:\/\/vietwig.com\/en\/#organization\"},\"potentialAction\":[{\"@type\":\"SearchAction\",\"target\":{\"@type\":\"EntryPoint\",\"urlTemplate\":\"https:\/\/vietwig.com\/en\/?s={search_term_string}\"},\"query-input\":\"required name=search_term_string\"}],\"inLanguage\":\"en-US\"},{\"@type\":\"Organization\",\"@id\":\"https:\/\/vietwig.com\/en\/#organization\",\"name\":\"Viet Wig\",\"url\":\"https:\/\/vietwig.com\/en\/\",\"logo\":{\"@type\":\"ImageObject\",\"inLanguage\":\"en-US\",\"@id\":\"https:\/\/vietwig.com\/en\/#\/schema\/logo\/image\/\",\"url\":\"https:\/\/i0.wp.com\/vietwig.com\/wp-content\/uploads\/2021\/11\/logo-Viet-Wig1.png?fit=728%2C736&ssl=1\",\"contentUrl\":\"https:\/\/i0.wp.com\/vietwig.com\/wp-content\/uploads\/2021\/11\/logo-Viet-Wig1.png?fit=728%2C736&ssl=1\",\"width\":728,\"height\":736,\"caption\":\"Viet Wig\"},\"image\":{\"@id\":\"https:\/\/vietwig.com\/en\/#\/schema\/logo\/image\/\"},\"sameAs\":[\"https:\/\/www.facebook.com\/tocvietwig\"]}]}<\/script>\n<meta property=\"product:price:amount\" content=\"250000\" \/>\n<meta property=\"product:price:currency\" content=\"VND\" \/>\n<meta property=\"og:availability\" content=\"instock\" \/>\n<meta property=\"product:availability\" content=\"instock\" \/>\n<meta property=\"product:condition\" content=\"new\" \/>\n<!-- \/ Yoast SEO Premium plugin. -->","yoast_head_json":{"title":"phom m\u00f3c t\u00f3c gi\u1ea3 k\u1ebft h\u1ee3p may d\u1ea3i d\u1ec7t \u2013 m\u00e3 Ftop02 - Viet Wig - Wig made in Viet Nam","robots":{"index":"index","follow":"follow","max-snippet":"max-snippet:-1","max-image-preview":"max-image-preview:large","max-video-preview":"max-video-preview:-1"},"canonical":"https:\/\/vietwig.com\/en\/product\/phom-moc-toc-gia-ket-hop-may-dai-det-ma-ftop02\/","og_locale":"en_US","og_type":"article","og_title":"phom m\u00f3c t\u00f3c gi\u1ea3 k\u1ebft h\u1ee3p may d\u1ea3i d\u1ec7t \u2013 m\u00e3 Ftop02","og_description":"M\u00e3 s\u1ea3n ph\u1ea9m: Ftop02 \u2013 Phom Topper m\u1eabu s\u1ed1 2   Phom Ftop02 \u0111\u01b0\u1ee3c thi\u1ebft k\u1ebf 3 v\u00f9ng t\u1ed1i \u01b0u cho c\u1ea3 th\u1ea9m m\u1ef9 v\u00e0 chi ph\u00ed s\u1ea3n xu\u1ea5t.  Ph\u1ea7n tr\u01b0\u1edbc tr\u00e1n s\u1eed d\u1ee5ng l\u01b0\u1edbi lace gi\u00fap t\u1ea1o ch\u00e2n t\u00f3c t\u1ef1 nhi\u00ean, kh\u00f4ng l\u1ed9 vi\u1ec1n.  Ngay ph\u00eda sau l\u00e0 khu v\u1ef1c m\u00f3c si\u00eau da \u0111\u1ea7u 3 l\u1edbp, h\u1ed7 tr\u1ee3 r\u1ebd ng\u00f4i ch\u00e2n th\u1eadt nh\u01b0 t\u00f3c m\u1ecdc t\u1eeb da \u0111\u1ea7u.  Hai b\u00ean h\u00f4ng v\u00e0 ph\u00eda sau l\u00e0 l\u01b0\u1edbi may d\u1ea3i d\u1ec7t (weft hair), gi\u00fap t\u0103ng \u0111\u1ed9 d\u00e0y nhanh, ti\u1ebft ki\u1ec7m th\u1eddi gian gia c\u00f4ng v\u00e0 gi\u1ea3m chi ph\u00ed.  Ph\u00f9 h\u1ee3p cho th\u1ee3 v\u00e0 c\u1eeda h\u00e0ng c\u1ea7n m\u1ed9t m\u1eabu phom v\u1eeba \u0111\u1eb9p t\u1ef1 nhi\u00ean, v\u1eeba t\u1ed1i \u01b0u hi\u1ec7u qu\u1ea3 s\u1ea3n xu\u1ea5t.   \u00a0.","og_url":"https:\/\/vietwig.com\/en\/product\/phom-moc-toc-gia-ket-hop-may-dai-det-ma-ftop02\/","og_site_name":"Viet Wig - Wig made in Viet Nam","article_publisher":"https:\/\/www.facebook.com\/tocvietwig","article_modified_time":"2026-04-27T13:13:41+00:00","og_image":[{"width":1512,"height":2016,"url":"https:\/\/i0.wp.com\/vietwig.com\/wp-content\/uploads\/2026\/04\/phom-topper-nu-moc-toc-gia-ket-hop-may-dai-det-5.jpg?fit=1512%2C2016&ssl=1","type":"image\/jpeg"}],"twitter_card":"summary_large_image","twitter_misc":{"Price":"250.000&nbsp;&#8363;","Availability":"In stock"},"schema":{"@context":"https:\/\/schema.org","@graph":[{"@type":"WebPage","@id":"https:\/\/vietwig.com\/en\/product\/phom-moc-toc-gia-ket-hop-may-dai-det-ma-ftop02\/","url":"https:\/\/vietwig.com\/en\/product\/phom-moc-toc-gia-ket-hop-may-dai-det-ma-ftop02\/","name":"phom m\u00f3c t\u00f3c gi\u1ea3 k\u1ebft h\u1ee3p may d\u1ea3i d\u1ec7t \u2013 m\u00e3 Ftop02 - Viet Wig - Wig made in Viet Nam","isPartOf":{"@id":"https:\/\/vietwig.com\/en\/#website"},"primaryImageOfPage":{"@id":"https:\/\/vietwig.com\/en\/product\/phom-moc-toc-gia-ket-hop-may-dai-det-ma-ftop02\/#primaryimage"},"image":{"@id":"https:\/\/vietwig.com\/en\/product\/phom-moc-toc-gia-ket-hop-may-dai-det-ma-ftop02\/#primaryimage"},"thumbnailUrl":"https:\/\/i0.wp.com\/vietwig.com\/wp-content\/uploads\/2026\/04\/form-Ftop02-1.jpg?fit=1290%2C1470&ssl=1","datePublished":"2026-04-28T01:36:10+00:00","dateModified":"2026-04-27T13:13:41+00:00","breadcrumb":{"@id":"https:\/\/vietwig.com\/en\/product\/phom-moc-toc-gia-ket-hop-may-dai-det-ma-ftop02\/#breadcrumb"},"inLanguage":"en-US","potentialAction":[{"@type":"ReadAction","target":["https:\/\/vietwig.com\/en\/product\/phom-moc-toc-gia-ket-hop-may-dai-det-ma-ftop02\/"]}]},{"@type":"ImageObject","inLanguage":"en-US","@id":"https:\/\/vietwig.com\/en\/product\/phom-moc-toc-gia-ket-hop-may-dai-det-ma-ftop02\/#primaryimage","url":"https:\/\/i0.wp.com\/vietwig.com\/wp-content\/uploads\/2026\/04\/form-Ftop02-1.jpg?fit=1290%2C1470&ssl=1","contentUrl":"https:\/\/i0.wp.com\/vietwig.com\/wp-content\/uploads\/2026\/04\/form-Ftop02-1.jpg?fit=1290%2C1470&ssl=1","width":1290,"height":1470},{"@type":"BreadcrumbList","@id":"https:\/\/vietwig.com\/en\/product\/phom-moc-toc-gia-ket-hop-may-dai-det-ma-ftop02\/#breadcrumb","itemListElement":[{"@type":"ListItem","position":1,"name":"Home","item":"https:\/\/vietwig.com\/en\/"},{"@type":"ListItem","position":2,"name":"Shop","item":"https:\/\/vietwig.com\/en\/shop-2\/"},{"@type":"ListItem","position":3,"name":"phom m\u00f3c t\u00f3c gi\u1ea3 k\u1ebft h\u1ee3p may d\u1ea3i d\u1ec7t \u2013 m\u00e3 Ftop02"}]},{"@type":"WebSite","@id":"https:\/\/vietwig.com\/en\/#website","url":"https:\/\/vietwig.com\/en\/","name":"Viet Wig - Wig made in Viet Nam","description":"","publisher":{"@id":"https:\/\/vietwig.com\/en\/#organization"},"potentialAction":[{"@type":"SearchAction","target":{"@type":"EntryPoint","urlTemplate":"https:\/\/vietwig.com\/en\/?s={search_term_string}"},"query-input":"required name=search_term_string"}],"inLanguage":"en-US"},{"@type":"Organization","@id":"https:\/\/vietwig.com\/en\/#organization","name":"Viet Wig","url":"https:\/\/vietwig.com\/en\/","logo":{"@type":"ImageObject","inLanguage":"en-US","@id":"https:\/\/vietwig.com\/en\/#\/schema\/logo\/image\/","url":"https:\/\/i0.wp.com\/vietwig.com\/wp-content\/uploads\/2021\/11\/logo-Viet-Wig1.png?fit=728%2C736&ssl=1","contentUrl":"https:\/\/i0.wp.com\/vietwig.com\/wp-content\/uploads\/2021\/11\/logo-Viet-Wig1.png?fit=728%2C736&ssl=1","width":728,"height":736,"caption":"Viet Wig"},"image":{"@id":"https:\/\/vietwig.com\/en\/#\/schema\/logo\/image\/"},"sameAs":["https:\/\/www.facebook.com\/tocvietwig"]}]},"product_price_amount":"250000","product_price_currency":"VND","og_availability":"instock","product_availability":"instock","product_condition":"new"},"jetpack_publicize_connections":[],"jetpack-related-posts":[],"jetpack_sharing_enabled":true,"_links":{"self":[{"href":"https:\/\/vietwig.com\/en\/wp-json\/wp\/v2\/product\/31900","targetHints":{"allow":["GET"]}}],"collection":[{"href":"https:\/\/vietwig.com\/en\/wp-json\/wp\/v2\/product"}],"about":[{"href":"https:\/\/vietwig.com\/en\/wp-json\/wp\/v2\/types\/product"}],"replies":[{"embeddable":true,"href":"https:\/\/vietwig.com\/en\/wp-json\/wp\/v2\/comments?post=31900"}],"version-history":[{"count":1,"href":"https:\/\/vietwig.com\/en\/wp-json\/wp\/v2\/product\/31900\/revisions"}],"predecessor-version":[{"id":31919,"href":"https:\/\/vietwig.com\/en\/wp-json\/wp\/v2\/product\/31900\/revisions\/31919"}],"wp:featuredmedia":[{"embeddable":true,"href":"https:\/\/vietwig.com\/en\/wp-json\/wp\/v2\/media\/31903"}],"wp:attachment":[{"href":"https:\/\/vietwig.com\/en\/wp-json\/wp\/v2\/media?parent=31900"}],"wp:term":[{"taxonomy":"product_brand","embeddable":true,"href":"https:\/\/vietwig.com\/en\/wp-json\/wp\/v2\/product_brand?post=31900"},{"taxonomy":"product_cat","embeddable":true,"href":"https:\/\/vietwig.com\/en\/wp-json\/wp\/v2\/product_cat?post=31900"},{"taxonomy":"product_tag","embeddable":true,"href":"https:\/\/vietwig.com\/en\/wp-json\/wp\/v2\/product_tag?post=31900"}],"curies":[{"name":"wp","href":"https:\/\/api.w.org\/{rel}","templated":true}]}}